{"id":5474,"date":"2024-03-09T14:19:39","date_gmt":"2024-03-09T13:19:39","guid":{"rendered":"https:\/\/infallible-hoover.188-95-114-6.plesk.page\/producto\/rissois-de-camarao-beta-pro\/"},"modified":"2024-10-09T13:48:35","modified_gmt":"2024-10-09T11:48:35","slug":"rissois-de-camarao-beta-pro","status":"publish","type":"product","link":"https:\/\/azooeurope.com\/pt-pt\/producto\/rissois-de-camarao-beta-pro\/","title":{"rendered":"BETA PRO shrimp patties"},"content":{"rendered":"<h1><strong><span style=\"color: #0e509a;\">BETA PRO <\/span><\/strong><\/h1>\n<h1><strong><span style=\"color: #0e509a;\">shrimp patties <\/span><\/strong><\/h1>\n<h2><span style=\"color: #0e509a;\">Ultra Fresh Betta PRO shrimp patties \u00e9 um alimento super-premium em formato de pellets flutuantes, com 1,5mm de tamanho, especialmente concebido para peixes de luta ou betta de competi\u00e7\u00e3o, que desenvolvem um corpo forte e saud\u00e1vel com cores vivas e naturais.<\/span><\/h2>\n<p>&nbsp;<\/p>\n<ul>\n<li>\n<h3><span style=\"color: #228bca;\">Prote\u00edna 100% natural de carne fresca, vegetais e algas marinhas<\/span><\/h3>\n<\/li>\n<li>\n<h3><span style=\"color: #228bca;\">50% de camar\u00f5es Sword + camar\u00f5es em pasta akiami<\/span><\/h3>\n<\/li>\n<li>\n<h3><span style=\"color: #228bca;\">7% Espinafres org\u00e2nicos + spirulina + algas marinhas<\/span><\/h3>\n<\/li>\n<li>\n<h3><span style=\"color: #228bca;\">0% Aditivos, corantes artificiais ou subprodutos<\/span><\/h3>\n<\/li>\n<li>\n<h3><span style=\"color: #228bca;\">R\u00e1cio carne\/vegetais de 8:2<\/span><\/h3>\n<\/li>\n<li>\n<h3><span style=\"color: #228bca;\">Tipo flutuante<\/span><\/h3>\n<\/li>\n<li>\n<h3><span style=\"color: #228bca;\">Tamanho: \u00d8 1,5 mm<\/span><\/h3>\n<\/li>\n<\/ul>\n<p><img fetchpriority=\"high\" decoding=\"async\" class=\"size-medium wp-image-993\" src=\"https:\/\/azooeurope.com\/wp-content\/uploads\/\/ultra_fresh_betta_pro_shrimp_patties_11-400x214.png\" alt=\"Ultra Fresh Betta PRO shrimp patties\" width=\"400\" height=\"214\" srcset=\"https:\/\/azooeurope.com\/wp-content\/uploads\/ultra_fresh_betta_pro_shrimp_patties_11-400x214.png 400w, https:\/\/azooeurope.com\/wp-content\/uploads\/ultra_fresh_betta_pro_shrimp_patties_11.png 450w\" sizes=\"(max-width: 400px) 100vw, 400px\" \/><\/p>\n<p>Ultra Fresh Betta PRO shrimp patties \u00e9 um alimento super-premium em formato de pellets flutuantes, com 1,5mm de tamanho, especialmente concebido para peixes de luta ou betta de competi\u00e7\u00e3o, que desenvolvem um corpo forte e saud\u00e1vel com cores vivas e naturais.<br \/>\nA sua f\u00f3rmula avan\u00e7ada mant\u00e9m uma rela\u00e7\u00e3o de prote\u00ednas de 8:2 entre fontes animais e vegetais, incluindo at\u00e9 40% de camar\u00e3o espada fresco e 10% de pasta de camar\u00e3o Akiami (50% no total), que s\u00e3o naturalmente ricos em c\u00e1lcio e proporcionam um grande valor nutricional e palatabilidade.<\/p>\n<h3><span style=\"color: #228bca;\"><strong>CARACTER\u00cdSTICAS:<\/strong><\/span><\/h3>\n<p><strong>At\u00e9 50% de camar\u00e3o-espada fresco + camar\u00e3o em pasta Akiami = palatabilidade fant\u00e1stica e elevado teor de c\u00e1lcio<\/strong> Misturando camar\u00e3o-espada selvagem de primeira qualidade e camar\u00e3o em pasta Akiami (at\u00e9 50% do conte\u00fado total), esta f\u00f3rmula est\u00e1 repleta de c\u00e1lcio natural e \u00e9 energizada com uma grande variedade de ingredientes cuidadosamente selecionados, como espinafres biol\u00f3gicos, lulas frescas, alho fresco colhido, espirulina natural e algas marinhas.<br \/>\nAjuda os peixes de combate mais exigentes a desenvolver o corpo perfeito e as cores naturais. <strong>Amolece rapidamente na \u00e1gua para uma ingest\u00e3o r\u00e1pida<\/strong> Insistimos em 10 horas de processo de cozedura a baixa temperatura para dar aos teus peixes a melhor dieta.<br \/>\nEsta f\u00f3rmula amolece rapidamente na \u00e1gua para permitir uma ingest\u00e3o r\u00e1pida, n\u00e3o deixando res\u00edduos para manter a \u00e1gua sempre limpa.<br \/>\nOs sabores originais e os nutrientes dos ingredientes frescos s\u00e3o bem preservados. \u00a0<strong>Os probi\u00f3ticos UF multi-strain facilitam a auto-decomposi\u00e7\u00e3o de excre\u00e7\u00f5es e res\u00edduos para manter a \u00e1gua limpa<\/strong> O novo processo de revestimento de probi\u00f3ticos garante que cada grama cont\u00e9m pelo menos mais de 3 milh\u00f5es de UFC de probi\u00f3ticos UF multi-strain, que ajudam rapidamente os peixes a desenvolver uma flora digestiva saud\u00e1vel.<br \/>\nIsto permite a absor\u00e7\u00e3o completa dos nutrientes e a facilita\u00e7\u00e3o da excre\u00e7\u00e3o, bem como uma decomposi\u00e7\u00e3o mais r\u00e1pida dos res\u00edduos.<br \/>\nAl\u00e9m disso, aumenta as capacidades de combate \u00e0s doen\u00e7as dos teus alevins e reduz a sua suscetibilidade \u00e0 inflama\u00e7\u00e3o intestinal.<\/p>\n<p><iframe title=\"ultra fresh betta pro shrimp patties video 01\" width=\"800\" height=\"450\" src=\"https:\/\/www.youtube.com\/embed\/1tlUm-D8KOA?feature=oembed\" frameborder=\"0\" allow=\"accelerometer; autoplay; clipboard-write; encrypted-media; gyroscope; picture-in-picture; web-share\" referrerpolicy=\"strict-origin-when-cross-origin\" allowfullscreen><\/iframe><\/p>\n<p><strong>Ganoderma polysaccharides, garlic and Vitamin B group added to boost immunity<\/strong> F\u00f3rmula de refor\u00e7o imunit\u00e1rio de qualidade superior: rica em nutrientes valiosos como Ganoderma polysaccharides, alho, spirulina australiana, vitamina A, D3, C, E, B1, B2, B6, &amp; B12), \u03b2-caroteno, minerais naturais e oligoelementos para fortalecer o sistema imunit\u00e1rio dos teus peixes, impulsionar o metabolismo, aumentar a energia e reduzir as doen\u00e7as.<br \/>\n<strong>Apresenta\u00e7\u00f5es:<\/strong><strong>UF86102<\/strong> \/ Betta PRO shrimp patties 60ml \/ 20g<br \/>\n<strong>UF86103<\/strong> \/ Riss\u00f3is de camar\u00e3o Betta PRO 120ml \/ 48g<br \/>\n<span style=\"color: #000000;\">Ultra Fresh Betta PRO shrimp patties <\/span>pertence \u00e0 linha de produtos<br \/>\n<a title=\"Ultra fresco\" href=\"https:\/\/ultra-fresh.tw\/\" target=\"_blank\" rel=\"noopener\">Ultra Fresh<\/a> pertence \u00e0 linha de produtos da marca<br \/>\n<a href=\"https:\/\/www.azoo-aqua.com\/\" target=\"_blank\" rel=\"noopener\">AZOO<\/a> e distribu\u00eddo por <a href=\"https:\/\/azpez.virtualcodeveloper.com\/azpez\/\" target=\"_blank\" rel=\"noopener\">AZOO EUROPA<\/a><\/p>\n<h3><span style=\"color: #228bca;\">AN\u00c1LISE <strong>GARANTIDA <\/strong>:<\/span><\/h3>\n<p>Vitamina A: 44.100 UI\/kg Vitamina B<br \/>\n<sub>1<\/sub>: 7,7 mg\/kg Vitamina B<br \/>\n<sub>2<\/sub>: 22,4 mg\/kg Vitamina B<br \/>\n<sub>6<\/sub>: 14 mg\/kg Vitamina B<br \/>\n<sub>12<\/sub>: 0,07 mg\/kg Vitamina D<br \/>\n<sub>3<\/sub>: 7.910 UI\/kg Vitamina C: 1.200 mg\/kg Vitamina E: 112 mg\/kg Prote\u00edna bruta (min): 42% Gordura bruta (min): 4% Fibra bruta (max): 4% Humidade (min): 3% F\u00f3sforo (min): 1% C\u00e1lcio (max): 3%<\/p>\n<h3><span style=\"color: #228bca;\">COMPOSI\u00c7\u00c3O:<\/span><\/h3>\n<p>Camar\u00e3o espada, lulas, pasta de camar\u00e3o Akiami, espinafres org\u00e2nicos, alho, spirulina australiana, algas norueguesas, milho, soja, levedura, subst\u00e2ncias minerais, polissac\u00e1ridos de Ganoderma, vitaminas (A, D3, C, E, <sub>B1<\/sub>,<sub>B2<\/sub>,<sub>B6<\/sub> e <sub>B12<\/sub>), \u03b2-caroteno, \u00e1cido f\u00f3lico, \u00e1cido nicot\u00ednico, \u00e1cido pantot\u00e9nico e EAA (metionina, lisina).<br \/>\n<iframe title=\"betta pro shrimp patties video 02\" width=\"800\" height=\"450\" src=\"https:\/\/www.youtube.com\/embed\/mrR8_KSwSnM?feature=oembed\" frameborder=\"0\" allow=\"accelerometer; autoplay; clipboard-write; encrypted-media; gyroscope; picture-in-picture; web-share\" referrerpolicy=\"strict-origin-when-cross-origin\" allowfullscreen><\/iframe><\/p>\n<h3><span style=\"color: #228bca;\">INSTRU\u00c7\u00d5ES DE UTILIZA\u00c7\u00c3O:<\/span><\/h3>\n<p>Ultra Fresh Betta PRO shrimp patties 2 a 3 vezes por dia, mas apenas a quantidade que os peixes conseguem consumir em 30 minutos. Embora a f\u00f3rmula AZOO PLUS Ultra-Fresh reduza a polui\u00e7\u00e3o no aqu\u00e1rio, recomendamos que retires os alimentos n\u00e3o consumidos com uma rede para preservar a qualidade da \u00e1gua. A embalagem dos pat\u00e9s de camar\u00e3o Ultra Fresh Betta PRO tem uma banda de garantia. Uma vez aberto, n\u00e3o \u00e9 necess\u00e1rio refrigerar, mas deve permanecer bem fechado num local fresco e seco para preservar as suas propriedades nutricionais. Evita colocar o recipiente em zonas h\u00famidas ou quentes, como por exemplo por cima da lumin\u00e1ria ou da tampa do aqu\u00e1rio. <strong>Para garantir a qualidade e a seguran\u00e7a sanit\u00e1ria do teu peixe, recomenda-se vivamente que nunca toques nos alimentos com as m\u00e3os. <\/strong><\/p>\n<p><strong>\u00c9 por isso que os recipientes de pellets Ultra Fresh de 60 ml, 120 ml e 330 ml incluem uma tampa doseadora adapt\u00e1vel \u00e0s necessidades espec\u00edficas dos teus peixes. <\/strong><\/p>\n<p><strong>Estas tampas cont\u00eam 12 orif\u00edcios pr\u00e9-marcados (7 de 3mm, 4 de 4m e um de 15 x 7mm).<br \/>\nEscolhe a op\u00e7\u00e3o mais conveniente para o teu aqu\u00e1rio, em fun\u00e7\u00e3o do tamanho do alimento e da quantidade de cada ingest\u00e3o. <\/strong><\/p>\n<p><strong>Os recipientes que cont\u00eam os sticks s\u00e3o de 1.150 ml e incluem uma colher de tamanho adequado (2 ml e 1,5 ml de capacidade) para doseares a tua comida com precis\u00e3o e seguran\u00e7a.<\/strong><\/p>\n<figure id=\"attachment_3628\" aria-describedby=\"caption-attachment-3628\" style=\"width: 400px\" class=\"wp-caption alignnone\"><img decoding=\"async\" class=\"size-medium wp-image-994\" src=\"https:\/\/azooeurope.com\/wp-content\/uploads\/\/ultra_fresh_betta_pro_shrimp_patties_12-400x400.jpg\" alt=\"Riss\u00f3is de camar\u00e3o Ultra Fresh Betta PRO\" width=\"400\" height=\"400\" srcset=\"https:\/\/azooeurope.com\/wp-content\/uploads\/ultra_fresh_betta_pro_shrimp_patties_12-400x400.jpg 400w, https:\/\/azooeurope.com\/wp-content\/uploads\/ultra_fresh_betta_pro_shrimp_patties_12-768x768.jpg 768w, https:\/\/azooeurope.com\/wp-content\/uploads\/ultra_fresh_betta_pro_shrimp_patties_12-300x300.jpg 300w, https:\/\/azooeurope.com\/wp-content\/uploads\/ultra_fresh_betta_pro_shrimp_patties_12-600x600.jpg 600w, https:\/\/azooeurope.com\/wp-content\/uploads\/ultra_fresh_betta_pro_shrimp_patties_12-100x100.jpg 100w, https:\/\/azooeurope.com\/wp-content\/uploads\/ultra_fresh_betta_pro_shrimp_patties_12.jpg 1250w\" sizes=\"(max-width: 400px) 100vw, 400px\" \/><figcaption id=\"caption-attachment-3628\" class=\"wp-caption-text\">Riss\u00f3is de camar\u00e3o Ultra Fresh Betta PROEXPIRA\u00c7\u00c3O<\/figcaption><\/figure>\n<p><strong>:<\/strong> Verifica a data de validade que se encontra na parte inferior do r\u00f3tulo da embalagem.<br \/>\nSe ultrapassares esta data, as propriedades nutricionais diminuem significativamente, pelo que recomendamos que substituas o alimento. <strong>N\u00c3O \u00c9 ADEQUADO PARA CONSUMO HUMANO. S\u00d3 PARA PEIXES ORNAMENTAIS.<\/strong><\/p>\n<p><strong>ATEN\u00c7\u00c3O:<\/strong> As imagens que fornecemos destes alimentos equilibrados t\u00eam um car\u00e1cter meramente informativo e devem ser tomadas apenas como refer\u00eancia, uma vez que o fabricante se reserva o direito de modificar os r\u00f3tulos ou o formato dos seus produtos sem aviso pr\u00e9vio.<\/p>\n<h3><span style=\"color: #228bca;\">FABRICA\u00c7\u00c3O:<\/span><\/h3>\n<p>Fabricado em Taiwan pela Taikon Corp. (AZOO)<\/p>\n","protected":false},"excerpt":{"rendered":"<p>BETA PRO shrimp patties Ultra Fresh Betta PRO shrimp patties \u00e9 um alimento super-premium em formato de pellets flutuantes, com 1,5mm de tamanho, especialmente concebido para peixes de luta ou betta de competi\u00e7\u00e3o, que desenvolvem um corpo forte e saud\u00e1vel com cores vivas e naturais. &nbsp; Prote\u00edna 100% natural de carne fresca, vegetais e algas [&hellip;]<\/p>\n","protected":false},"featured_media":3595,"comment_status":"open","ping_status":"closed","template":"","meta":{"rank_math_lock_modified_date":false},"product_cat":[1428,993],"product_tag":[1019,1028,1035,1431,1238,1067,1012,1068,1032,1014,1076,1072,1091,1085,1040,1009,1432,1025,1016,1123,1429,1430,1000,1041,1061,845,1056,1053,1045,1048,1062],"class_list":{"0":"post-5474","1":"product","2":"type-product","3":"status-publish","4":"has-post-thumbnail","6":"product_cat-peixe-betta","7":"product_cat-ultra-fresh","8":"product_tag-algas-marinhas","9":"product_tag-algas-norueguesas","10":"product_tag-alho","11":"product_tag-anabantideos","12":"product_tag-betta-pt-pt","13":"product_tag-camarao-espada","14":"product_tag-camarao-espada-selvagem","15":"product_tag-camaroes-jingou","16":"product_tag-ganoderma-pt-pt","17":"product_tag-lula","18":"product_tag-minerais-e-vitaminas","19":"product_tag-peixe-fresco","20":"product_tag-peixes-carnivoros","21":"product_tag-peixes-tropicais","22":"product_tag-polissacaridos-de-ganoderma","23":"product_tag-proteina-100-natural-pt-pt","24":"product_tag-rissois-de-camarao-ultra-fresh-betta-pro","25":"product_tag-spirulina-australiana","26":"product_tag-spirulina-natural","27":"product_tag-tipo-flutuante","28":"product_tag-uf86102-pt-pt","29":"product_tag-uf86103-pt-pt","30":"product_tag-ultra-fresco-pt-pt","31":"product_tag-vitamina-a-vitamina-d3-pt-pt","32":"product_tag-vitamina-b12-pt-pt","33":"product_tag-vitamina-b2","34":"product_tag-vitamina-b6-pt-pt","35":"product_tag-vitamina-bq-pt-pt","36":"product_tag-vitamina-c-pt-pt","37":"product_tag-vitamina-e-pt-pt","38":"product_tag--caroteno-pt-pt","40":"first","41":"instock","42":"shipping-taxable","43":"product-type-simple"},"_links":{"self":[{"href":"https:\/\/azooeurope.com\/pt-pt\/wp-json\/wp\/v2\/product\/5474","targetHints":{"allow":["GET"]}}],"collection":[{"href":"https:\/\/azooeurope.com\/pt-pt\/wp-json\/wp\/v2\/product"}],"about":[{"href":"https:\/\/azooeurope.com\/pt-pt\/wp-json\/wp\/v2\/types\/product"}],"replies":[{"embeddable":true,"href":"https:\/\/azooeurope.com\/pt-pt\/wp-json\/wp\/v2\/comments?post=5474"}],"wp:featuredmedia":[{"embeddable":true,"href":"https:\/\/azooeurope.com\/pt-pt\/wp-json\/wp\/v2\/media\/3595"}],"wp:attachment":[{"href":"https:\/\/azooeurope.com\/pt-pt\/wp-json\/wp\/v2\/media?parent=5474"}],"wp:term":[{"taxonomy":"product_cat","embeddable":true,"href":"https:\/\/azooeurope.com\/pt-pt\/wp-json\/wp\/v2\/product_cat?post=5474"},{"taxonomy":"product_tag","embeddable":true,"href":"https:\/\/azooeurope.com\/pt-pt\/wp-json\/wp\/v2\/product_tag?post=5474"}],"curies":[{"name":"wp","href":"https:\/\/api.w.org\/{rel}","templated":true}]}}