{"id":5426,"date":"2024-02-29T08:45:20","date_gmt":"2024-02-29T07:45:20","guid":{"rendered":"https:\/\/infallible-hoover.188-95-114-6.plesk.page\/producto\/azoo-plus-desnatado-250\/"},"modified":"2024-10-03T13:32:47","modified_gmt":"2024-10-03T11:32:47","slug":"azoo-plus-desnatado-250","status":"publish","type":"product","link":"https:\/\/azooeurope.com\/pt-pt\/producto\/azoo-plus-desnatado-250\/","title":{"rendered":"AZOO Plus Skim 250"},"content":{"rendered":"<h1><strong><span style=\"color: #0e509a;\">AZOO Plus Skim 250<\/span><\/strong><\/h1>\n<ul>\n<li>\n<h3><span style=\"color: #228bca;\">AZOO Plus Skim 250 \u00e9 um alimento Super Premium concebido especificamente para camar\u00f5es de \u00e1gua doce.<\/span><\/h3>\n<\/li>\n<li>\n<h3><span style=\"color: #228bca;\"><strong>Bomba de \u00e1gua integrada para uma aspira\u00e7\u00e3o potente da camada superficial.<\/strong><\/span><\/h3>\n<\/li>\n<li>\n<h3><span style=\"color: #228bca;\"><strong>Coador de seguran\u00e7a para peixes e invertebrados.<\/strong><\/span><\/h3>\n<\/li>\n<li>\n<h3><span style=\"color: #228bca;\">Exclusivo AZOO Plus Skim 250 <\/span><span style=\"color: #228bca;\"><strong>n\u00edvel de suc\u00e7\u00e3o daptativo atrav\u00e9s de uma boia com filtro.<\/strong><\/span><\/h3>\n<\/li>\n<li>\n<h3><span style=\"color: #228bca;\"><strong>Caudal regul\u00e1vel e difusor de caudal.<\/strong><\/span><\/h3>\n<\/li>\n<li>\n<h3><span style=\"color: #228bca;\"><strong>Filtragem mec\u00e2nica incorporada.<\/strong><\/span><\/h3>\n<\/li>\n<\/ul>\n<p><img fetchpriority=\"high\" decoding=\"async\" class=\"alignnone size-medium wp-image-361\" src=\"https:\/\/azooeurope.com\/wp-content\/uploads\/\/restricciones_01-400x214.png\" alt=\"\" width=\"400\" height=\"214\" srcset=\"https:\/\/azooeurope.com\/wp-content\/uploads\/restricciones_01-400x214.png 400w, https:\/\/azooeurope.com\/wp-content\/uploads\/restricciones_01.png 450w\" sizes=\"(max-width: 400px) 100vw, 400px\" \/> AZOO Skim 250 \u00e9 um escumador de superf\u00edcie para aqu\u00e1rios plantados e de recife de 10 a 250 litros, assistido por uma bomba de apenas 4,5 watts.<br \/>\nAZOO Skim 250 \u00e9 adequado como acess\u00f3rio de filtragem em nano aqu\u00e1rios plantados. <strong>Apresenta\u00e7\u00e3o:<\/strong><strong>AZ13123<\/strong> \/ AZOO Plus Skim 250 AZOO Plus Skim 250 pertence \u00e0 linha de produtos <a href=\"https:\/\/azpez.virtualcodeveloper.com\/azpez\/azoo-europe\/\" target=\"_blank\" rel=\"noopener\">AZOO Plus<\/a> da marca <a href=\"https:\/\/www.azoo-aqua.com\/\" target=\"_blank\" rel=\"noopener\">AZOO<\/a>.<br \/>\nA superf\u00edcie da \u00e1gua acumula inevitavelmente poeira, impurezas e mat\u00e9ria org\u00e2nica, resultando numa pel\u00edcula que dificulta a troca gasosa adequada na superf\u00edcie da \u00e1gua.<br \/>\nEm compara\u00e7\u00e3o com os filtros tradicionais, o escumador de superf\u00edcie AZOO Skim 250 pode remover e dissolver eficazmente esta pel\u00edcula superficial (&#8220;Slim&#8221;) que se forma na \u00e1gua.<br \/>\nA sa\u00edda de \u00e1gua filtrada da bomba tem um difusor de fluxo que promove a circula\u00e7\u00e3o da \u00e1gua no aqu\u00e1rio sem causar perda de g\u00e1s<sub>CO2<\/sub> na superf\u00edcie da \u00e1gua.<br \/>\nO efeito combinado da remo\u00e7\u00e3o da camada &#8220;Slim&#8221; da superf\u00edcie e do aumento da circula\u00e7\u00e3o sem quebrar a superf\u00edcie da \u00e1gua cria um ambiente muito saud\u00e1vel e conveniente para as plantas aqu\u00e1ticas.<\/p>\n<h3><span style=\"color: #228bca;\"><strong>CARACTER\u00cdSTICAS:<\/strong><\/span><\/h3>\n<ul>\n<li>Filtro flutuante AZOO Skim 250 com boia para regular automaticamente um n\u00edvel de suc\u00e7\u00e3o constante, adaptando-se \u00e0s mudan\u00e7as de n\u00edvel da \u00e1gua causadas pela evapora\u00e7\u00e3o da \u00e1gua do teu aqu\u00e1rio at\u00e9 5 cm.<\/li>\n<li>Filtro de seguran\u00e7a especial e esponja filtrante para evitar a suc\u00e7\u00e3o acidental de pequenos peixes, camar\u00f5es, moluscos e outros invertebrados.<\/li>\n<li>Caudal regul\u00e1vel para o ajustar corretamente ao tamanho de cada aqu\u00e1rio.<\/li>\n<li>C\u00e2mara de filtra\u00e7\u00e3o transparente para verificar o estado da esponja filtrante sem ter de desmontar o escumador.<\/li>\n<li>Muito f\u00e1cil e r\u00e1pido de instalar e manter o dispositivo.<\/li>\n<li>Nos nano aqu\u00e1rios plantados, o AZOO Skim 250 serve como sistema de filtragem principal.<\/li>\n<\/ul>\n<p>Segue-nos nas nossas redes sociais para ficares a par das \u00faltimas novidades e de toda a informa\u00e7\u00e3o interessante sobre a nossa marca e a aquariofilia no <a href=\"https:\/\/www.facebook.com\/profile.php?id=61555599587010&amp;locale=es_ES\" target=\"_blank\" rel=\"noopener\">Facebook<\/a>, <a href=\"https:\/\/www.youtube.com\/@AZOOEurope\/videos\" target=\"_blank\" rel=\"noopener\">YouTube<\/a> e <a href=\"https:\/\/www.instagram.com\/azooeurope\/\" target=\"_blank\" rel=\"noopener\">Instagram<\/a>.<br \/>\nPodes complementar este produto com outros alimentos espec\u00edficos e equilibrados da marca Ultra Fresh.<\/p>\n<p><iframe title=\"azoo plus presentation\" width=\"800\" height=\"450\" src=\"https:\/\/www.youtube.com\/embed\/gS5bf4C6Nqc?feature=oembed\" frameborder=\"0\" allow=\"accelerometer; autoplay; clipboard-write; encrypted-media; gyroscope; picture-in-picture; web-share\" referrerpolicy=\"strict-origin-when-cross-origin\" allowfullscreen><\/iframe><\/p>\n<h3><\/h3>\n<h3><span style=\"color: #228bca;\">INSTRU\u00c7\u00d5ES DE UTILIZA\u00c7\u00c3O:<\/span><\/h3>\n<ol>\n<li>Retira o teu aparelho AZOO Skim 250 da embalagem e procede \u00e0 sua desmontagem para o enxaguar com \u00e1gua abundante.<br \/>\nEsta opera\u00e7\u00e3o ser\u00e1 \u00fatil para eliminar qualquer dep\u00f3sito de p\u00f3 ou sujidade que se tenha acumulado durante o armazenamento, transporte ou inspe\u00e7\u00e3o.<br \/>\nPara realizar este passo, tem em conta os detalhes da sua desmontagem e o esquema correspondente (figura &#8220;A&#8221;).<\/li>\n<\/ol>\n<p>Desmontagem do escumador AZOO Skim 250: Este aparelho \u00e9 composto por tr\u00eas partes principais:<\/p>\n<ul>\n<li>Filtro flutuante adapt\u00e1vel com uma boia.<\/li>\n<li>C\u00e2mara de filtragem transparente.<\/li>\n<li>Corpo da bomba com difusor e regulador de caudal.<\/li>\n<li>Para desmontar a boia flutuante, basta desliz\u00e1-la 5 cm para cima at\u00e9 se soltar das suas duas guias.<\/li>\n<li>Para desmontar o corpo de filtra\u00e7\u00e3o, segura-o juntamente com o corpo da bomba com as duas<\/li>\n<li>Este corpo cont\u00e9m uma pequena esponja filtrante que pode ser retirada e limpa.<\/li>\n<li>Para desmontar o corpo da bomba, levanta o tabuleiro de separa\u00e7\u00e3o alojado em dois suportes.<br \/>\nDeste modo, liberta a pega do regulador de caudal e exp\u00f5e a h\u00e9lice do rotor.<\/li>\n<li>Para o retirar, segura-o por uma das suas l\u00e2minas e puxa-o para cima.<br \/>\nO veio de a\u00e7o inoxid\u00e1vel fica no interior da sua caixa.<br \/>\nO difusor de caudal j\u00e1 vem desmontado e inclu\u00eddo na sua embalagem de origem.<\/li>\n<\/ul>\n<figure id=\"attachment_3310\" aria-describedby=\"caption-attachment-3310\" style=\"width: 400px\" class=\"wp-caption alignnone\"><img decoding=\"async\" class=\"wp-image-841 size-medium\" src=\"https:\/\/azooeurope.com\/wp-content\/uploads\/\/azoo_plus_skim_250_manual_01-400x400.png\" alt=\"AZOO Plus Desnatado 250\" width=\"400\" height=\"400\" srcset=\"https:\/\/azooeurope.com\/wp-content\/uploads\/azoo_plus_skim_250_manual_01-400x400.png 400w, https:\/\/azooeurope.com\/wp-content\/uploads\/azoo_plus_skim_250_manual_01-768x768.png 768w, https:\/\/azooeurope.com\/wp-content\/uploads\/azoo_plus_skim_250_manual_01-300x300.png 300w, https:\/\/azooeurope.com\/wp-content\/uploads\/azoo_plus_skim_250_manual_01-600x600.png 600w, https:\/\/azooeurope.com\/wp-content\/uploads\/azoo_plus_skim_250_manual_01-100x100.png 100w, https:\/\/azooeurope.com\/wp-content\/uploads\/azoo_plus_skim_250_manual_01.png 1500w\" sizes=\"(max-width: 400px) 100vw, 400px\" \/><figcaption id=\"caption-attachment-3310\" class=\"wp-caption-text\">AZOO Plus Skim 250<\/figcaption><\/figure>\n<figure id=\"attachment_3313\" aria-describedby=\"caption-attachment-3313\" style=\"width: 400px\" class=\"wp-caption alignnone\"><img decoding=\"async\" class=\"size-medium wp-image-842\" src=\"https:\/\/azooeurope.com\/wp-content\/uploads\/\/azoo_plus_skim_250_manual_02-400x400.png\" alt=\"AZOO Plus Desnatado 250\" width=\"400\" height=\"400\" srcset=\"https:\/\/azooeurope.com\/wp-content\/uploads\/azoo_plus_skim_250_manual_02-400x400.png 400w, https:\/\/azooeurope.com\/wp-content\/uploads\/azoo_plus_skim_250_manual_02-768x768.png 768w, https:\/\/azooeurope.com\/wp-content\/uploads\/azoo_plus_skim_250_manual_02-300x300.png 300w, https:\/\/azooeurope.com\/wp-content\/uploads\/azoo_plus_skim_250_manual_02-600x600.png 600w, https:\/\/azooeurope.com\/wp-content\/uploads\/azoo_plus_skim_250_manual_02-100x100.png 100w, https:\/\/azooeurope.com\/wp-content\/uploads\/azoo_plus_skim_250_manual_02.png 1500w\" sizes=\"(max-width: 400px) 100vw, 400px\" \/><figcaption id=\"caption-attachment-3313\" class=\"wp-caption-text\">AZOO Plus Skim 250<\/figcaption><\/figure>\n<ol start=\"2\">\n<li>Planeia a localiza\u00e7\u00e3o do teu dispositivo AZOO Skim 250 de acordo com os seguintes crit\u00e9rios:<\/li>\n<\/ol>\n<ul>\n<li>Agora, limpa a superf\u00edcie onde pretendes coloc\u00e1-lo, segura o teu escumador pelo corpo da bomba e pressiona firmemente as suas tr\u00eas ventosas contra a parede do aqu\u00e1rio para as fixar corretamente.<br \/>\nLembra-te de o colocar o mais verticalmente poss\u00edvel, 2 a 3 cm abaixo da superf\u00edcie da \u00e1gua, para facilitar o funcionamento do filtro flutuante.<br \/>\nO cabo de alimenta\u00e7\u00e3o do teu AZOO Skim 250 deve ser colocado a pelo menos 1 cm de dist\u00e2ncia da boia, para n\u00e3o interferir com o seu funcionamento.<br \/>\n(Figura &#8220;C&#8221;)<\/li>\n<li>Em seguida, coloca o difusor de fluxo no seu suporte e fixa o cabo de alimenta\u00e7\u00e3o \u00e0 guia situada na c\u00e2mara de filtragem transparente.<br \/>\nDepois, fixa a ventosa inclu\u00edda com o cabo \u00e0 superf\u00edcie da face interior do vidro.<br \/>\n(Figura &#8220;C&#8221;) sistema de alimenta\u00e7\u00e3o el\u00e9ctrica.<\/li>\n<li>Ajusta a regula\u00e7\u00e3o do caudal da bomba de \u00e1gua para o m\u00e1ximo (perto do s\u00edmbolo &#8220;+&#8221;).<br \/>\nSe achares que o caudal \u00e9 excessivo para o teu aqu\u00e1rio, regula-o de acordo com as necessidades do teu aqu\u00e1rio.<\/li>\n<li>Observa o funcionamento do teu skimmer Skim 250 durante alguns minutos, verificando se o filtro flutuante se move livremente, se o fluxo de \u00e1gua \u00e9 correto e se n\u00e3o h\u00e1 vibra\u00e7\u00f5es ou ru\u00eddos estranhos.<\/li>\n<\/ul>\n<p>&nbsp;<\/p>\n<p><strong>FABRICA\u00c7\u00c3O:<\/strong> Fabricado em Taiwan pela Taikon Corp. (AZOO)<\/p>\n<h3><\/h3>\n<p>&nbsp;<\/p>\n","protected":false},"excerpt":{"rendered":"<p>AZOO Plus Skim 250 AZOO Plus Skim 250 \u00e9 um alimento Super Premium concebido especificamente para camar\u00f5es de \u00e1gua doce. Bomba de \u00e1gua integrada para uma aspira\u00e7\u00e3o potente da camada superficial. Coador de seguran\u00e7a para peixes e invertebrados. Exclusivo AZOO Plus Skim 250 n\u00edvel de suc\u00e7\u00e3o daptativo atrav\u00e9s de uma boia com filtro. Caudal regul\u00e1vel [&hellip;]<\/p>\n","protected":false},"featured_media":3280,"comment_status":"open","ping_status":"closed","template":"","meta":{"rank_math_lock_modified_date":false},"product_cat":[812,469,471,959],"product_tag":[1192,1194,479,575,1191,1189,1193,1190,1188],"class_list":{"0":"post-5426","1":"product","2":"type-product","3":"status-publish","4":"has-post-thumbnail","6":"product_cat-aquarios-com-plantas","7":"product_cat-azoo-europa-pt-pt","8":"product_cat-azoo-plus-pt-pt","9":"product_cat-filtragem","10":"product_tag-aireacao","11":"product_tag-az13123-pt-pt","12":"product_tag-azoo-pt-pt","13":"product_tag-azoo-plus-pt-pt","14":"product_tag-desnatado250","15":"product_tag-escumadeira","16":"product_tag-magro","17":"product_tag-skimer-pt-pt","18":"product_tag-superficie","20":"first","21":"instock","22":"shipping-taxable","23":"product-type-simple"},"_links":{"self":[{"href":"https:\/\/azooeurope.com\/pt-pt\/wp-json\/wp\/v2\/product\/5426","targetHints":{"allow":["GET"]}}],"collection":[{"href":"https:\/\/azooeurope.com\/pt-pt\/wp-json\/wp\/v2\/product"}],"about":[{"href":"https:\/\/azooeurope.com\/pt-pt\/wp-json\/wp\/v2\/types\/product"}],"replies":[{"embeddable":true,"href":"https:\/\/azooeurope.com\/pt-pt\/wp-json\/wp\/v2\/comments?post=5426"}],"wp:featuredmedia":[{"embeddable":true,"href":"https:\/\/azooeurope.com\/pt-pt\/wp-json\/wp\/v2\/media\/3280"}],"wp:attachment":[{"href":"https:\/\/azooeurope.com\/pt-pt\/wp-json\/wp\/v2\/media?parent=5426"}],"wp:term":[{"taxonomy":"product_cat","embeddable":true,"href":"https:\/\/azooeurope.com\/pt-pt\/wp-json\/wp\/v2\/product_cat?post=5426"},{"taxonomy":"product_tag","embeddable":true,"href":"https:\/\/azooeurope.com\/pt-pt\/wp-json\/wp\/v2\/product_tag?post=5426"}],"curies":[{"name":"wp","href":"https:\/\/api.w.org\/{rel}","templated":true}]}}