{"id":5411,"date":"2024-03-09T19:57:39","date_gmt":"2024-03-09T18:57:39","guid":{"rendered":"https:\/\/infallible-hoover.188-95-114-6.plesk.page\/producto\/carnivorous-stick-jumbo\/"},"modified":"2024-10-09T13:42:06","modified_gmt":"2024-10-09T11:42:06","slug":"carnivorous-stick-jumbo","status":"publish","type":"product","link":"https:\/\/azooeurope.com\/pt-pt\/producto\/carnivorous-stick-jumbo\/","title":{"rendered":"CARNIVOROUS jumbo stick"},"content":{"rendered":"<h1><span style=\"color: #0e509a;\">CARNIVOROUS<\/span><\/h1>\n<h1><span style=\"color: #0e509a;\"> jumbo stick <\/span><\/h1>\n<h2><span style=\"color: #0e509a;\">Utra Fresh CARNIVOROUS jumbo stick \u00e9 o melhor para arowana asi\u00e1tica (peixe-drag\u00e3o) e todos os tipos de peixes carn\u00edvoros grandes e exigentes.<\/span><\/h2>\n<ul>\n<li>\n<h2><span style=\"color: #228bca;\">Prote\u00edna 100% natural de carne fresca, vegetais e algas marinhas<\/span><\/h2>\n<\/li>\n<li>\n<h2><span style=\"color: #228bca;\">60% Camar\u00e3o espada dourado + lula<\/span><\/h2>\n<\/li>\n<li>\n<h2><span style=\"color: #228bca;\">6% Spirulina natural + algas marinhas<\/span><\/h2>\n<\/li>\n<li>\n<h2><span style=\"color: #228bca;\">0% Aditivos, corantes artificiais ou subprodutos<\/span><\/h2>\n<\/li>\n<li>\n<h2><span style=\"color: #228bca;\">Rela\u00e7\u00e3o carne\/vegetais de 9:1<\/span><\/h2>\n<\/li>\n<li>\n<h2><span style=\"color: #228bca;\">Tipo flutuante<\/span><\/h2>\n<\/li>\n<li>\n<h2><span style=\"color: #228bca;\">Tamanho: 3,3 x 18 mm<\/span><\/h2>\n<\/li>\n<\/ul>\n<p><img fetchpriority=\"high\" decoding=\"async\" class=\"size-medium wp-image-1039\" src=\"https:\/\/azooeurope.com\/wp-content\/uploads\/\/ultra_fresh_carnivorous_jumbo_stick_09-400x214.png\" alt=\"Ultra Fresh CARNIVOROUS jumbo Stick\" width=\"400\" height=\"214\" srcset=\"https:\/\/azooeurope.com\/wp-content\/uploads\/ultra_fresh_carnivorous_jumbo_stick_09-400x214.png 400w, https:\/\/azooeurope.com\/wp-content\/uploads\/ultra_fresh_carnivorous_jumbo_stick_09.png 450w\" sizes=\"(max-width: 400px) 100vw, 400px\" \/><\/p>\n<div class=\"mceTemp\"><\/div>\n<p>&nbsp;<\/p>\n<p><strong>Ultra Fresh CARNIVOROUS jumbo stick aumenta a efici\u00eancia digestiva e promove uma r\u00e1pida ingest\u00e3o para reduzir a polui\u00e7\u00e3o da \u00e1gua no aqu\u00e1rio.<br \/>\nFacilita a obten\u00e7\u00e3o de uma colora\u00e7\u00e3o natural e vibrante, bem como o crescimento e a reprodu\u00e7\u00e3o bem sucedida deste tipo de peixes. <\/strong><\/p>\n<h3><span style=\"color: #228bca;\"><strong>CARACTER\u00cdSTICAS:<\/strong><\/span><\/h3>\n<p><strong>100% naturalmente nutritivo e formulado para uma palatabilidade superior <\/strong> Formulado com um elevado teor de camar\u00e3o espada selvagem (at\u00e9 40%), alho, lulas frescas, al\u00e9m de uma mistura de ingredientes naturais cuidadosamente selecionados, esta ra\u00e7\u00e3o para peixes apresenta uma elevada palatabilidade e valor nutricional para arowana asi\u00e1tica (peixe-drag\u00e3o) e todos os tipos de peixes carn\u00edvoros grandes e exigentes.<br \/>\n<strong>Amolece rapidamente na \u00e1gua para uma ingest\u00e3o r\u00e1pida e para manter a \u00e1gua limpa<\/strong> Insistimos em 10 horas de processo de cozedura a baixa temperatura para dar aos teus peixes a melhor dieta.<br \/>\nRefor\u00e7ada com probi\u00f3ticos intestinais, esta f\u00f3rmula amolece rapidamente na \u00e1gua para permitir uma ingest\u00e3o r\u00e1pida, n\u00e3o deixando res\u00edduos para manter a \u00e1gua sempre limpa.<br \/>\nOs sabores originais e os valores nutricionais dos ingredientes frescos s\u00e3o bem preservados &#8211; mais f\u00e1cil para os peixes ingerirem e digerirem para uma absor\u00e7\u00e3o completa dos nutrientes, reduzindo assim a excre\u00e7\u00e3o de res\u00edduos.<br \/>\n<strong>Colora\u00e7\u00e3o natural (6% de spirulina australiana + algas norueguesas)<\/strong> A f\u00f3rmula patenteada de spirulina australiana, algas naturais e camar\u00f5es espada frescos de primeira qualidade real\u00e7a a colora\u00e7\u00e3o natural dos teus peixes, apresentando-os nas suas cores mais naturais e vivas, sem tons mosqueados.<br \/>\n<strong>Polissac\u00e1ridos de Ganoderma, alho e grupo de vitamina B adicionados para aumentar a imunidade<\/strong> F\u00f3rmula de refor\u00e7o imunit\u00e1rio de qualidade superior: rica em nutrientes valiosos como polissac\u00e1ridos de Ganoderma, alho, spirulina australiana, vitamina A, D<br \/>\n<sub>3<\/sub>, C, E, <sub>B1<\/sub>,<sub>B2<\/sub>,<sub>B6<\/sub>, &amp; <sub>B12<\/sub>), \u03b2-caroteno, minerais naturais e oligoelementos para fortalecer o sistema imunit\u00e1rio do teu peixe, estimular o metabolismo, aumentar a energia e reduzir as doen\u00e7as.<\/p>\n<p><strong>Apresenta\u00e7\u00f5es:<\/strong><strong>UF86015E<\/strong> \/ Carnivorous jumbo stick 330ml \/ 100g<br \/>\n<strong>UF86016E<\/strong> \/ Carnivorous jumbo stick 1.150ml \/ 385g<\/p>\n<p><iframe title=\"carnivorous jumbo stick video\" width=\"800\" height=\"450\" src=\"https:\/\/www.youtube.com\/embed\/J_-K0naf9lE?feature=oembed\" frameborder=\"0\" allow=\"accelerometer; autoplay; clipboard-write; encrypted-media; gyroscope; picture-in-picture; web-share\" referrerpolicy=\"strict-origin-when-cross-origin\" allowfullscreen><\/iframe><\/p>\n<p><span style=\"color: #000000;\">O stick jumbo Ultra Fresh CARNIVOROUS <\/span>pertence \u00e0 linha de produtos<br \/>\n<a title=\"Ultra fresco\" href=\"https:\/\/ultra-fresh.tw\/\" target=\"_blank\" rel=\"noopener\">Ultra Fresh<\/a> da marca AZOO e distribu\u00eddo pela<br \/>\nmarca<a href=\"https:\/\/www.azoo-aqua.com\/\" target=\"_blank\" rel=\"noopener\">AZOO<\/a> e distribu\u00eddo por <a href=\"https:\/\/azpez.virtualcodeveloper.com\/azpez\/\" target=\"_blank\" rel=\"noopener\">AZOO EUROPA<\/a><\/p>\n<h3><span style=\"color: #228bca;\">AN\u00c1LISE <strong>GARANTIDA <\/strong>:<\/span><\/h3>\n<p>Vitamina A: 44.100 UI\/kg Vitamina B<br \/>\n<sub>1<\/sub>: 7,7 mg\/kg Vitamina B<br \/>\n<sub>2<\/sub>: 22,4 mg\/kg Vitamina B<br \/>\n<sub>6<\/sub>: 14 mg\/kg Vitamina B<br \/>\n<sub>12<\/sub>: 0,07 mg\/kg Vitamina D<sub>3<\/sub>: 7.910 UI\/kg Vitamina C: 1.200 mg\/kg Vitamina E: 112 mg\/kg Prote\u00edna bruta (min): 45% Gordura bruta (min): 4,7% Fibra bruta (max): 3,2% Humidade (min): 3% F\u00f3sforo (min): 1%<\/p>\n<h3><span style=\"color: #228bca;\">COMPOSI\u00c7\u00c3O:<\/span><\/h3>\n<p>Polissac\u00e1ridos de Ganoderma, caranguejo, lula, Spirulina, alho, g\u00e9rmen de trigo, camar\u00e3o, peixe fresco, algas norueguesas, g\u00e9rmen de trigo, milho, soja, levedura, subst\u00e2ncias minerais, vitaminas (A, D<br \/>\n<sub>3<\/sub>, C, E, <sub>B1<\/sub>,<sub>B2<\/sub>,<sub>B6<\/sub> e <sub>B12<\/sub>), \u03b2-caroteno, \u00e1cido f\u00f3lico, \u00e1cido nicot\u00ednico, \u00e1cido pantot\u00e9nico e amino\u00e1cidos essenciais (metionina, lisina).<\/p>\n<h3><span style=\"color: #228bca;\">INSTRU\u00c7\u00d5ES DE UTILIZA\u00c7\u00c3O:<\/span><\/h3>\n<p>Ultra Fresh CARNIVOROUS jumbo Stick pode ser fornecido 2 a 3 vezes por dia, mas apenas a quantidade que os peixes podem consumir em 30 minutos.<br \/>\nEmbora a f\u00f3rmula AZOO PLUS Ultra-Fresh reduza a polui\u00e7\u00e3o no aqu\u00e1rio, recomendamos que retires os alimentos n\u00e3o consumidos com uma rede para preservar a qualidade da \u00e1gua.<br \/>\nEste recipiente tem uma banda de garantia.<br \/>\nUma vez aberto, n\u00e3o \u00e9 necess\u00e1rio refrigerar, mas deve permanecer bem fechado num local fresco e seco para preservar as suas propriedades nutricionais.<br \/>\nEvita colocar o recipiente em locais h\u00famidos ou quentes, como por exemplo por cima da lumin\u00e1ria ou da tampa do aqu\u00e1rio. <strong>Para garantir a qualidade e a seguran\u00e7a sanit\u00e1ria do teu peixe, recomenda-se vivamente que nunca toques nos alimentos com as m\u00e3os. <\/strong><\/p>\n<p><strong>\u00c9 por isso que os recipientes de pellets Ultra Fresh de 60 ml, 120 ml e 330 ml incluem uma tampa doseadora adapt\u00e1vel \u00e0s necessidades espec\u00edficas dos teus peixes. <\/strong><\/p>\n<p><strong>Estas tampas cont\u00eam 12 orif\u00edcios pr\u00e9-marcados (7 de 3mm, 4 de 4m e um de 15 x 7mm).<br \/>\nEscolhe a op\u00e7\u00e3o mais conveniente para o teu aqu\u00e1rio, em fun\u00e7\u00e3o do tamanho do alimento e da quantidade de cada ingest\u00e3o. <\/strong><\/p>\n<p><strong>Os recipientes que cont\u00eam os sticks s\u00e3o de 1.150 ml e incluem uma colher de tamanho adequado no seu interior (2 ml e 1,5 ml de capacidade para dosear os teus alimentos de forma precisa e segura.<\/strong><\/p>\n<figure id=\"attachment_3739\" aria-describedby=\"caption-attachment-3739\" style=\"width: 400px\" class=\"wp-caption alignnone\"><img decoding=\"async\" class=\"size-medium wp-image-1040\" src=\"https:\/\/azooeurope.com\/wp-content\/uploads\/\/ultra_fresh_carnivorous_jumbo_stick_10-400x400.jpg\" alt=\"Ultra Fresh CARNIVOROUS jumbo Stick\" width=\"400\" height=\"400\" srcset=\"https:\/\/azooeurope.com\/wp-content\/uploads\/ultra_fresh_carnivorous_jumbo_stick_10-400x400.jpg 400w, https:\/\/azooeurope.com\/wp-content\/uploads\/ultra_fresh_carnivorous_jumbo_stick_10-768x768.jpg 768w, https:\/\/azooeurope.com\/wp-content\/uploads\/ultra_fresh_carnivorous_jumbo_stick_10-300x300.jpg 300w, https:\/\/azooeurope.com\/wp-content\/uploads\/ultra_fresh_carnivorous_jumbo_stick_10-600x600.jpg 600w, https:\/\/azooeurope.com\/wp-content\/uploads\/ultra_fresh_carnivorous_jumbo_stick_10-100x100.jpg 100w, https:\/\/azooeurope.com\/wp-content\/uploads\/ultra_fresh_carnivorous_jumbo_stick_10.jpg 1250w\" sizes=\"(max-width: 400px) 100vw, 400px\" \/><figcaption id=\"caption-attachment-3739\" class=\"wp-caption-text\">Ultra Fresh CARNIVOROUS jumbo StickEXPIRA\u00c7\u00c3O<\/figcaption><\/figure>\n<p><strong>:<\/strong> Verifica a data de validade que se encontra na parte inferior do r\u00f3tulo da embalagem.<br \/>\nSe ultrapassares esta data, as propriedades nutricionais diminuem significativamente, pelo que recomendamos que substituas o alimento. <strong>N\u00c3O \u00c9 ADEQUADO PARA CONSUMO HUMANO. S\u00d3 PARA PEIXES ORNAMENTAIS.<\/strong><\/p>\n<p><strong>ATEN\u00c7\u00c3O:<\/strong> As imagens que fornecemos destes alimentos equilibrados t\u00eam um car\u00e1cter meramente informativo e devem ser tomadas apenas como refer\u00eancia, uma vez que o fabricante se reserva o direito de modificar os r\u00f3tulos ou o formato dos seus produtos sem aviso pr\u00e9vio.<\/p>\n<h3><span style=\"color: #228bca;\">FABRICA\u00c7\u00c3O:<\/span><\/h3>\n<p>Fabricado em Taiwan pela Taikon Corp. (AZOO)<\/p>\n","protected":false},"excerpt":{"rendered":"<p>CARNIVOROUS jumbo stick Utra Fresh CARNIVOROUS jumbo stick \u00e9 o melhor para arowana asi\u00e1tica (peixe-drag\u00e3o) e todos os tipos de peixes carn\u00edvoros grandes e exigentes. Prote\u00edna 100% natural de carne fresca, vegetais e algas marinhas 60% Camar\u00e3o espada dourado + lula 6% Spirulina natural + algas marinhas 0% Aditivos, corantes artificiais ou subprodutos Rela\u00e7\u00e3o carne\/vegetais [&hellip;]<\/p>\n","protected":false},"featured_media":3715,"comment_status":"open","ping_status":"closed","template":"","meta":{"rank_math_lock_modified_date":false},"product_cat":[1080,993],"product_tag":[1019,1028,1035,1067,1012,1068,1032,1014,1076,1072,1085,1040,1009,1025,1016,1123,1124,1126,1127,1125,1041,1061,845,1056,1053,1045,1048,1062],"class_list":{"0":"post-5411","1":"product","2":"type-product","3":"status-publish","4":"has-post-thumbnail","6":"product_cat-peixes-tropicais","7":"product_cat-ultra-fresh","8":"product_tag-algas-marinhas","9":"product_tag-algas-norueguesas","10":"product_tag-alho","11":"product_tag-camarao-espada","12":"product_tag-camarao-espada-selvagem","13":"product_tag-camaroes-jingou","14":"product_tag-ganoderma-pt-pt","15":"product_tag-lula","16":"product_tag-minerais-e-vitaminas","17":"product_tag-peixe-fresco","18":"product_tag-peixes-tropicais","19":"product_tag-polissacaridos-de-ganoderma","20":"product_tag-proteina-100-natural-pt-pt","21":"product_tag-spirulina-australiana","22":"product_tag-spirulina-natural","23":"product_tag-tipo-flutuante","24":"product_tag-tropical-excelentes-pedacos","25":"product_tag-uf86015e-pt-pt","26":"product_tag-uf86016e-pt-pt","27":"product_tag-ultra-fresh-carnivorous-stick-jumbo","28":"product_tag-vitamina-a-vitamina-d3-pt-pt","29":"product_tag-vitamina-b12-pt-pt","30":"product_tag-vitamina-b2","31":"product_tag-vitamina-b6-pt-pt","32":"product_tag-vitamina-bq-pt-pt","33":"product_tag-vitamina-c-pt-pt","34":"product_tag-vitamina-e-pt-pt","35":"product_tag--caroteno-pt-pt","37":"first","38":"instock","39":"shipping-taxable","40":"product-type-simple"},"_links":{"self":[{"href":"https:\/\/azooeurope.com\/pt-pt\/wp-json\/wp\/v2\/product\/5411","targetHints":{"allow":["GET"]}}],"collection":[{"href":"https:\/\/azooeurope.com\/pt-pt\/wp-json\/wp\/v2\/product"}],"about":[{"href":"https:\/\/azooeurope.com\/pt-pt\/wp-json\/wp\/v2\/types\/product"}],"replies":[{"embeddable":true,"href":"https:\/\/azooeurope.com\/pt-pt\/wp-json\/wp\/v2\/comments?post=5411"}],"wp:featuredmedia":[{"embeddable":true,"href":"https:\/\/azooeurope.com\/pt-pt\/wp-json\/wp\/v2\/media\/3715"}],"wp:attachment":[{"href":"https:\/\/azooeurope.com\/pt-pt\/wp-json\/wp\/v2\/media?parent=5411"}],"wp:term":[{"taxonomy":"product_cat","embeddable":true,"href":"https:\/\/azooeurope.com\/pt-pt\/wp-json\/wp\/v2\/product_cat?post=5411"},{"taxonomy":"product_tag","embeddable":true,"href":"https:\/\/azooeurope.com\/pt-pt\/wp-json\/wp\/v2\/product_tag?post=5411"}],"curies":[{"name":"wp","href":"https:\/\/api.w.org\/{rel}","templated":true}]}}