{"id":5403,"date":"2024-03-09T11:46:12","date_gmt":"2024-03-09T10:46:12","guid":{"rendered":"https:\/\/infallible-hoover.188-95-114-6.plesk.page\/producto\/torta-de-camarao-tropical\/"},"modified":"2024-10-03T13:01:10","modified_gmt":"2024-10-03T11:01:10","slug":"torta-de-camarao-tropical","status":"publish","type":"product","link":"https:\/\/azooeurope.com\/pt-pt\/producto\/torta-de-camarao-tropical\/","title":{"rendered":"TROPICAL shrimp pie"},"content":{"rendered":"<h1><strong><span style=\"color: #0e509a;\">TROPICAL <\/span><\/strong><span style=\"color: #0e509a;\"><strong>shrimp pie<\/strong><\/span><\/h1>\n<h2><span style=\"color: #0e509a;\">Ultra Fresh TROPICAL shrimp pie \u00e9 a melhor para uma variedade de peixes tropicais que se alimentam no fundo, como os peixes-gato corydoras e os plecos carn\u00edvoros<\/span><\/h2>\n<ul>\n<li>\n<h3><span style=\"color: #228bca;\">Prote\u00edna 100% natural de carne fresca, vegetais e algas marinhas<\/span><\/h3>\n<\/li>\n<li>\n<h3><span style=\"color: #228bca;\">30% Natural spirulina + algas marinhas <\/span><\/h3>\n<\/li>\n<li>\n<h3><span style=\"color: #228bca;\">11% Folhas de batata-doce + folhas de amoreira<\/span><\/h3>\n<\/li>\n<li>\n<h3><span style=\"color: #228bca;\">0% Aditivos, corantes artificiais ou subprodutos<\/span><\/h3>\n<\/li>\n<li>\n<h3><span style=\"color: #228bca;\">R\u00e1cio carne\/vegetais de 3:7<\/span><\/h3>\n<\/li>\n<li>\n<h3><span style=\"color: #228bca;\">Tipo de afundamento<\/span><\/h3>\n<\/li>\n<li>\n<h3><span style=\"color: #228bca;\">Tamanho: 9,8 x 7,3 mm<\/span><\/h3>\n<\/li>\n<\/ul>\n<p><img fetchpriority=\"high\" decoding=\"async\" class=\"size-medium wp-image-961\" src=\"https:\/\/azooeurope.com\/wp-content\/uploads\/\/ultra_fresh_tropical_shrimp_pie_10-400x214.png\" alt=\"Ultra Fresh TROPICAL shrimp pie\" width=\"400\" height=\"214\" srcset=\"https:\/\/azooeurope.com\/wp-content\/uploads\/ultra_fresh_tropical_shrimp_pie_10-400x214.png 400w, https:\/\/azooeurope.com\/wp-content\/uploads\/ultra_fresh_tropical_shrimp_pie_10.png 450w\" sizes=\"(max-width: 400px) 100vw, 400px\" \/><\/p>\n<h3><span style=\"color: #228bca;\"><strong>CARACTER\u00cdSTICAS:<\/strong><\/span><\/h3>\n<p><strong>100% naturalmente nutritivo e formulado para uma palatabilidade superior<\/strong> A tarte de camar\u00e3o ultra fresca TROPICAL \u00e9 formulada com um elevado teor de camar\u00e3o espada selvagem (at\u00e9 35%), lulas frescas, espirulina natural, alho fresco colhido e folhas de batata-doce, e ingredientes naturais cuidadosamente selecionados.<br \/>\nProporciona uma excelente palatabilidade e uma gama completa de valores nutricionais para uma variedade de peixes tropicais que se alimentam no fundo, como os peixes-gato corydoras e os plecos carn\u00edvoros. <strong>Torta de camar\u00e3o que amolece rapidamente na \u00e1gua e mant\u00e9m a sua forma sem se desintegrar, mesmo ap\u00f3s 24 horas, para uma \u00e1gua cristalina<\/strong> Insistimos num processamento totalmente natural.<br \/>\nSem coagulante, a deliciosa tarte de camar\u00e3o \u00e9 criada atrav\u00e9s da amassadura constante de massa de farinha fresca e de 10 horas de processamento de cozedura a baixa temperatura.<br \/>\nRefor\u00e7ada com probi\u00f3ticos intestinais, a tarte de camar\u00e3o amolece rapidamente na \u00e1gua para facilitar a ingest\u00e3o e n\u00e3o se desintegra mesmo ap\u00f3s 24 horas.<br \/>\nMantendo sempre a \u00e1gua limpa, esta formula\u00e7\u00e3o mant\u00e9m os sabores originais e os valores nutricionais dos ingredientes frescos e facilita a ingest\u00e3o e digest\u00e3o pelos peixes para uma absor\u00e7\u00e3o completa dos nutrientes, reduzindo assim a excre\u00e7\u00e3o de res\u00edduos.<br \/>\n<strong>Colora\u00e7\u00e3o natural (20% de spirulina australiana + algas norueguesas)<\/strong> A f\u00f3rmula patenteada de spirulina australiana, algas naturais e camar\u00f5es espada frescos de primeira qualidade real\u00e7a a colora\u00e7\u00e3o natural dos teus peixes, apresentando-os nas suas cores mais naturais e vivas, sem tons mosqueados.<br \/>\n<strong>Polissac\u00e1ridos de Ganoderma, alho e grupo de vitamina B adicionados para aumentar a imunidade<\/strong> F\u00f3rmula de refor\u00e7o imunit\u00e1rio de qualidade superior: rica em nutrientes valiosos como polissac\u00e1ridos de Ganoderma, alho, spirulina australiana, vitamina A, D<br \/>\n<sub>3<\/sub>, C, E, <sub>B1<\/sub>,<sub>B2<\/sub>,<sub>B6<\/sub>, &amp; <sub>B12<\/sub>), \u03b2-caroteno, minerais naturais e oligoelementos para fortalecer o sistema imunit\u00e1rio do teu peixe, estimular o metabolismo, aumentar a energia e reduzir as doen\u00e7as.<br \/>\n<iframe title=\"ultra fresh tropical shrimp pie video 02\" width=\"800\" height=\"450\" src=\"https:\/\/www.youtube.com\/embed\/0UcdmQUNHZY?feature=oembed\" frameborder=\"0\" allow=\"accelerometer; autoplay; clipboard-write; encrypted-media; gyroscope; picture-in-picture; web-share\" referrerpolicy=\"strict-origin-when-cross-origin\" allowfullscreen><\/iframe><br \/>\n<strong>Apresenta\u00e7\u00f5es:<\/strong><strong>UF86045<\/strong> \/ Torta de Camar\u00e3o Tropical 120ml \/ 60g<br \/>\n<strong>UF86046E<\/strong> \/ Torta de Camar\u00e3o Tropical 330ml \/ 140g<br \/>\n<strong>UF86047E<\/strong> \/ Torta de Camar\u00e3o Tropical 1.150ml \/ 500g A Torta de Camar\u00e3o TROPICAL Ultra Fresh pertence \u00e0 linha de produtos<br \/>\nlinha de produtos<a title=\"Ultra fresco\" href=\"https:\/\/ultra-fresh.tw\/\" target=\"_blank\" rel=\"noopener\">Ultra Fresh<\/a> da marca<br \/>\nmarca<a href=\"https:\/\/www.azoo-aqua.com\/\" target=\"_blank\" rel=\"noopener\">AZOO<\/a> e distribu\u00edda por <a href=\"https:\/\/azpez.virtualcodeveloper.com\/azpez\/\" target=\"_blank\" rel=\"noopener\">AZOO EUROPA<\/a><\/p>\n<h3><span style=\"color: #228bca;\">AN\u00c1LISE <strong>GARANTIDA <\/strong>:<\/span><\/h3>\n<p>Vitamina A: 18.900 UI\/kg Vitamina B<br \/>\n<sub>1<\/sub>: 3,3 mg\/kg Vitamina B<br \/>\n<sub>2<\/sub>: 9,6 mg\/kg Vitamina B<br \/>\n<sub>6<\/sub>: 6 mg\/kg Vitamina B<br \/>\n<sub>12<\/sub>: 0,03 mg\/kg Vitamina D<br \/>\n<sub>3<\/sub>: 3.390 UI\/kg Vitamina C: 500 mg\/kg Vitamina E: 48 mg\/kg Prote\u00edna bruta (min): 39% Gordura bruta (min): 4% Fibra bruta (max): 7% Humidade (min): 3% F\u00f3sforo (min): 1%<\/p>\n<h3><span style=\"color: #228bca;\">COMPOSI\u00c7\u00c3O:<\/span><\/h3>\n<p>Camar\u00e3o espada, spirulina australiana, folhas de batata-doce, folhas de amoreira, alho, polissac\u00e1ridos de Ganoderma, lulas, camar\u00e3o Jingou, algas norueguesas, g\u00e9rmen de trigo, soja, levedura, minerais, vitaminas (A, D<br \/>\n<sub>3<\/sub>, C, E, <sub>B1<\/sub>,<sub>B2<\/sub>,<sub>B6<\/sub> e <sub>B12<\/sub>), \u03b2-caroteno, \u00e1cido f\u00f3lico, niacina, \u00e1cido pantot\u00e9nico e amino\u00e1cidos essenciais (metionina, lisina).<br \/>\n<iframe title=\"ultra fresh vegetables  shrimp pie video 01\" width=\"800\" height=\"450\" src=\"https:\/\/www.youtube.com\/embed\/bWbFvMm5Bbo?feature=oembed\" frameborder=\"0\" allow=\"accelerometer; autoplay; clipboard-write; encrypted-media; gyroscope; picture-in-picture; web-share\" referrerpolicy=\"strict-origin-when-cross-origin\" allowfullscreen><\/iframe><\/p>\n<h3><span style=\"color: #228bca;\">INSTRU\u00c7\u00d5ES DE UTILIZA\u00c7\u00c3O:<\/span><\/h3>\n<p>Ultra fresh TROPICAL shrimp pie pode ser fornecida 2 a 3 vezes por dia, mas apenas a quantidade que os peixes podem consumir em 30 minutos. Embora a f\u00f3rmula AZOO PLUS Ultra-Fresh reduza a polui\u00e7\u00e3o no aqu\u00e1rio, recomendamos que retires os alimentos n\u00e3o consumidos com uma rede para preservar a qualidade da \u00e1gua. Este recipiente tem uma banda de garantia. Uma vez aberto, n\u00e3o \u00e9 necess\u00e1rio refrigerar, mas deve permanecer bem fechado num local fresco e seco para preservar as suas propriedades nutricionais. Evita colocar o recipiente em locais h\u00famidos ou quentes, como por exemplo por cima da lumin\u00e1ria ou da tampa do aqu\u00e1rio. <strong>Para garantir a qualidade e a seguran\u00e7a sanit\u00e1ria do teu peixe, recomenda-se vivamente que nunca toques nos alimentos com as m\u00e3os. <\/strong><\/p>\n<p><strong>\u00c9 por isso que os recipientes de pellets Ultra Fresh de 60 ml, 120 ml e 330 ml incluem uma tampa doseadora adapt\u00e1vel \u00e0s necessidades espec\u00edficas dos teus peixes. <\/strong><\/p>\n<p><strong>Estas tampas cont\u00eam 12 orif\u00edcios pr\u00e9-marcados (7 de 3mm, 4 de 4m e um de 15 x 7mm).<br \/>\nEscolhe a op\u00e7\u00e3o mais conveniente para o teu aqu\u00e1rio, em fun\u00e7\u00e3o do tamanho do alimento e da quantidade de cada ingest\u00e3o. <\/strong><\/p>\n<p><strong>Os recipientes que cont\u00eam os sticks s\u00e3o de 1.150 ml e incluem uma colher de tamanho adequado (2 ml e 1,5 ml de capacidade) para dosear os teus alimentos de forma precisa e segura.<\/strong><\/p>\n<figure id=\"attachment_3556\" aria-describedby=\"caption-attachment-3556\" style=\"width: 400px\" class=\"wp-caption alignnone\"><img decoding=\"async\" class=\"size-medium wp-image-963\" src=\"https:\/\/azooeurope.com\/wp-content\/uploads\/\/ultra_fresh_tropical_shrimp_pie_12-400x400.jpg\" alt=\"Tarte de camar\u00e3o TROPICAL ultra fresca\" width=\"400\" height=\"400\" srcset=\"https:\/\/azooeurope.com\/wp-content\/uploads\/ultra_fresh_tropical_shrimp_pie_12-400x400.jpg 400w, https:\/\/azooeurope.com\/wp-content\/uploads\/ultra_fresh_tropical_shrimp_pie_12-768x768.jpg 768w, https:\/\/azooeurope.com\/wp-content\/uploads\/ultra_fresh_tropical_shrimp_pie_12-300x300.jpg 300w, https:\/\/azooeurope.com\/wp-content\/uploads\/ultra_fresh_tropical_shrimp_pie_12-600x600.jpg 600w, https:\/\/azooeurope.com\/wp-content\/uploads\/ultra_fresh_tropical_shrimp_pie_12-100x100.jpg 100w, https:\/\/azooeurope.com\/wp-content\/uploads\/ultra_fresh_tropical_shrimp_pie_12.jpg 1250w\" sizes=\"(max-width: 400px) 100vw, 400px\" \/><figcaption id=\"caption-attachment-3556\" class=\"wp-caption-text\">Tarte de camar\u00e3o TROPICAL Ultra FreshEXPIRA\u00c7\u00c3O<\/figcaption><\/figure>\n<p><strong>:<\/strong> Verifica a data de validade que se encontra na parte inferior do r\u00f3tulo da embalagem.<br \/>\nSe ultrapassares esta data, as propriedades nutricionais diminuem significativamente, pelo que recomendamos que substituas o alimento. <strong>N\u00c3O \u00c9 ADEQUADO PARA CONSUMO HUMANO. S\u00d3 PARA PEIXES ORNAMENTAIS.<\/strong><\/p>\n<p><strong>ATEN\u00c7\u00c3O:<\/strong> As imagens que fornecemos destes alimentos equilibrados t\u00eam um car\u00e1cter meramente informativo e devem ser tomadas apenas como refer\u00eancia, uma vez que o fabricante se reserva o direito de modificar os r\u00f3tulos ou o formato dos seus produtos sem aviso pr\u00e9vio.<\/p>\n<h3><span style=\"color: #228bca;\">FABRICA\u00c7\u00c3O:<\/span><\/h3>\n<p>Fabricado em Taiwan pela Taikon Corp. (AZOO)<\/p>\n","protected":false},"excerpt":{"rendered":"<p>TROPICAL shrimp pie Ultra Fresh TROPICAL shrimp pie \u00e9 a melhor para uma variedade de peixes tropicais que se alimentam no fundo, como os peixes-gato corydoras e os plecos carn\u00edvoros Prote\u00edna 100% natural de carne fresca, vegetais e algas marinhas 30% Natural spirulina + algas marinhas 11% Folhas de batata-doce + folhas de amoreira 0% [&hellip;]<\/p>\n","protected":false},"featured_media":3523,"comment_status":"open","ping_status":"closed","template":"","meta":{"rank_math_lock_modified_date":false},"product_cat":[995,1080,993],"product_tag":[1019,1028,1035,1067,1012,1068,1032,1014,1076,1072,1091,1083,1085,1040,1009,1025,1016,1024,1093,1086,1087,1088,1000,1041,1061,845,1056,1053,1045,1048,1062],"class_list":{"0":"post-5403","1":"product","2":"type-product","3":"status-publish","4":"has-post-thumbnail","6":"product_cat-peixe-de-fundo","7":"product_cat-peixes-tropicais","8":"product_cat-ultra-fresh","9":"product_tag-algas-marinhas","10":"product_tag-algas-norueguesas","11":"product_tag-alho","12":"product_tag-camarao-espada","13":"product_tag-camarao-espada-selvagem","14":"product_tag-camaroes-jingou","15":"product_tag-ganoderma-pt-pt","16":"product_tag-lula","17":"product_tag-minerais-e-vitaminas","18":"product_tag-peixe-fresco","19":"product_tag-peixes-carnivoros","20":"product_tag-peixes-de-fundo","21":"product_tag-peixes-tropicais","22":"product_tag-polissacaridos-de-ganoderma","23":"product_tag-proteina-100-natural-pt-pt","24":"product_tag-spirulina-australiana","25":"product_tag-spirulina-natural","26":"product_tag-tipo-de-afundamento","27":"product_tag-torta-de-camarao-tropical","28":"product_tag-uf86045-pt-pt","29":"product_tag-uf86046e-pt-pt","30":"product_tag-uf86047e-pt-pt","31":"product_tag-ultra-fresco-pt-pt","32":"product_tag-vitamina-a-vitamina-d3-pt-pt","33":"product_tag-vitamina-b12-pt-pt","34":"product_tag-vitamina-b2","35":"product_tag-vitamina-b6-pt-pt","36":"product_tag-vitamina-bq-pt-pt","37":"product_tag-vitamina-c-pt-pt","38":"product_tag-vitamina-e-pt-pt","39":"product_tag--caroteno-pt-pt","41":"first","42":"instock","43":"shipping-taxable","44":"product-type-simple"},"_links":{"self":[{"href":"https:\/\/azooeurope.com\/pt-pt\/wp-json\/wp\/v2\/product\/5403","targetHints":{"allow":["GET"]}}],"collection":[{"href":"https:\/\/azooeurope.com\/pt-pt\/wp-json\/wp\/v2\/product"}],"about":[{"href":"https:\/\/azooeurope.com\/pt-pt\/wp-json\/wp\/v2\/types\/product"}],"replies":[{"embeddable":true,"href":"https:\/\/azooeurope.com\/pt-pt\/wp-json\/wp\/v2\/comments?post=5403"}],"wp:featuredmedia":[{"embeddable":true,"href":"https:\/\/azooeurope.com\/pt-pt\/wp-json\/wp\/v2\/media\/3523"}],"wp:attachment":[{"href":"https:\/\/azooeurope.com\/pt-pt\/wp-json\/wp\/v2\/media?parent=5403"}],"wp:term":[{"taxonomy":"product_cat","embeddable":true,"href":"https:\/\/azooeurope.com\/pt-pt\/wp-json\/wp\/v2\/product_cat?post=5403"},{"taxonomy":"product_tag","embeddable":true,"href":"https:\/\/azooeurope.com\/pt-pt\/wp-json\/wp\/v2\/product_tag?post=5403"}],"curies":[{"name":"wp","href":"https:\/\/api.w.org\/{rel}","templated":true}]}}