{"id":5394,"date":"2024-02-29T20:52:16","date_gmt":"2024-02-29T19:52:16","guid":{"rendered":"https:\/\/infallible-hoover.188-95-114-6.plesk.page\/producto\/esponja-biologica-azoo-plus-3-em-1\/"},"modified":"2024-10-03T13:11:09","modified_gmt":"2024-10-03T11:11:09","slug":"esponja-biologica-azoo-plus-3-em-1","status":"publish","type":"product","link":"https:\/\/azooeurope.com\/pt-pt\/producto\/esponja-biologica-azoo-plus-3-em-1\/","title":{"rendered":"AZOO Plus 3 in 1 Bio Sponge"},"content":{"rendered":"<h1><strong><span style=\"color: #0e509a;\">AZOO Plus 3 in 1 Bio Sponge<\/span><\/strong><\/h1>\n<ul>\n<li>\n<h3><span style=\"color: #228bca;\">Para aqu\u00e1rios de \u00e1gua doce, aqu\u00e1rios com plantas, lagos, \u00e1gua salgada e recifes.<\/span><\/h3>\n<\/li>\n<li>\n<h3><span style=\"color: #228bca;\">AZOO Plus 3 in 1 Bio Sponge \u00e9 uma combina\u00e7\u00e3o sin\u00e9rgica e selectiva de materiais de filtragem mec\u00e2nica.<\/span><\/h3>\n<\/li>\n<li>\n<h3><span style=\"color: #228bca;\">3 esponjas com poros abertos e homog\u00e9neos que permitem um fluxo elevado sem entupimento.<\/span><\/h3>\n<\/li>\n<li>\n<h3><span style=\"color: #228bca;\">Oferece materiais de alta qualidade e uma longa vida \u00fatil.<\/span><\/h3>\n<\/li>\n<\/ul>\n<h3><img fetchpriority=\"high\" decoding=\"async\" class=\"alignnone size-medium wp-image-361\" src=\"https:\/\/azooeurope.com\/wp-content\/uploads\/\/restricciones_01-400x214.png\" alt=\"\" width=\"400\" height=\"214\" srcset=\"https:\/\/azooeurope.com\/wp-content\/uploads\/restricciones_01-400x214.png 400w, https:\/\/azooeurope.com\/wp-content\/uploads\/restricciones_01.png 450w\" sizes=\"(max-width: 400px) 100vw, 400px\" \/><\/h3>\n<p>Para aqu\u00e1rios de \u00e1gua doce, aqu\u00e1rios com plantas, lagos, \u00e1gua salgada e recifes.<br \/>\nAZOO Plus 3 in 1 Bio Sponge \u00e9 um meio de filtra\u00e7\u00e3o biol\u00f3gica que combina tr\u00eas espumas especiais de poliuretano para aqu\u00e1rios com tr\u00eas porosidades diferentes: Baixa densidade para a esponja azul, densidade m\u00e9dia para a esponja castanha e alta densidade para a esponja preta.<br \/>\nEsta combina\u00e7\u00e3o heterog\u00e9nea permite a atividade simult\u00e2nea de nitrifica\u00e7\u00e3o bacteriana aer\u00f3bica e anaer\u00f3bica, evitando a obstru\u00e7\u00e3o dos poros e permitindo uma ades\u00e3o adequada das bact\u00e9rias \u00e0 sua superf\u00edcie.<br \/>\nO desenho especial dos &#8220;poros perdidos&#8221; nas esponjas azuis e castanhas cria um fluxo em espiral na \u00e1gua, optimizando a absor\u00e7\u00e3o de oxig\u00e9nio pelas bact\u00e9rias nitrificantes aer\u00f3bias.<br \/>\nEm contrapartida, a elevada densidade de poros da esponja preta proporciona o ambiente ideal para a prolifera\u00e7\u00e3o de bact\u00e9rias anaer\u00f3bias.<br \/>\nFabricada com materiais de primeira qualidade que garantem uma longa vida \u00fatil e um elevado desempenho.<br \/>\nPode ser facilmente cortada para se adaptar a qualquer filtro ou design de aqu\u00e1rio.<br \/>\nO AZOO 3 em 1 Bio-Sponge pode ser lavado v\u00e1rias vezes, bastando para isso um breve enxaguamento em \u00e1gua limpa.<br \/>\n<strong>Apresenta\u00e7\u00f5es:<\/strong><b>AZ16022<\/b> \/ AZOO Plus 3 em 1 Bio Sponge AZOO Plus 3 em 1 Bio Sponge pertence \u00e0 linha de produtos <a href=\"https:\/\/azpez.virtualcodeveloper.com\/azpez\/azoo-europe\/\" target=\"_blank\" rel=\"noopener\">AZOO Plus<\/a> da marca <a href=\"https:\/\/www.azoo-aqua.com\/\" target=\"_blank\" rel=\"noopener\">AZOO<\/a>.<\/p>\n<h3><span style=\"color: #228bca;\">INSTRU\u00c7\u00d5ES DE UTILIZA\u00c7\u00c3O:<\/span><\/h3>\n<p>Para obteres os melhores resultados, recomendamos a combina\u00e7\u00e3o deste meio filtrante com outros materiais filtrantes espec\u00edficos da marca AZOO.<br \/>\nEnxagua brevemente o 3 em 1 Bio-Sponge antes de o utilizares.<br \/>\nPodes us\u00e1-lo como material filtrante mec\u00e2nico e biol\u00f3gico em todos os tipos de filtros de aqu\u00e1rios e lagos.<br \/>\nPara isso, podes cort\u00e1-lo com uma tesoura para que se adapte perfeitamente \u00e0 forma do filtro.<br \/>\nColoca este material no filtro para que a \u00e1gua possa fluir uniformemente.<br \/>\nManuten\u00e7\u00e3o: Limpa esta esponja com bastante \u00e1gua limpa.<br \/>\nPara um melhor desempenho, recomendamos que combines este produto com outros materiais de filtragem mec\u00e2nica, como a l\u00e3 filtrante AZOO ou a esponja filtrante AZOO, e com filtros biol\u00f3gicos, como o AZOO Bio-Glass.<br \/>\nSegue-nos nas nossas redes sociais para ficares a par das \u00faltimas novidades e de toda a informa\u00e7\u00e3o interessante sobre a nossa marca e a aquariofilia no <a href=\"https:\/\/www.facebook.com\/profile.php?id=61555599587010&amp;locale=es_ES\" target=\"_blank\" rel=\"noopener\">Facebook<\/a>, <a href=\"https:\/\/www.youtube.com\/@AZOOEurope\/videos\" target=\"_blank\" rel=\"noopener\">YouTube<\/a> e <a href=\"https:\/\/www.instagram.com\/azooeurope\/\" target=\"_blank\" rel=\"noopener\">Instagram<\/a>.<\/p>\n<p><iframe title=\"azoo plus presentation\" width=\"800\" height=\"450\" src=\"https:\/\/www.youtube.com\/embed\/gS5bf4C6Nqc?feature=oembed\" frameborder=\"0\" allow=\"accelerometer; autoplay; clipboard-write; encrypted-media; gyroscope; picture-in-picture; web-share\" referrerpolicy=\"strict-origin-when-cross-origin\" allowfullscreen><\/iframe><\/p>\n<h3><\/h3>\n<h3><span style=\"color: #228bca;\">OBSERVA\u00c7\u00d5ES:<\/span><\/h3>\n<p>Usado corretamente, este material tem uma vida \u00fatil de mais de 12 meses, embora seja normal mud\u00e1-lo com mais frequ\u00eancia em aqu\u00e1rios que geram muita sujidade.<br \/>\nPodes lavar o AZOO 3 em 1 Bio-Sponge v\u00e1rias vezes com \u00e1gua limpa, mas tem em aten\u00e7\u00e3o que o seu desempenho ir\u00e1 diminuir gradualmente de cada vez.<br \/>\nSe perderes a sua textura esponjosa, os poros podem ter perdido a sua forma peculiar.<br \/>\nNesse caso, considera a possibilidade de o substituir por um novo.<br \/>\nEste meio filtrante biol\u00f3gico tamb\u00e9m ret\u00e9m part\u00edculas grandes e finas e pode funcionar como um filtro mec\u00e2nico.<br \/>\nSe quiseres obter um desempenho \u00f3timo, combina o AZOO 3 em 1 Bio-Sponge com meios filtrantes mec\u00e2nicos, como o AZOO Filter Wool ou o AZOO Filter Sponge, para que a \u00e1gua passe por ele depois de passar pelos restantes materiais.<br \/>\nO objetivo \u00e9 que o AZOO 3 em 1 Bio-Sponge n\u00e3o retenha part\u00edculas s\u00f3lidas, de modo a funcionar apenas como um filtro biol\u00f3gico.<br \/>\nDesta forma, cada material cumprir\u00e1 corretamente o seu papel sem interferir com o outro, conseguindo assim uma filtragem mais eficiente e duradoura. <strong>ATEN\u00c7\u00c3O:<\/strong><\/p>\n<ul>\n<li>N\u00c3O INGERIR; NESTE CASO, PROCURA ASSIST\u00caNCIA M\u00c9DICA.<\/li>\n<li>MANT\u00c9M O PRODUTO AFASTADO DAS CRIAN\u00c7AS E DOS ANIMAIS DOM\u00c9STICOS.<\/li>\n<li>PARA USO EXCLUSIVO EM AQU\u00c1RIOS E LAGOS COM PEIXES ORNAMENTAIS.<\/li>\n<\/ul>\n<p><strong>FABRICA\u00c7\u00c3O:<\/strong> Fabricado em Taiwan pela Taikon Corp. (AZOO)<\/p>\n","protected":false},"excerpt":{"rendered":"<p>AZOO Plus 3 in 1 Bio Sponge Para aqu\u00e1rios de \u00e1gua doce, aqu\u00e1rios com plantas, lagos, \u00e1gua salgada e recifes. AZOO Plus 3 in 1 Bio Sponge \u00e9 uma combina\u00e7\u00e3o sin\u00e9rgica e selectiva de materiais de filtragem mec\u00e2nica. 3 esponjas com poros abertos e homog\u00e9neos que permitem um fluxo elevado sem entupimento. Oferece materiais de [&hellip;]<\/p>\n","protected":false},"featured_media":3424,"comment_status":"open","ping_status":"closed","template":"","meta":{"rank_math_lock_modified_date":false},"product_cat":[469,471,959],"product_tag":[977,575,968,969,972,978,961,964,960,979],"class_list":{"0":"post-5394","1":"product","2":"type-product","3":"status-publish","4":"has-post-thumbnail","6":"product_cat-azoo-europa-pt-pt","7":"product_cat-azoo-plus-pt-pt","8":"product_cat-filtragem","9":"product_tag-az16022-pt-pt","10":"product_tag-azoo-plus-pt-pt","11":"product_tag-carbono","12":"product_tag-carbono-ativo","13":"product_tag-esponja","14":"product_tag-esponja-biologica-azoo-plus-3-em-1","15":"product_tag-filtracao-biologica","16":"product_tag-filtragem-mecanica","17":"product_tag-filtragem-quimica","18":"product_tag-filtragem-selectiva","20":"first","21":"instock","22":"shipping-taxable","23":"product-type-simple"},"_links":{"self":[{"href":"https:\/\/azooeurope.com\/pt-pt\/wp-json\/wp\/v2\/product\/5394","targetHints":{"allow":["GET"]}}],"collection":[{"href":"https:\/\/azooeurope.com\/pt-pt\/wp-json\/wp\/v2\/product"}],"about":[{"href":"https:\/\/azooeurope.com\/pt-pt\/wp-json\/wp\/v2\/types\/product"}],"replies":[{"embeddable":true,"href":"https:\/\/azooeurope.com\/pt-pt\/wp-json\/wp\/v2\/comments?post=5394"}],"wp:featuredmedia":[{"embeddable":true,"href":"https:\/\/azooeurope.com\/pt-pt\/wp-json\/wp\/v2\/media\/3424"}],"wp:attachment":[{"href":"https:\/\/azooeurope.com\/pt-pt\/wp-json\/wp\/v2\/media?parent=5394"}],"wp:term":[{"taxonomy":"product_cat","embeddable":true,"href":"https:\/\/azooeurope.com\/pt-pt\/wp-json\/wp\/v2\/product_cat?post=5394"},{"taxonomy":"product_tag","embeddable":true,"href":"https:\/\/azooeurope.com\/pt-pt\/wp-json\/wp\/v2\/product_tag?post=5394"}],"curies":[{"name":"wp","href":"https:\/\/api.w.org\/{rel}","templated":true}]}}