{"id":5388,"date":"2024-02-27T19:06:32","date_gmt":"2024-02-27T18:06:32","guid":{"rendered":"https:\/\/infallible-hoover.188-95-114-6.plesk.page\/producto\/carbono-plus\/"},"modified":"2024-10-03T13:45:04","modified_gmt":"2024-10-03T11:45:04","slug":"carbono-plus","status":"publish","type":"product","link":"https:\/\/azooeurope.com\/pt-pt\/producto\/carbono-plus\/","title":{"rendered":"Carbon Plus"},"content":{"rendered":"<h1><strong><span style=\"color: #0e509a;\">Carbon Plus <\/span><\/strong><\/h1>\n<h2><span style=\"color: #0e509a;\">Carbon Plus \u00e9 um fertilizante de qualidade superior, ideal para todos os tipos de plantas aqu\u00e1ticas.<\/span><\/h2>\n<ul>\n<li>\n<h3><span style=\"color: #228bca;\">Fonte de carbono 100% eficaz e segura para as tuas plantas aqu\u00e1ticas.<\/span><\/h3>\n<\/li>\n<li>\n<h3><span style=\"color: #228bca;\">Especialmente concebido para aqu\u00e1rios com plantas vivas.<\/span><\/h3>\n<\/li>\n<li>\n<h3><span style=\"color: #228bca;\">AZOO Plus Carbon Plus fornece diretamente carbono biodispon\u00edvel para as plantas.<\/span><\/h3>\n<\/li>\n<li>\n<h3><span style=\"color: #228bca;\">Oferece a maior concentra\u00e7\u00e3o do mercado.<\/span><\/h3>\n<\/li>\n<\/ul>\n<h3 class=\"p1\"><img fetchpriority=\"high\" decoding=\"async\" class=\"alignnone size-medium wp-image-363\" src=\"https:\/\/azooeurope.com\/wp-content\/uploads\/\/restricciones_03-400x214.png\" alt=\"\" width=\"400\" height=\"214\" srcset=\"https:\/\/azooeurope.com\/wp-content\/uploads\/restricciones_03-400x214.png 400w, https:\/\/azooeurope.com\/wp-content\/uploads\/restricciones_03.png 450w\" sizes=\"(max-width: 400px) 100vw, 400px\" \/><\/h3>\n<p>Serve como fonte substituta de<sub>CO2<\/sub>, evitando m\u00e9todos de administra\u00e7\u00e3o mais dispendiosos ou fastidiosos, como a inje\u00e7\u00e3o em reactores, fermenta\u00e7\u00e3o ou comprimidos efervescentes.<br \/>\nFacilita a convers\u00e3o do estado f\u00e9rrico do ferro (<sup>Fe3+<\/sup>) para o estado ferroso (<sup>Fe2+<\/sup>) para melhorar a absor\u00e7\u00e3o deste nutriente pelas plantas.<br \/>\nPode ser utilizado como \u00fanica fonte de substitui\u00e7\u00e3o de<sub>CO2<\/sub> ou em combina\u00e7\u00e3o com outros m\u00e9todos de fornecimento.<br \/>\nCombate eficazmente as algas teimosas do aqu\u00e1rio.<br \/>\nPara obteres resultados \u00f3ptimos no crescimento das plantas, combina o AZOO Plus Carbon Plus com a linha de fertilizantes para plantas aqu\u00e1ticas AZOO Nature Gro.<br \/>\nCom esta t\u00e9cnica, podes obter benef\u00edcios substanciais utilizando o Carbon Plus sozinho ou em combina\u00e7\u00e3o com um m\u00e9todo de inje\u00e7\u00e3o de CO2.<br \/>\nEsta combina\u00e7\u00e3o sin\u00e9rgica \u00e9 especialmente ideal para situa\u00e7\u00f5es em que continuar a adicionar CO2 pode resultar em n\u00edveis de pH perigosamente baixos.<br \/>\nAs plantas precisam de CO2 para produzir longas cadeias de compostos \u00e0 base de carbono, tamb\u00e9m conhecidos como intermedi\u00e1rios fotossint\u00e9ticos das plantas.<br \/>\nEstes compostos, como a ribulose 1,5-bisfosfato e o 2-carboxi-3-ceto-D-arabinitol 1,5-bisfosfato, t\u00eam nomes complicados, embora as suas estruturas qu\u00edmicas sejam bastante simples (5 cadeias de carbono).<br \/>\nO Carbon Plus n\u00e3o cont\u00e9m estes compostos espec\u00edficos, mas cont\u00e9m um que \u00e9 bastante semelhante.<br \/>\nAo dosear o Carbon Plus, podes evitar a utiliza\u00e7\u00e3o de CO2, introduzindo compostos estruturalmente semelhantes que j\u00e1 est\u00e3o acabados e prontos para serem absorvidos pelas plantas.<br \/>\nA semelhan\u00e7a estrutural do Carbon Plus permite-lhe ser utilizado nos processos de constru\u00e7\u00e3o da cadeia de carbono da fotoss\u00edntese.<br \/>\nAtrav\u00e9s de processos qu\u00edmicos ou enzim\u00e1ticos simples, as plantas podem facilmente converter o Carbon Plus em qualquer um dos compostos acima mencionados e outros.<\/p>\n<h3><span style=\"color: #0e509a;\">Altamente concentrado.<\/span><\/h3>\n<p><strong>A sua f\u00f3rmula est\u00e1 optimizada para atingir uma alta concentra\u00e7\u00e3o e um excelente desempenho:<\/strong> 1 ml de produto trata 10 litros de \u00e1gua no teu aqu\u00e1rio.<br \/>\nEste produto \u00e9 o resultado de um trabalho minucioso do departamento de investiga\u00e7\u00e3o e desenvolvimento da AZOO em Taiwan, que conseguiu simplificar ao m\u00e1ximo o processo altamente complexo de fertiliza\u00e7\u00e3o das plantas aqu\u00e1ticas. <strong><span style=\"color: #0e509a;\">Apresenta\u00e7\u00f5es:<\/span><\/strong><strong>AP17839<\/strong> \/ Carbon Plus 120ml.<br \/>\n<strong>AP17835<\/strong> \/ Carbono Plus 250ml.<br \/>\n<strong>AP17840<\/strong> \/ Carbono Plus 500ml.<\/p>\n<h3><span style=\"color: #228bca;\">Altamente concentrado.<\/span><\/h3>\n<p>a sua f\u00f3rmula \u00e9 optimizada para obter uma concentra\u00e7\u00e3o elevada e um excelente desempenho: <strong>1 ml de produto trata 3 litros de \u00e1gua no teu aqu\u00e1rio.<\/strong><\/p>\n<h3>Carbon Plus pertence \u00e0 linha de aparelhos de ar condicionado <a href=\"https:\/\/azpez.virtualcodeveloper.com\/azpez\/azoo-europe\/\" target=\"_blank\" rel=\"noopener\">AZOO Plus<\/a> da marca <a href=\"https:\/\/www.azoo-aqua.com\/\" target=\"_blank\" rel=\"noopener\">AZOO<\/a>.<\/h3>\n<h3><span style=\"color: #228bca;\">Carater\u00edsticas especiais:<\/span><\/h3>\n<p>Especialmente formulado para o tratamento profissional de plantas aqu\u00e1ticas num aqu\u00e1rio.<br \/>\nPlant Premium cont\u00e9m uma combina\u00e7\u00e3o completa, na propor\u00e7\u00e3o e quantidade certas, de macronutrientes e oligoelementos, bem como uma forma quelatada de ferro ferroso e nutrientes org\u00e2nicos, que cobrem todas as necessidades das plantas vermelhas e verdes, conseguindo um desenvolvimento vigoroso da forma mais natural.<br \/>\nAumenta significativamente a efici\u00eancia da fotoss\u00edntese e a taxa de absor\u00e7\u00e3o de nutrientes.<br \/>\nF\u00f3rmula especialmente concebida para evitar o crescimento de algas.<br \/>\nSegue-nos nas nossas redes sociais para ficares a par das \u00faltimas novidades e de toda a informa\u00e7\u00e3o interessante sobre a nossa marca e a aquariofilia no <a target=\"\" rel=\"noopener\">Facebook<\/a>, <a target=\"\" rel=\"noopener\">YouTube<\/a> e <a target=\"\" rel=\"noopener\">Instagram<\/a>.<br \/>\nPodes complementar este produto com outros alimentos espec\u00edficos e equilibrados da marca Ultra Fresh.<\/p>\n<p><iframe title=\"azoo plus presentation\" width=\"800\" height=\"450\" src=\"https:\/\/www.youtube.com\/embed\/gS5bf4C6Nqc?feature=oembed\" frameborder=\"0\" allow=\"accelerometer; autoplay; clipboard-write; encrypted-media; gyroscope; picture-in-picture; web-share\" referrerpolicy=\"strict-origin-when-cross-origin\" allowfullscreen><\/iframe><\/p>\n<h3><\/h3>\n<h3><span style=\"color: #228bca;\">INSTRU\u00c7\u00d5ES:<\/span><\/h3>\n<p>Para um aqu\u00e1rio recentemente plantado, adiciona 1 dose de 3 ml de Plant Premium por 100 litros de \u00e1gua do aqu\u00e1rio.<br \/>\nRepete a mesma dose ap\u00f3s 7 dias.<br \/>\nUso regular: Adiciona 10ml por 100 litros de \u00e1gua do aqu\u00e1rio a cada 4-7 dias.<br \/>\nA dosagem pode variar de acordo com a densidade e as necessidades espec\u00edficas das plantas aqu\u00e1ticas.<br \/>\nRecomendamos que fa\u00e7as uma mudan\u00e7a de \u00e1gua de 50% todas as semanas e depois adiciones a tua dose de fertilizante.<br \/>\nEste passo \u00e9 muito importante, pois cada vez que fizeres esta opera\u00e7\u00e3o, restabelecer\u00e1s a propor\u00e7\u00e3o correta de nutrientes.<br \/>\nAgita o recipiente antes de o utilizares. <span style=\"color: #228bca;\"><strong>OBSERVA\u00c7\u00d5ES:<\/strong><\/span> &#8211; Para garantir uma boa dispers\u00e3o, adiciona os aditivos numa zona do aqu\u00e1rio com um fluxo suficiente.<br \/>\n&#8211; Para as mudan\u00e7as de \u00e1gua, podes adicionar aditivos \u00e0 \u00e1gua antes de a despejares no aqu\u00e1rio.<br \/>\nEvita misturar diferentes aditivos antes de os adicionar.<br \/>\n&#8211; Alguns produtos de aqu\u00e1rio podem reagir quimicamente com outros; evita combinar v\u00e1rios produtos simultaneamente para evitar precipita\u00e7\u00f5es ou reac\u00e7\u00f5es indesejadas.<br \/>\n&#8211; A tampa do frasco ajuda-te a medir a dose com precis\u00e3o: &#8211; A cavidade interior tem capacidade para 5 ml.<br \/>\n&#8211; O volume entre a cavidade interior e a exterior cont\u00e9m 10 ml.<br \/>\n&#8211; As duas cavidades cheias cont\u00eam um total de 15 ml.<br \/>\n&#8211; Uma tampa completamente cheia cont\u00e9m 20 ml. <img decoding=\"async\" class=\"alignnone size-medium wp-image-799\" src=\"https:\/\/azooeurope.com\/wp-content\/uploads\/\/azoo_plus_carbon_plus-05-400x400.jpg\" alt=\"AZOO Plus Carbono PLUS\" width=\"400\" height=\"400\" srcset=\"https:\/\/azooeurope.com\/wp-content\/uploads\/azoo_plus_carbon_plus-05-400x400.jpg 400w, https:\/\/azooeurope.com\/wp-content\/uploads\/azoo_plus_carbon_plus-05-768x768.jpg 768w, https:\/\/azooeurope.com\/wp-content\/uploads\/azoo_plus_carbon_plus-05-300x300.jpg 300w, https:\/\/azooeurope.com\/wp-content\/uploads\/azoo_plus_carbon_plus-05-600x600.jpg 600w, https:\/\/azooeurope.com\/wp-content\/uploads\/azoo_plus_carbon_plus-05-100x100.jpg 100w, https:\/\/azooeurope.com\/wp-content\/uploads\/azoo_plus_carbon_plus-05.jpg 1250w\" sizes=\"(max-width: 400px) 100vw, 400px\" \/><span style=\"color: #228bca;\"><strong>ATEN\u00c7\u00c3O:<\/strong><\/span> &#8211; N\u00c3O \u00c9 ADEQUADO PARA CONSUMO HUMANO.<br \/>\n&#8211; N\u00c3O INGERIR.<br \/>\nEM CASO DE CONTACTO COM OS OLHOS, LAVA ABUNDANTEMENTE COM \u00c1GUA LIMPA E PROCURA ASSIST\u00caNCIA M\u00c9DICA.<br \/>\n&#8211; MANT\u00c9M O PRODUTO FORA DO ALCANCE DAS CRIAN\u00c7AS E DOS ANIMAIS DOM\u00c9STICOS.<br \/>\n&#8211; AGITA O FRASCO ANTES DE O UTILIZARES.<br \/>\n&#8211; FECHA BEM O FRASCO AP\u00d3S CADA UTILIZA\u00c7\u00c3O.<br \/>\n&#8211; GUARDA O FRASCO NUM LOCAL FRESCO E SECO, EVITANDO A EXPOSI\u00c7\u00c3O DIRECTA AO SOL.<br \/>\n&#8211; PARA USO EXCLUSIVO EM AQU\u00c1RIOS COM PEIXES ORNAMENTAIS.<\/p>\n<h2><span style=\"color: #228bca;\"><strong>Principais componentes do pr\u00e9mio &#8220;Planta&#8221;: <\/strong><\/span><\/h2>\n<p>BIO XD<\/p>\n","protected":false},"excerpt":{"rendered":"<p>Carbon Plus Carbon Plus \u00e9 um fertilizante de qualidade superior, ideal para todos os tipos de plantas aqu\u00e1ticas. Fonte de carbono 100% eficaz e segura para as tuas plantas aqu\u00e1ticas. Especialmente concebido para aqu\u00e1rios com plantas vivas. AZOO Plus Carbon Plus fornece diretamente carbono biodispon\u00edvel para as plantas. Oferece a maior concentra\u00e7\u00e3o do mercado. Serve [&hellip;]<\/p>\n","protected":false},"featured_media":3193,"comment_status":"open","ping_status":"closed","template":"","meta":{"rank_math_lock_modified_date":false},"product_cat":[812,469,471],"product_tag":[939,938,940,849,575,781,536,826,848,827,815,846,832],"class_list":{"0":"post-5388","1":"product","2":"type-product","3":"status-publish","4":"has-post-thumbnail","6":"product_cat-aquarios-com-plantas","7":"product_cat-azoo-europa-pt-pt","8":"product_cat-azoo-plus-pt-pt","9":"product_tag-ap17835-pt-pt","10":"product_tag-ap17839-pt-pt","11":"product_tag-ap17840-pt-pt","12":"product_tag-aquario-plantado","13":"product_tag-azoo-plus-pt-pt","14":"product_tag-biotopos-pt-pt","15":"product_tag-condicionador","16":"product_tag-fertilizante","17":"product_tag-formula-quelatada","18":"product_tag-fotossintese","19":"product_tag-plantas-acuaticas","20":"product_tag-plantas-aquaticas","21":"product_tag-quelato-dtpa-fehna","23":"first","24":"instock","25":"shipping-taxable","26":"product-type-simple"},"_links":{"self":[{"href":"https:\/\/azooeurope.com\/pt-pt\/wp-json\/wp\/v2\/product\/5388","targetHints":{"allow":["GET"]}}],"collection":[{"href":"https:\/\/azooeurope.com\/pt-pt\/wp-json\/wp\/v2\/product"}],"about":[{"href":"https:\/\/azooeurope.com\/pt-pt\/wp-json\/wp\/v2\/types\/product"}],"replies":[{"embeddable":true,"href":"https:\/\/azooeurope.com\/pt-pt\/wp-json\/wp\/v2\/comments?post=5388"}],"wp:featuredmedia":[{"embeddable":true,"href":"https:\/\/azooeurope.com\/pt-pt\/wp-json\/wp\/v2\/media\/3193"}],"wp:attachment":[{"href":"https:\/\/azooeurope.com\/pt-pt\/wp-json\/wp\/v2\/media?parent=5388"}],"wp:term":[{"taxonomy":"product_cat","embeddable":true,"href":"https:\/\/azooeurope.com\/pt-pt\/wp-json\/wp\/v2\/product_cat?post=5388"},{"taxonomy":"product_tag","embeddable":true,"href":"https:\/\/azooeurope.com\/pt-pt\/wp-json\/wp\/v2\/product_tag?post=5388"}],"curies":[{"name":"wp","href":"https:\/\/api.w.org\/{rel}","templated":true}]}}