{"id":5378,"date":"2024-02-26T21:10:56","date_gmt":"2024-02-26T20:10:56","guid":{"rendered":"https:\/\/infallible-hoover.188-95-114-6.plesk.page\/producto\/premio-para-plantas\/"},"modified":"2024-10-04T08:57:40","modified_gmt":"2024-10-04T06:57:40","slug":"premio-para-plantas","status":"publish","type":"product","link":"https:\/\/azooeurope.com\/pt-pt\/producto\/premio-para-plantas\/","title":{"rendered":"Plant Premium"},"content":{"rendered":"<h1><strong><span style=\"color: #0e509a;\">Plant Premium <\/span><\/strong><\/h1>\n<h2><span style=\"color: #0e509a;\">Nature Gro Plant Premium \u00e9 um fertilizante premium ideal para todos os tipos de plantas aqu\u00e1ticas.<\/span><\/h2>\n<ul>\n<li style=\"list-style-type: none;\">\n<ul>\n<li style=\"list-style-type: none;\">\n<ul>\n<li>\n<h3><span style=\"color: #228bca;\">Especialmente formulado para o cuidado profissional de plantas aqu\u00e1ticas num aqu\u00e1rio.<\/span><\/h3>\n<\/li>\n<li>\n<h3><span style=\"color: #228bca;\">Aumenta significativamente a efici\u00eancia da fotoss\u00edntese e a taxa de absor\u00e7\u00e3o de nutrientes.<\/span><\/h3>\n<\/li>\n<li>\n<h3><span style=\"color: #228bca;\">F\u00f3rmula especialmente concebida para evitar o crescimento de algas.<\/span><\/h3>\n<\/li>\n<\/ul>\n<\/li>\n<\/ul>\n<\/li>\n<\/ul>\n<h3 class=\"p1\"><img fetchpriority=\"high\" decoding=\"async\" class=\"alignnone size-medium wp-image-363\" src=\"https:\/\/azooeurope.com\/wp-content\/uploads\/\/restricciones_03-400x214.png\" alt=\"\" width=\"400\" height=\"214\" srcset=\"https:\/\/azooeurope.com\/wp-content\/uploads\/restricciones_03-400x214.png 400w, https:\/\/azooeurope.com\/wp-content\/uploads\/restricciones_03.png 450w\" sizes=\"(max-width: 400px) 100vw, 400px\" \/><\/h3>\n<p>AZOO Plus Plant Premium cont\u00e9m uma combina\u00e7\u00e3o completa, na propor\u00e7\u00e3o e quantidade certas, de macronutrientes e oligoelementos, bem como uma forma quelatada de ferro ferroso e nutrientes org\u00e2nicos, cobrindo todas as necessidades das plantas vermelhas e verdes, conseguindo um desenvolvimento vigoroso da forma mais natural.<br \/>\nA combina\u00e7\u00e3o de macronutrientes e micronutrientes, juntamente com uma f\u00f3rmula quelatada melhorada de ferro ferroso e outros nutrientes org\u00e2nicos, que permitem uma efici\u00eancia muito elevada nos processos fotossint\u00e9ticos das plantas aqu\u00e1ticas.<br \/>\nNature Gro Plant Premium.<br \/>\nDe uma forma simples e natural, Nature Gro Plant Premium cont\u00e9m num \u00fanico aditivo todos os requisitos nutricionais essenciais para o desenvolvimento vigoroso e saud\u00e1vel de todos os aqu\u00e1rios plantados, fornecendo-os na propor\u00e7\u00e3o equilibrada de que as plantas necessitam.<br \/>\nTodos os nutrientes que comp\u00f5em a sua f\u00f3rmula avan\u00e7ada encontram-se num estado equilibrado que permite a assimila\u00e7\u00e3o direta e imediata pelas plantas, aumentando significativamente a efici\u00eancia energ\u00e9tica no seu metabolismo.<br \/>\nAo conter todas as necessidades das plantas aqu\u00e1ticas num \u00fanico produto, Plant Premium simplificou como nunca antes a manuten\u00e7\u00e3o bem sucedida das plantas aqu\u00e1ticas mais exigentes.<\/p>\n<h3><span style=\"color: #0e509a;\">Altamente concentrado.<\/span><\/h3>\n<p><strong>A sua f\u00f3rmula est\u00e1 optimizada para atingir uma alta concentra\u00e7\u00e3o e um excelente desempenho:<\/strong> 1 ml de produto trata 10 litros de \u00e1gua no teu aqu\u00e1rio.<br \/>\nEste produto \u00e9 o resultado de um trabalho minucioso do departamento de investiga\u00e7\u00e3o e desenvolvimento da AZOO em Taiwan, que conseguiu simplificar ao m\u00e1ximo o processo altamente complexo de fertiliza\u00e7\u00e3o das plantas aqu\u00e1ticas.<\/p>\n<h3><span style=\"color: #0e509a;\">Composi\u00e7\u00e3o:<\/span><\/h3>\n<p>Quelato de ferro DTPA (DTPA-FeHNa), quelato de zinco (EDTA-Zn), quelato de cobre (EDTA-Cu), \u00e1cido b\u00f3rico B(OH)3, quelato de magn\u00e9sio (EDTA-Mn), fosfato dipot\u00e1ssico (KH2P04), nitrato de pot\u00e1ssio (KN03) e \u00e1gua destilada.<br \/>\n<strong><span style=\"color: #0e509a;\">Apresenta\u00e7\u00f5es:<\/span><\/strong> NG11801 \/ PLANT PREMIUM 120 ml NG11802 \/ PLANT PREMIUM 250 ml NG11803 \/ PLANT PREMIUM 500 ml NG11807 \/ PLANT PREMIUM 1.000 ml<\/p>\n<h3><span style=\"color: #228bca;\">Altamente concentrado.<\/span><\/h3>\n<p>a sua f\u00f3rmula \u00e9 optimizada para obter uma concentra\u00e7\u00e3o elevada e um excelente desempenho: <strong>1 ml de produto trata 3 litros de \u00e1gua no teu aqu\u00e1rio.<\/strong><\/p>\n<h3>Plant Premium pertence \u00e0 linha de amaciadores <a href=\"https:\/\/azpez.virtualcodeveloper.com\/azpez\/azoo-europe\/\" target=\"_blank\" rel=\"noopener\">AZOO Plus<\/a> da marca <a href=\"https:\/\/www.azoo-aqua.com\/\" target=\"_blank\" rel=\"noopener\">AZOO<\/a>.<\/h3>\n<h3><span style=\"color: #228bca;\">Carater\u00edsticas especiais:<\/span><\/h3>\n<p>Especialmente formulado para o tratamento profissional de plantas aqu\u00e1ticas num aqu\u00e1rio.<br \/>\nPlant Premium cont\u00e9m uma combina\u00e7\u00e3o completa, na propor\u00e7\u00e3o e quantidade certas, de macronutrientes e oligoelementos, bem como uma forma quelatada de ferro ferroso e nutrientes org\u00e2nicos, que cobrem todas as necessidades das plantas vermelhas e verdes, conseguindo um desenvolvimento vigoroso da forma mais natural.<br \/>\nAumenta significativamente a efici\u00eancia da fotoss\u00edntese e a taxa de absor\u00e7\u00e3o de nutrientes.<br \/>\nF\u00f3rmula especialmente concebida para evitar o crescimento de algas.<br \/>\nSegue-nos nas nossas redes sociais para ficares a par das \u00faltimas novidades e de toda a informa\u00e7\u00e3o interessante sobre a nossa marca e a aquariofilia no <a href=\"https:\/\/www.facebook.com\/profile.php?id=61555599587010&amp;locale=es_ES\" target=\"_blank\" rel=\"noopener\">Facebook<\/a>, <a href=\"https:\/\/www.youtube.com\/@AZOOEurope\/videos\" target=\"_blank\" rel=\"noopener\">YouTube<\/a> e <a href=\"https:\/\/www.instagram.com\/azooeurope\/\" target=\"_blank\" rel=\"noopener\">Instagram<\/a>.<br \/>\nPodes complementar este produto com outros alimentos espec\u00edficos e equilibrados da marca Ultra Fresh.<\/p>\n<p><iframe title=\"azoo plus presentation\" width=\"800\" height=\"450\" src=\"https:\/\/www.youtube.com\/embed\/gS5bf4C6Nqc?feature=oembed\" frameborder=\"0\" allow=\"accelerometer; autoplay; clipboard-write; encrypted-media; gyroscope; picture-in-picture; web-share\" referrerpolicy=\"strict-origin-when-cross-origin\" allowfullscreen><\/iframe><\/p>\n<h3><\/h3>\n<h3><span style=\"color: #228bca;\">INSTRU\u00c7\u00d5ES:<\/span><\/h3>\n<p>Para um aqu\u00e1rio recentemente plantado, adiciona 1 dose de 3 ml de Plant Premium por 100 litros de \u00e1gua do aqu\u00e1rio.<br \/>\nRepete a mesma dose ap\u00f3s 7 dias.<br \/>\nUso regular: Adiciona 10ml por 100 litros de \u00e1gua do aqu\u00e1rio a cada 4-7 dias.<br \/>\nA dosagem pode variar de acordo com a densidade e as necessidades espec\u00edficas das plantas aqu\u00e1ticas.<br \/>\nRecomendamos que fa\u00e7as uma mudan\u00e7a de \u00e1gua de 50% todas as semanas e depois adiciones a tua dose de fertilizante.<br \/>\nEste passo \u00e9 muito importante, pois cada vez que fizeres esta opera\u00e7\u00e3o, restabelecer\u00e1s a propor\u00e7\u00e3o correta de nutrientes.<br \/>\nAgita o recipiente antes de o utilizares. <span style=\"color: #228bca;\"><strong>OBSERVA\u00c7\u00d5ES:<\/strong><\/span> &#8211; Para garantir uma boa dispers\u00e3o, adiciona os aditivos numa zona do aqu\u00e1rio com um fluxo suficiente.<br \/>\n&#8211; Para as mudan\u00e7as de \u00e1gua, podes adicionar aditivos \u00e0 \u00e1gua antes de a despejares no aqu\u00e1rio.<br \/>\nEvita misturar diferentes aditivos antes de os adicionar.<br \/>\n&#8211; Alguns produtos de aqu\u00e1rio podem reagir quimicamente com outros; evita combinar v\u00e1rios produtos simultaneamente para evitar precipita\u00e7\u00f5es ou reac\u00e7\u00f5es indesejadas.<br \/>\n&#8211; A tampa do frasco ajuda-te a medir a dose com precis\u00e3o: &#8211; A cavidade interior tem capacidade para 5 ml.<br \/>\n&#8211; O volume entre a cavidade interior e a exterior cont\u00e9m 10 ml.<br \/>\n&#8211; As duas cavidades cheias cont\u00eam um total de 15 ml.<br \/>\n&#8211; Uma tampa completamente cheia cont\u00e9m 20 ml.<\/p>\n<figure id=\"attachment_3127\" aria-describedby=\"caption-attachment-3127\" style=\"width: 400px\" class=\"wp-caption alignnone\"><img decoding=\"async\" class=\"size-medium wp-image-732\" src=\"https:\/\/azooeurope.com\/wp-content\/uploads\/\/azoo_plus_plant_premium_04-400x400.jpg\" alt=\"AZOO Plus Plant Premium\" width=\"400\" height=\"400\" srcset=\"https:\/\/azooeurope.com\/wp-content\/uploads\/azoo_plus_plant_premium_04-400x400.jpg 400w, https:\/\/azooeurope.com\/wp-content\/uploads\/azoo_plus_plant_premium_04-768x768.jpg 768w, https:\/\/azooeurope.com\/wp-content\/uploads\/azoo_plus_plant_premium_04-300x300.jpg 300w, https:\/\/azooeurope.com\/wp-content\/uploads\/azoo_plus_plant_premium_04-600x600.jpg 600w, https:\/\/azooeurope.com\/wp-content\/uploads\/azoo_plus_plant_premium_04-100x100.jpg 100w, https:\/\/azooeurope.com\/wp-content\/uploads\/azoo_plus_plant_premium_04.jpg 1250w\" sizes=\"(max-width: 400px) 100vw, 400px\" \/><figcaption id=\"caption-attachment-3127\" class=\"wp-caption-text\">AZOO Plus Plant Premium<\/figcaption><\/figure>\n<p><span style=\"color: #228bca;\"><strong>ATEN\u00c7\u00c3O:<\/strong><\/span> &#8211; N\u00c3O \u00c9S ADEQUADO PARA CONSUMO HUMANO.<br \/>\n&#8211; N\u00c3O INGERIR.<br \/>\nEM CASO DE CONTACTO COM OS OLHOS, LAVA ABUNDANTEMENTE COM \u00c1GUA LIMPA E PROCURA ASSIST\u00caNCIA M\u00c9DICA.<br \/>\n&#8211; MANT\u00c9M O PRODUTO FORA DO ALCANCE DAS CRIAN\u00c7AS E DOS ANIMAIS DOM\u00c9STICOS.<br \/>\n&#8211; AGITA O FRASCO ANTES DE O UTILIZARES.<br \/>\n&#8211; FECHA BEM O FRASCO AP\u00d3S CADA UTILIZA\u00c7\u00c3O.<br \/>\n&#8211; GUARDA O FRASCO NUM LOCAL FRESCO E SECO, EVITANDO A EXPOSI\u00c7\u00c3O DIRECTA AO SOL.<br \/>\n&#8211; PARA USO EXCLUSIVO EM AQU\u00c1RIOS COM PEIXES ORNAMENTAIS.<\/p>\n<h2><span style=\"color: #228bca;\"><strong>Principais componentes do Plant Premium: <\/strong><\/span><\/h2>\n<p>BIO XD<\/p>\n","protected":false},"excerpt":{"rendered":"<p>Plant Premium Nature Gro Plant Premium \u00e9 um fertilizante premium ideal para todos os tipos de plantas aqu\u00e1ticas. Especialmente formulado para o cuidado profissional de plantas aqu\u00e1ticas num aqu\u00e1rio. Aumenta significativamente a efici\u00eancia da fotoss\u00edntese e a taxa de absor\u00e7\u00e3o de nutrientes. F\u00f3rmula especialmente concebida para evitar o crescimento de algas. AZOO Plus Plant Premium [&hellip;]<\/p>\n","protected":false},"featured_media":3118,"comment_status":"open","ping_status":"closed","template":"","meta":{"rank_math_lock_modified_date":false},"product_cat":[812,469,471],"product_tag":[837,779,849,575,573,781,536,829,826,848,841,827,820,823,824,825,843,828,815,846,818,832,836,839,834,561],"class_list":{"0":"post-5378","1":"product","2":"type-product","3":"status-publish","4":"has-post-thumbnail","6":"product_cat-aquarios-com-plantas","7":"product_cat-azoo-europa-pt-pt","8":"product_cat-azoo-plus-pt-pt","9":"product_tag-acido-borico-boh3","10":"product_tag-agua-negra-pt-pt-2","11":"product_tag-aquario-plantado","12":"product_tag-azoo-plus-pt-pt","13":"product_tag-azoto","14":"product_tag-biotopos-pt-pt","15":"product_tag-condicionador","16":"product_tag-ferro-dtpa","17":"product_tag-fertilizante","18":"product_tag-formula-quelatada","19":"product_tag-fosfato-dipotassico","20":"product_tag-fotossintese","21":"product_tag-ng11801-pt-pt","22":"product_tag-ng11802-pt-pt","23":"product_tag-ng11803-pt-pt","24":"product_tag-ng11807-pt-pt","25":"product_tag-nitrato-de-potassio","26":"product_tag-nutriente","27":"product_tag-plantas-acuaticas","28":"product_tag-plantas-aquaticas","29":"product_tag-premio-de-fabrica","30":"product_tag-quelato-dtpa-fehna","31":"product_tag-quelato-de-cobre-edta-cu","32":"product_tag-quelato-de-magnesio","33":"product_tag-quelato-de-zinco-edta-zn","34":"product_tag-toxinas-pt-pt-2","36":"first","37":"instock","38":"shipping-taxable","39":"product-type-simple"},"_links":{"self":[{"href":"https:\/\/azooeurope.com\/pt-pt\/wp-json\/wp\/v2\/product\/5378","targetHints":{"allow":["GET"]}}],"collection":[{"href":"https:\/\/azooeurope.com\/pt-pt\/wp-json\/wp\/v2\/product"}],"about":[{"href":"https:\/\/azooeurope.com\/pt-pt\/wp-json\/wp\/v2\/types\/product"}],"replies":[{"embeddable":true,"href":"https:\/\/azooeurope.com\/pt-pt\/wp-json\/wp\/v2\/comments?post=5378"}],"wp:featuredmedia":[{"embeddable":true,"href":"https:\/\/azooeurope.com\/pt-pt\/wp-json\/wp\/v2\/media\/3118"}],"wp:attachment":[{"href":"https:\/\/azooeurope.com\/pt-pt\/wp-json\/wp\/v2\/media?parent=5378"}],"wp:term":[{"taxonomy":"product_cat","embeddable":true,"href":"https:\/\/azooeurope.com\/pt-pt\/wp-json\/wp\/v2\/product_cat?post=5378"},{"taxonomy":"product_tag","embeddable":true,"href":"https:\/\/azooeurope.com\/pt-pt\/wp-json\/wp\/v2\/product_tag?post=5378"}],"curies":[{"name":"wp","href":"https:\/\/api.w.org\/{rel}","templated":true}]}}