{"id":5375,"date":"2024-02-26T15:46:38","date_gmt":"2024-02-26T14:46:38","guid":{"rendered":"https:\/\/infallible-hoover.188-95-114-6.plesk.page\/producto\/agua-negra-tripla\/"},"modified":"2024-10-04T09:36:24","modified_gmt":"2024-10-04T07:36:24","slug":"agua-negra-tripla","status":"publish","type":"product","link":"https:\/\/azooeurope.com\/pt-pt\/producto\/agua-negra-tripla\/","title":{"rendered":"TRIPLE BLACK WATER"},"content":{"rendered":"<h1><strong><span style=\"color: #0e509a;\">TRIPLE BLACK WATER <\/span><\/strong><\/h1>\n<h2><span style=\"color: #0e509a;\">TRIPLE BLACK WATER \u00e9 um Premium para aqu\u00e1rios amaz\u00f3nicos.<\/span><\/h2>\n<ul>\n<li style=\"list-style-type: none;\">\n<ul>\n<li>\n<h3><span style=\"color: #228bca;\">F\u00f3rmula 100% natural, recria um ambiente aut\u00eantico de \u00e1gua negra, acidificando e suavizando ligeiramente a \u00e1gua.<\/span><\/h3>\n<\/li>\n<li>\n<h3><span style=\"color: #228bca;\">Promove a reprodu\u00e7\u00e3o de cicl\u00eddeos an\u00f5es e peixes-disco, protege os ovos fertilizados de infec\u00e7\u00f5es f\u00fangicas e aumenta significativamente a taxa de sobreviv\u00eancia das larvas.<\/span><\/h3>\n<\/li>\n<li>\n<h3><span style=\"color: #228bca;\">Reduz o stress e melhora a vibra\u00e7\u00e3o das cores.<\/span><\/h3>\n<\/li>\n<li>\n<h3><span style=\"color: #228bca;\">Inibe o crescimento de agentes patog\u00e9nicos e refor\u00e7a o sistema imunit\u00e1rio dos peixes.<\/span><\/h3>\n<\/li>\n<li>\n<h3><span style=\"color: #228bca;\">Promove o desenvolvimento de plantas aqu\u00e1ticas e inibe o crescimento de algas.<\/span><\/h3>\n<\/li>\n<\/ul>\n<\/li>\n<\/ul>\n<h3 class=\"p1\"><img fetchpriority=\"high\" decoding=\"async\" class=\"alignnone size-medium wp-image-363\" src=\"https:\/\/azooeurope.com\/wp-content\/uploads\/\/restricciones_03-400x214.png\" alt=\"\" width=\"400\" height=\"214\" srcset=\"https:\/\/azooeurope.com\/wp-content\/uploads\/restricciones_03-400x214.png 400w, https:\/\/azooeurope.com\/wp-content\/uploads\/restricciones_03.png 450w\" sizes=\"(max-width: 400px) 100vw, 400px\" \/><\/h3>\n<p>Triple Black Water transforma instantaneamente a \u00e1gua da torneira na &#8220;\u00e1gua negra&#8221; ideal para os peixes da Amaz\u00f3nia.<br \/>\n\u00c9 aconselh\u00e1vel selecionar \u00e1gua macia para este processo.<br \/>\nBi\u00f3topos de \u00e1gua negra: O espantoso rio Amazonas engloba a maior extens\u00e3o, biomassa e biodiversidade do planeta.<br \/>\nDe facto, o seu colossal sistema fluvial apresenta diversos ambientes aqu\u00e1ticos sazonais que permitem a cria\u00e7\u00e3o dos mais singulares e complexos bi\u00f3topos, alguns dos quais ainda desconhecidos do homem.<br \/>\nNaturalmente, a aquariofilia mundial tem beneficiado de in\u00fameras esp\u00e9cies oriundas deste ecossistema privilegiado, tentando emular as diferentes condi\u00e7\u00f5es deste ambiente natural nos seus aqu\u00e1rios.<br \/>\nUm dos bi\u00f3topos mais famosos e radicais que tem atra\u00eddo muita aten\u00e7\u00e3o entre os aquariofilistas \u00e9 o das &#8220;\u00e1guas negras&#8221;, onde durante uma boa parte do ano, a \u00e1gua transporta restos org\u00e2nicos vegetais nos seus canais de fluxo lento de \u00e1gua macia com temperaturas muitas vezes superiores a 30\u00b0C.<br \/>\nEstes restos vegetais decomp\u00f5em-se e dissolvem-se rapidamente na \u00e1gua, fornecendo uma s\u00e9rie de nutrientes e subst\u00e2ncias org\u00e2nicas, que se acumulam e afectam drasticamente as condi\u00e7\u00f5es da \u00e1gua. <strong>O resultado \u00e9 tipicamente \u00e1gua tingida em diferentes tons, desde o &#8220;ch\u00e1&#8221; at\u00e9 ao mais escuro &#8220;caf\u00e9&#8221;.<\/strong> Mas n\u00e3o \u00e9 tudo; a converg\u00eancia de todos estes factores provoca tamb\u00e9m condi\u00e7\u00f5es f\u00edsico-qu\u00edmicas severas: pH \u00e1cido, temperatura elevada e baixos n\u00edveis de condutividade, dureza e oxig\u00e9nio dissolvido, obrigando os seus habitantes a uma adapta\u00e7\u00e3o radical. Para recriar este ambiente complexo num aqu\u00e1rio, devemos utilizar \u00e1gua muito macia e ligeiramente \u00e1cida, regulando o nosso term\u00f3stato para temperaturas entre os 28 e os 32\u00b0C. Para completar o ambiente qu\u00edmico, \u00e9 necess\u00e1rio aplicar um aditivo espec\u00edfico, como a &#8220;Triple Black Water&#8221; da AZOO Plus, uma vez que a produ\u00e7\u00e3o dom\u00e9stica deste tipo de \u00e1gua seria muito trabalhosa e praticamente invi\u00e1vel. Triple Black Water transforma instantaneamente a \u00e1gua da torneira numa &#8220;blackwater&#8221; ideal para os peixes da Amaz\u00f3nia. \u00c9 aconselh\u00e1vel escolheres \u00e1gua macia para este processo.<\/p>\n<h3><span style=\"color: #0e509a;\">Composi\u00e7\u00e3o:<\/span><\/h3>\n<p>\u00c1cido c\u00edtrico, \u00e1cido h\u00famico, extrato de folha de am\u00eandoa tropical (Terminalia Catappa), \u00e1gua destilada<br \/>\n<strong><span style=\"color: #0e509a;\">Apresenta\u00e7\u00f5es:<\/span><\/strong> AP48002 \/ \u00c1GUA NEGRA TRIPLO 250 ml AP48003 \/ \u00c1GUA NEGRA TRIPLO 500 ml AP48007 \/ \u00c1GUA NEGRA TRIPLO 1.000 ml AP48010 \/ \u00c1GUA NEGRA TRIPLO 4.000 ml<\/p>\n<h3><span style=\"color: #228bca;\">Altamente concentrado.<\/span><\/h3>\n<p>a sua f\u00f3rmula \u00e9 optimizada para obter uma concentra\u00e7\u00e3o elevada e um excelente desempenho: <strong>1 ml de produto trata 3 litros de \u00e1gua no teu aqu\u00e1rio.<\/strong><\/p>\n<h3>Triple Black Water pertence \u00e0 linha de amaciadores <a href=\"https:\/\/azpez.virtualcodeveloper.com\/azpez\/azoo-europe\/\" target=\"_blank\" rel=\"noopener\">AZOO Plus<\/a> da marca <a href=\"https:\/\/www.azoo-aqua.com\/\" target=\"_blank\" rel=\"noopener\">AZOO<\/a>.<\/h3>\n<h3><span style=\"color: #228bca;\">Carater\u00edsticas especiais:<\/span><\/h3>\n<ol>\n<li>Decomp\u00f5e subst\u00e2ncias t\u00f3xicas como o nitrito, o amon\u00edaco e o sulfureto de hidrog\u00e9nio na \u00e1gua imediatamente ap\u00f3s a adi\u00e7\u00e3o.<\/li>\n<li>Funciona bloqueando eficazmente a fonte de nutrientes das bact\u00e9rias nocivas e tornando-se rapidamente a bact\u00e9ria dominante no aqu\u00e1rio para melhorar a qualidade da \u00e1gua.<\/li>\n<li>As bact\u00e9rias BIO XD podem bloquear rapidamente a fonte de nutrientes das algas inc\u00f3modas, inibindo eficazmente o crescimento de algas castanhas, algas negras, algas azuis-verdes e algas vermelhas.<\/li>\n<li>Tamb\u00e9m convertem rapidamente contaminantes e subst\u00e2ncias nocivas em compostos nutritivos que s\u00e3o mais f\u00e1ceis de absorver pelas plantas aqu\u00e1ticas, ajudando-as a crescer e a prosperar.<\/li>\n<\/ol>\n<p>Segue-nos nas nossas redes sociais para ficares a par das \u00faltimas novidades e de toda a informa\u00e7\u00e3o interessante sobre a nossa marca e a aquariofilia no <a href=\"https:\/\/www.facebook.com\/profile.php?id=61555599587010&amp;locale=es_ES\" target=\"_blank\" rel=\"noopener\">Facebook<\/a>, <a href=\"https:\/\/www.youtube.com\/@AZOOEurope\/videos\" target=\"_blank\" rel=\"noopener\">YouTube<\/a> e <a href=\"https:\/\/www.instagram.com\/azooeurope\/\" target=\"_blank\" rel=\"noopener\">Instagram<\/a>.<br \/>\nPodes complementar este produto com outros alimentos espec\u00edficos e equilibrados da marca Ultra Fresh.<\/p>\n<p><iframe title=\"azoo plus presentation\" width=\"800\" height=\"450\" src=\"https:\/\/www.youtube.com\/embed\/gS5bf4C6Nqc?feature=oembed\" frameborder=\"0\" allow=\"accelerometer; autoplay; clipboard-write; encrypted-media; gyroscope; picture-in-picture; web-share\" referrerpolicy=\"strict-origin-when-cross-origin\" allowfullscreen><\/iframe><\/p>\n<h3><\/h3>\n<h3><span style=\"color: #228bca;\">INSTRU\u00c7\u00d5ES:<\/span><\/h3>\n<p>Agita bem antes de utilizares.<br \/>\nMant\u00e9m a luz acesa e o filtro a funcionar.<br \/>\nPrimeira utiliza\u00e7\u00e3o: Limpa as algas do teu aqu\u00e1rio de \u00e1gua doce ou salgada e substitui 30% a 50% da \u00e1gua.<br \/>\nAdiciona 1 ml de BIO XD por cada 3 litros de \u00e1gua.<br \/>\nAdiciona uma vez por dia durante tr\u00eas dias para facilitar a inocula\u00e7\u00e3o bacteriana na fase inicial.<br \/>\nManuten\u00e7\u00e3o regular: Adiciona uma vez por semana ou ap\u00f3s uma mudan\u00e7a de \u00e1gua.<br \/>\nUtiliza 1 ml de solu\u00e7\u00e3o bacteriana por cada 3 litros de \u00e1gua. <span style=\"color: #228bca;\"><strong>OBSERVA\u00c7\u00d5ES:<\/strong><\/span> &#8211; Para garantir uma boa dispers\u00e3o, adiciona os aditivos numa zona do aqu\u00e1rio com fluxo suficiente.<br \/>\n&#8211; Para as mudan\u00e7as de \u00e1gua, podes adicionar aditivos \u00e0 \u00e1gua antes de a despejares no aqu\u00e1rio.<br \/>\nEvita misturar diferentes aditivos antes de os adicionar.<br \/>\n&#8211; Alguns produtos de aqu\u00e1rio podem reagir quimicamente com outros; evita combinar v\u00e1rios produtos simultaneamente para evitar precipita\u00e7\u00f5es ou reac\u00e7\u00f5es indesejadas.<br \/>\n&#8211; A tampa do frasco ajuda-te a medir a dose com precis\u00e3o: &#8211; A cavidade interior tem capacidade para 5 ml.<br \/>\n&#8211; O volume entre a cavidade interior e a exterior cont\u00e9m 10 ml.<br \/>\n&#8211; As duas cavidades cheias cont\u00eam um total de 15 ml.<br \/>\n&#8211; Uma tampa completamente cheia cont\u00e9m 20 ml.<\/p>\n<figure id=\"attachment_3085\" aria-describedby=\"caption-attachment-3085\" style=\"width: 400px\" class=\"wp-caption alignnone\"><img decoding=\"async\" class=\"size-medium wp-image-715\" src=\"https:\/\/azooeurope.com\/wp-content\/uploads\/\/azoo_plus_triple_black_water_04-400x400.jpg\" alt=\"AZOO Plus TRIPLE BLACK WATER\" width=\"400\" height=\"400\" srcset=\"https:\/\/azooeurope.com\/wp-content\/uploads\/azoo_plus_triple_black_water_04-400x400.jpg 400w, https:\/\/azooeurope.com\/wp-content\/uploads\/azoo_plus_triple_black_water_04-768x768.jpg 768w, https:\/\/azooeurope.com\/wp-content\/uploads\/azoo_plus_triple_black_water_04-300x300.jpg 300w, https:\/\/azooeurope.com\/wp-content\/uploads\/azoo_plus_triple_black_water_04-600x600.jpg 600w, https:\/\/azooeurope.com\/wp-content\/uploads\/azoo_plus_triple_black_water_04-100x100.jpg 100w, https:\/\/azooeurope.com\/wp-content\/uploads\/azoo_plus_triple_black_water_04.jpg 1250w\" sizes=\"(max-width: 400px) 100vw, 400px\" \/><figcaption id=\"caption-attachment-3085\" class=\"wp-caption-text\">AZOO Plus TRIPLE BLACK WATER<\/figcaption><\/figure>\n<p><span style=\"color: #228bca;\"><strong>ATEN\u00c7\u00c3O:<\/strong><\/span> &#8211; N\u00c3O \u00c9 ADEQUADA PARA CONSUMO HUMANO.<br \/>\n&#8211; N\u00c3O INGERIR.<br \/>\nEM CASO DE CONTACTO COM OS OLHOS, LAVA ABUNDANTEMENTE COM \u00c1GUA LIMPA E PROCURA ASSIST\u00caNCIA M\u00c9DICA.<br \/>\n&#8211; MANT\u00c9M O PRODUTO FORA DO ALCANCE DAS CRIAN\u00c7AS E DOS ANIMAIS DOM\u00c9STICOS.<br \/>\n&#8211; AGITA O FRASCO ANTES DE O UTILIZARES.<br \/>\n&#8211; FECHA BEM O FRASCO AP\u00d3S CADA UTILIZA\u00c7\u00c3O.<br \/>\n&#8211; GUARDA O FRASCO NUM LOCAL FRESCO E SECO, EVITANDO A EXPOSI\u00c7\u00c3O DIRECTA AO SOL.<br \/>\n&#8211; PARA USO EXCLUSIVO EM AQU\u00c1RIOS COM PEIXES ORNAMENTAIS.<\/p>\n<h2><span style=\"color: #228bca;\"><strong>Principais componentes do Ultra Bioguard: <\/strong><\/span><\/h2>\n<p>BIO XD \u00e9 composto por v\u00e1rias estirpes de bact\u00e9rias naturais e altamente activas, tais como bact\u00e9rias nitrificantes, Paracoccus denitrificans e Desulfurobacterium, numa concentra\u00e7\u00e3o superior a 109 CFU\/g.<\/p>\n","protected":false},"excerpt":{"rendered":"<p>TRIPLE BLACK WATER TRIPLE BLACK WATER \u00e9 um Premium para aqu\u00e1rios amaz\u00f3nicos. F\u00f3rmula 100% natural, recria um ambiente aut\u00eantico de \u00e1gua negra, acidificando e suavizando ligeiramente a \u00e1gua. Promove a reprodu\u00e7\u00e3o de cicl\u00eddeos an\u00f5es e peixes-disco, protege os ovos fertilizados de infec\u00e7\u00f5es f\u00fangicas e aumenta significativamente a taxa de sobreviv\u00eancia das larvas. Reduz o stress [&hellip;]<\/p>\n","protected":false},"featured_media":3079,"comment_status":"open","ping_status":"closed","template":"","meta":{"rank_math_lock_modified_date":false},"product_cat":[469,471,474],"product_tag":[776,775,523,779,777,778,563,782,784,785,783,479,575,573,781,536,774,780,528,773,531,561],"class_list":{"0":"post-5375","1":"product","2":"type-product","3":"status-publish","4":"has-post-thumbnail","6":"product_cat-azoo-europa-pt-pt","7":"product_cat-azoo-plus-pt-pt","8":"product_cat-condicionadores","9":"product_tag-acido-citrico-pt-pt","10":"product_tag-acido-humico-pt-pt","11":"product_tag-acondicionador-pt-pt","12":"product_tag-agua-negra-pt-pt-2","13":"product_tag-agua-negra-pt-pt","14":"product_tag-agua-negra-tripla","15":"product_tag-amoniaco-pt-pt","16":"product_tag-ap48002-pt-pt","17":"product_tag-ap48007-pt-pt","18":"product_tag-ap48010-pt-pt","19":"product_tag-ap4803-pt-pt","20":"product_tag-azoo-pt-pt","21":"product_tag-azoo-plus-pt-pt","22":"product_tag-azoto","23":"product_tag-biotopos-pt-pt","24":"product_tag-condicionador","25":"product_tag-extrato-de-folha-de-amendoa-tropical","26":"product_tag-peixes-da-amazonia","27":"product_tag-ph-pt-pt","28":"product_tag-terminalia-catappa-pt-pt","29":"product_tag-toxinas-pt-pt","30":"product_tag-toxinas-pt-pt-2","32":"first","33":"instock","34":"shipping-taxable","35":"product-type-simple"},"_links":{"self":[{"href":"https:\/\/azooeurope.com\/pt-pt\/wp-json\/wp\/v2\/product\/5375","targetHints":{"allow":["GET"]}}],"collection":[{"href":"https:\/\/azooeurope.com\/pt-pt\/wp-json\/wp\/v2\/product"}],"about":[{"href":"https:\/\/azooeurope.com\/pt-pt\/wp-json\/wp\/v2\/types\/product"}],"replies":[{"embeddable":true,"href":"https:\/\/azooeurope.com\/pt-pt\/wp-json\/wp\/v2\/comments?post=5375"}],"wp:featuredmedia":[{"embeddable":true,"href":"https:\/\/azooeurope.com\/pt-pt\/wp-json\/wp\/v2\/media\/3079"}],"wp:attachment":[{"href":"https:\/\/azooeurope.com\/pt-pt\/wp-json\/wp\/v2\/media?parent=5375"}],"wp:term":[{"taxonomy":"product_cat","embeddable":true,"href":"https:\/\/azooeurope.com\/pt-pt\/wp-json\/wp\/v2\/product_cat?post=5375"},{"taxonomy":"product_tag","embeddable":true,"href":"https:\/\/azooeurope.com\/pt-pt\/wp-json\/wp\/v2\/product_tag?post=5375"}],"curies":[{"name":"wp","href":"https:\/\/api.w.org\/{rel}","templated":true}]}}