{"id":5373,"date":"2024-02-26T17:03:03","date_gmt":"2024-02-26T16:03:03","guid":{"rendered":"https:\/\/infallible-hoover.188-95-114-6.plesk.page\/producto\/tratamento-de-turvacao\/"},"modified":"2024-10-04T09:28:24","modified_gmt":"2024-10-04T07:28:24","slug":"tratamento-de-turvacao","status":"publish","type":"product","link":"https:\/\/azooeurope.com\/pt-pt\/producto\/tratamento-de-turvacao\/","title":{"rendered":"CLOUDY TREATMENT"},"content":{"rendered":"<h1><strong><span style=\"color: #0e509a;\">CLOUDY TREATMENT<\/span><\/strong><\/h1>\n<h2><span style=\"color: #0e509a;\">AZOO Plus CLOUDY TREATMENT actua aglomerando a mat\u00e9ria em suspens\u00e3o (turva\u00e7\u00e3o org\u00e2nica, turva\u00e7\u00e3o inorg\u00e2nica ou algas verdes em suspens\u00e3o), permitindo que as part\u00edculas precipitadas sejam retidas pelo filtro mec\u00e2nico ou facilmente metabolizadas no filtro biol\u00f3gico.<\/span><\/h2>\n<ul>\n<li style=\"list-style-type: none;\">\n<ul>\n<li>\n<h3><span style=\"color: #228bca;\">Resolve rapidamente o problema da turva\u00e7\u00e3o no aqu\u00e1rio.<\/span><\/h3>\n<\/li>\n<li>\n<h3><span style=\"color: #228bca;\">Aborda tanto a turbidez org\u00e2nica como a precipita\u00e7\u00e3o inorg\u00e2nica.<\/span><\/h3>\n<\/li>\n<li>\n<h3><span style=\"color: #228bca;\">As part\u00edculas precipitadas podem ser decompostas pelo filtro biol\u00f3gico.<\/span><\/h3>\n<\/li>\n<li>\n<h3><span style=\"color: #228bca;\">Cloudy Treatment \u00e9 100% seguro para aqu\u00e1rios e lagos de \u00e1gua doce.<\/span><br \/>\n<img fetchpriority=\"high\" decoding=\"async\" class=\"alignnone size-medium wp-image-363\" style=\"font-size: 16px;\" src=\"https:\/\/azooeurope.com\/wp-content\/uploads\/\/restricciones_03-400x214.png\" alt=\"\" width=\"400\" height=\"214\" srcset=\"https:\/\/azooeurope.com\/wp-content\/uploads\/restricciones_03-400x214.png 400w, https:\/\/azooeurope.com\/wp-content\/uploads\/restricciones_03.png 450w\" sizes=\"(max-width: 400px) 100vw, 400px\" \/><\/h3>\n<\/li>\n<\/ul>\n<\/li>\n<\/ul>\n<p>Quando surge o tedioso problema da \u00e1gua turva nos aqu\u00e1rios, o CLOUDY TREATMENT clarifica a \u00e1gua de forma r\u00e1pida e eficaz, precipitando as mat\u00e9rias em suspens\u00e3o causadoras da turva\u00e7\u00e3o.<br \/>\nEm seguida, as part\u00edculas precipitadas ser\u00e3o retidas pelo filtro mec\u00e2nico e decompostas pela a\u00e7\u00e3o das bact\u00e9rias no filtro AZOO Plus CLOUDY TREATMENT actua aglomerando as mat\u00e9rias em suspens\u00e3o (turva\u00e7\u00e3o org\u00e2nica, turva\u00e7\u00e3o inorg\u00e2nica ou algas verdes em suspens\u00e3o), permitindo que as part\u00edculas precipitadas sejam retidas pelo filtro mec\u00e2nico ou facilmente metabolizadas no filtro biol\u00f3gico.<br \/>\nA sua f\u00f3rmula avan\u00e7ada cont\u00e9m pol\u00edmeros de i\u00f5es positivos e cloreto de polialum\u00ednio, que protegem a pele dos peixes e n\u00e3o t\u00eam efeitos nocivos ou t\u00f3xicos.<br \/>\nCloudy Treatment \u00e9 ideal para resolver situa\u00e7\u00f5es adversas no aqu\u00e1rio que provocam turva\u00e7\u00e3o da \u00e1gua, quer de origem bacteriol\u00f3gica (&#8220;\u00e1gua leitosa&#8221;), quer inorg\u00e2nica, apresentando part\u00edculas coloidais em suspens\u00e3o demasiado pequenas para serem retidas pelo filtro.<\/p>\n<h3><span style=\"color: #228bca;\">Altamente concentrado.<\/span><\/h3>\n<p>A sua f\u00f3rmula foi optimizada para obter uma concentra\u00e7\u00e3o elevada e um excelente desempenho: 1 ml de produto trata 10 litros de \u00e1gua no teu aqu\u00e1rio.<br \/>\nCloudy treatment pertence \u00e0 linha de condicionadores <a href=\"https:\/\/azpez.virtualcodeveloper.com\/azpez\/azoo-europe\/\" target=\"_blank\" rel=\"noopener\">AZOO Plus<\/a> da marca <a href=\"https:\/\/www.azoo-aqua.com\/\" target=\"_blank\" rel=\"noopener\">AZOO<\/a>.<\/p>\n<h3><span style=\"color: #228bca;\">CARACTER\u00cdSTICAS:<\/span><\/h3>\n<ol>\n<li>Transforma a \u00e1gua em condi\u00e7\u00f5es adversas num ambiente com a \u00e1gua mais pura e saud\u00e1vel para a manuten\u00e7\u00e3o de peixes tropicais.<\/li>\n<li>Condensa a mat\u00e9ria em suspens\u00e3o, incluindo a turva\u00e7\u00e3o de origem org\u00e2nica e inorg\u00e2nica, bem como o efeito de &#8220;\u00e1gua leitosa&#8221; causado pelo desequil\u00edbrio bacteriano, clarificando rapidamente a \u00e1gua do teu aqu\u00e1rio e restaurando a sua transpar\u00eancia natural.<\/li>\n<li>O filtro mec\u00e2nico ret\u00e9m a mat\u00e9ria aglomerada, enquanto o filtro biol\u00f3gico a metaboliza para a converter em nutrientes para as plantas aqu\u00e1ticas.<\/li>\n<li>A mat\u00e9ria precipitada pelo AZOO PLUS CLOUDY TREATMENT \u00e9 tamb\u00e9m suscet\u00edvel de ser decomposta pela a\u00e7\u00e3o das bact\u00e9rias nitrificantes do filtro biol\u00f3gico.<\/li>\n<li>Cont\u00e9m uma f\u00f3rmula especial que protege os peixes.<\/li>\n<\/ol>\n<p>Cloudy Treatment da AZOO Plus \u00e9 um clarificante biodegrad\u00e1vel que actua rapidamente na \u00e1gua atrav\u00e9s de um processo de flocula\u00e7\u00e3o.<br \/>\nA sua f\u00f3rmula cont\u00e9m agentes activos como os pol\u00edmeros de i\u00f5es positivos ou o poli-alum\u00ednio.<br \/>\nAmbos os compostos trabalham em conjunto, criando cada um deles uma liga\u00e7\u00e3o que atrai diferentes tipos de pequenas part\u00edculas em suspens\u00e3o.<br \/>\nQuando estas part\u00edculas se unem, formam flocos maiores.<br \/>\nEsta nova condi\u00e7\u00e3o proporciona peso e tamanho suficientes a estas part\u00edculas para serem retidas no filtro mec\u00e2nico do aqu\u00e1rio.<br \/>\nAl\u00e9m disso, Cloudy Treatment \u00e9 biodegrad\u00e1vel devido \u00e0 natureza dos componentes qu\u00edmicos especiais da sua f\u00f3rmula.<br \/>\nAssim, os flocos retidos no filtro biol\u00f3gico podem ser processados e metabolizados pela popula\u00e7\u00e3o de bact\u00e9rias nitrificantes juntamente com os componentes da f\u00f3rmula, decompondo-se posteriormente em nutrientes para as plantas aqu\u00e1ticas.<br \/>\nUma vez terminado o processo de transpar\u00eancia do nosso aqu\u00e1rio, podemos limpar o filtro e livrar-nos definitivamente destas part\u00edculas inc\u00f3modas.<br \/>\nNo entanto, nota que estes flocos n\u00e3o desaparecem do aqu\u00e1rio at\u00e9 que o nosso filtro mec\u00e2nico os tenha conseguido reter.<br \/>\nPortanto, o tempo de rea\u00e7\u00e3o de Cloudy Treatment Plus depender\u00e1 diretamente da efic\u00e1cia do nosso filtro mec\u00e2nico, que nesse momento ter\u00e1 a miss\u00e3o de reter os flocos formados no seu meio filtrante mec\u00e2nico.<\/p>\n<h3><span style=\"color: #228bca;\">Componentes principais:<\/span><\/h3>\n<p>Cloreto de polialum\u00ednio, pol\u00edmero de i\u00f5es positivos, \u00e1gua destilada<\/p>\n<p class=\"p1\"><strong>Apresenta\u00e7\u00f5es<\/strong>:<\/p>\n<p class=\"p1\"><b>AP17807 \/ <\/b>Cloudy Treatment 120ml<\/p>\n<p><b>AP17808 \/ <\/b>Cloudy Treatment 250ml<\/p>\n<p class=\"p1\"><b>AP17809\/<\/b><span class=\"Apple-converted-space\"> Cloudy Treatment <\/span>500ml<\/p>\n<p>Segue-nos nas nossas redes sociais para te manteres atualizado com as \u00faltimas not\u00edcias e todas as informa\u00e7\u00f5es interessantes sobre a nossa marca e a aquariofilia em <a href=\"https:\/\/www.facebook.com\/profile.php?id=61555599587010&amp;locale=es_ES\" target=\"_blank\" rel=\"noopener\">Facebook<\/a>, <a href=\"https:\/\/www.youtube.com\/@AZOOEurope\/videos\" target=\"_blank\" rel=\"noopener\">YouTube<\/a>e <a href=\"https:\/\/www.instagram.com\/azooeurope\/\" target=\"_blank\" rel=\"noopener\">Instagram<\/a>.<br \/>\nYou can complement this product with other specific balanced foods from the Ultra Fresh brand.<\/p>\n<p><iframe title=\"azoo plus presentation\" width=\"800\" height=\"450\" src=\"https:\/\/www.youtube.com\/embed\/gS5bf4C6Nqc?feature=oembed\" frameborder=\"0\" allow=\"accelerometer; autoplay; clipboard-write; encrypted-media; gyroscope; picture-in-picture; web-share\" referrerpolicy=\"strict-origin-when-cross-origin\" allowfullscreen><\/iframe><\/p>\n<h3><\/h3>\n<h3><span style=\"color: #228bca;\">INSTRU\u00c7\u00d5ES DE UTILIZA\u00c7\u00c3O:<\/span><\/h3>\n<p>Adiciona 5 ml.<br \/>\nPor cada 200 litros de \u00e1gua da torneira para neutralizar at\u00e9 4mg\/l de cloro residual e at\u00e9 2mg\/l de cloramina.<br \/>\nAgita antes de usar e deita na sa\u00edda de \u00e1gua do filtro para uma melhor dispers\u00e3o do produto. <strong>PRECAU\u00c7\u00d5ES:<\/strong> N\u00e3o \u00e9 adequado para consumo humano.<br \/>\nUtiliza-o apenas em aqu\u00e1rios com peixes ornamentais.<br \/>\nManter fora do alcance das crian\u00e7as e dos animais dom\u00e9sticos Data de validade: ver impress\u00e3o no frasco. <span style=\"color: #228bca;\"><strong>OBSERVA\u00c7\u00d5ES:<\/strong><\/span> &#8211; Para garantir uma dispers\u00e3o adequada, adiciona os aditivos numa \u00e1rea do aqu\u00e1rio com fluxo suficiente.<br \/>\n&#8211; Para mudan\u00e7as de \u00e1gua, podes adicionar aditivos \u00e0 \u00e1gua antes de a deitar no aqu\u00e1rio.<br \/>\nEvita misturar diferentes aditivos antes de os adicionar.<br \/>\n&#8211; Alguns produtos de aqu\u00e1rio podem reagir quimicamente com outros; evita combinar v\u00e1rios produtos simultaneamente para evitar precipita\u00e7\u00f5es ou reac\u00e7\u00f5es indesejadas.<br \/>\n&#8211; A tampa do frasco ajuda-te a medir a dose com precis\u00e3o: &#8211; A cavidade interior tem capacidade para 5 ml.<br \/>\n&#8211; O volume entre a cavidade interior e a exterior cont\u00e9m 10 ml.<br \/>\n&#8211; As duas cavidades cheias cont\u00eam um total de 15 ml.<br \/>\n&#8211; Uma tampa completamente cheia cont\u00e9m 20 ml. <span style=\"color: #228bca;\"><strong>ATEN\u00c7\u00c3O:<\/strong><\/span> &#8211; N\u00c3O \u00c9 ADEQUADO PARA CONSUMO HUMANO.<br \/>\n&#8211; N\u00c3O INGERIR.<br \/>\nEM CASO DE CONTACTO COM OS OLHOS, LAVA ABUNDANTEMENTE COM \u00c1GUA LIMPA E PROCURA ASSIST\u00caNCIA M\u00c9DICA.<br \/>\n&#8211; MANT\u00c9M O PRODUTO FORA DO ALCANCE DAS CRIAN\u00c7AS E DOS ANIMAIS DOM\u00c9STICOS.<br \/>\n&#8211; AGITA O FRASCO ANTES DE O UTILIZARES.<br \/>\n&#8211; FECHA BEM O FRASCO AP\u00d3S CADA UTILIZA\u00c7\u00c3O.<br \/>\n&#8211; GUARDA O FRASCO NUM LOCAL FRESCO E SECO, EVITANDO A EXPOSI\u00c7\u00c3O DIRECTA AO SOL.<br \/>\n&#8211; PARA USO EXCLUSIVO EM AQU\u00c1RIOS COM PEIXES ORNAMENTAIS.<\/p>\n<figure id=\"attachment_3103\" aria-describedby=\"caption-attachment-3103\" style=\"width: 400px\" class=\"wp-caption alignnone\"><img decoding=\"async\" class=\"size-medium wp-image-723\" src=\"https:\/\/azooeurope.com\/wp-content\/uploads\/\/azoo_plus_cloudy_treatment_03-400x400.jpg\" alt=\"AZOO Plus CLOUDY TREATMENT\" width=\"400\" height=\"400\" srcset=\"https:\/\/azooeurope.com\/wp-content\/uploads\/azoo_plus_cloudy_treatment_03-400x400.jpg 400w, https:\/\/azooeurope.com\/wp-content\/uploads\/azoo_plus_cloudy_treatment_03-768x768.jpg 768w, https:\/\/azooeurope.com\/wp-content\/uploads\/azoo_plus_cloudy_treatment_03-300x300.jpg 300w, https:\/\/azooeurope.com\/wp-content\/uploads\/azoo_plus_cloudy_treatment_03-600x600.jpg 600w, https:\/\/azooeurope.com\/wp-content\/uploads\/azoo_plus_cloudy_treatment_03-100x100.jpg 100w, https:\/\/azooeurope.com\/wp-content\/uploads\/azoo_plus_cloudy_treatment_03.jpg 1250w\" sizes=\"(max-width: 400px) 100vw, 400px\" \/><figcaption id=\"caption-attachment-3103\" class=\"wp-caption-text\">AZOO Plus CLOUDY TREATMENT<\/figcaption><\/figure>\n","protected":false},"excerpt":{"rendered":"<p>CLOUDY TREATMENT AZOO Plus CLOUDY TREATMENT actua aglomerando a mat\u00e9ria em suspens\u00e3o (turva\u00e7\u00e3o org\u00e2nica, turva\u00e7\u00e3o inorg\u00e2nica ou algas verdes em suspens\u00e3o), permitindo que as part\u00edculas precipitadas sejam retidas pelo filtro mec\u00e2nico ou facilmente metabolizadas no filtro biol\u00f3gico. Resolve rapidamente o problema da turva\u00e7\u00e3o no aqu\u00e1rio. Aborda tanto a turbidez org\u00e2nica como a precipita\u00e7\u00e3o inorg\u00e2nica. As [&hellip;]<\/p>\n","protected":false},"featured_media":3097,"comment_status":"open","ping_status":"closed","template":"","meta":{"rank_math_lock_modified_date":false},"product_cat":[469,471,474],"product_tag":[756,752,753,754,514,759,547,749,536,758,751,755,757],"class_list":{"0":"post-5373","1":"product","2":"type-product","3":"status-publish","4":"has-post-thumbnail","6":"product_cat-azoo-europa-pt-pt","7":"product_cat-azoo-plus-pt-pt","8":"product_cat-condicionadores","9":"product_tag-agua-leitosa","10":"product_tag-ap17807-pt-pt","11":"product_tag-ap17808-pt-pt","12":"product_tag-ap17809-pt-pt","13":"product_tag-aqua-guard-plus-pt-pt","14":"product_tag-aquarios-de-agua-doce","15":"product_tag-cloramina-pt-pt","16":"product_tag-cloudy-pt-pt","17":"product_tag-condicionador","18":"product_tag-precipitacao-inorganica","19":"product_tag-tratamento","20":"product_tag-tratamento-de-nuvens","21":"product_tag-turvacao-organica","23":"first","24":"instock","25":"shipping-taxable","26":"product-type-simple"},"_links":{"self":[{"href":"https:\/\/azooeurope.com\/pt-pt\/wp-json\/wp\/v2\/product\/5373","targetHints":{"allow":["GET"]}}],"collection":[{"href":"https:\/\/azooeurope.com\/pt-pt\/wp-json\/wp\/v2\/product"}],"about":[{"href":"https:\/\/azooeurope.com\/pt-pt\/wp-json\/wp\/v2\/types\/product"}],"replies":[{"embeddable":true,"href":"https:\/\/azooeurope.com\/pt-pt\/wp-json\/wp\/v2\/comments?post=5373"}],"wp:featuredmedia":[{"embeddable":true,"href":"https:\/\/azooeurope.com\/pt-pt\/wp-json\/wp\/v2\/media\/3097"}],"wp:attachment":[{"href":"https:\/\/azooeurope.com\/pt-pt\/wp-json\/wp\/v2\/media?parent=5373"}],"wp:term":[{"taxonomy":"product_cat","embeddable":true,"href":"https:\/\/azooeurope.com\/pt-pt\/wp-json\/wp\/v2\/product_cat?post=5373"},{"taxonomy":"product_tag","embeddable":true,"href":"https:\/\/azooeurope.com\/pt-pt\/wp-json\/wp\/v2\/product_tag?post=5373"}],"curies":[{"name":"wp","href":"https:\/\/api.w.org\/{rel}","templated":true}]}}