{"id":5366,"date":"2024-02-25T17:36:21","date_gmt":"2024-02-25T16:36:21","guid":{"rendered":"https:\/\/infallible-hoover.188-95-114-6.plesk.page\/producto\/removedor-de-agua-verde\/"},"modified":"2024-10-04T09:58:44","modified_gmt":"2024-10-04T07:58:44","slug":"removedor-de-agua-verde","status":"publish","type":"product","link":"https:\/\/azooeurope.com\/pt-pt\/producto\/removedor-de-agua-verde\/","title":{"rendered":"GREEN WATER REMOVER"},"content":{"rendered":"<h1><strong><span style=\"color: #0e509a;\">GREEN WATER REMOVER <\/span><\/strong><\/h1>\n<h2><span style=\"color: #0e509a;\">AZOO PLUS GREEN WATER REMOVER \u00e9 a solu\u00e7\u00e3o imediata para eliminar o teu problema de \u00e1gua verde.<\/span><\/h2>\n<ul>\n<li style=\"list-style-type: none;\">\n<ul>\n<li>\n<h3><span style=\"color: #228bca;\">Para aqu\u00e1rios de \u00e1gua doce, plantados e lagos.<\/span><\/h3>\n<\/li>\n<li>\n<h3><span style=\"color: #228bca;\">Resolve o problema da \u00e1gua verde em poucas horas.<\/span><\/h3>\n<\/li>\n<li>\n<h3><span style=\"color: #228bca;\">Mant\u00e9m a \u00e1gua limpa: precipita as part\u00edculas flutuantes no aqu\u00e1rio.<\/span><\/h3>\n<\/li>\n<li>\n<h3><span style=\"color: #228bca;\">Se for utilizado com prud\u00eancia, n\u00e3o prejudica as plantas aqu\u00e1ticas.<\/span><\/h3>\n<\/li>\n<li><\/li>\n<\/ul>\n<\/li>\n<\/ul>\n<p class=\"p1\"><img fetchpriority=\"high\" decoding=\"async\" class=\"alignnone size-medium wp-image-363\" src=\"https:\/\/azooeurope.com\/wp-content\/uploads\/\/restricciones_03-400x214.png\" alt=\"\" width=\"400\" height=\"214\" srcset=\"https:\/\/azooeurope.com\/wp-content\/uploads\/restricciones_03-400x214.png 400w, https:\/\/azooeurope.com\/wp-content\/uploads\/restricciones_03.png 450w\" sizes=\"(max-width: 400px) 100vw, 400px\" \/><\/p>\n<p>GREEN WATER REMOVER pertence \u00e0 linha de condicionadores <a href=\"https:\/\/azpez.virtualcodeveloper.com\/azpez\/azoo-europe\/\" target=\"_blank\" rel=\"noopener\">AZOO Plus<\/a> da marca <a href=\"https:\/\/www.azoo-aqua.com\/\" target=\"_blank\" rel=\"noopener\">AZOO<\/a>.<br \/>\nResolve o problema da prolifera\u00e7\u00e3o de algas unicelulares causada por um desequil\u00edbrio nos nutrientes do teu aqu\u00e1rio (<sub>NO2<\/sub>, <sub>NO3<\/sub>, <sub>PO4<\/sub>, <sub>SiO4<\/sub>) sem prejudicar os organismos do teu aqu\u00e1rio.<\/p>\n<p class=\"p1\"><strong>Apresenta\u00e7\u00f5es<\/strong>:<\/p>\n<p class=\"p1\"><b>AP17844 \/ <\/b>GREEN WATER REMOVER 120ml<\/p>\n<p class=\"p1\"><b>AP17834 \/<\/b><span class=\"Apple-converted-space\"> GREEN WATER REMOVER<\/span> 250ml<\/p>\n<p class=\"p1\"><b>AP17845 <\/b>\/<span class=\"Apple-converted-space\"> GREEN WATER REMOVER<\/span> 500ml<\/p>\n<h3><span style=\"color: #0e509a;\">CARACTER\u00cdSTICAS<\/span><\/h3>\n<p>1. elimina a \u00e1gua verde causada por algas unicelulares num curto espa\u00e7o de tempo.<br \/>\n2.ajuda a precipitar as part\u00edculas flutuantes no aqu\u00e1rio e mant\u00e9m a \u00e1gua limpa.<br \/>\n3. n\u00e3o prejudica os peixes e as plantas aqu\u00e1ticas.<\/p>\n<h3><span style=\"color: #0e509a;\">ALTAMENTE CONCENTRADO.<\/span><\/h3>\n<p>A sua f\u00f3rmula foi optimizada para obter uma concentra\u00e7\u00e3o elevada e um excelente desempenho: 1 ml de produto trata 10 litros de \u00e1gua no teu aqu\u00e1rio.<br \/>\nAdiciona simplesmente 20 ml por 100 litros de \u00e1gua do aqu\u00e1rio e repete a dose ap\u00f3s 24 horas, se necess\u00e1rio.<br \/>\nPara uma melhor dispers\u00e3o, adiciona o produto na sa\u00edda do filtro.<br \/>\nSegue-nos nas nossas redes sociais para ficares a par das \u00faltimas novidades e de todas as informa\u00e7\u00f5es interessantes sobre a nossa marca e a aquariofilia no <a href=\"https:\/\/www.facebook.com\/profile.php?id=61555599587010&amp;locale=es_ES\" target=\"_blank\" rel=\"noopener\">Facebook<\/a>, <a href=\"https:\/\/www.youtube.com\/@AZOOEurope\/videos\" target=\"_blank\" rel=\"noopener\">YouTube<\/a> e <a href=\"https:\/\/www.instagram.com\/azooeurope\/\" target=\"_blank\" rel=\"noopener\">Instagram<\/a>.<br \/>\nPodes complementar este produto com outros alimentos espec\u00edficos e equilibrados da marca Ultra Fresh.<\/p>\n<p><iframe title=\"azoo plus presentation\" width=\"800\" height=\"450\" src=\"https:\/\/www.youtube.com\/embed\/gS5bf4C6Nqc?feature=oembed\" frameborder=\"0\" allow=\"accelerometer; autoplay; clipboard-write; encrypted-media; gyroscope; picture-in-picture; web-share\" referrerpolicy=\"strict-origin-when-cross-origin\" allowfullscreen><\/iframe><\/p>\n<h3><\/h3>\n<h3><span style=\"color: #0e509a;\">INSTRU\u00c7\u00d5ES DE UTILIZA\u00c7\u00c3O<\/span><\/h3>\n<p>Procede a uma mudan\u00e7a de 1\/3 da \u00e1gua e toma a dose uma vez por dia durante 15 dias.<br \/>\nAgita bem o produto e adiciona 5 ml por 100 litros de \u00e1gua \u00e0 sa\u00edda de \u00e1gua do filtro ou da bomba.<br \/>\nAs algas filamentosas ser\u00e3o eliminadas em aprox.<br \/>\n7 dias, a alga &#8220;escova&#8221; ou escova 15 dias aproximadamente.<br \/>\nElimina as algas antes que estas se decomponham no aqu\u00e1rio. <strong>MANUTEN\u00c7\u00c3O<\/strong> A dosagem uma vez por semana evita eficazmente o crescimento de algas.<br \/>\nUma vez utilizado, fecha bem a tampa e mant\u00e9m o produto num local fresco e afastado da luz solar direta. <strong>PRECAU\u00c7\u00d5ES<\/strong> N\u00e3o \u00e9 adequado para consumo humano.<br \/>\nUtiliza-o apenas em aqu\u00e1rios com peixes ornamentais.<br \/>\nMant\u00e9m fora do alcance das crian\u00e7as e dos animais dom\u00e9sticos.<br \/>\nData de validade: v\u00ea a impress\u00e3o no frasco.<\/p>\n<figure id=\"attachment_3061\" aria-describedby=\"caption-attachment-3061\" style=\"width: 400px\" class=\"wp-caption alignnone\"><img decoding=\"async\" class=\"size-medium wp-image-703\" src=\"https:\/\/azooeurope.com\/wp-content\/uploads\/\/azoo_plus_green_water_remover_03-400x400.jpg\" alt=\"AZOO Plus Algaecide Removedor de \u00c1gua Verde\" width=\"400\" height=\"400\" srcset=\"https:\/\/azooeurope.com\/wp-content\/uploads\/azoo_plus_green_water_remover_03-400x400.jpg 400w, https:\/\/azooeurope.com\/wp-content\/uploads\/azoo_plus_green_water_remover_03-768x768.jpg 768w, https:\/\/azooeurope.com\/wp-content\/uploads\/azoo_plus_green_water_remover_03-300x300.jpg 300w, https:\/\/azooeurope.com\/wp-content\/uploads\/azoo_plus_green_water_remover_03-600x600.jpg 600w, https:\/\/azooeurope.com\/wp-content\/uploads\/azoo_plus_green_water_remover_03-100x100.jpg 100w, https:\/\/azooeurope.com\/wp-content\/uploads\/azoo_plus_green_water_remover_03.jpg 1500w\" sizes=\"(max-width: 400px) 100vw, 400px\" \/><figcaption id=\"caption-attachment-3061\" class=\"wp-caption-text\">AZOO Plus Green Water Remover AlgicidaNOTAS<\/figcaption><\/figure>\n<p><strong>:<\/strong> Para garantir uma dispers\u00e3o adequada, adiciona os aditivos a uma \u00e1rea do aqu\u00e1rio com fluxo suficiente.<br \/>\nPara as mudan\u00e7as de \u00e1gua, podes adicionar os aditivos \u00e0 \u00e1gua antes de a despejares no aqu\u00e1rio.<br \/>\nEvita misturar diferentes aditivos antes de os adicionar.<br \/>\nAlguns produtos de aqu\u00e1rio podem reagir quimicamente com outros; tenta n\u00e3o combinar v\u00e1rios produtos ao mesmo tempo para evitar precipita\u00e7\u00f5es ou reac\u00e7\u00f5es indesejadas. <strong>ATEN\u00c7\u00c3O:<\/strong><\/p>\n<ul>\n<li>N\u00c3O \u00c9 ADEQUADO PARA CONSUMO HUMANO.<\/li>\n<li>MANT\u00c9M O PRODUTO AFASTADO DAS CRIAN\u00c7AS E DOS ANIMAIS DOM\u00c9STICOS.<\/li>\n<li>AGITA O RECIPIENTE ANTES DE O UTILIZAR.<\/li>\n<li>FECHA BEM O RECIPIENTE AP\u00d3S CADA UTILIZA\u00c7\u00c3O.<\/li>\n<li>GUARDA O RECIPIENTE NUM LOCAL FRESCO E SECO, EVITANDO A EXPOSI\u00c7\u00c3O DIRECTA AO SOL.<\/li>\n<li>PARA USO EXCLUSIVO EM AQU\u00c1RIOS COM PEIXES ORNAMENTAIS.<\/li>\n<li>N\u00c3O INGERIR; EM CASO DE CONTACTO COM OS OLHOS, LAVAR COM \u00c1GUA LIMPA EM ABUND\u00c2NCIA E PROCURAR ASSIST\u00caNCIA M\u00c9DICA.<\/li>\n<\/ul>\n<p>&nbsp;<\/p>\n","protected":false},"excerpt":{"rendered":"<p>GREEN WATER REMOVER AZOO PLUS GREEN WATER REMOVER \u00e9 a solu\u00e7\u00e3o imediata para eliminar o teu problema de \u00e1gua verde. Para aqu\u00e1rios de \u00e1gua doce, plantados e lagos. Resolve o problema da \u00e1gua verde em poucas horas. Mant\u00e9m a \u00e1gua limpa: precipita as part\u00edculas flutuantes no aqu\u00e1rio. Se for utilizado com prud\u00eancia, n\u00e3o prejudica as [&hellip;]<\/p>\n","protected":false},"featured_media":3055,"comment_status":"open","ping_status":"closed","template":"","meta":{"rank_math_lock_modified_date":false},"product_cat":[653,469,471,623],"product_tag":[523,691,654,677,673,670,684,668,679,681,689,656,496,701,700,702,479,575,536],"class_list":{"0":"post-5366","1":"product","2":"type-product","3":"status-publish","4":"has-post-thumbnail","6":"product_cat-algicida-pt-pt","7":"product_cat-azoo-europa-pt-pt","8":"product_cat-azoo-plus-pt-pt","9":"product_cat-profissionais","10":"product_tag-acondicionador-pt-pt","11":"product_tag-agua-verde-pt-pt","12":"product_tag-algas-pt-pt","13":"product_tag-algas-azuis-verdes","14":"product_tag-algas-castanhas","15":"product_tag-algas-de-pincel","16":"product_tag-algas-em-suspensao","17":"product_tag-algas-filamentosas-pt-pt","18":"product_tag-algas-negras-pt-pt","19":"product_tag-algas-unicelulares-pt-pt","20":"product_tag-algas-verdes-pt-pt","21":"product_tag-algicida-pt-pt","22":"product_tag-anticloro-pt-pt","23":"product_tag-ap17834-pt-pt","24":"product_tag-ap17844-pt-pt","25":"product_tag-ap17845-pt-pt","26":"product_tag-azoo-pt-pt","27":"product_tag-azoo-plus-pt-pt","28":"product_tag-condicionador","30":"first","31":"instock","32":"shipping-taxable","33":"product-type-simple"},"_links":{"self":[{"href":"https:\/\/azooeurope.com\/pt-pt\/wp-json\/wp\/v2\/product\/5366","targetHints":{"allow":["GET"]}}],"collection":[{"href":"https:\/\/azooeurope.com\/pt-pt\/wp-json\/wp\/v2\/product"}],"about":[{"href":"https:\/\/azooeurope.com\/pt-pt\/wp-json\/wp\/v2\/types\/product"}],"replies":[{"embeddable":true,"href":"https:\/\/azooeurope.com\/pt-pt\/wp-json\/wp\/v2\/comments?post=5366"}],"wp:featuredmedia":[{"embeddable":true,"href":"https:\/\/azooeurope.com\/pt-pt\/wp-json\/wp\/v2\/media\/3055"}],"wp:attachment":[{"href":"https:\/\/azooeurope.com\/pt-pt\/wp-json\/wp\/v2\/media?parent=5366"}],"wp:term":[{"taxonomy":"product_cat","embeddable":true,"href":"https:\/\/azooeurope.com\/pt-pt\/wp-json\/wp\/v2\/product_cat?post=5366"},{"taxonomy":"product_tag","embeddable":true,"href":"https:\/\/azooeurope.com\/pt-pt\/wp-json\/wp\/v2\/product_tag?post=5366"}],"curies":[{"name":"wp","href":"https:\/\/api.w.org\/{rel}","templated":true}]}}