{"id":5357,"date":"2024-02-23T20:17:19","date_gmt":"2024-02-23T19:17:19","guid":{"rendered":"https:\/\/infallible-hoover.188-95-114-6.plesk.page\/producto\/bio-turtle-xd-decompositor-extremo\/"},"modified":"2024-10-04T10:45:29","modified_gmt":"2024-10-04T08:45:29","slug":"bio-turtle-xd-decompositor-extremo","status":"publish","type":"product","link":"https:\/\/azooeurope.com\/pt-pt\/producto\/bio-turtle-xd-decompositor-extremo\/","title":{"rendered":"BIO TURTLE XD (Extreme Decomposer)"},"content":{"rendered":"<h1><strong><span style=\"color: #0e509a;\">BIO TURTLE XD (Extreme Decomposer)<\/span><\/strong><\/h1>\n<h2><span style=\"color: #0e509a;\">BIO TURTLE XD (Extreme Decomposer) \u00e9 um condicionador biol\u00f3gico Premium para aqu\u00e1rios de \u00e1gua doce.<\/span><\/h2>\n<ul>\n<li style=\"list-style-type: none;\">\n<ul>\n<li>\n<h3><span style=\"color: #228bca;\">Funciona tanto em \u00e1gua doce como em \u00e1gua salgada.<\/span><\/h3>\n<\/li>\n<li>\n<h3><span style=\"color: #228bca;\">Recupera a qualidade da \u00e1gua e recria um ambiente natural.<\/span><\/h3>\n<\/li>\n<li>\n<h3><span style=\"color: #228bca;\">\u00c9 o degradador biol\u00f3gico mais r\u00e1pido do mercado, actuando em 8 horas.<\/span><\/h3>\n<\/li>\n<li>\n<h3><span style=\"color: #228bca;\">Reduz a frequ\u00eancia de limpeza do teu aqu\u00e1rio.<\/span><\/h3>\n<\/li>\n<li>\n<h3><span style=\"color: #228bca;\">Cont\u00e9m v\u00e1rias estirpes bacterianas altamente activas, tais como Paracoccus denitrificans e Desulfurobacterium.<\/span><\/h3>\n<\/li>\n<li>\n<h3><span style=\"color: #228bca;\">Inibe o crescimento das algas.<\/span><\/h3>\n<\/li>\n<\/ul>\n<\/li>\n<\/ul>\n<h3 class=\"p1\"><img fetchpriority=\"high\" decoding=\"async\" class=\"size-medium wp-image-361 alignnone\" src=\"https:\/\/azooeurope.com\/wp-content\/uploads\/\/restricciones_01-400x214.png\" alt=\"\" width=\"400\" height=\"214\" srcset=\"https:\/\/azooeurope.com\/wp-content\/uploads\/restricciones_01-400x214.png 400w, https:\/\/azooeurope.com\/wp-content\/uploads\/restricciones_01.png 450w\" sizes=\"(max-width: 400px) 100vw, 400px\" \/><\/h3>\n<p>AZOO Plus<strong> BIO TURTLE XD (Extreme Decomposer)<\/strong> \u00e9 um condicionador biol\u00f3gico Premium que restaura a qualidade natural da \u00e1gua, reproduzindo um ambiente saud\u00e1vel no teu aqu\u00e1rio.<\/p>\n<h3><span style=\"color: #228bca;\"><strong>Ideal para todos os tipos de tartarugas aqu\u00e1ticas e todos os organismos do aqu\u00e1rio.<\/strong><\/span><\/h3>\n<p>&#8220;O poder nitrificante mais r\u00e1pido do mundo&#8221;<br \/>\nCondicionador de \u00e1gua para a degrada\u00e7\u00e3o biol\u00f3gica de compostos org\u00e2nicos em decomposi\u00e7\u00e3o para \u00e1gua doce e \u00e1gua salgada.<br \/>\nDecomp\u00f5e os excrementos e os sedimentos em 8 horas, reduzindo a frequ\u00eancia de limpeza.<br \/>\n\u00c9 composto por v\u00e1rias estirpes de bact\u00e9rias naturais altamente activas.<br \/>\nAs bact\u00e9rias BIO XD podem bloquear rapidamente a fonte de nutrientes das algas inc\u00f3modas e inibir eficazmente o crescimento de todas as algas.<\/p>\n<h3><span style=\"color: #228bca;\">A\u00e7\u00e3o r\u00e1pida:<\/span><\/h3>\n<p>Estas bact\u00e9rias podem ser imediatamente inoculadas tanto em aqu\u00e1rios de \u00e1gua doce como de \u00e1gua salgada, bem como num aqu\u00e1rio com tartarugas aqu\u00e1ticas utilizando a nossa vers\u00e3o BIO TURTLE XD, para decompor rapidamente todos os tipos de contaminantes, tais como impurezas, res\u00edduos alimentares e excrementos.<br \/>\nAs poderosas bact\u00e9rias nitrificantes decomp\u00f5em a maior parte dos contaminantes inc\u00f3modos em apenas 8 horas, mantendo a \u00e1gua limpa durante mais tempo e reduzindo significativamente a frequ\u00eancia das limpezas.<br \/>\nAZOO Plus <strong>BIO Turtle XD (Extreme Decomposer)<\/strong> pertence \u00e0 linha de condicionadores <a href=\"https:\/\/azpez.virtualcodeveloper.com\/azpez\/azoo-europe\/\" target=\"_blank\" rel=\"noopener\">AZOO Plus<\/a> da marca <a href=\"https:\/\/www.azoo-aqua.com\/\" target=\"_blank\" rel=\"noopener\">AZOO<\/a>.<\/p>\n<h3><span style=\"color: #0e509a;\">Composi\u00e7\u00e3o:<\/span><\/h3>\n<p><strong>BIO TURTLE XD (Extreme Decomposer)<\/strong> \u00e9 composto por v\u00e1rias estirpes de bact\u00e9rias naturais e altamente activas, tais como bact\u00e9rias nitrificantes, Paracoccus denitrificans e Desulfurobacterium, numa concentra\u00e7\u00e3o superior a 109 CFU\/g.<br \/>\n<strong><span style=\"color: #0e509a;\">Apresenta\u00e7\u00f5es:<\/span><\/strong> AP48023 \/ BIO TURTLE XD Decompositor Extremo 250 ml<\/p>\n<h3><span style=\"color: #228bca;\">Altamente concentrado.<\/span><\/h3>\n<p>a sua f\u00f3rmula \u00e9 optimizada para obter uma concentra\u00e7\u00e3o elevada e um excelente desempenho: <strong>1 ml de produto trata 3 litros de \u00e1gua no teu aqu\u00e1rio.<\/strong><\/p>\n<h3><span style=\"color: #228bca;\">Carater\u00edsticas especiais:<\/span><\/h3>\n<ol>\n<li>Decomp\u00f5e subst\u00e2ncias t\u00f3xicas como o nitrito, o amon\u00edaco e o sulfureto de hidrog\u00e9nio na \u00e1gua imediatamente ap\u00f3s a adi\u00e7\u00e3o.<\/li>\n<li>Funciona bloqueando eficazmente a fonte de nutrientes das bact\u00e9rias nocivas e tornando-se rapidamente a bact\u00e9ria dominante no aqu\u00e1rio para melhorar a qualidade da \u00e1gua.<\/li>\n<li>As bact\u00e9rias BIO XD podem bloquear rapidamente a fonte de nutrientes das algas inc\u00f3modas, inibindo eficazmente o crescimento de algas castanhas, algas negras, algas azuis-verdes e algas vermelhas.<\/li>\n<li>Tamb\u00e9m convertem rapidamente contaminantes e subst\u00e2ncias nocivas em compostos nutritivos que s\u00e3o mais f\u00e1ceis de absorver pelas plantas aqu\u00e1ticas, ajudando-as a crescer e a prosperar.<\/li>\n<\/ol>\n<p>Segue-nos nas nossas redes sociais para ficares a par das \u00faltimas novidades e de toda a informa\u00e7\u00e3o interessante sobre a nossa marca e a aquariofilia no <a href=\"https:\/\/www.facebook.com\/profile.php?id=61555599587010&amp;locale=es_ES\" target=\"_blank\" rel=\"noopener\">Facebook<\/a>, <a href=\"https:\/\/www.youtube.com\/@AZOOEurope\/videos\" target=\"_blank\" rel=\"noopener\">YouTube<\/a> e <a href=\"https:\/\/www.instagram.com\/azooeurope\/\" target=\"_blank\" rel=\"noopener\">Instagram<\/a>.<br \/>\nPodes complementar este produto com outros alimentos espec\u00edficos e equilibrados da marca Ultra Fresh.<\/p>\n<p><iframe title=\"azoo plus presentation\" width=\"800\" height=\"450\" src=\"https:\/\/www.youtube.com\/embed\/gS5bf4C6Nqc?feature=oembed\" frameborder=\"0\" allow=\"accelerometer; autoplay; clipboard-write; encrypted-media; gyroscope; picture-in-picture; web-share\" referrerpolicy=\"strict-origin-when-cross-origin\" allowfullscreen><\/iframe><\/p>\n<h3><\/h3>\n<h3><span style=\"color: #228bca;\">INSTRU\u00c7\u00d5ES:<\/span><\/h3>\n<p>Agita bem antes de utilizares.<br \/>\nMant\u00e9m a luz acesa e o filtro a funcionar.<br \/>\nPrimeira utiliza\u00e7\u00e3o: Limpa as algas do teu aqu\u00e1rio de \u00e1gua doce ou salgada e substitui 30% a 50% da \u00e1gua.<br \/>\nAdiciona 1 ml de BIO XD por cada 3 litros de \u00e1gua.<br \/>\nAdiciona uma vez por dia durante tr\u00eas dias para facilitar a inocula\u00e7\u00e3o bacteriana na fase inicial.<br \/>\nManuten\u00e7\u00e3o regular: Adiciona uma vez por semana ou ap\u00f3s uma mudan\u00e7a de \u00e1gua.<br \/>\nUsa 1 ml de solu\u00e7\u00e3o bacteriana por cada 3 litros de \u00e1gua.<\/p>\n<figure id=\"attachment_2992\" aria-describedby=\"caption-attachment-2992\" style=\"width: 400px\" class=\"wp-caption alignnone\"><img decoding=\"async\" class=\"size-medium wp-image-667\" src=\"https:\/\/azooeurope.com\/wp-content\/uploads\/\/azoo_plus_bio_turtle_xd_extreme_decomposer_03-400x400.jpg\" alt=\"BIO TURTLE XD Decompositor Extremo\" width=\"400\" height=\"400\" srcset=\"https:\/\/azooeurope.com\/wp-content\/uploads\/azoo_plus_bio_turtle_xd_extreme_decomposer_03-400x400.jpg 400w, https:\/\/azooeurope.com\/wp-content\/uploads\/azoo_plus_bio_turtle_xd_extreme_decomposer_03-768x768.jpg 768w, https:\/\/azooeurope.com\/wp-content\/uploads\/azoo_plus_bio_turtle_xd_extreme_decomposer_03-300x300.jpg 300w, https:\/\/azooeurope.com\/wp-content\/uploads\/azoo_plus_bio_turtle_xd_extreme_decomposer_03-600x600.jpg 600w, https:\/\/azooeurope.com\/wp-content\/uploads\/azoo_plus_bio_turtle_xd_extreme_decomposer_03-100x100.jpg 100w, https:\/\/azooeurope.com\/wp-content\/uploads\/azoo_plus_bio_turtle_xd_extreme_decomposer_03.jpg 1250w\" sizes=\"(max-width: 400px) 100vw, 400px\" \/><figcaption id=\"caption-attachment-2992\" class=\"wp-caption-text\">BIO TURTLE XD Decompositor Extremo<\/figcaption><\/figure>\n<p><span style=\"color: #228bca;\"><strong>OBSERVA\u00c7\u00d5ES:<\/strong><\/span> &#8211; Para garantir uma dispers\u00e3o adequada, adiciona os aditivos numa \u00e1rea do aqu\u00e1rio com fluxo suficiente.<br \/>\n&#8211; Para as mudan\u00e7as de \u00e1gua, podes adicionar aditivos \u00e0 \u00e1gua antes de a despejares no aqu\u00e1rio.<br \/>\nEvita misturar diferentes aditivos antes de os adicionar.<br \/>\n&#8211; Alguns produtos de aqu\u00e1rio podem reagir quimicamente com outros; evita combinar v\u00e1rios produtos simultaneamente para evitar precipita\u00e7\u00f5es ou reac\u00e7\u00f5es indesejadas.<br \/>\n&#8211; A tampa do frasco ajuda-te a medir a dose com precis\u00e3o: &#8211; A cavidade interior tem capacidade para 5 ml.<br \/>\n&#8211; O volume entre a cavidade interior e a exterior cont\u00e9m 10 ml.<br \/>\n&#8211; As duas cavidades cheias cont\u00eam um total de 15 ml.<br \/>\n&#8211; Uma tampa completamente cheia cont\u00e9m 20 ml. <span style=\"color: #228bca;\"><strong>ATEN\u00c7\u00c3O:<\/strong><\/span> &#8211; N\u00c3O \u00c9 ADEQUADO PARA CONSUMO HUMANO.<br \/>\n&#8211; N\u00c3O INGERIR.<br \/>\nEM CASO DE CONTACTO COM OS OLHOS, LAVA ABUNDANTEMENTE COM \u00c1GUA LIMPA E PROCURA ASSIST\u00caNCIA M\u00c9DICA.<br \/>\n&#8211; MANT\u00c9M O PRODUTO FORA DO ALCANCE DAS CRIAN\u00c7AS E DOS ANIMAIS DOM\u00c9STICOS.<br \/>\n&#8211; AGITA O FRASCO ANTES DE O UTILIZARES.<br \/>\n&#8211; FECHA BEM O FRASCO AP\u00d3S CADA UTILIZA\u00c7\u00c3O.<br \/>\n&#8211; GUARDA O FRASCO NUM LOCAL FRESCO E SECO, EVITANDO A EXPOSI\u00c7\u00c3O DIRECTA AO SOL.<br \/>\n&#8211; PARA USO EXCLUSIVO EM AQU\u00c1RIOS COM PEIXES ORNAMENTAIS.<\/p>\n<h2><span style=\"color: #228bca;\"><strong>Principais componentes do Ultra Bioguard: <\/strong><\/span><\/h2>\n<p>BIO XD \u00e9 composto por v\u00e1rias estirpes de bact\u00e9rias naturais e altamente activas, tais como bact\u00e9rias nitrificantes, Paracoccus denitrificans e Desulfurobacterium, numa concentra\u00e7\u00e3o superior a 109 CFU\/g.<\/p>\n","protected":false},"excerpt":{"rendered":"<p>BIO TURTLE XD (Extreme Decomposer) BIO TURTLE XD (Extreme Decomposer) \u00e9 um condicionador biol\u00f3gico Premium para aqu\u00e1rios de \u00e1gua doce. Funciona tanto em \u00e1gua doce como em \u00e1gua salgada. Recupera a qualidade da \u00e1gua e recria um ambiente natural. \u00c9 o degradador biol\u00f3gico mais r\u00e1pido do mercado, actuando em 8 horas. Reduz a frequ\u00eancia de [&hellip;]<\/p>\n","protected":false},"featured_media":2986,"comment_status":"open","ping_status":"closed","template":"","meta":{"rank_math_lock_modified_date":false},"product_cat":[469,471,558],"product_tag":[523,565,563,571,618,621,479,575,573,614,577,572,574,536,615,617,569,567,616,528,619,620,622,561,531],"class_list":{"0":"post-5357","1":"product","2":"type-product","3":"status-publish","4":"has-post-thumbnail","6":"product_cat-azoo-europa-pt-pt","7":"product_cat-azoo-plus-pt-pt","8":"product_cat-bacterias-pt-pt","9":"product_tag-acondicionador-pt-pt","10":"product_tag-amonia-pt-pt","11":"product_tag-amoniaco-pt-pt","12":"product_tag-amoniaco-pt-pt-2","13":"product_tag-ap48023-pt-pt","14":"product_tag-aquario","15":"product_tag-azoo-pt-pt","16":"product_tag-azoo-plus-pt-pt","17":"product_tag-azoto","18":"product_tag-bio-xd-pt-pt","19":"product_tag-bioguarda","20":"product_tag-ciclo-pt-pt","21":"product_tag-ciclo-do-azoto","22":"product_tag-condicionador","23":"product_tag-decompositor-extremo","24":"product_tag-desulfurobacterium-pt-pt","25":"product_tag-nitrato-pt-pt","26":"product_tag-nitrito-pt-pt","27":"product_tag-paracoccus-denitrificans-pt-pt","28":"product_tag-ph-pt-pt","29":"product_tag-tartarugas","30":"product_tag-tartarugas-aquaticas","31":"product_tag-terrario-pt-pt","32":"product_tag-toxinas-pt-pt-2","33":"product_tag-toxinas-pt-pt","35":"first","36":"instock","37":"shipping-taxable","38":"product-type-simple"},"_links":{"self":[{"href":"https:\/\/azooeurope.com\/pt-pt\/wp-json\/wp\/v2\/product\/5357","targetHints":{"allow":["GET"]}}],"collection":[{"href":"https:\/\/azooeurope.com\/pt-pt\/wp-json\/wp\/v2\/product"}],"about":[{"href":"https:\/\/azooeurope.com\/pt-pt\/wp-json\/wp\/v2\/types\/product"}],"replies":[{"embeddable":true,"href":"https:\/\/azooeurope.com\/pt-pt\/wp-json\/wp\/v2\/comments?post=5357"}],"wp:featuredmedia":[{"embeddable":true,"href":"https:\/\/azooeurope.com\/pt-pt\/wp-json\/wp\/v2\/media\/2986"}],"wp:attachment":[{"href":"https:\/\/azooeurope.com\/pt-pt\/wp-json\/wp\/v2\/media?parent=5357"}],"wp:term":[{"taxonomy":"product_cat","embeddable":true,"href":"https:\/\/azooeurope.com\/pt-pt\/wp-json\/wp\/v2\/product_cat?post=5357"},{"taxonomy":"product_tag","embeddable":true,"href":"https:\/\/azooeurope.com\/pt-pt\/wp-json\/wp\/v2\/product_tag?post=5357"}],"curies":[{"name":"wp","href":"https:\/\/api.w.org\/{rel}","templated":true}]}}