{"id":5253,"date":"2024-09-16T14:40:34","date_gmt":"2024-09-16T12:40:34","guid":{"rendered":"https:\/\/infallible-hoover.188-95-114-6.plesk.page\/ultra-fresco\/"},"modified":"2024-09-24T11:36:42","modified_gmt":"2024-09-24T09:36:42","slug":"ultra-fresco","status":"publish","type":"page","link":"https:\/\/azooeurope.com\/pt-pt\/ultra-fresco\/","title":{"rendered":"Ultra fresco"},"content":{"rendered":"\t\t<div data-elementor-type=\"wp-page\" data-elementor-id=\"5253\" class=\"elementor elementor-5253 elementor-2191\" data-elementor-post-type=\"page\">\n\t\t\t\t<div class=\"elementor-element elementor-element-d7b8cbe e-flex e-con-boxed e-con e-parent\" data-id=\"d7b8cbe\" data-element_type=\"container\" data-settings=\"{&quot;background_background&quot;:&quot;classic&quot;,&quot;_ha_eqh_enable&quot;:false}\">\n\t\t\t\t\t<div class=\"e-con-inner\">\n\t\t\t\t<div class=\"elementor-element elementor-element-369588f elementor-widget elementor-widget-image\" data-id=\"369588f\" data-element_type=\"widget\" data-widget_type=\"image.default\">\n\t\t\t\t<div class=\"elementor-widget-container\">\n\t\t\t\t\t\t\t\t\t\t\t\t\t<img fetchpriority=\"high\" decoding=\"async\" width=\"500\" height=\"262\" src=\"https:\/\/azooeurope.com\/wp-content\/uploads\/ultra-fresh-logo_blanco.png\" class=\"attachment-large size-large wp-image-4228\" alt=\"\" srcset=\"https:\/\/azooeurope.com\/wp-content\/uploads\/ultra-fresh-logo_blanco.png 500w, https:\/\/azooeurope.com\/wp-content\/uploads\/ultra-fresh-logo_blanco-400x210.png 400w\" sizes=\"(max-width: 500px) 100vw, 500px\" \/>\t\t\t\t\t\t\t\t\t\t\t\t\t<\/div>\n\t\t\t\t<\/div>\n\t\t\t\t\t<\/div>\n\t\t\t\t<\/div>\n\t\t<div class=\"elementor-element elementor-element-b388cc4 e-grid e-con-boxed e-con e-parent\" data-id=\"b388cc4\" data-element_type=\"container\" data-settings=\"{&quot;animation&quot;:&quot;none&quot;,&quot;_ha_eqh_enable&quot;:false}\">\n\t\t\t\t\t<div class=\"e-con-inner\">\n\t\t\t\t<div class=\"elementor-element elementor-element-e2369e4 elementor-invisible elementor-widget elementor-widget-image\" data-id=\"e2369e4\" data-element_type=\"widget\" data-settings=\"{&quot;_animation&quot;:&quot;fadeInLeft&quot;}\" data-widget_type=\"image.default\">\n\t\t\t\t<div class=\"elementor-widget-container\">\n\t\t\t\t\t\t\t\t\t\t\t\t\t\t<a href=\"\/pt-pt\/a-nossa-historia\/\">\n\t\t\t\t\t\t\t<img decoding=\"async\" width=\"1500\" height=\"1500\" src=\"https:\/\/azooeurope.com\/wp-content\/uploads\/our-story-button2.jpg\" class=\"elementor-animation-grow-rotate attachment-large size-large wp-image-4321\" alt=\"\" srcset=\"https:\/\/azooeurope.com\/wp-content\/uploads\/our-story-button2.jpg 1500w, https:\/\/azooeurope.com\/wp-content\/uploads\/our-story-button2-400x400.jpg 400w, https:\/\/azooeurope.com\/wp-content\/uploads\/our-story-button2-768x768.jpg 768w, https:\/\/azooeurope.com\/wp-content\/uploads\/our-story-button2-300x300.jpg 300w, https:\/\/azooeurope.com\/wp-content\/uploads\/our-story-button2-600x600.jpg 600w, https:\/\/azooeurope.com\/wp-content\/uploads\/our-story-button2-100x100.jpg 100w\" sizes=\"(max-width: 1500px) 100vw, 1500px\" \/>\t\t\t\t\t\t\t\t<\/a>\n\t\t\t\t\t\t\t\t\t\t\t\t\t<\/div>\n\t\t\t\t<\/div>\n\t\t\t\t<div class=\"elementor-element elementor-element-8bfd4db elementor-invisible elementor-widget elementor-widget-image\" data-id=\"8bfd4db\" data-element_type=\"widget\" data-settings=\"{&quot;_animation&quot;:&quot;zoomIn&quot;}\" data-widget_type=\"image.default\">\n\t\t\t\t<div class=\"elementor-widget-container\">\n\t\t\t\t\t\t\t\t\t\t\t\t\t\t<a href=\"\/pt-pt\/8-razoes-para-o-fazeres\/\">\n\t\t\t\t\t\t\t<img decoding=\"async\" width=\"1500\" height=\"1500\" src=\"https:\/\/azooeurope.com\/wp-content\/uploads\/8-reasons-why-button2.jpg\" class=\"elementor-animation-grow-rotate attachment-large size-large wp-image-4318\" alt=\"\" srcset=\"https:\/\/azooeurope.com\/wp-content\/uploads\/8-reasons-why-button2.jpg 1500w, https:\/\/azooeurope.com\/wp-content\/uploads\/8-reasons-why-button2-400x400.jpg 400w, https:\/\/azooeurope.com\/wp-content\/uploads\/8-reasons-why-button2-768x768.jpg 768w, https:\/\/azooeurope.com\/wp-content\/uploads\/8-reasons-why-button2-300x300.jpg 300w, https:\/\/azooeurope.com\/wp-content\/uploads\/8-reasons-why-button2-600x600.jpg 600w, https:\/\/azooeurope.com\/wp-content\/uploads\/8-reasons-why-button2-100x100.jpg 100w\" sizes=\"(max-width: 1500px) 100vw, 1500px\" \/>\t\t\t\t\t\t\t\t<\/a>\n\t\t\t\t\t\t\t\t\t\t\t\t\t<\/div>\n\t\t\t\t<\/div>\n\t\t\t\t<div class=\"elementor-element elementor-element-a5ca0f9 elementor-invisible elementor-widget elementor-widget-image\" data-id=\"a5ca0f9\" data-element_type=\"widget\" data-settings=\"{&quot;_animation&quot;:&quot;fadeInRight&quot;}\" data-widget_type=\"image.default\">\n\t\t\t\t<div class=\"elementor-widget-container\">\n\t\t\t\t\t\t\t\t\t\t\t\t\t\t<a href=\"\/pt-pt\/encontra-o-alimento-ideal\/\">\n\t\t\t\t\t\t\t<img loading=\"lazy\" decoding=\"async\" width=\"1500\" height=\"1500\" src=\"https:\/\/azooeurope.com\/wp-content\/uploads\/find_de_ideal_food-button.jpg\" class=\"elementor-animation-grow-rotate attachment-large size-large wp-image-4492\" alt=\"\" srcset=\"https:\/\/azooeurope.com\/wp-content\/uploads\/find_de_ideal_food-button.jpg 1500w, https:\/\/azooeurope.com\/wp-content\/uploads\/find_de_ideal_food-button-400x400.jpg 400w, https:\/\/azooeurope.com\/wp-content\/uploads\/find_de_ideal_food-button-768x768.jpg 768w, https:\/\/azooeurope.com\/wp-content\/uploads\/find_de_ideal_food-button-300x300.jpg 300w, https:\/\/azooeurope.com\/wp-content\/uploads\/find_de_ideal_food-button-600x600.jpg 600w, https:\/\/azooeurope.com\/wp-content\/uploads\/find_de_ideal_food-button-100x100.jpg 100w\" sizes=\"(max-width: 1500px) 100vw, 1500px\" \/>\t\t\t\t\t\t\t\t<\/a>\n\t\t\t\t\t\t\t\t\t\t\t\t\t<\/div>\n\t\t\t\t<\/div>\n\t\t\t\t<div class=\"elementor-element elementor-element-6bb90c8 elementor-invisible elementor-widget elementor-widget-image\" data-id=\"6bb90c8\" data-element_type=\"widget\" data-settings=\"{&quot;_animation&quot;:&quot;fadeInRight&quot;}\" data-widget_type=\"image.default\">\n\t\t\t\t<div class=\"elementor-widget-container\">\n\t\t\t\t\t\t\t\t\t\t\t\t\t\t<a href=\"https:\/\/azooeurope.com\/pt-pt\/qual-delas-achas-que-e-mais-natural\/\">\n\t\t\t\t\t\t\t<img loading=\"lazy\" decoding=\"async\" width=\"1500\" height=\"1500\" src=\"https:\/\/azooeurope.com\/wp-content\/uploads\/which_one_do_you_think_is-button.jpg\" class=\"elementor-animation-grow-rotate attachment-large size-large wp-image-4468\" alt=\"\" srcset=\"https:\/\/azooeurope.com\/wp-content\/uploads\/which_one_do_you_think_is-button.jpg 1500w, https:\/\/azooeurope.com\/wp-content\/uploads\/which_one_do_you_think_is-button-400x400.jpg 400w, https:\/\/azooeurope.com\/wp-content\/uploads\/which_one_do_you_think_is-button-768x768.jpg 768w, https:\/\/azooeurope.com\/wp-content\/uploads\/which_one_do_you_think_is-button-300x300.jpg 300w, https:\/\/azooeurope.com\/wp-content\/uploads\/which_one_do_you_think_is-button-600x600.jpg 600w, https:\/\/azooeurope.com\/wp-content\/uploads\/which_one_do_you_think_is-button-100x100.jpg 100w\" sizes=\"(max-width: 1500px) 100vw, 1500px\" \/>\t\t\t\t\t\t\t\t<\/a>\n\t\t\t\t\t\t\t\t\t\t\t\t\t<\/div>\n\t\t\t\t<\/div>\n\t\t\t\t<div class=\"elementor-element elementor-element-8961388 elementor-invisible elementor-widget elementor-widget-image\" data-id=\"8961388\" data-element_type=\"widget\" data-settings=\"{&quot;_animation&quot;:&quot;fadeInRight&quot;}\" data-widget_type=\"image.default\">\n\t\t\t\t<div class=\"elementor-widget-container\">\n\t\t\t\t\t\t\t\t\t\t\t\t\t\t<a href=\"https:\/\/azooeurope.com\/pt-pt\/porque-camaroes-espada\/\">\n\t\t\t\t\t\t\t<img loading=\"lazy\" decoding=\"async\" width=\"1500\" height=\"1500\" src=\"https:\/\/azooeurope.com\/wp-content\/uploads\/why-sword-prawns-button2.jpg\" class=\"elementor-animation-grow-rotate attachment-large size-large wp-image-4324\" alt=\"\" srcset=\"https:\/\/azooeurope.com\/wp-content\/uploads\/why-sword-prawns-button2.jpg 1500w, https:\/\/azooeurope.com\/wp-content\/uploads\/why-sword-prawns-button2-400x400.jpg 400w, https:\/\/azooeurope.com\/wp-content\/uploads\/why-sword-prawns-button2-768x768.jpg 768w, https:\/\/azooeurope.com\/wp-content\/uploads\/why-sword-prawns-button2-300x300.jpg 300w, https:\/\/azooeurope.com\/wp-content\/uploads\/why-sword-prawns-button2-600x600.jpg 600w, https:\/\/azooeurope.com\/wp-content\/uploads\/why-sword-prawns-button2-100x100.jpg 100w\" sizes=\"(max-width: 1500px) 100vw, 1500px\" \/>\t\t\t\t\t\t\t\t<\/a>\n\t\t\t\t\t\t\t\t\t\t\t\t\t<\/div>\n\t\t\t\t<\/div>\n\t\t\t\t<div class=\"elementor-element elementor-element-325435a elementor-invisible elementor-widget elementor-widget-image\" data-id=\"325435a\" data-element_type=\"widget\" data-settings=\"{&quot;_animation&quot;:&quot;fadeInRight&quot;}\" data-widget_type=\"image.default\">\n\t\t\t\t<div class=\"elementor-widget-container\">\n\t\t\t\t\t\t\t\t\t\t\t\t\t\t<a href=\"https:\/\/www.facebook.com\/profile.php?id=61555826249492\" target=\"_blank\" rel=\"noopener\">\n\t\t\t\t\t\t\t<img loading=\"lazy\" decoding=\"async\" width=\"1500\" height=\"1500\" src=\"https:\/\/azooeurope.com\/wp-content\/uploads\/join-us-on-facebook-button.jpg\" class=\"elementor-animation-grow-rotate attachment-large size-large wp-image-4486\" alt=\"\" srcset=\"https:\/\/azooeurope.com\/wp-content\/uploads\/join-us-on-facebook-button.jpg 1500w, https:\/\/azooeurope.com\/wp-content\/uploads\/join-us-on-facebook-button-400x400.jpg 400w, https:\/\/azooeurope.com\/wp-content\/uploads\/join-us-on-facebook-button-768x768.jpg 768w, https:\/\/azooeurope.com\/wp-content\/uploads\/join-us-on-facebook-button-300x300.jpg 300w, https:\/\/azooeurope.com\/wp-content\/uploads\/join-us-on-facebook-button-600x600.jpg 600w, https:\/\/azooeurope.com\/wp-content\/uploads\/join-us-on-facebook-button-100x100.jpg 100w\" sizes=\"(max-width: 1500px) 100vw, 1500px\" \/>\t\t\t\t\t\t\t\t<\/a>\n\t\t\t\t\t\t\t\t\t\t\t\t\t<\/div>\n\t\t\t\t<\/div>\n\t\t\t\t\t<\/div>\n\t\t\t\t<\/div>\n\t\t<div class=\"elementor-element elementor-element-1236f92 e-flex e-con-boxed e-con e-parent\" data-id=\"1236f92\" data-element_type=\"container\" data-settings=\"{&quot;_ha_eqh_enable&quot;:false}\">\n\t\t\t\t\t<div class=\"e-con-inner\">\n\t\t\t\t<div class=\"elementor-element elementor-element-2c4c871 elementor-widget elementor-widget-heading\" data-id=\"2c4c871\" data-element_type=\"widget\" data-widget_type=\"heading.default\">\n\t\t\t\t<div class=\"elementor-widget-container\">\n\t\t\t<h2 class=\"elementor-heading-title elementor-size-default\">Descobre a nossa t\u00e9cnica inovadora de nutri\u00e7\u00e3o de alta qualidade para peixes ornamentais, onde combinamos a ci\u00eancia mais avan\u00e7ada em nutri\u00e7\u00e3o com a experi\u00eancia dos mais prestigiados criadores em v\u00e1rios pa\u00edses do mundo.  <\/h2>\t\t<\/div>\n\t\t\t\t<\/div>\n\t\t\t\t<div class=\"elementor-element elementor-element-dd7c51c elementor-widget elementor-widget-heading\" data-id=\"dd7c51c\" data-element_type=\"widget\" data-widget_type=\"heading.default\">\n\t\t\t\t<div class=\"elementor-widget-container\">\n\t\t\t<h2 class=\"elementor-heading-title elementor-size-default\">Acreditamos que a verdadeira comida de peixe deve ser feita a partir de carne, vegetais e algas marinhas naturalmente frescas, utilizando um processamento a baixa temperatura para conservar todos os sabores naturais e o rico valor nutricional que a natureza pretende.  <\/h2>\t\t<\/div>\n\t\t\t\t<\/div>\n\t\t\t\t<div class=\"elementor-element elementor-element-9564f2c elementor-widget elementor-widget-image\" data-id=\"9564f2c\" data-element_type=\"widget\" data-widget_type=\"image.default\">\n\t\t\t\t<div class=\"elementor-widget-container\">\n\t\t\t\t\t\t\t\t\t\t\t\t\t<img fetchpriority=\"high\" decoding=\"async\" width=\"500\" height=\"262\" src=\"https:\/\/azooeurope.com\/wp-content\/uploads\/ultra-fresh-logo_blanco.png\" class=\"attachment-large size-large wp-image-4228\" alt=\"\" srcset=\"https:\/\/azooeurope.com\/wp-content\/uploads\/ultra-fresh-logo_blanco.png 500w, https:\/\/azooeurope.com\/wp-content\/uploads\/ultra-fresh-logo_blanco-400x210.png 400w\" sizes=\"(max-width: 500px) 100vw, 500px\" \/>\t\t\t\t\t\t\t\t\t\t\t\t\t<\/div>\n\t\t\t\t<\/div>\n\t\t\t\t\t<\/div>\n\t\t\t\t<\/div>\n\t\t\t\t<\/div>\n\t\t","protected":false},"excerpt":{"rendered":"<p>Descobre a nossa t\u00e9cnica inovadora de nutri\u00e7\u00e3o de alta qualidade para peixes ornamentais, onde combinamos a ci\u00eancia mais avan\u00e7ada em nutri\u00e7\u00e3o com a experi\u00eancia dos mais prestigiados criadores em v\u00e1rios pa\u00edses do mundo. Acreditamos que a verdadeira comida de peixe deve ser feita a partir de carne, vegetais e algas marinhas naturalmente frescas, utilizando um [&hellip;]<\/p>\n","protected":false},"author":5,"featured_media":0,"parent":0,"menu_order":0,"comment_status":"closed","ping_status":"closed","template":"","meta":{"rank_math_lock_modified_date":false,"footnotes":""},"class_list":["post-5253","page","type-page","status-publish","hentry"],"_links":{"self":[{"href":"https:\/\/azooeurope.com\/pt-pt\/wp-json\/wp\/v2\/pages\/5253","targetHints":{"allow":["GET"]}}],"collection":[{"href":"https:\/\/azooeurope.com\/pt-pt\/wp-json\/wp\/v2\/pages"}],"about":[{"href":"https:\/\/azooeurope.com\/pt-pt\/wp-json\/wp\/v2\/types\/page"}],"author":[{"embeddable":true,"href":"https:\/\/azooeurope.com\/pt-pt\/wp-json\/wp\/v2\/users\/5"}],"replies":[{"embeddable":true,"href":"https:\/\/azooeurope.com\/pt-pt\/wp-json\/wp\/v2\/comments?post=5253"}],"version-history":[{"count":3,"href":"https:\/\/azooeurope.com\/pt-pt\/wp-json\/wp\/v2\/pages\/5253\/revisions"}],"predecessor-version":[{"id":5488,"href":"https:\/\/azooeurope.com\/pt-pt\/wp-json\/wp\/v2\/pages\/5253\/revisions\/5488"}],"wp:attachment":[{"href":"https:\/\/azooeurope.com\/pt-pt\/wp-json\/wp\/v2\/media?parent=5253"}],"curies":[{"name":"wp","href":"https:\/\/api.w.org\/{rel}","templated":true}]}}