{"id":4957,"date":"2024-01-05T00:27:19","date_gmt":"2024-01-04T23:27:19","guid":{"rendered":"https:\/\/infallible-hoover.188-95-114-6.plesk.page\/sobre-nos\/"},"modified":"2024-11-18T14:01:51","modified_gmt":"2024-11-18T13:01:51","slug":"sobre-nos","status":"publish","type":"page","link":"https:\/\/azooeurope.com\/pt-pt\/sobre-nos\/","title":{"rendered":"Sobre n\u00f3s"},"content":{"rendered":"\t\t<div data-elementor-type=\"wp-page\" data-elementor-id=\"4957\" class=\"elementor elementor-4957 elementor-17\" data-elementor-post-type=\"page\">\n\t\t\t\t<div class=\"elementor-element elementor-element-f028222 e-flex e-con-boxed e-con e-parent\" data-id=\"f028222\" data-element_type=\"container\" data-settings=\"{&quot;background_background&quot;:&quot;classic&quot;,&quot;_ha_eqh_enable&quot;:false}\">\n\t\t\t\t\t<div class=\"e-con-inner\">\n\t\t<div class=\"elementor-element elementor-element-46295ce e-con-full e-flex e-con e-child\" data-id=\"46295ce\" data-element_type=\"container\" data-settings=\"{&quot;_ha_eqh_enable&quot;:false}\">\n\t\t<div class=\"elementor-element elementor-element-64362da e-con-full e-flex e-con e-child\" data-id=\"64362da\" data-element_type=\"container\" data-settings=\"{&quot;_ha_eqh_enable&quot;:false}\">\n\t\t<div class=\"elementor-element elementor-element-ff8b39b e-con-full e-flex e-con e-child\" data-id=\"ff8b39b\" data-element_type=\"container\" data-settings=\"{&quot;_ha_eqh_enable&quot;:false}\">\n\t\t\t\t<div class=\"elementor-element elementor-element-f60250d elementor-invisible elementor-widget elementor-widget-heading\" data-id=\"f60250d\" data-element_type=\"widget\" data-settings=\"{&quot;_animation&quot;:&quot;fadeInUp&quot;}\" data-widget_type=\"heading.default\">\n\t\t\t\t<div class=\"elementor-widget-container\">\n\t\t\t<h2 class=\"elementor-heading-title elementor-size-default\">QUEM SOMOS<\/h2>\t\t<\/div>\n\t\t\t\t<\/div>\n\t\t\t\t<div class=\"elementor-element elementor-element-84b8d11 elementor-icon-list--layout-inline elementor-list-item-link-full_width elementor-widget elementor-widget-icon-list\" data-id=\"84b8d11\" data-element_type=\"widget\" data-widget_type=\"icon-list.default\">\n\t\t\t\t<div class=\"elementor-widget-container\">\n\t\t\t\t\t<ul class=\"elementor-icon-list-items elementor-inline-items\">\n\t\t\t\t\t\t\t<li class=\"elementor-icon-list-item elementor-inline-item\">\n\t\t\t\t\t\t\t\t\t\t\t<a href=\"\/pt-pt\/\">\n\n\t\t\t\t\t\t\t\t\t\t\t<span class=\"elementor-icon-list-text\">Casa<\/span>\n\t\t\t\t\t\t\t\t\t\t\t<\/a>\n\t\t\t\t\t\t\t\t\t<\/li>\n\t\t\t\t\t\t<\/ul>\n\t\t\t\t<\/div>\n\t\t\t\t<\/div>\n\t\t\t\t<\/div>\n\t\t\t\t<\/div>\n\t\t\t\t<\/div>\n\t\t\t\t\t<\/div>\n\t\t\t\t<\/div>\n\t\t\t\t<section class=\"elementor-section elementor-top-section elementor-element elementor-element-e351133 elementor-section-boxed elementor-section-height-default elementor-section-height-default\" data-id=\"e351133\" data-element_type=\"section\" data-settings=\"{&quot;_ha_eqh_enable&quot;:false}\">\n\t\t\t\t\t\t<div class=\"elementor-container elementor-column-gap-default\">\n\t\t\t\t\t<div class=\"elementor-column elementor-col-50 elementor-top-column elementor-element elementor-element-209646a\" data-id=\"209646a\" data-element_type=\"column\" data-settings=\"{&quot;animation&quot;:&quot;none&quot;}\">\n\t\t\t<div class=\"elementor-widget-wrap elementor-element-populated\">\n\t\t\t\t\t\t<div class=\"elementor-element elementor-element-a9224d2 elementor-invisible elementor-widget elementor-widget-image\" data-id=\"a9224d2\" data-element_type=\"widget\" data-settings=\"{&quot;_animation&quot;:&quot;zoomIn&quot;}\" data-widget_type=\"image.default\">\n\t\t\t\t<div class=\"elementor-widget-container\">\n\t\t\t\t\t\t\t\t\t\t\t\t\t<img fetchpriority=\"high\" decoding=\"async\" width=\"1379\" height=\"1379\" src=\"https:\/\/azooeurope.com\/wp-content\/uploads\/azoo-corporation.jpg\" class=\"attachment-full size-full wp-image-4336\" alt=\"\" srcset=\"https:\/\/azooeurope.com\/wp-content\/uploads\/azoo-corporation.jpg 1379w, https:\/\/azooeurope.com\/wp-content\/uploads\/azoo-corporation-400x400.jpg 400w, https:\/\/azooeurope.com\/wp-content\/uploads\/azoo-corporation-768x768.jpg 768w, https:\/\/azooeurope.com\/wp-content\/uploads\/azoo-corporation-300x300.jpg 300w, https:\/\/azooeurope.com\/wp-content\/uploads\/azoo-corporation-600x600.jpg 600w, https:\/\/azooeurope.com\/wp-content\/uploads\/azoo-corporation-100x100.jpg 100w\" sizes=\"(max-width: 1379px) 100vw, 1379px\" \/>\t\t\t\t\t\t\t\t\t\t\t\t\t<\/div>\n\t\t\t\t<\/div>\n\t\t\t\t\t<\/div>\n\t\t<\/div>\n\t\t\t\t<div class=\"elementor-column elementor-col-50 elementor-top-column elementor-element elementor-element-a4d2f48\" data-id=\"a4d2f48\" data-element_type=\"column\">\n\t\t\t<div class=\"elementor-widget-wrap elementor-element-populated\">\n\t\t\t\t\t\t<div class=\"elementor-element elementor-element-6a1f125 elementor-widget elementor-widget-heading\" data-id=\"6a1f125\" data-element_type=\"widget\" data-widget_type=\"heading.default\">\n\t\t\t\t<div class=\"elementor-widget-container\">\n\t\t\t<h2 class=\"elementor-heading-title elementor-size-default\">Sobre a TAIKONG Corp. e a AZOO Corporation<\/h2>\t\t<\/div>\n\t\t\t\t<\/div>\n\t\t\t\t<div class=\"elementor-element elementor-element-903950b elementor-invisible elementor-widget elementor-widget-heading\" data-id=\"903950b\" data-element_type=\"widget\" data-settings=\"{&quot;_animation&quot;:&quot;fadeInUp&quot;}\" data-widget_type=\"heading.default\">\n\t\t\t\t<div class=\"elementor-widget-container\">\n\t\t\t<h2 class=\"elementor-heading-title elementor-size-default\"><b>TAIKONG Corp<\/b>.\n\u00e9 uma empresa de biotecnologia que iniciou a sua atividade em 1977, centrando-se na investiga\u00e7\u00e3o cient\u00edfica e no fabrico de produtos de alta qualidade para aquacultura e aqu\u00e1rios.\nEm particular, contribu\u00edmos significativamente para a <b>investiga\u00e7\u00e3o e desenvolvimento de peixes transg\u00e9nicos<\/b>.  <\/h2>\t\t<\/div>\n\t\t\t\t<\/div>\n\t\t\t\t<div class=\"elementor-element elementor-element-ad9d66a elementor-widget elementor-widget-text-editor\" data-id=\"ad9d66a\" data-element_type=\"widget\" data-widget_type=\"text-editor.default\">\n\t\t\t\t<div class=\"elementor-widget-container\">\n\t\t\t\t\t\t\t<p>Somos especializados na produ\u00e7\u00e3o de alimentos, materiais de filtragem e condicionadores de \u00e1gua qu\u00edmicos e biol\u00f3gicos.  <\/p>\n<p>Somos os criadores do sistema automatizado Smart Zebrafish Microlab, utilizado nos laborat\u00f3rios cient\u00edficos dos institutos de investiga\u00e7\u00e3o mais prestigiados do mundo.<\/p>\n<p><b>Possu\u00edmos as prestigiadas certifica\u00e7\u00f5es de qualidade ISO 9000 e 14000<\/b> e somos os criadores das marcas <b>AZOO PLUS<\/b> e <b>Ultra Fresh<\/b>.<\/p>\n<p>Desde 2017, <b>a AZOO Europe estabeleceu instala\u00e7\u00f5es em Madrid,<\/b> Espanha, para fornecer apoio t\u00e9cnico e distribuir os nossos produtos para aqu\u00e1rios e aquacultura em toda a Europa.<\/p>\n<p><b>A nossa equipa est\u00e1 empenhada no sector da aquariofilia profissional e sustent\u00e1vel, tanto do ponto de vista ambiental como econ\u00f3mico.<\/b><\/p>\n\t\t\t\t\t\t<\/div>\n\t\t\t\t<\/div>\n\t\t\t\t\t<\/div>\n\t\t<\/div>\n\t\t\t\t\t<\/div>\n\t\t<\/section>\n\t\t\t\t<section class=\"elementor-section elementor-top-section elementor-element elementor-element-13a9a23 elementor-section-boxed elementor-section-height-default elementor-section-height-default\" data-id=\"13a9a23\" data-element_type=\"section\" data-settings=\"{&quot;_ha_eqh_enable&quot;:false}\">\n\t\t\t\t\t\t<div class=\"elementor-container elementor-column-gap-default\">\n\t\t\t\t\t<div class=\"elementor-column elementor-col-100 elementor-top-column elementor-element elementor-element-13d32a9\" data-id=\"13d32a9\" data-element_type=\"column\">\n\t\t\t<div class=\"elementor-widget-wrap elementor-element-populated\">\n\t\t\t\t\t\t<div class=\"elementor-element elementor-element-5478163 elementor-invisible elementor-widget elementor-widget-heading\" data-id=\"5478163\" data-element_type=\"widget\" data-settings=\"{&quot;_animation&quot;:&quot;fadeInUp&quot;}\" data-widget_type=\"heading.default\">\n\t\t\t\t<div class=\"elementor-widget-container\">\n\t\t\t<h2 class=\"elementor-heading-title elementor-size-default\">A equipa da AZOO Europe est\u00e1 empenhada em colocar \u00e0 disposi\u00e7\u00e3o dos nossos clientes europeus os excelentes produtos Premium da AZOO Corporation, resultado de 40 anos de investiga\u00e7\u00e3o e desenvolvimento ao servi\u00e7o da aquariofilia mundial.\nO privil\u00e9gio de representar uma das marcas mais prestigiadas do mundo na Europa \u00e9 um desafio e tanto, mas ao mesmo tempo enche-nos de orgulho e motiva\u00e7\u00e3o para partilhar a sua inova\u00e7\u00e3o tecnol\u00f3gica e a sua vis\u00e3o apaixonada e natural da aquariofilia, ao mesmo tempo que proporciona uma oportunidade de neg\u00f3cio rent\u00e1vel e sustent\u00e1vel. <\/h2>\t\t<\/div>\n\t\t\t\t<\/div>\n\t\t\t\t\t<\/div>\n\t\t<\/div>\n\t\t\t\t\t<\/div>\n\t\t<\/section>\n\t\t\t\t<section class=\"elementor-section elementor-top-section elementor-element elementor-element-bbedf31 elementor-section-boxed elementor-section-height-default elementor-section-height-default\" data-id=\"bbedf31\" data-element_type=\"section\" data-settings=\"{&quot;_ha_eqh_enable&quot;:false}\">\n\t\t\t\t\t\t<div class=\"elementor-container elementor-column-gap-default\">\n\t\t\t\t\t<div class=\"elementor-column elementor-col-50 elementor-top-column elementor-element elementor-element-da477d9\" data-id=\"da477d9\" data-element_type=\"column\">\n\t\t\t<div class=\"elementor-widget-wrap elementor-element-populated\">\n\t\t\t\t\t\t<div class=\"elementor-element elementor-element-7a6b063 elementor-widget elementor-widget-heading\" data-id=\"7a6b063\" data-element_type=\"widget\" data-widget_type=\"heading.default\">\n\t\t\t\t<div class=\"elementor-widget-container\">\n\t\t\t<h2 class=\"elementor-heading-title elementor-size-default\">Comunica\u00e7\u00e3o com os nossos clientes<\/h2>\t\t<\/div>\n\t\t\t\t<\/div>\n\t\t\t\t<div class=\"elementor-element elementor-element-7f9157b elementor-invisible elementor-widget elementor-widget-heading\" data-id=\"7f9157b\" data-element_type=\"widget\" data-settings=\"{&quot;_animation&quot;:&quot;fadeInUp&quot;}\" data-widget_type=\"heading.default\">\n\t\t\t\t<div class=\"elementor-widget-container\">\n\t\t\t<h2 class=\"elementor-heading-title elementor-size-default\">Comunica\u00e7\u00e3o personalizada e apoio t\u00e9cnico:<\/h2>\t\t<\/div>\n\t\t\t\t<\/div>\n\t\t\t\t<div class=\"elementor-element elementor-element-aad1e75 elementor-widget elementor-widget-text-editor\" data-id=\"aad1e75\" data-element_type=\"widget\" data-widget_type=\"text-editor.default\">\n\t\t\t\t<div class=\"elementor-widget-container\">\n\t\t\t\t\t\t\t<p>A nossa equipa de profissionais fornece respostas personalizadas \u00e0s tuas quest\u00f5es.<br \/>\nEstamos a desenvolver o s\u00edtio Web<a href=\"https:\/\/azooeurope.com\/pt-pt\/\" target=\"_blank\">www.azooeurope.com<\/a>&nbsp;para servir de plataforma de apoio ao cliente, onde abordaremos as quest\u00f5es dos utilizadores finais no teu pa\u00eds.<br \/>\nAl\u00e9m disso, oferecemos apoio ao cliente por correio eletr\u00f3nico e WhatsApp.  <\/p>\n\t\t\t\t\t\t<\/div>\n\t\t\t\t<\/div>\n\t\t\t\t<div class=\"elementor-element elementor-element-fbeaf45 elementor-invisible elementor-widget elementor-widget-heading\" data-id=\"fbeaf45\" data-element_type=\"widget\" data-settings=\"{&quot;_animation&quot;:&quot;fadeInUp&quot;}\" data-widget_type=\"heading.default\">\n\t\t\t\t<div class=\"elementor-widget-container\">\n\t\t\t<h2 class=\"elementor-heading-title elementor-size-default\">Servi\u00e7o de entrega optimizado:<\/h2>\t\t<\/div>\n\t\t\t\t<\/div>\n\t\t\t\t<div class=\"elementor-element elementor-element-c936973 elementor-widget elementor-widget-text-editor\" data-id=\"c936973\" data-element_type=\"widget\" data-widget_type=\"text-editor.default\">\n\t\t\t\t<div class=\"elementor-widget-container\">\n\t\t\t\t\t\t\t<p>Comprometemo-nos a adaptar os nossos servi\u00e7os \u00e0s necessidades individuais de cada cliente.<br \/>\nO nosso servi\u00e7o de entregas utiliza as redes log\u00edsticas mais prestigiadas da Europa para garantir uma entrega eficiente e fi\u00e1vel. <\/p>\n\t\t\t\t\t\t<\/div>\n\t\t\t\t<\/div>\n\t\t\t\t\t<\/div>\n\t\t<\/div>\n\t\t\t\t<div class=\"elementor-column elementor-col-50 elementor-top-column elementor-element elementor-element-2ddae63\" data-id=\"2ddae63\" data-element_type=\"column\" data-settings=\"{&quot;animation&quot;:&quot;none&quot;}\">\n\t\t\t<div class=\"elementor-widget-wrap elementor-element-populated\">\n\t\t\t\t\t\t<div class=\"elementor-element elementor-element-1d36b3f elementor-invisible elementor-widget elementor-widget-image\" data-id=\"1d36b3f\" data-element_type=\"widget\" data-settings=\"{&quot;_animation&quot;:&quot;zoomIn&quot;}\" data-widget_type=\"image.default\">\n\t\t\t\t<div class=\"elementor-widget-container\">\n\t\t\t\t\t\t\t\t\t\t\t\t\t<img decoding=\"async\" width=\"1379\" height=\"1379\" src=\"https:\/\/azooeurope.com\/wp-content\/uploads\/azoo-policy.jpg\" class=\"attachment-full size-full wp-image-4339\" alt=\"\" srcset=\"https:\/\/azooeurope.com\/wp-content\/uploads\/azoo-policy.jpg 1379w, https:\/\/azooeurope.com\/wp-content\/uploads\/azoo-policy-400x400.jpg 400w, https:\/\/azooeurope.com\/wp-content\/uploads\/azoo-policy-768x768.jpg 768w, https:\/\/azooeurope.com\/wp-content\/uploads\/azoo-policy-300x300.jpg 300w, https:\/\/azooeurope.com\/wp-content\/uploads\/azoo-policy-600x600.jpg 600w, https:\/\/azooeurope.com\/wp-content\/uploads\/azoo-policy-100x100.jpg 100w\" sizes=\"(max-width: 1379px) 100vw, 1379px\" \/>\t\t\t\t\t\t\t\t\t\t\t\t\t<\/div>\n\t\t\t\t<\/div>\n\t\t\t\t\t<\/div>\n\t\t<\/div>\n\t\t\t\t\t<\/div>\n\t\t<\/section>\n\t\t\t\t<section class=\"elementor-section elementor-top-section elementor-element elementor-element-077d7a7 elementor-section-boxed elementor-section-height-default elementor-section-height-default\" data-id=\"077d7a7\" data-element_type=\"section\" data-settings=\"{&quot;_ha_eqh_enable&quot;:false}\">\n\t\t\t\t\t\t<div class=\"elementor-container elementor-column-gap-default\">\n\t\t\t\t\t<div class=\"elementor-column elementor-col-50 elementor-top-column elementor-element elementor-element-6d28e30\" data-id=\"6d28e30\" data-element_type=\"column\" data-settings=\"{&quot;animation&quot;:&quot;none&quot;}\">\n\t\t\t<div class=\"elementor-widget-wrap elementor-element-populated\">\n\t\t\t\t\t\t<div class=\"elementor-element elementor-element-c758eb3 elementor-invisible elementor-widget elementor-widget-image\" data-id=\"c758eb3\" data-element_type=\"widget\" data-settings=\"{&quot;_animation&quot;:&quot;zoomIn&quot;}\" data-widget_type=\"image.default\">\n\t\t\t\t<div class=\"elementor-widget-container\">\n\t\t\t\t\t\t\t\t\t\t\t\t\t<img decoding=\"async\" width=\"1379\" height=\"2054\" src=\"https:\/\/azooeurope.com\/wp-content\/uploads\/azoo-deal.jpg\" class=\"attachment-full size-full wp-image-4342\" alt=\"\" srcset=\"https:\/\/azooeurope.com\/wp-content\/uploads\/azoo-deal.jpg 1379w, https:\/\/azooeurope.com\/wp-content\/uploads\/azoo-deal-400x596.jpg 400w, https:\/\/azooeurope.com\/wp-content\/uploads\/azoo-deal-768x1144.jpg 768w, https:\/\/azooeurope.com\/wp-content\/uploads\/azoo-deal-1031x1536.jpg 1031w, https:\/\/azooeurope.com\/wp-content\/uploads\/azoo-deal-1375x2048.jpg 1375w, https:\/\/azooeurope.com\/wp-content\/uploads\/azoo-deal-600x894.jpg 600w\" sizes=\"(max-width: 1379px) 100vw, 1379px\" \/>\t\t\t\t\t\t\t\t\t\t\t\t\t<\/div>\n\t\t\t\t<\/div>\n\t\t\t\t\t<\/div>\n\t\t<\/div>\n\t\t\t\t<div class=\"elementor-column elementor-col-50 elementor-top-column elementor-element elementor-element-be8b1b3\" data-id=\"be8b1b3\" data-element_type=\"column\">\n\t\t\t<div class=\"elementor-widget-wrap elementor-element-populated\">\n\t\t\t\t\t\t<div class=\"elementor-element elementor-element-64f189c elementor-widget elementor-widget-heading\" data-id=\"64f189c\" data-element_type=\"widget\" data-widget_type=\"heading.default\">\n\t\t\t\t<div class=\"elementor-widget-container\">\n\t\t\t<h2 class=\"elementor-heading-title elementor-size-default\">Estamos empenhados na sustentabilidade do nosso sector.<\/h2>\t\t<\/div>\n\t\t\t\t<\/div>\n\t\t\t\t<div class=\"elementor-element elementor-element-c091eb3 elementor-invisible elementor-widget elementor-widget-heading\" data-id=\"c091eb3\" data-element_type=\"widget\" data-settings=\"{&quot;_animation&quot;:&quot;fadeInUp&quot;}\" data-widget_type=\"heading.default\">\n\t\t\t\t<div class=\"elementor-widget-container\">\n\t\t\t<h2 class=\"elementor-heading-title elementor-size-default\">Lista de pre\u00e7os unificada para utilizadores finais em toda a Europa:<\/h2>\t\t<\/div>\n\t\t\t\t<\/div>\n\t\t\t\t<div class=\"elementor-element elementor-element-7f27efb elementor-widget elementor-widget-text-editor\" data-id=\"7f27efb\" data-element_type=\"widget\" data-widget_type=\"text-editor.default\">\n\t\t\t\t<div class=\"elementor-widget-container\">\n\t\t\t\t\t\t\t<p>A fim de salvaguardar as margens de lucro das empresas locais, implement\u00e1mos uma lista de pre\u00e7os unificada para os utilizadores finais em toda a Europa.<br \/>\nNos \u00faltimos anos, obtivemos resultados positivos ao estabelecer listas de pre\u00e7os de retalho padronizadas.<br \/>\nAcreditamos firmemente que esta estrat\u00e9gia ir\u00e1 fomentar uma concorr\u00eancia saud\u00e1vel e melhorar a reputa\u00e7\u00e3o da nossa marca em termos de profissionalismo, fiabilidade e interesse comercial.  <\/p>\n\t\t\t\t\t\t<\/div>\n\t\t\t\t<\/div>\n\t\t\t\t<div class=\"elementor-element elementor-element-debc5ec elementor-invisible elementor-widget elementor-widget-heading\" data-id=\"debc5ec\" data-element_type=\"widget\" data-settings=\"{&quot;_animation&quot;:&quot;fadeInUp&quot;}\" data-widget_type=\"heading.default\">\n\t\t\t\t<div class=\"elementor-widget-container\">\n\t\t\t<h2 class=\"elementor-heading-title elementor-size-default\">Vendas exclusivas a comerciantes registados:<\/h2>\t\t<\/div>\n\t\t\t\t<\/div>\n\t\t\t\t<div class=\"elementor-element elementor-element-3141532 elementor-widget elementor-widget-text-editor\" data-id=\"3141532\" data-element_type=\"widget\" data-widget_type=\"text-editor.default\">\n\t\t\t\t<div class=\"elementor-widget-container\">\n\t\t\t\t\t\t\t<p>Vendemos os nossos produtos exclusivamente a comerciantes registados para manter o modelo de neg\u00f3cio profissional e tradicional.<br \/>\nDefendemos a venda profissional e assistida aos utilizadores finais. <\/p>\n\t\t\t\t\t\t<\/div>\n\t\t\t\t<\/div>\n\t\t\t\t<div class=\"elementor-element elementor-element-c2b9b3e elementor-invisible elementor-widget elementor-widget-heading\" data-id=\"c2b9b3e\" data-element_type=\"widget\" data-settings=\"{&quot;_animation&quot;:&quot;fadeInUp&quot;}\" data-widget_type=\"heading.default\">\n\t\t\t\t<div class=\"elementor-widget-container\">\n\t\t\t<h2 class=\"elementor-heading-title elementor-size-default\">Restri\u00e7\u00e3o aos comerciantes apenas em linha:<\/h2>\t\t<\/div>\n\t\t\t\t<\/div>\n\t\t\t\t<div class=\"elementor-element elementor-element-3670f72 elementor-widget elementor-widget-text-editor\" data-id=\"3670f72\" data-element_type=\"widget\" data-widget_type=\"text-editor.default\">\n\t\t\t\t<div class=\"elementor-widget-container\">\n\t\t\t\t\t\t\t<p>N\u00e3o trabalhamos com comerciantes cujas vendas sejam exclusivamente efectuadas online.<br \/>\nNo entanto, os nossos clientes registados podem efetuar vendas electr\u00f3nicas, respeitando a nossa lista de pre\u00e7os unificada.<br \/>\nControlamos regularmente os pre\u00e7os de venda online para manter a paridade entre as lojas f\u00edsicas e o mercado eletr\u00f3nico.    <\/p>\n\t\t\t\t\t\t<\/div>\n\t\t\t\t<\/div>\n\t\t\t\t\t<\/div>\n\t\t<\/div>\n\t\t\t\t\t<\/div>\n\t\t<\/section>\n\t\t\t\t<section class=\"elementor-section elementor-top-section elementor-element elementor-element-667c7de elementor-section-boxed elementor-section-height-default elementor-section-height-default\" data-id=\"667c7de\" data-element_type=\"section\" data-settings=\"{&quot;_ha_eqh_enable&quot;:false}\">\n\t\t\t\t\t\t<div class=\"elementor-container elementor-column-gap-default\">\n\t\t\t\t\t<div class=\"elementor-column elementor-col-100 elementor-top-column elementor-element elementor-element-57f8ecf\" data-id=\"57f8ecf\" data-element_type=\"column\">\n\t\t\t<div class=\"elementor-widget-wrap elementor-element-populated\">\n\t\t\t\t\t\t<div class=\"elementor-element elementor-element-9a51a15 elementor-widget elementor-widget-heading\" data-id=\"9a51a15\" data-element_type=\"widget\" data-widget_type=\"heading.default\">\n\t\t\t\t<div class=\"elementor-widget-container\">\n\t\t\t<h2 class=\"elementor-heading-title elementor-size-default\">Queremos ser o teu fornecedor!<\/h2>\t\t<\/div>\n\t\t\t\t<\/div>\n\t\t\t\t<div class=\"elementor-element elementor-element-a4984ed elementor-invisible elementor-widget elementor-widget-heading\" data-id=\"a4984ed\" data-element_type=\"widget\" data-settings=\"{&quot;_animation&quot;:&quot;fadeInUp&quot;}\" data-widget_type=\"heading.default\">\n\t\t\t\t<div class=\"elementor-widget-container\">\n\t\t\t<h2 class=\"elementor-heading-title elementor-size-default\">Oferecemos um excelente produto e servi\u00e7o aos profissionais<\/h2>\t\t<\/div>\n\t\t\t\t<\/div>\n\t\t\t\t<div class=\"elementor-element elementor-element-3c1fc60 elementor-widget elementor-widget-text-editor\" data-id=\"3c1fc60\" data-element_type=\"widget\" data-widget_type=\"text-editor.default\">\n\t\t\t\t<div class=\"elementor-widget-container\">\n\t\t\t\t\t\t\t<p>A AZOO Europe oferece uma vasta gama de condicionadores de aqu\u00e1rio de alta qualidade, aditivos e a melhor sele\u00e7\u00e3o de alimentos Ultra Premium dispon\u00edveis no mercado.<br \/>\nConvidamos-te a verificar a nossa qualidade, testando os nossos produtos gratuitamente e sem compromisso.<br \/>\nAl\u00e9m disso, fornecemos informa\u00e7\u00f5es t\u00e9cnicas completas e listas de pre\u00e7os adaptadas \u00e0s tuas necessidades.  <\/p>\n\t\t\t\t\t\t<\/div>\n\t\t\t\t<\/div>\n\t\t\t\t<div class=\"elementor-element elementor-element-779089d elementor-invisible elementor-widget elementor-widget-heading\" data-id=\"779089d\" data-element_type=\"widget\" data-settings=\"{&quot;_animation&quot;:&quot;fadeInUp&quot;}\" data-widget_type=\"heading.default\">\n\t\t\t\t<div class=\"elementor-widget-container\">\n\t\t\t<h2 class=\"elementor-heading-title elementor-size-default\">Aguardamos com expetativa a oportunidade de te servir como teu fornecedor de confian\u00e7a.<\/h2>\t\t<\/div>\n\t\t\t\t<\/div>\n\t\t\t\t<div class=\"elementor-element elementor-element-28a140c elementor-widget elementor-widget-text-editor\" data-id=\"28a140c\" data-element_type=\"widget\" data-widget_type=\"text-editor.default\">\n\t\t\t\t<div class=\"elementor-widget-container\">\n\t\t\t\t\t\t\t<p>Confiamos plenamente no desempenho e nos resultados dos nossos produtos.<br \/>\nN\u00e3o hesites em solicitar unidades de cortesia dos produtos que te interessam depois de analisares o nosso cat\u00e1logo digital. <\/p>\n\t\t\t\t\t\t<\/div>\n\t\t\t\t<\/div>\n\t\t\t\t<div class=\"elementor-element elementor-element-19d2015 elementor-widget__width-initial elementor-invisible elementor-widget elementor-widget-heading\" data-id=\"19d2015\" data-element_type=\"widget\" data-settings=\"{&quot;_animation&quot;:&quot;fadeInUp&quot;}\" data-widget_type=\"heading.default\">\n\t\t\t\t<div class=\"elementor-widget-container\">\n\t\t\t<h2 class=\"elementor-heading-title elementor-size-default\">Product manager <br>\nMail: a.soria@azooeurope.com <br>Cel: +34 918 526 782<\/h2>\t\t<\/div>\n\t\t\t\t<\/div>\n\t\t\t\t\t<\/div>\n\t\t<\/div>\n\t\t\t\t\t<\/div>\n\t\t<\/section>\n\t\t\t\t<\/div>\n\t\t","protected":false},"excerpt":{"rendered":"<p>QUEM SOMOS Casa Sobre a TAIKONG Corp. e a AZOO Corporation TAIKONG Corp. \u00e9 uma empresa de biotecnologia que iniciou a sua atividade em 1977, centrando-se na investiga\u00e7\u00e3o cient\u00edfica e no fabrico de produtos de alta qualidade para aquacultura e aqu\u00e1rios. Em particular, contribu\u00edmos significativamente para a investiga\u00e7\u00e3o e desenvolvimento de peixes transg\u00e9nicos. Somos especializados [&hellip;]<\/p>\n","protected":false},"author":3,"featured_media":0,"parent":0,"menu_order":0,"comment_status":"closed","ping_status":"closed","template":"elementor_header_footer","meta":{"rank_math_lock_modified_date":false,"footnotes":""},"class_list":["post-4957","page","type-page","status-publish","hentry"],"_links":{"self":[{"href":"https:\/\/azooeurope.com\/pt-pt\/wp-json\/wp\/v2\/pages\/4957","targetHints":{"allow":["GET"]}}],"collection":[{"href":"https:\/\/azooeurope.com\/pt-pt\/wp-json\/wp\/v2\/pages"}],"about":[{"href":"https:\/\/azooeurope.com\/pt-pt\/wp-json\/wp\/v2\/types\/page"}],"author":[{"embeddable":true,"href":"https:\/\/azooeurope.com\/pt-pt\/wp-json\/wp\/v2\/users\/3"}],"replies":[{"embeddable":true,"href":"https:\/\/azooeurope.com\/pt-pt\/wp-json\/wp\/v2\/comments?post=4957"}],"version-history":[{"count":12,"href":"https:\/\/azooeurope.com\/pt-pt\/wp-json\/wp\/v2\/pages\/4957\/revisions"}],"predecessor-version":[{"id":6036,"href":"https:\/\/azooeurope.com\/pt-pt\/wp-json\/wp\/v2\/pages\/4957\/revisions\/6036"}],"wp:attachment":[{"href":"https:\/\/azooeurope.com\/pt-pt\/wp-json\/wp\/v2\/media?parent=4957"}],"curies":[{"name":"wp","href":"https:\/\/api.w.org\/{rel}","templated":true}]}}