{"id":5470,"date":"2024-03-09T20:12:49","date_gmt":"2024-03-09T19:12:49","guid":{"rendered":"https:\/\/infallible-hoover.188-95-114-6.plesk.page\/producto\/royal-cichlid-premium-pellet\/"},"modified":"2024-10-09T13:37:00","modified_gmt":"2024-10-09T11:37:00","slug":"royal-cichlid-premium-pellet","status":"publish","type":"product","link":"https:\/\/azooeurope.com\/fr\/producto\/royal-cichlid-premium-pellet\/","title":{"rendered":"ROYAL CICHLID premium pellet"},"content":{"rendered":"<h1><span style=\"color: #0e509a;\">ROYAL CICHLID <\/span><\/h1>\n<h1><span style=\"color: #0e509a;\">premium pellet<\/span><\/h1>\n<h2><\/h2>\n<h2><span style=\"color: #0e509a;\">Utra Fresh <\/span><span style=\"color: #0e509a;\"> ROYAL CICHLID <\/span><span style=\"color: #0e509a;\">premium pellet <\/span><span style=\"color: #0e509a;\">est le meilleur pour les cichlid\u00e9s flowerhorn, les cichlid\u00e9s blood parrot, les cichlid\u00e9s carnivores et toutes sortes de grands poissons tropicaux.<\/span><\/h2>\n<p>&nbsp;<\/p>\n<ul>\n<li>\n<h3><span style=\"color: #228bca;\">100% de prot\u00e9ines enti\u00e8rement naturelles provenant de viande fra\u00eeche, de l\u00e9gumes et d&#8217;algues marines<\/span><\/h3>\n<\/li>\n<li>\n<h3><span style=\"color: #228bca;\">60% \uff37ild crevettes roses + calmars<\/span><\/h3>\n<\/li>\n<li>\n<h3><span style=\"color: #228bca;\">6% de spiruline naturelle et d&#8217;algues marines<\/span><\/h3>\n<\/li>\n<li>\n<h3><span style=\"color: #228bca;\">0% Additifs, colorants artificiels ou sous-produits<\/span><\/h3>\n<\/li>\n<li>\n<h3><span style=\"color: #228bca;\">Rapport viande\/l\u00e9gumes de 9:1<\/span><\/h3>\n<\/li>\n<li>\n<h3><span style=\"color: #228bca;\">Type de coul\u00e9e lente<\/span><\/h3>\n<\/li>\n<li>\n<h3><span style=\"color: #228bca;\">Taille : 3,1 x 3,7 mm<\/span><\/h3>\n<\/li>\n<\/ul>\n<p>&nbsp;<\/p>\n<p><img fetchpriority=\"high\" decoding=\"async\" class=\"size-medium wp-image-1053\" src=\"\/wp-content\/uploads\/ultra_fresh_royal-cichlid_premium_pellet_09-400x214-1.png\" alt=\"Ultra Fresh ROYAL CICHLID premium pellet\" width=\"400\" height=\"214\" \/><\/p>\n<div class=\"mceTemp\"><\/div>\n<p>&nbsp;<\/p>\n<p><strong><span style=\"color: #000000;\">Utra Fresh ROYAL CICHLID premium pellet est la meilleure<\/span><\/strong> nourriture <strong>pour les cichlid\u00e9s flowerhorn, les cichlid\u00e9s perroquet sanguin, les cichlid\u00e9s carnivores et toutes sortes de grands poissons tropicaux<\/strong> Ultra Fresh Royal Cichlid Premium Pellet est une nourriture \u00e0 base de granul\u00e9s qui coule lentement, sp\u00e9cialement formul\u00e9e pour les cichlid\u00e9s flowerhorn, les cichlid\u00e9s perroquet <strong>sanguin<\/strong>, les cichlid\u00e9s carnivores et toutes sortes de grands poissons tropicaux, avec un rapport entre la viande et les l\u00e9gumes de 9 pour 1.<\/p>\n<h3><span style=\"color: #228bca;\"><strong>CARACT\u00c9RISTIQUES :<\/strong><\/span><\/h3>\n<p><strong>100% naturellement nutritif et formul\u00e9 pour une app\u00e9tence sup\u00e9rieure <\/strong> Formul\u00e9 avec une teneur \u00e9lev\u00e9e en crevettes \u00e9p\u00e9es sauvages (jusqu&#8217;\u00e0 40%), des calmars frais, de la spiruline naturelle, de l&#8217;ail fra\u00eechement cueilli, ainsi qu&#8217;un m\u00e9lange d&#8217;ingr\u00e9dients naturels soigneusement s\u00e9lectionn\u00e9s.<br \/>\nCette formulation offre une app\u00e9tence et une valeur nutritionnelle \u00e9lev\u00e9es pour les cichlid\u00e9s flowerhorn, les cichlid\u00e9s blood parrot, les cichlid\u00e9s carnivores et toutes sortes de grands poissons tropicaux. Nous insistons sur les 10 heures de cuisson \u00e0 basse temp\u00e9rature pour donner \u00e0 vos poissons le meilleur r\u00e9gime alimentaire.<br \/>\nRenforc\u00e9e par des probiotiques intestinaux, cette formule se ramollit rapidement dans l&#8217;eau pour permettre une ingestion rapide, sans laisser de r\u00e9sidus pour garder l&#8217;eau propre.<br \/>\nLes saveurs originales et les valeurs nutritionnelles des ingr\u00e9dients frais sont bien pr\u00e9serv\u00e9es &#8211; plus faciles \u00e0 ing\u00e9rer et \u00e0 dig\u00e9rer par les poissons pour une absorption compl\u00e8te des nutriments, r\u00e9duisant ainsi l&#8217;excr\u00e9tion des d\u00e9chets.<br \/>\n<strong>Coloration naturelle (6% de spiruline australienne + algues norv\u00e9giennes<\/strong>) La formulation exclusive de spiruline australienne, d&#8217;algues naturelles et de crevettes \u00e9p\u00e9es fra\u00eeches de premi\u00e8re qualit\u00e9 rehausse la coloration naturelle de vos poissons, les pr\u00e9sentant dans leurs couleurs les plus naturelles et les plus vives, sans teintes marbr\u00e9es.<br \/>\n<strong>Polysaccharides de Ganoderma, ail et groupe de vitamine B ajout\u00e9s pour<\/strong> renforcer<strong>l&#8217;immun<\/strong> it\u00e9 Formule de qualit\u00e9 sup\u00e9rieure pour renforcer l&#8217;immunit\u00e9 : riche en nutriments pr\u00e9cieux tels que les polysaccharides de Ganoderma, l&#8217;ail, la spiruline australienne, les vitamines A, D3, C, E, B1, B2, B6 et B12, le \u03b2-carot\u00e8ne, les min\u00e9raux naturels et les oligo-\u00e9l\u00e9ments pour renforcer le syst\u00e8me immunitaire de votre poisson, stimuler le m\u00e9tabolisme, augmenter l&#8217;\u00e9nergie et r\u00e9duire les maladies.<\/p>\n<h3><span style=\"color: #228bca;\"><strong>Pr\u00e9sentations :<\/strong><\/span><\/h3>\n<p><strong>UF86058E<\/strong> \/ Royal Cichlid Premium pellet 330ml \/ 130g<br \/>\n<strong>UF86059E<\/strong> \/ Royal Cichlid Premium pellet 1.150ml \/ 460g<\/p>\n<p><iframe title=\"royal cichlid premium pellet video\" width=\"800\" height=\"450\" src=\"https:\/\/www.youtube.com\/embed\/pEBeKOg7SWA?feature=oembed\" frameborder=\"0\" allow=\"accelerometer; autoplay; clipboard-write; encrypted-media; gyroscope; picture-in-picture; web-share\" referrerpolicy=\"strict-origin-when-cross-origin\" allowfullscreen><\/iframe><\/p>\n<p><span style=\"color: #000000;\"><strong>Utra Fresh ROYAL CICHLID premium pellet<\/strong> <\/span>appartient \u00e0 la ligne de produits<br \/>\nligne de produits<a title=\"Ultra frais\" href=\"https:\/\/ultra-fresh.tw\/\" target=\"_blank\" rel=\"noopener\">Ultra Fresh<\/a> de la marque<br \/>\n<a href=\"https:\/\/www.azoo-aqua.com\/\" target=\"_blank\" rel=\"noopener\">AZOO<\/a> et distribu\u00e9s par <a href=\"https:\/\/azpez.virtualcodeveloper.com\/azpez\/\" target=\"_blank\" rel=\"noopener\">AZOO EUROPE<\/a><\/p>\n<h3><span style=\"color: #228bca;\">ANALYSE <strong>GARANTIE <\/strong>:<\/span><\/h3>\n<p>Vitamine A : 44 100 UI\/kg Vitamine B<br \/>\n<sub>1<\/sub>: 7,7 mg\/kg Vitamine B<br \/>\n<sub>2<\/sub>: 22,4 mg\/kg Vitamine B<br \/>\n<sub>6<\/sub>: 14 mg\/kg Vitamine B<br \/>\n<sub>12<\/sub>: 0,07 mg\/kg Vitamine D<br \/>\n<sub>3<\/sub>: 7.910 IU\/kg Vitamine C : 1.200 mg\/kg Vitamine E : 112 mg\/kg Prot\u00e9ines brutes (min) : 45% Mati\u00e8res grasses brutes (min) : 4,7% Fibres brutes (max) : 3,2% Humidit\u00e9 (min) : 3% Phosphore (min) : 1%<\/p>\n<h3><span style=\"color: #228bca;\">COMPOSITION :<\/span><\/h3>\n<p>Polysaccharides de Ganoderma, crabe, calmar, spiruline, ail, germe de bl\u00e9, crevettes, poisson frais, algues norv\u00e9giennes, germe de bl\u00e9, ma\u00efs, soja, levure, substances min\u00e9rales, vitamines (A, D<br \/>\n<sub>3<\/sub>, C, E,<sub>B1<\/sub>,<sub>B2<\/sub>, <sub>B6<\/sub> et <sub>B12<\/sub>), \u03b2-carot\u00e8ne, acide folique, acide nicotinique, acide pantoth\u00e9nique et acides amin\u00e9s essentiels (m\u00e9thionine, lysine).<\/p>\n<h3><span style=\"color: #228bca;\">LE MODE D&#8217;EMPLOI :<\/span><\/h3>\n<p><strong><span style=\"color: #000000;\">Utra Fresh ROYAL CICHLID premium pellet<\/span><\/strong> peut \u00eatre fourni 2 \u00e0 3 fois par jour, mais seulement la quantit\u00e9 que les poissons peuvent consommer en 30 minutes.<br \/>\nBien que la formule AZOO PLUS Ultra-Fresh r\u00e9duise la pollution dans l&#8217;aquarium, nous vous recommandons de retirer les aliments non consomm\u00e9s \u00e0 l&#8217;aide d&#8217;une \u00e9puisette afin de pr\u00e9server la qualit\u00e9 de l&#8217;eau.<br \/>\nCe contenant est muni d&#8217;une bande de garantie.<br \/>\nUne fois ouvert, il n&#8217;est pas n\u00e9cessaire de le r\u00e9frig\u00e9rer, mais il doit rester herm\u00e9tiquement ferm\u00e9 dans un endroit frais et sec pour pr\u00e9server ses propri\u00e9t\u00e9s nutritionnelles.<br \/>\n\u00c9vitez de placer le r\u00e9cipient dans des endroits humides ou chauds, par exemple au-dessus d&#8217;un luminaire ou du couvercle de l&#8217;aquarium. <strong>Pour garantir la qualit\u00e9 et la s\u00e9curit\u00e9 sanitaire de votre poisson, il est fortement recommand\u00e9 de ne jamais toucher les aliments avec les mains. <\/strong><\/p>\n<p><strong>C&#8217;est pourquoi les contenants de granul\u00e9s Ultra Fresh de 60 ml, 120 ml et 330 ml comprennent un bouchon doseur adaptable aux besoins sp\u00e9cifiques de vos poissons. <\/strong><\/p>\n<p><strong>Ces couvercles contiennent 12 trous pr\u00e9-marqu\u00e9s (7 de 3mm, 4 de 4m et un de 15 x 7mm).<br \/>\nChoisissez l&#8217;option la plus pratique pour votre aquarium, en fonction de la taille de la nourriture et de la quantit\u00e9 de chaque prise. <\/strong><\/p>\n<p><strong>Les r\u00e9cipients contenant les sticks ont une contenance de 1 150 ml et comprennent une cuill\u00e8re de taille appropri\u00e9e (capacit\u00e9 de 2 ml et 1,5 ml) pour doser vos aliments avec pr\u00e9cision et en toute s\u00e9curit\u00e9.<\/strong><\/p>\n<figure id=\"attachment_3777\" aria-describedby=\"caption-attachment-3777\" style=\"width: 400px\" class=\"wp-caption alignnone\"><img decoding=\"async\" class=\"size-medium wp-image-1054\" src=\"https:\/\/azooeurope.com\/wp-content\/uploads\/\/ultra_fresh_royal-cichlid_premium_pellet_10-400x400.jpg\" alt=\"Ultra Fresh ROYAL CICHLID premium pellet\" width=\"400\" height=\"400\" srcset=\"https:\/\/azooeurope.com\/wp-content\/uploads\/ultra_fresh_royal-cichlid_premium_pellet_10-400x400.jpg 400w, https:\/\/azooeurope.com\/wp-content\/uploads\/ultra_fresh_royal-cichlid_premium_pellet_10-768x768.jpg 768w, https:\/\/azooeurope.com\/wp-content\/uploads\/ultra_fresh_royal-cichlid_premium_pellet_10-300x300.jpg 300w, https:\/\/azooeurope.com\/wp-content\/uploads\/ultra_fresh_royal-cichlid_premium_pellet_10-600x600.jpg 600w, https:\/\/azooeurope.com\/wp-content\/uploads\/ultra_fresh_royal-cichlid_premium_pellet_10-100x100.jpg 100w, https:\/\/azooeurope.com\/wp-content\/uploads\/ultra_fresh_royal-cichlid_premium_pellet_10.jpg 1250w\" sizes=\"(max-width: 400px) 100vw, 400px\" \/><figcaption id=\"caption-attachment-3777\" class=\"wp-caption-text\">Ultra Fresh ROYAL CICHLID premium pelletEXPIRATION<\/figcaption><\/figure>\n<p><strong>:<\/strong> Veuillez v\u00e9rifier la date de p\u00e9remption situ\u00e9e au bas de l&#8217;\u00e9tiquette du contenant.<br \/>\nSi cette date est d\u00e9pass\u00e9e, les propri\u00e9t\u00e9s nutritionnelles diminuent consid\u00e9rablement, nous vous recommandons donc de remplacer l&#8217;aliment. <strong>NE CONVIENT PAS \u00c0 LA CONSOMMATION HUMAINE. POUR LES POISSONS D&#8217;ORNEMENT UNIQUEMENT.<\/strong><\/p>\n<p><strong>AVERTISSEMENT :<\/strong> Les images que nous fournissons pour ces aliments \u00e9quilibr\u00e9s sont fournies \u00e0 titre d&#8217;information uniquement et doivent \u00eatre prises comme r\u00e9f\u00e9rence, car le fabricant se r\u00e9serve le droit de modifier les \u00e9tiquettes ou le format de ses produits sans pr\u00e9avis.<\/p>\n<h3><span style=\"color: #228bca;\">FABRICATION :<\/span><\/h3>\n<p>Fabriqu\u00e9 \u00e0 Ta\u00efwan par Taikon Corp (AZOO)<\/p>\n","protected":false},"excerpt":{"rendered":"<p>ROYAL CICHLID premium pellet Utra Fresh ROYAL CICHLID premium pellet est le meilleur pour les cichlid\u00e9s flowerhorn, les cichlid\u00e9s blood parrot, les cichlid\u00e9s carnivores et toutes sortes de grands poissons tropicaux. &nbsp; 100% de prot\u00e9ines enti\u00e8rement naturelles provenant de viande fra\u00eeche, de l\u00e9gumes et d&#8217;algues marines 60% \uff37ild crevettes roses + calmars 6% de spiruline [&hellip;]<\/p>\n","protected":false},"featured_media":3750,"comment_status":"open","ping_status":"closed","template":"","meta":{"rank_math_lock_modified_date":false},"product_cat":[1097,1002],"product_tag":[1046,1029,1038,1023,1077,1075,1021,1043,1079,1078,1099,1049,1017,1382,1036,1027,1118,1420,1421,1054,1069,817,1066,1064,1057,1060,1073],"class_list":{"0":"post-5470","1":"product","2":"type-product","3":"status-publish","4":"has-post-thumbnail","6":"product_cat-poissons-tropicaux","7":"product_cat-ultra-fresh","8":"product_tag-ail","9":"product_tag-algues-marines","10":"product_tag-algues-norvegiennes","11":"product_tag-calmar","12":"product_tag-crevettes-de-jingou","13":"product_tag-crevettes-nordiques","14":"product_tag-crevettes-sauvages","15":"product_tag-ganoderma-fr","16":"product_tag-mineraux-et-vitamines","17":"product_tag-poisson-frais","18":"product_tag-poissons-tropicaux","19":"product_tag-polysaccharides-de-ganoderma","20":"product_tag-proteines-100-naturelles","21":"product_tag-royal-cichlid-premium-pellet-fr","22":"product_tag-spiruline-australienne","23":"product_tag-spiruline-naturelle","24":"product_tag-type-de-coulee-lente","25":"product_tag-uf86058e-fr","26":"product_tag-uf86059e-fr","27":"product_tag-vitamine-a-vitamine-d3","28":"product_tag-vitamine-b12","29":"product_tag-vitamine-b2","30":"product_tag-vitamine-b6","31":"product_tag-vitamine-bq","32":"product_tag-vitamine-c","33":"product_tag-vitamine-e","34":"product_tag--carotene-fr","36":"first","37":"instock","38":"shipping-taxable","39":"product-type-simple"},"_links":{"self":[{"href":"https:\/\/azooeurope.com\/fr\/wp-json\/wp\/v2\/product\/5470","targetHints":{"allow":["GET"]}}],"collection":[{"href":"https:\/\/azooeurope.com\/fr\/wp-json\/wp\/v2\/product"}],"about":[{"href":"https:\/\/azooeurope.com\/fr\/wp-json\/wp\/v2\/types\/product"}],"replies":[{"embeddable":true,"href":"https:\/\/azooeurope.com\/fr\/wp-json\/wp\/v2\/comments?post=5470"}],"wp:featuredmedia":[{"embeddable":true,"href":"https:\/\/azooeurope.com\/fr\/wp-json\/wp\/v2\/media\/3750"}],"wp:attachment":[{"href":"https:\/\/azooeurope.com\/fr\/wp-json\/wp\/v2\/media?parent=5470"}],"wp:term":[{"taxonomy":"product_cat","embeddable":true,"href":"https:\/\/azooeurope.com\/fr\/wp-json\/wp\/v2\/product_cat?post=5470"},{"taxonomy":"product_tag","embeddable":true,"href":"https:\/\/azooeurope.com\/fr\/wp-json\/wp\/v2\/product_tag?post=5470"}],"curies":[{"name":"wp","href":"https:\/\/api.w.org\/{rel}","templated":true}]}}