{"id":5468,"date":"2024-03-09T20:45:45","date_gmt":"2024-03-09T19:45:45","guid":{"rendered":"https:\/\/infallible-hoover.188-95-114-6.plesk.page\/producto\/baton-nutritif-desodorisant-turtle\/"},"modified":"2024-10-15T12:13:12","modified_gmt":"2024-10-15T10:13:12","slug":"baton-nutritif-desodorisant-turtle","status":"publish","type":"product","link":"https:\/\/azooeurope.com\/fr\/producto\/baton-nutritif-desodorisant-turtle\/","title":{"rendered":"TURTLE nutri stick"},"content":{"rendered":"<h1><span style=\"color: #0e509a;\">TURTLE <\/span><span style=\"color: #0e509a;\">nutri stick<\/span><\/h1>\n<h2><\/h2>\n<h2><span style=\"color: #0e509a;\">Utra Fresh TURTLE deodorizing nutri stick<\/span> <span style=\"color: #0e509a;\">:<\/span><span style=\"color: #0e509a;\">est le meilleur pour les tortues aquatiques comme les tortues du Br\u00e9sil et les tortues \u00e0 dos ray\u00e9 comme aliment de base quotidien ou comme suppl\u00e9ment nutritionnel pour les tortues aquatiques adultes.<\/span><\/h2>\n<ul>\n<li>\n<h3><span style=\"color: #228bca;\">100% de prot\u00e9ines enti\u00e8rement naturelles provenant de viande fra\u00eeche, de l\u00e9gumes et d&#8217;algues marines<\/span><\/h3>\n<\/li>\n<li>\n<h3><span style=\"color: #228bca;\">30% Crevettes \u00e9p\u00e9es sauvages + crevettes en p\u00e2te d&#8217;Akiami<\/span><\/h3>\n<\/li>\n<li>\n<h3><span style=\"color: #228bca;\">15% L\u00e9gumes + algues<\/span><\/h3>\n<\/li>\n<li>\n<h3><span style=\"color: #228bca;\">0% Additifs, colorants artificiels ou sous-produits<\/span><\/h3>\n<\/li>\n<li>\n<h3><span style=\"color: #228bca;\">Rapport calcium\/phosphore de 6:4<\/span><\/h3>\n<\/li>\n<li>\n<h3><span style=\"color: #228bca;\">Type flottant<\/span><\/h3>\n<\/li>\n<li>\n<h3><span style=\"color: #228bca;\">Taille : 4 x 10 mm<\/span><\/h3>\n<\/li>\n<\/ul>\n<p><img fetchpriority=\"high\" decoding=\"async\" class=\"alignnone size-medium wp-image-1072\" src=\"https:\/\/azooeurope.com\/wp-content\/uploads\/\/turtle_deodorizing_nutri_stick_09-400x214.png\" alt=\"\" width=\"400\" height=\"214\" srcset=\"https:\/\/azooeurope.com\/wp-content\/uploads\/turtle_deodorizing_nutri_stick_09-400x214.png 400w, https:\/\/azooeurope.com\/wp-content\/uploads\/turtle_deodorizing_nutri_stick_09.png 450w\" sizes=\"(max-width: 400px) 100vw, 400px\" \/><\/p>\n<div class=\"mceTemp\"><\/div>\n<p>&nbsp;<\/p>\n<p><strong><span style=\"color: #000000;\">Ultra Fresh TURTLE deodorizing nutri stick <\/span><\/strong><strong><span style=\"color: #000000;\"> est le meilleur<\/span>pour les tortues aquatiques comme les<\/strong> tortues du Br\u00e9sil, les tortues \u00e0 nez de cochon et les tortues \u00e0 dos ras TURTLE deodorizing nutri stick am\u00e9liore l&#8217;efficacit\u00e9 digestive et favorise une ingestion rapide afin de r\u00e9duire la pollution de l&#8217;eau dans l&#8217;aquarium. En outre, il facilite l&#8217;obtention d&#8217;une coloration naturelle et \u00e9clatante, ainsi que des taux de croissance \u00e9lev\u00e9s et une reproduction r\u00e9ussie pour ces reptiles.<\/p>\n<h3><span style=\"color: #228bca;\"><strong>CARACT\u00c9RISTIQUES :<\/strong><\/span><\/h3>\n<p><strong>100% naturellement nutritif et formul\u00e9 pour une app\u00e9tence sup\u00e9rieure<\/strong> Formul\u00e9 avec une teneur \u00e9lev\u00e9e en crevettes \u00e9p\u00e9es sauvages et en crevettes en p\u00e2te (jusqu&#8217;\u00e0 30%), plus de l&#8217;ail et un m\u00e9lange d&#8217;ingr\u00e9dients naturels soigneusement s\u00e9lectionn\u00e9s.<br \/>\nCet aliment est riche en calcium naturel et se caract\u00e9rise par une app\u00e9tence et une valeur nutritionnelle \u00e9lev\u00e9es pour les tortues aquatiques telles que les tortues du Br\u00e9sil, les tortues \u00e0 nez de cochon et les tortues \u00e0 dos ray\u00e9. Une <strong>prise rapide permet de garder l&#8217;eau propre et de r\u00e9duire les odeurs<\/strong>. 10 heures de traitement \u00e0 basse temp\u00e9rature et renforc\u00e9e par des probiotiques intestinaux, cette formulation pr\u00e9serve les saveurs naturelles et les riches valeurs nutritionnelles des ingr\u00e9dients frais.<br \/>\nElle est con\u00e7ue pour s&#8217;assouplir rapidement une fois dans l&#8217;eau, mais ne se d\u00e9sint\u00e8gre pas et ne trouble pas l&#8217;eau.<br \/>\nLa facilit\u00e9 d&#8217;ingestion pour les tortues aquatiques facilite la digestion et l&#8217;absorption compl\u00e8te des nutriments, r\u00e9duisant ainsi l&#8217;excr\u00e9tion des d\u00e9chets et les probl\u00e8mes d&#8217;odeurs.<br \/>\n<strong>Polysaccharides de ganoderma, ail et groupe de vitamines B ajout\u00e9s pour<\/strong> renforcer l<strong>&#8216;immun<\/strong> it\u00e9 Formule de qualit\u00e9 sup\u00e9rieure pour renforcer l&#8217;immunit\u00e9 : riche en nutriments pr\u00e9cieux tels que les polysaccharides de ganoderma, l&#8217;ail, les vitamines A, D<br \/>\n<sub>3<\/sub>, C, E,<sub>B1<\/sub>,<sub>B2<\/sub>, <sub>B6<\/sub> et <sub>B12<\/sub>), \u03b2-carot\u00e8ne, min\u00e9raux naturels et oligo-\u00e9l\u00e9ments pour renforcer le syst\u00e8me immunitaire des tortues aquatiques, stimuler le m\u00e9tabolisme, augmenter l&#8217;\u00e9nergie et r\u00e9duire les maladies.<\/p>\n<h3><span style=\"color: #228bca;\"><strong>Pr\u00e9sentations :<\/strong><\/span><\/h3>\n<p><strong>UF86027E<\/strong> \/ TURTLE deodorizing nutri stick 330ml \/ 95g <strong>UF86028E<\/strong> \/ TURTLE b\u00e2ton nutritif d\u00e9sodorisant 1.150ml \/ 380g <strong><span style=\"color: #000000;\"> Utra Fresh TURTLE deodorizing nutri stick <\/span><\/strong>appartient \u00e0 la ligne de produits <a title=\"Ultra frais\" href=\"https:\/\/ultra-fresh.tw\/\" target=\"_blank\" rel=\"noopener\">Ultra Fresh<\/a> de la marque AZOO et distribu\u00e9 par <a href=\"https:\/\/www.azoo-aqua.com\/\" target=\"_blank\" rel=\"noopener\">AZOO<\/a> et distribu\u00e9 par <a href=\"https:\/\/azpez.virtualcodeveloper.com\/azpez\/\" target=\"_blank\" rel=\"noopener\">AZOO EUROPE<\/a><\/p>\n<h3><span style=\"color: #228bca;\">ANALYSE <strong>GARANTIE <\/strong>:<\/span><\/h3>\n<p>Vitamine A : 25 200 UI\/kg Vitamine B<br \/>\n<sub>1<\/sub>: 4,4 mg\/kg Vitamine B<br \/>\n<sub>2<\/sub>: 12,8 mg\/kg Vitamine B<br \/>\n<sub>6<\/sub>: 8 mg\/kg Vitamine B<br \/>\n<sub>12<\/sub>: 0,04 mg\/kg Vitamine D<br \/>\n<sub>3<\/sub>: 4.520 IU\/kg Vitamine C : 300 mg\/kg Vitamine E : 64 mg\/kg Prot\u00e9ines brutes (min) : 41% Mati\u00e8res grasses brutes (min) : 2,6% Fibres brutes (max) : 6,4% Humidit\u00e9 (min) : 3% Phosphore (min) : 1% Calcium (max) : 3%<\/p>\n<p><iframe title=\"ultra fresh turtle nutri stick\" width=\"800\" height=\"450\" src=\"https:\/\/www.youtube.com\/embed\/wg7TfOHZcns?feature=oembed\" frameborder=\"0\" allow=\"accelerometer; autoplay; clipboard-write; encrypted-media; gyroscope; picture-in-picture; web-share\" referrerpolicy=\"strict-origin-when-cross-origin\" allowfullscreen><\/iframe><\/p>\n<h3><span style=\"color: #228bca;\">COMPOSITION :<\/span><\/h3>\n<p>Crevettes nordiques, calamars, feuilles de patate douce, feuilles de m\u00fbrier, spiruline australienne, ail, polysaccharides de Ganoderma, poisson frais, crevettes Akiami, crevettes Jingou, algues norv\u00e9giennes, germes de bl\u00e9, ma\u00efs, soja, levure, substances min\u00e9rales, vitamines (A, D<br \/>\n<sub>3<\/sub>, C, E,<sub>B1<\/sub>,<sub>B2<\/sub>, <sub>B6<\/sub> et <sub>B12<\/sub>), \u03b2-carot\u00e8ne, acide folique, acide nicotinique, acide pantoth\u00e9nique et acides amin\u00e9s essentiels (m\u00e9thionine et lysine).<\/p>\n<h3><span style=\"color: #228bca;\">LE MODE D&#8217;EMPLOI :<\/span><\/h3>\n<p><strong><span style=\"color: #000000;\">Utra Fresh TURTLE deodorizing nutri stick<\/span><\/strong> peut \u00eatre fourni 2 \u00e0 3 fois par jour, mais seulement la quantit\u00e9 que les poissons peuvent consommer en 30 minutes. Bien que la formule AZOO PLUS Ultra-Fresh r\u00e9duise la pollution dans l&#8217;aquarium, nous vous recommandons de retirer les aliments non consomm\u00e9s \u00e0 l&#8217;aide d&#8217;une \u00e9puisette afin de pr\u00e9server la qualit\u00e9 de l&#8217;eau. Ce contenant est muni d&#8217;une bande de garantie. Une fois ouvert, il n&#8217;est pas n\u00e9cessaire de le r\u00e9frig\u00e9rer, mais il doit rester herm\u00e9tiquement ferm\u00e9 dans un endroit frais et sec pour pr\u00e9server ses propri\u00e9t\u00e9s nutritionnelles. \u00c9vitez de placer le r\u00e9cipient dans des endroits humides ou chauds, par exemple au-dessus d&#8217;un luminaire ou du couvercle de l&#8217;aquarium. <strong>Pour garantir la qualit\u00e9 et la s\u00e9curit\u00e9 sanitaire de votre poisson, il est fortement recommand\u00e9 de ne jamais toucher les aliments avec les mains. <\/strong><\/p>\n<p><strong>C&#8217;est pourquoi les contenants de granul\u00e9s Ultra Fresh de 60 ml, 120 ml et 330 ml comprennent un bouchon doseur adaptable aux besoins sp\u00e9cifiques de vos poissons. <\/strong><\/p>\n<p><strong>Ces couvercles contiennent 12 trous pr\u00e9-marqu\u00e9s (7 de 3mm, 4 de 4m et un de 15 x 7mm).<br \/>\nChoisissez l&#8217;option la plus pratique pour votre aquarium, en fonction de la taille de la nourriture et de la quantit\u00e9 de chaque prise. <\/strong><\/p>\n<p><strong>Les r\u00e9cipients qui contiennent les sticks ont une contenance de 1 150 ml et comprennent une cuill\u00e8re de taille appropri\u00e9e \u00e0 l&#8217;int\u00e9rieur (capacit\u00e9 de 2 ml et de 1,5 ml) pour doser vos aliments avec pr\u00e9cision et en toute s\u00e9curit\u00e9.<\/strong><\/p>\n<figure id=\"attachment_3825\" aria-describedby=\"caption-attachment-3825\" style=\"width: 400px\" class=\"wp-caption alignnone\"><img decoding=\"async\" class=\"size-medium wp-image-1073\" src=\"https:\/\/azooeurope.com\/wp-content\/uploads\/\/turtle_deodorizing_nutri_stick_10-400x400.jpg\" alt=\"B\u00e2ton nutritif d\u00e9sodorisant Ultra Fresh TURTLE\" width=\"400\" height=\"400\" srcset=\"https:\/\/azooeurope.com\/wp-content\/uploads\/turtle_deodorizing_nutri_stick_10-400x400.jpg 400w, https:\/\/azooeurope.com\/wp-content\/uploads\/turtle_deodorizing_nutri_stick_10-768x768.jpg 768w, https:\/\/azooeurope.com\/wp-content\/uploads\/turtle_deodorizing_nutri_stick_10-300x300.jpg 300w, https:\/\/azooeurope.com\/wp-content\/uploads\/turtle_deodorizing_nutri_stick_10-600x600.jpg 600w, https:\/\/azooeurope.com\/wp-content\/uploads\/turtle_deodorizing_nutri_stick_10-100x100.jpg 100w, https:\/\/azooeurope.com\/wp-content\/uploads\/turtle_deodorizing_nutri_stick_10.jpg 1250w\" sizes=\"(max-width: 400px) 100vw, 400px\" \/><figcaption id=\"caption-attachment-3825\" class=\"wp-caption-text\">Ultra Fresh TURTLE deodorizing nutri stickEXPIRATION<\/figcaption><\/figure>\n<p><strong>:<\/strong> Veuillez v\u00e9rifier la date de p\u00e9remption situ\u00e9e au bas de l&#8217;\u00e9tiquette du contenant.<br \/>\nSi cette date est d\u00e9pass\u00e9e, les propri\u00e9t\u00e9s nutritionnelles diminuent de mani\u00e8re significative, nous vous recommandons donc de remplacer l&#8217;aliment. <strong>NE CONVIENT PAS \u00c0 LA CONSOMMATION HUMAINE. POUR LES POISSONS D&#8217;ORNEMENT UNIQUEMENT.<\/strong><\/p>\n<p><strong>AVERTISSEMENT :<\/strong> Les images que nous fournissons pour ces aliments \u00e9quilibr\u00e9s sont fournies \u00e0 titre d&#8217;information uniquement et doivent \u00eatre prises comme r\u00e9f\u00e9rence, car le fabricant se r\u00e9serve le droit de modifier les \u00e9tiquettes ou le format de ses produits sans pr\u00e9avis.<\/p>\n<h3><span style=\"color: #228bca;\">FABRICATION :<\/span><\/h3>\n<p>Fabriqu\u00e9 \u00e0 Ta\u00efwan par Taikon Corp (AZOO)<\/p>\n","protected":false},"excerpt":{"rendered":"<p>TURTLE nutri stick Utra Fresh TURTLE deodorizing nutri stick :est le meilleur pour les tortues aquatiques comme les tortues du Br\u00e9sil et les tortues \u00e0 dos ray\u00e9 comme aliment de base quotidien ou comme suppl\u00e9ment nutritionnel pour les tortues aquatiques adultes. 100% de prot\u00e9ines enti\u00e8rement naturelles provenant de viande fra\u00eeche, de l\u00e9gumes et d&#8217;algues marines [&hellip;]<\/p>\n","protected":false},"featured_media":3828,"comment_status":"open","ping_status":"closed","template":"","meta":{"rank_math_lock_modified_date":false},"product_cat":[462,1395,1002],"product_tag":[1046,1029,1038,1023,1077,1075,1021,1043,1079,1078,1049,1017,1036,1027,1399,1396,1400,1398,635,1132,1415,1417,1054,1069,817,1066,1064,1057,1060,1073],"class_list":{"0":"post-5468","1":"product","2":"type-product","3":"status-publish","4":"has-post-thumbnail","6":"product_cat-azoo-europe-fr","7":"product_cat-tortues-acuatiques","8":"product_cat-ultra-fresh","9":"product_tag-ail","10":"product_tag-algues-marines","11":"product_tag-algues-norvegiennes","12":"product_tag-calmar","13":"product_tag-crevettes-de-jingou","14":"product_tag-crevettes-nordiques","15":"product_tag-crevettes-sauvages","16":"product_tag-ganoderma-fr","17":"product_tag-mineraux-et-vitamines","18":"product_tag-poisson-frais","19":"product_tag-polysaccharides-de-ganoderma","20":"product_tag-proteines-100-naturelles","21":"product_tag-spiruline-australienne","22":"product_tag-spiruline-naturelle","23":"product_tag-tortues-a-dos-raye","24":"product_tag-tortues-acuatiques","25":"product_tag-tortues-de-floride","26":"product_tag-tortues-du-bresil","27":"product_tag-turtles-fr","28":"product_tag-type-flottant","29":"product_tag-uf86027e-fr","30":"product_tag-uf86028e-fr","31":"product_tag-vitamine-a-vitamine-d3","32":"product_tag-vitamine-b12","33":"product_tag-vitamine-b2","34":"product_tag-vitamine-b6","35":"product_tag-vitamine-bq","36":"product_tag-vitamine-c","37":"product_tag-vitamine-e","38":"product_tag--carotene-fr","40":"first","41":"instock","42":"shipping-taxable","43":"product-type-simple"},"_links":{"self":[{"href":"https:\/\/azooeurope.com\/fr\/wp-json\/wp\/v2\/product\/5468","targetHints":{"allow":["GET"]}}],"collection":[{"href":"https:\/\/azooeurope.com\/fr\/wp-json\/wp\/v2\/product"}],"about":[{"href":"https:\/\/azooeurope.com\/fr\/wp-json\/wp\/v2\/types\/product"}],"replies":[{"embeddable":true,"href":"https:\/\/azooeurope.com\/fr\/wp-json\/wp\/v2\/comments?post=5468"}],"wp:featuredmedia":[{"embeddable":true,"href":"https:\/\/azooeurope.com\/fr\/wp-json\/wp\/v2\/media\/3828"}],"wp:attachment":[{"href":"https:\/\/azooeurope.com\/fr\/wp-json\/wp\/v2\/media?parent=5468"}],"wp:term":[{"taxonomy":"product_cat","embeddable":true,"href":"https:\/\/azooeurope.com\/fr\/wp-json\/wp\/v2\/product_cat?post=5468"},{"taxonomy":"product_tag","embeddable":true,"href":"https:\/\/azooeurope.com\/fr\/wp-json\/wp\/v2\/product_tag?post=5468"}],"curies":[{"name":"wp","href":"https:\/\/api.w.org\/{rel}","templated":true}]}}