{"id":5427,"date":"2024-02-29T17:58:11","date_gmt":"2024-02-29T16:58:11","guid":{"rendered":"https:\/\/infallible-hoover.188-95-114-6.plesk.page\/producto\/filtre-actif-azoo-plus-4-en-1\/"},"modified":"2024-10-03T13:20:37","modified_gmt":"2024-10-03T11:20:37","slug":"filtre-actif-azoo-plus-4-en-1","status":"publish","type":"product","link":"https:\/\/azooeurope.com\/fr\/producto\/filtre-actif-azoo-plus-4-en-1\/","title":{"rendered":"AZOO Plus 4 in 1 Active Filter"},"content":{"rendered":"<h1><strong><span style=\"color: #0e509a;\">AZOO Plus 4 in 1 Active Filter<\/span><\/strong><\/h1>\n<p>&nbsp;<\/p>\n<ul>\n<li>\n<h3><span style=\"color: #228bca;\"><strong>AZOO PLUS 4 in 1 Active Filter est un mat\u00e9riau filtrant biochimique de haute performance pour tous les types d&#8217;aquariums d&#8217;eau douce et d&#8217;eau de mer.<\/strong><\/span><\/h3>\n<\/li>\n<li>\n<h3><span style=\"color: #228bca;\"><strong>Combinaison synergique de 4 mat\u00e9riaux filtrants ayant d&#8217;excellentes propri\u00e9t\u00e9s.<\/strong><\/span><\/h3>\n<\/li>\n<li>\n<h3><span style=\"color: #228bca;\"><strong>Filtre actif : Infrarouge lointain, ions d&#8217;argent, ions de calcium et de magn\u00e9sium et anions Filtre actif.<\/strong><\/span><\/h3>\n<\/li>\n<li>\n<h3><span style=\"color: #228bca;\"><strong>Excellent pour tous les types de filtres immerg\u00e9s et \u00e0 percolation.<\/strong><\/span><\/h3>\n<\/li>\n<\/ul>\n<p>&nbsp;<\/p>\n<h3><img fetchpriority=\"high\" decoding=\"async\" class=\"alignnone size-medium wp-image-361\" src=\"https:\/\/azooeurope.com\/wp-content\/uploads\/\/restricciones_01-400x214.png\" alt=\"\" width=\"400\" height=\"214\" srcset=\"https:\/\/azooeurope.com\/wp-content\/uploads\/restricciones_01-400x214.png 400w, https:\/\/azooeurope.com\/wp-content\/uploads\/restricciones_01.png 450w\" sizes=\"(max-width: 400px) 100vw, 400px\" \/><\/h3>\n<p>Pour les aquariums d&#8217;eau douce, les aquariums plant\u00e9s, les \u00e9tangs, l&#8217;eau de mer et les r\u00e9cifs.<br \/>\nAZOO 4 in 1 Active Filter est un milieu filtrant chimique sp\u00e9cifique et tr\u00e8s performant, avec un taux de d\u00e9composition efficace et une surface d\u00e9passant de 400 fois les mat\u00e9riaux filtrants traditionnels.<br \/>\nIl combine de mani\u00e8re synergique les quatre compos\u00e9s de la gamme Active Filter : Far Infrared, Silver Ion, Calcium &amp; Magnesium Ion, et Anion Active Filter.<br \/>\nIl est produit \u00e0 l&#8217;aide d&#8217;une nouvelle technologie de frittage \u00e0 haute temp\u00e9rature, ce qui permet d&#8217;obtenir une faible densit\u00e9, une porosit\u00e9 maximale, d&#8217;excellentes propri\u00e9t\u00e9s hydrophiles (HRT) et un faible poids unitaire.<br \/>\nIl favorise le renouvellement de la colonie bact\u00e9rienne et am\u00e9liore le m\u00e9tabolisme des bact\u00e9ries b\u00e9n\u00e9fiques.<br \/>\nCe produit est recyclable comme substrat pour les plantes. <strong>Pr\u00e9sentations:<\/strong><strong>AZ16083<\/strong> \/ AZOO PLUS 4 en 1 Filtre Actif 12 pcs <strong>AZ16105<\/strong> \/ AZOO PLUS 4 en 1 Filtre Actif 1 litre <strong>AZ16129<\/strong> \/ AZOO PLUS 4 en 1 Filtre Actif 5 litres AZOO Plus 4 en 1 Filtre Actif appartient \u00e0 la ligne de produits <a href=\"https:\/\/www.azoo-aqua.com\/\" target=\"_blank\" rel=\"noopener\">AZOO<\/a> <a href=\"https:\/\/azpez.virtualcodeveloper.com\/azpez\/azoo-europe\/\" target=\"_blank\" rel=\"noopener\">Plus de<\/a> la marque <a href=\"https:\/\/www.azoo-aqua.com\/\" target=\"_blank\" rel=\"noopener\">AZOO<\/a>.<br \/>\nSuivez-nous sur nos m\u00e9dias sociaux pour rester au courant des derni\u00e8res nouveaut\u00e9s et de toutes les informations int\u00e9ressantes concernant notre marque et l&#8217;aquariophilie sur <a href=\"https:\/\/www.facebook.com\/profile.php?id=61555599587010&amp;locale=es_ES\" target=\"_blank\" rel=\"noopener\">Facebook<\/a>, <a href=\"https:\/\/www.youtube.com\/@AZOOEurope\/videos\" target=\"_blank\" rel=\"noopener\">YouTube<\/a> et <a href=\"https:\/\/www.instagram.com\/azooeurope\/\" target=\"_blank\" rel=\"noopener\">Instagram<\/a>.<br \/>\nVous pouvez compl\u00e9ter ce produit avec d&#8217;autres aliments \u00e9quilibr\u00e9s sp\u00e9cifiques de la marque Ultra Fresh.<\/p>\n<p><iframe title=\"azoo plus presentation\" width=\"800\" height=\"450\" src=\"https:\/\/www.youtube.com\/embed\/gS5bf4C6Nqc?feature=oembed\" frameborder=\"0\" allow=\"accelerometer; autoplay; clipboard-write; encrypted-media; gyroscope; picture-in-picture; web-share\" referrerpolicy=\"strict-origin-when-cross-origin\" allowfullscreen><\/iframe><\/p>\n<h3><\/h3>\n<h3><span style=\"color: #228bca;\">LE MODE D&#8217;EMPLOI :<\/span><\/h3>\n<p>&#8211; Chaque litre de ce produit traite 50 litres d&#8217;eau.<br \/>\n&#8211; Rincez bri\u00e8vement ce produit avant de l&#8217;utiliser.<br \/>\n&#8211; Remplacez le filtre actif tous les 12 mois.<br \/>\nOBSERVATIONS : Pour garantir un bon fonctionnement et une dur\u00e9e de vie de 12 mois, veuillez tenir compte des observations suivantes : &#8211; Placez Active Filter dans un filtre \u00e0 flux forc\u00e9 \u00e9quip\u00e9 d&#8217;une pompe de circulation afin que l&#8217;eau s&#8217;\u00e9coule uniform\u00e9ment \u00e0 travers le mat\u00e9riau avec un d\u00e9bit d&#8217;eau suffisant.<br \/>\nA titre indicatif, un aquarium de 100 litres n\u00e9cessite 2 litres d&#8217;Active Filter et un d\u00e9bit approximatif de 300 litres par heure.<br \/>\nIl peut \u00eatre utilis\u00e9 dans des filtres suspendus, des filtres sous le gravier, des filtres \u00e0 ruissellement (Wet-Dry), des r\u00e9acteurs ou des filtres \u00e0 panier, ces deux derniers \u00e9tant les plus recommand\u00e9s.<br \/>\n&#8211; En raison de sa structure et de ses propri\u00e9t\u00e9s, Active Filter est class\u00e9 parmi les filtres chimiques.<br \/>\nCela signifie qu&#8217;il agit par le biais de milliers de micropores extr\u00eamement petits capables d&#8217;absorber les substances dissoutes dans l&#8217;eau.<br \/>\nCependant, ces pores peuvent facilement \u00eatre satur\u00e9s par des particules de salet\u00e9 plus grosses provenant des d\u00e9chets de l&#8217;aquarium, ce qui entrave la libre circulation de l&#8217;eau \u00e0 travers sa structure et affecte s\u00e9rieusement ses propri\u00e9t\u00e9s b\u00e9n\u00e9fiques.<br \/>\nPour \u00e9viter cet inconv\u00e9nient, vous devez maintenir ce m\u00e9dia filtrant \u00e0 l&#8217;\u00e9cart des grosses particules de salet\u00e9 qui peuvent \u00eatre aspir\u00e9es dans le filtre.<br \/>\nPour ce faire, observez le sens du flux d&#8217;eau entrant dans le filtre et placez le filtre actif en deuxi\u00e8me position, apr\u00e8s les mat\u00e9riaux filtrants m\u00e9caniques tels que les \u00e9ponges filtrantes et autres m\u00e9dias filtrants similaires.<br \/>\n&#8211; Avant de commencer un traitement contre les maladies, les escargots ou les algues avec des agents chimiques, vous devez retirer Active Filter pour \u00e9viter qu&#8217;il n&#8217;absorbe ces compos\u00e9s, ce qui neutraliserait le traitement et le rendrait inutilisable pour une utilisation ult\u00e9rieure.<br \/>\nA la fin du traitement, \u00e9liminez les \u00e9ventuels r\u00e9sidus chimiques par un changement partiel de l&#8217;eau et utilisez du charbon actif avant de remettre Active Filter en place.<br \/>\nATTENTION : &#8211; NE PAS ING\u00c9RER, EN CAS D&#8217;INGESTION, CONSULTER UN M\u00c9DECIN.<br \/>\n&#8211; TENIR LE PRODUIT HORS DE PORT\u00c9E DES ENFANTS ET DES ANIMAUX DOMESTIQUES.<br \/>\n&#8211; \u00c0 UTILISER EXCLUSIVEMENT DANS LES AQUARIUMS AVEC DES POISSONS D&#8217;ORNEMENT. \u00a0<strong>FABRICATION : Fab<\/strong> riqu\u00e9 \u00e0 Ta\u00efwan par Taikon Corp (AZOO).<\/p>\n<h3><\/h3>\n<p>&nbsp;<\/p>\n","protected":false},"excerpt":{"rendered":"<p>AZOO Plus 4 in 1 Active Filter &nbsp; AZOO PLUS 4 in 1 Active Filter est un mat\u00e9riau filtrant biochimique de haute performance pour tous les types d&#8217;aquariums d&#8217;eau douce et d&#8217;eau de mer. Combinaison synergique de 4 mat\u00e9riaux filtrants ayant d&#8217;excellentes propri\u00e9t\u00e9s. Filtre actif : Infrarouge lointain, ions d&#8217;argent, ions de calcium et de [&hellip;]<\/p>\n","protected":false},"featured_media":3375,"comment_status":"open","ping_status":"closed","template":"","meta":{"rank_math_lock_modified_date":false},"product_cat":[462,464,901],"product_tag":[1198,1195,1196,1197,466,537,952,951,1199,1203,1200,1201,1202,1204],"class_list":{"0":"post-5427","1":"product","2":"type-product","3":"status-publish","4":"has-post-thumbnail","6":"product_cat-azoo-europe-fr","7":"product_cat-azoo-plus-fr","8":"product_cat-filtration-fr","9":"product_tag-4-en-1","10":"product_tag-az16083-fr","11":"product_tag-az16105-fr","12":"product_tag-az16129-fr","13":"product_tag-azoo-fr","14":"product_tag-azoo-plus-fr","15":"product_tag-filtration-biologique","16":"product_tag-filtration-chimique","17":"product_tag-filtre-actif","18":"product_tag-filtre-actif-anionique","19":"product_tag-infrarouge-lointain","20":"product_tag-ion-dargent","21":"product_tag-ions-de-calcium-et-de-magnesium","22":"product_tag-proprietes-hydrophiles","24":"first","25":"instock","26":"shipping-taxable","27":"product-type-simple"},"_links":{"self":[{"href":"https:\/\/azooeurope.com\/fr\/wp-json\/wp\/v2\/product\/5427","targetHints":{"allow":["GET"]}}],"collection":[{"href":"https:\/\/azooeurope.com\/fr\/wp-json\/wp\/v2\/product"}],"about":[{"href":"https:\/\/azooeurope.com\/fr\/wp-json\/wp\/v2\/types\/product"}],"replies":[{"embeddable":true,"href":"https:\/\/azooeurope.com\/fr\/wp-json\/wp\/v2\/comments?post=5427"}],"wp:featuredmedia":[{"embeddable":true,"href":"https:\/\/azooeurope.com\/fr\/wp-json\/wp\/v2\/media\/3375"}],"wp:attachment":[{"href":"https:\/\/azooeurope.com\/fr\/wp-json\/wp\/v2\/media?parent=5427"}],"wp:term":[{"taxonomy":"product_cat","embeddable":true,"href":"https:\/\/azooeurope.com\/fr\/wp-json\/wp\/v2\/product_cat?post=5427"},{"taxonomy":"product_tag","embeddable":true,"href":"https:\/\/azooeurope.com\/fr\/wp-json\/wp\/v2\/product_tag?post=5427"}],"curies":[{"name":"wp","href":"https:\/\/api.w.org\/{rel}","templated":true}]}}