{"id":5423,"date":"2024-02-29T16:06:04","date_gmt":"2024-02-29T15:06:04","guid":{"rendered":"https:\/\/infallible-hoover.188-95-114-6.plesk.page\/producto\/azoo-plus-betta-cuisine\/"},"modified":"2024-10-03T13:24:31","modified_gmt":"2024-10-03T11:24:31","slug":"azoo-plus-betta-cuisine","status":"publish","type":"product","link":"https:\/\/azooeurope.com\/fr\/producto\/azoo-plus-betta-cuisine\/","title":{"rendered":"AZOO Plus Betta Cuisine"},"content":{"rendered":"<h1><strong><span style=\"color: #0e509a;\">AZOO Plus Betta Cuisine<\/span><\/strong><\/h1>\n<ul>\n<li>\n<h3><span style=\"color: #228bca;\">AZOO Plus Betta Cuisine est une nourriture Super Premium sp\u00e9cialement con\u00e7ue pour les poissons Betta.<\/span><\/h3>\n<\/li>\n<li>\n<h3><span style=\"color: #228bca;\">Granul\u00e9s de premi\u00e8re qualit\u00e9 pour les poissons Betta.<\/span><\/h3>\n<\/li>\n<li>\n<h3><span style=\"color: #228bca;\">AZOO Plus Betta Cuisine contient une formule \u00e9quilibr\u00e9e qui favorise la croissance et la coloration gr\u00e2ce \u00e0 des carot\u00e9no\u00efdes naturels.<\/span><\/h3>\n<\/li>\n<li>\n<h3><span style=\"color: #228bca;\">Fabriqu\u00e9 avec la technologie la plus avanc\u00e9e et la plus unique, il contient une formule renfor\u00e7ant le syst\u00e8me immunitaire.<br \/>\nLe r\u00e9gime alimentaire des poissons Betta est tr\u00e8s particulier. <\/span><\/h3>\n<\/li>\n<\/ul>\n<p><img fetchpriority=\"high\" decoding=\"async\" class=\"size-medium wp-image-883\" src=\"https:\/\/azooeurope.com\/wp-content\/uploads\/\/azoo_plus_ultra_fresh_features_02-400x214.png\" alt=\"AZOO Plus Betta Cuisine\" width=\"400\" height=\"214\" srcset=\"https:\/\/azooeurope.com\/wp-content\/uploads\/azoo_plus_ultra_fresh_features_02-400x214.png 400w, https:\/\/azooeurope.com\/wp-content\/uploads\/azoo_plus_ultra_fresh_features_02.png 450w\" sizes=\"(max-width: 400px) 100vw, 400px\" \/><\/p>\n<p>Les poissons Betta se nourrissent \u00e0 la surface de l&#8217;eau, consommant lentement, avec leur petite bouche, une nourriture animale riche en prot\u00e9ines.<br \/>\nEn fait, ces poissons se nourrissent dans la nature de larves de moustiques nutritives et d&#8217;autres petits insectes qui se posent \u00e0 la surface de l&#8217;eau.<br \/>\nC&#8217;est pourquoi ces poissons ne peuvent pas manger n&#8217;importe quelle nourriture \u00e9quilibr\u00e9e, mais ont besoin d&#8217;une nourriture sp\u00e9cialement con\u00e7ue pour eux.<br \/>\nLa taille, la flottabilit\u00e9 et l&#8217;app\u00e9tence des Betta Pellets conviennent parfaitement aux habitudes alimentaires des poissons Betta et autres petits poissons labyrinthes.<br \/>\nAZOO Plus Betta Cuisine contient des pigments naturels qui aident \u00e0 rehausser la coloration typique de ces poissons. <strong>Pr\u00e9sentations:<\/strong><strong>AZ80221<\/strong> \/ AZOO Plus Betta Cuisine 60ml \/ 25g AZOO Plus Betta Cuisine fait partie de la gamme <a href=\"https:\/\/azpez.virtualcodeveloper.com\/azpez\/azoo-europe\/\" target=\"_blank\" rel=\"noopener\">AZOO Plus de<\/a> la marque <a href=\"https:\/\/www.azoo-aqua.com\/\" target=\"_blank\" rel=\"noopener\">AZOO<\/a>.<br \/>\nSa formule est enrichie en <strong>\u00df-Glucan<\/strong>.<br \/>\nCet ingr\u00e9dient est extrait du champignon Ganoderma lucidum et renforce le d\u00e9veloppement immunitaire des poissons contre les agents pathog\u00e8nes, en activant le syst\u00e8me immunitaire naturel du m\u00eame organisme.<br \/>\nVous pouvez compl\u00e9ter ce produit avec d&#8217;autres aliments \u00e9quilibr\u00e9s sp\u00e9cifiques de la marque Ultra Fresh.<\/p>\n<h3><span style=\"color: #228bca;\"><strong>INGR\u00c9DIENTS CHOISIS de AZOO Plus Betta Cuisine :<\/strong><\/span><\/h3>\n<p>Farine de poisson et ma\u00efs, spiruline, farine de calmar, poudre de foie de poisson, huile de poisson, Krill, astaxanthine, carot\u00e9no\u00efdes, PSB, poudre de levure, glucan, multi-vitamines et min\u00e9raux.<br \/>\n<strong>Les avantages du \u00df-glucan :<\/strong> Le \u00df-Glucan est un polysaccharide extrait du champignon Ganoderma lucidum.<br \/>\nCe compos\u00e9 organique a d\u00e9montr\u00e9 des propri\u00e9t\u00e9s tr\u00e8s b\u00e9n\u00e9fiques pour le syst\u00e8me immunitaire des crevettes, qui ont \u00e9t\u00e9 largement confirm\u00e9es par diverses \u00e9tudes scientifiques.<br \/>\nLe r\u00e9sultat de ce compl\u00e9ment alimentaire pour poissons est une r\u00e9sistance aux maladies et un taux de survie beaucoup plus \u00e9lev\u00e9s, ce qui r\u00e9duit consid\u00e9rablement la contagion des maladies.<\/p>\n<h3><span style=\"color: #228bca;\"><strong>ANALYSE GARANTIE de la farine de crevettes Azoo Max :<\/strong><\/span><\/h3>\n<p>Prot\u00e9ines brutes : 49,5% (Min.) Mati\u00e8res grasses brutes : 5,6% (Min.) Fibres brutes : 8% (Max.) Cendres : 8% (Max.) Humidit\u00e9 : 8% (Max.) N.E.L. : 15% Suivez-nous sur nos m\u00e9dias sociaux pour rester au courant des derni\u00e8res nouveaut\u00e9s et de toutes les informations int\u00e9ressantes sur notre marque et l&#8217;aquariophilie sur <a href=\"https:\/\/www.facebook.com\/profile.php?id=61555599587010&amp;locale=es_ES\" target=\"_blank\" rel=\"noopener\">Facebook<\/a>, <a href=\"https:\/\/www.youtube.com\/@AZOOEurope\/videos\" target=\"_blank\" rel=\"noopener\">YouTube<\/a>, et <a href=\"https:\/\/www.instagram.com\/azooeurope\/\" target=\"_blank\" rel=\"noopener\">Instagram<\/a>.<br \/>\nVous pouvez compl\u00e9ter ce produit avec d&#8217;autres aliments \u00e9quilibr\u00e9s sp\u00e9cifiques de la marque Ultra Fresh.<\/p>\n<p><iframe title=\"azoo plus presentation\" width=\"800\" height=\"450\" src=\"https:\/\/www.youtube.com\/embed\/gS5bf4C6Nqc?feature=oembed\" frameborder=\"0\" allow=\"accelerometer; autoplay; clipboard-write; encrypted-media; gyroscope; picture-in-picture; web-share\" referrerpolicy=\"strict-origin-when-cross-origin\" allowfullscreen><\/iframe><\/p>\n<h3><\/h3>\n<h3><span style=\"color: #228bca;\">LE MODE D&#8217;EMPLOI :<\/span><\/h3>\n<p>AZOO Betta_Cuisine peut \u00eatre donn\u00e9 2 ou 3 fois par jour, mais seulement la quantit\u00e9 que le poisson peut consommer en 2 ou 3 minutes.<br \/>\nCe r\u00e9cipient dispose d&#8217;une ceinture de garantie.<br \/>\nUne fois ouvert, il n&#8217;est pas n\u00e9cessaire de le r\u00e9frig\u00e9rer, mais il doit rester herm\u00e9tiquement ferm\u00e9 dans un endroit frais et sec pour pr\u00e9server ses propri\u00e9t\u00e9s nutritionnelles.<br \/>\nVous devez \u00e9viter de placer le r\u00e9cipient dans des endroits humides ou chauds, par exemple au-dessus de la lumi\u00e8re ou du couvercle de l&#8217;aquarium. <strong>EXPIRATION :<\/strong> V\u00e9rifiez la date d&#8217;expiration situ\u00e9e au bas de l&#8217;\u00e9tiquette du contenant.<br \/>\nSi vous d\u00e9passez cette date, les propri\u00e9t\u00e9s nutritionnelles diminuent consid\u00e9rablement, nous vous recommandons donc de remplacer l&#8217;aliment.<br \/>\nNE CONVIENT PAS \u00c0 LA CONSOMMATION HUMAINE DE POISSONS OU DE CRUSTAC\u00c9S.<br \/>\nUNIQUEMENT POUR LES CREVETTES ET LES POISSONS D&#8217;AQUARIUM D&#8217;ORNEMENT. <strong>FABRICATION : Fabriqu\u00e9<\/strong> \u00e0 Ta\u00efwan par Taikon Corp. (AZOO) Bien que la formule AZOO 9 en 1 r\u00e9duise la pollution dans l&#8217;aquarium, nous vous recommandons de retirer les aliments non consomm\u00e9s \u00e0 l&#8217;aide d&#8217;une \u00e9puisette afin de pr\u00e9server la qualit\u00e9 de l&#8217;eau.<br \/>\nCe contenant est muni d&#8217;un sceau de qualit\u00e9.<br \/>\nUne fois ouvert, il n&#8217;est pas n\u00e9cessaire de r\u00e9frig\u00e9rer AZOO Betta Cuisine, mais il doit \u00eatre conserv\u00e9 herm\u00e9tiquement ferm\u00e9 dans un endroit frais et sec pour pr\u00e9server ses propri\u00e9t\u00e9s nutritionnelles.<br \/>\n\u00c9vitez de placer le contenant dans des endroits humides ou chauds, comme sur le dessus d&#8217;un luminaire ou sur le couvercle de l&#8217;aquarium.<br \/>\nV\u00e9rifiez la date de p\u00e9remption.<br \/>\nSi elle est d\u00e9pass\u00e9e, les propri\u00e9t\u00e9s nutritionnelles diminuent consid\u00e9rablement, nous vous recommandons donc de jeter la nourriture.<br \/>\nAZOO Betta Cuisine ne convient pas \u00e0 la consommation humaine.<br \/>\nUNIQUEMENT POUR LES POISSONS D&#8217;AQUARIUM D&#8217;ORNEMENT.<\/p>\n<h3><span style=\"color: #228bca;\">Les poissons sont ce qu&#8217;ils mangent.<\/span><\/h3>\n<p>Les biotopes naturels o\u00f9 vivent la plupart des poissons offrent un large \u00e9ventail de sources de nourriture fra\u00eeche, en particulier dans les environnements marins.<br \/>\nDe plus, ces environnements sont tr\u00e8s h\u00e9t\u00e9rog\u00e8nes, avec des variations significatives de leurs param\u00e8tres nutritionnels dans chaque cas.<br \/>\nLa saisonnalit\u00e9 affecte aussi radicalement leur r\u00e9gime alimentaire, formant parfois des cycles d&#8217;alimentation p\u00e9riodiques tr\u00e8s radicaux.<br \/>\nEn outre, les poissons s&#8217;adaptent \u00e0 leur environnement en acqu\u00e9rant une morphologie vari\u00e9e pour capturer, ing\u00e9rer et dig\u00e9rer le type d&#8217;aliments qu&#8217;ils consomment, et leurs modes d&#8217;alimentation varient \u00e9galement en fonction de leur stade de d\u00e9veloppement.<br \/>\nC&#8217;est pourquoi, avec la qualit\u00e9 de l&#8217;eau, l&#8217;alimentation est l&#8217;aspect le plus important du maintien des poissons d&#8217;ornement en captivit\u00e9.<br \/>\nDe m\u00eame, l&#8217;obtention de taux de croissance optimaux, d&#8217;un d\u00e9veloppement et d&#8217;une coloration sains, ainsi que la promotion de la reproduction, repr\u00e9sentent un d\u00e9fi encore plus grand.<br \/>\nAZOO a r\u00e9ussi \u00e0 relever ce d\u00e9fi en formulant une gamme compl\u00e8te d&#8217;aliments sp\u00e9cifiques pour r\u00e9pondre \u00e0 tous les besoins nutritionnels des poissons d&#8217;ornement tout au long de leur croissance.<\/p>\n<h3><span style=\"color: #228bca;\">AZOO Plus Betta Cuisine : La cl\u00e9 est la vari\u00e9t\u00e9.<\/span><\/h3>\n<p>La philosophie alimentaire d&#8217;AZOO est d&#8217;inclure tous les besoins nutritionnels d&#8217;un groupe sp\u00e9cifique de poissons dans une seule particule alimentaire, garantissant ainsi le succ\u00e8s d&#8217;une alimentation appropri\u00e9e.<br \/>\nLa taille, la forme, l&#8217;hydratation ou la flottabilit\u00e9 des particules de nourriture jouent un r\u00f4le fondamental dans l&#8217;adaptation au comportement alimentaire et \u00e0 la morphologie des poissons, qui varient selon les esp\u00e8ces et les groupes de poissons.<br \/>\nLes grandes bouches, les petites bouches, les pr\u00e9dateurs, les brouteurs, les mangeurs de surface, les mangeurs de fond, les mangeurs de milieu d&#8217;eau, les mangeurs voraces, les mangeurs lents ou les mangeurs tr\u00e8s exigeants sont des aspects qui affectent le format sp\u00e9cifique de l&#8217;aliment AZOO.<br \/>\nCes aspects, combin\u00e9s \u00e0 une formulation bas\u00e9e sur des mati\u00e8res premi\u00e8res naturelles s\u00e9lectionn\u00e9es et des m\u00e9thodes de fabrication et de conservation de pointe, constituent la base de la gamme premium d&#8217;aliments pour poissons d&#8217;ornement la plus avanc\u00e9e du march\u00e9.<\/p>\n","protected":false},"excerpt":{"rendered":"<p>AZOO Plus Betta Cuisine AZOO Plus Betta Cuisine est une nourriture Super Premium sp\u00e9cialement con\u00e7ue pour les poissons Betta. Granul\u00e9s de premi\u00e8re qualit\u00e9 pour les poissons Betta. AZOO Plus Betta Cuisine contient une formule \u00e9quilibr\u00e9e qui favorise la croissance et la coloration gr\u00e2ce \u00e0 des carot\u00e9no\u00efdes naturels. Fabriqu\u00e9 avec la technologie la plus avanc\u00e9e et [&hellip;]<\/p>\n","protected":false},"featured_media":3357,"comment_status":"open","ping_status":"closed","template":"","meta":{"rank_math_lock_modified_date":false},"product_cat":[462,464,801],"product_tag":[676,809,739,1166,466,537,914,497,911,924,920,929,811,921,814,930,817,822,803],"class_list":{"0":"post-5423","1":"product","2":"type-product","3":"status-publish","4":"has-post-thumbnail","6":"product_cat-azoo-europe-fr","7":"product_cat-azoo-plus-fr","8":"product_cat-la-nutrition","9":"product_tag-algues","10":"product_tag-aminoacides","11":"product_tag-aquariums-deau-douce","12":"product_tag-az80221-fr","13":"product_tag-azoo-fr","14":"product_tag-azoo-plus-fr","15":"product_tag-caridina-fr","16":"product_tag-conditionneur","17":"product_tag-crevettes","18":"product_tag-farine-de-crevettes","19":"product_tag-ganoderma-lucidum-fr","20":"product_tag-les-plombs-a-penetration-rapide","21":"product_tag-multivitamines","22":"product_tag-spiruline","23":"product_tag-s-glucan-fr","24":"product_tag-systeme-immunitaire","25":"product_tag-vitamine-b2","26":"product_tag-vitamine-k","27":"product_tag-vitamines-fr","29":"first","30":"instock","31":"shipping-taxable","32":"product-type-simple"},"_links":{"self":[{"href":"https:\/\/azooeurope.com\/fr\/wp-json\/wp\/v2\/product\/5423","targetHints":{"allow":["GET"]}}],"collection":[{"href":"https:\/\/azooeurope.com\/fr\/wp-json\/wp\/v2\/product"}],"about":[{"href":"https:\/\/azooeurope.com\/fr\/wp-json\/wp\/v2\/types\/product"}],"replies":[{"embeddable":true,"href":"https:\/\/azooeurope.com\/fr\/wp-json\/wp\/v2\/comments?post=5423"}],"wp:featuredmedia":[{"embeddable":true,"href":"https:\/\/azooeurope.com\/fr\/wp-json\/wp\/v2\/media\/3357"}],"wp:attachment":[{"href":"https:\/\/azooeurope.com\/fr\/wp-json\/wp\/v2\/media?parent=5423"}],"wp:term":[{"taxonomy":"product_cat","embeddable":true,"href":"https:\/\/azooeurope.com\/fr\/wp-json\/wp\/v2\/product_cat?post=5423"},{"taxonomy":"product_tag","embeddable":true,"href":"https:\/\/azooeurope.com\/fr\/wp-json\/wp\/v2\/product_tag?post=5423"}],"curies":[{"name":"wp","href":"https:\/\/api.w.org\/{rel}","templated":true}]}}