{"id":5405,"date":"2024-03-09T11:46:12","date_gmt":"2024-03-09T10:46:12","guid":{"rendered":"https:\/\/infallible-hoover.188-95-114-6.plesk.page\/producto\/tarte-aux-crevettes-tropicale\/"},"modified":"2024-10-03T13:00:29","modified_gmt":"2024-10-03T11:00:29","slug":"tarte-aux-crevettes-tropicale","status":"publish","type":"product","link":"https:\/\/azooeurope.com\/fr\/producto\/tarte-aux-crevettes-tropicale\/","title":{"rendered":"TROPICAL shrimp pie"},"content":{"rendered":"<h1><span style=\"color: #0e509a;\"><strong>TROPICAL <\/strong><\/span><span style=\"color: #0e509a;\"><strong>shrimp pie<\/strong><\/span><\/h1>\n<h2><span style=\"color: #0e509a;\">Ultra Fresh TROPICAL shrimp pie est la meilleure solution pour une vari\u00e9t\u00e9 de poissons tropicaux se nourrissant sur le fond, tels que les poissons-chats corydoras et les plecos carnivores.<\/span><\/h2>\n<ul>\n<li>\n<h3><span style=\"color: #228bca;\">100% de prot\u00e9ines enti\u00e8rement naturelles provenant de viande fra\u00eeche, de l\u00e9gumes et d&#8217;algues marines<\/span><\/h3>\n<\/li>\n<li>\n<h3><span style=\"color: #228bca;\">30% de spiruline naturelle et d&#8217;algues marines <\/span><\/h3>\n<\/li>\n<li>\n<h3><span style=\"color: #228bca;\">11% Feuilles de patate douce + feuilles de m\u00fbrier<\/span><\/h3>\n<\/li>\n<li>\n<h3><span style=\"color: #228bca;\">0% Additifs, colorants artificiels ou produits d\u00e9riv\u00e9s<\/span><\/h3>\n<\/li>\n<li>\n<h3><span style=\"color: #228bca;\">Rapport viande\/l\u00e9gumes de 3:7<\/span><\/h3>\n<\/li>\n<li>\n<h3><span style=\"color: #228bca;\">Type d&#8217;enfoncement<\/span><\/h3>\n<\/li>\n<li>\n<h3><span style=\"color: #228bca;\">Taille : 9,8 x 7,3 mm<\/span><\/h3>\n<\/li>\n<\/ul>\n<p><img fetchpriority=\"high\" decoding=\"async\" class=\"size-medium wp-image-961\" src=\"https:\/\/azooeurope.com\/wp-content\/uploads\/\/ultra_fresh_tropical_shrimp_pie_10-400x214.png\" alt=\"Ultra Fresh TROPICAL shrimp pie\" width=\"400\" height=\"214\" srcset=\"https:\/\/azooeurope.com\/wp-content\/uploads\/ultra_fresh_tropical_shrimp_pie_10-400x214.png 400w, https:\/\/azooeurope.com\/wp-content\/uploads\/ultra_fresh_tropical_shrimp_pie_10.png 450w\" sizes=\"(max-width: 400px) 100vw, 400px\" \/><\/p>\n<h3><span style=\"color: #228bca;\"><strong>CARACT\u00c9RISTIQUES :<\/strong><\/span><\/h3>\n<p><strong>100% naturellement nutritif &amp; formul\u00e9 pour une app\u00e9tence sup\u00e9rieure<\/strong> Ultra fresh TROPICAL shrimp pie est formul\u00e9 avec une teneur \u00e9lev\u00e9e en crevettes \u00e9p\u00e9es sauvages (jusqu&#8217;\u00e0 35%), plus des calmars frais, de la spiruline naturelle, de l&#8217;ail fra\u00eechement cueilli et des feuilles de patates douces, ainsi que des ingr\u00e9dients naturels soigneusement s\u00e9lectionn\u00e9s.<br \/>\nIl offre une excellente app\u00e9tence et une gamme compl\u00e8te de valeurs nutritionnelles pour une vari\u00e9t\u00e9 de poissons tropicaux se nourrissant sur le fond, tels que les poissons-chats corydoras et les plecos carnivores. <strong>Tarte aux crevettes qui se ramollit rapidement dans l&#8217;eau et garde sa forme sans se d\u00e9sint\u00e9grer, m\u00eame apr\u00e8s 24 heures, pour une eau cristalline<\/strong> Nous insistons sur le fait que le traitement doit \u00eatre enti\u00e8rement naturel.<br \/>\nNe contenant aucun coagulant, la d\u00e9licieuse tarte aux crevettes est cr\u00e9\u00e9e par le p\u00e9trissage constant d&#8217;une p\u00e2te \u00e0 base de farine fra\u00eeche et par une cuisson \u00e0 basse temp\u00e9rature pendant 10 heures.<br \/>\nEnrichie en probiotiques intestinaux, la tarte aux crevettes se ramollit rapidement dans l&#8217;eau pour \u00eatre facilement ing\u00e9r\u00e9e et ne se d\u00e9sint\u00e8gre pas, m\u00eame apr\u00e8s 24 heures.<br \/>\nEn gardant toujours l&#8217;eau propre, cette formulation conserve les saveurs originales et les valeurs nutritionnelles des ingr\u00e9dients frais et facilite l&#8217;ingestion et la digestion des poissons pour une absorption compl\u00e8te des nutriments, r\u00e9duisant ainsi l&#8217;excr\u00e9tion des d\u00e9chets.<br \/>\n<strong>Coloration naturelle (20 % de spiruline australienne + algues norv\u00e9giennes)<\/strong> La formulation exclusive de spiruline australienne, d&#8217;algues naturelles et de crevettes \u00e9p\u00e9es fra\u00eeches de premi\u00e8re qualit\u00e9 renforce la coloration naturelle de vos poissons, les pr\u00e9sentant dans leurs couleurs les plus naturelles et les plus vives, sans teintes marbr\u00e9es.<br \/>\n<strong>Polysaccharides de ganoderma, ail et groupe de vitamines B ajout\u00e9s pour<\/strong> renforcer<strong>l&#8217;immun<\/strong> it\u00e9 Formule de qualit\u00e9 sup\u00e9rieure pour renforcer l&#8217;immunit\u00e9 : riche en nutriments pr\u00e9cieux tels que les polysaccharides de ganoderma, l&#8217;ail, la spiruline australienne, les vitamines A, D<br \/>\n<sub>3<\/sub>, C, E,<sub>B1<\/sub>,<sub>B2<\/sub>, <sub>B6<\/sub>, &amp; <sub>B12<\/sub>), \u03b2-carot\u00e8ne, min\u00e9raux naturels, et oligo-\u00e9l\u00e9ments pour fortifier le syst\u00e8me immunitaire de votre poisson, stimuler le m\u00e9tabolisme, augmenter l&#8217;\u00e9nergie et r\u00e9duire les maladies.<br \/>\n<iframe title=\"ultra fresh tropical shrimp pie video 02\" width=\"800\" height=\"450\" src=\"https:\/\/www.youtube.com\/embed\/0UcdmQUNHZY?feature=oembed\" frameborder=\"0\" allow=\"accelerometer; autoplay; clipboard-write; encrypted-media; gyroscope; picture-in-picture; web-share\" referrerpolicy=\"strict-origin-when-cross-origin\" allowfullscreen><\/iframe><br \/>\n<strong>Pr\u00e9sentations:<\/strong><strong>UF86045<\/strong> \/ Tropical Shrimp Pie 120ml \/ 60g<br \/>\n<strong>UF86046E<\/strong> \/ Tropical Shrimp Pie 330ml \/ 140g<br \/>\n<strong>UF86047E<\/strong> \/ Tarte aux crevettes tropicales 1.150ml \/ 500g La tarte aux crevettes TROPICALES Ultra Fresh fait partie de la gamme de produits Ultra Fresh.<br \/>\n<a title=\"Ultra frais\" href=\"https:\/\/ultra-fresh.tw\/\" target=\"_blank\" rel=\"noopener\">Ultra Fresh<\/a> de la marque AZOO et distribu\u00e9e par<br \/>\n<a href=\"https:\/\/www.azoo-aqua.com\/\" target=\"_blank\" rel=\"noopener\">AZOO<\/a> et distribu\u00e9e par <a href=\"https:\/\/azpez.virtualcodeveloper.com\/azpez\/\" target=\"_blank\" rel=\"noopener\">AZOO EUROPE<\/a><\/p>\n<h3><span style=\"color: #228bca;\">ANALYSE <strong>GARANTIE <\/strong>:<\/span><\/h3>\n<p>Vitamine A : 18 900 UI\/kg Vitamine B<br \/>\n<sub>1<\/sub>: 3,3 mg\/kg Vitamine B<br \/>\n<sub>2<\/sub>: 9,6 mg\/kg Vitamine B<br \/>\n<sub>6<\/sub>: 6 mg\/kg Vitamine B<br \/>\n<sub>12<\/sub>: 0,03 mg\/kg Vitamine D<br \/>\n<sub>3<\/sub>: 3.390 IU\/kg Vitamine C : 500 mg\/kg Vitamine E : 48 mg\/kg Prot\u00e9ines brutes (min) : 39% Mati\u00e8res grasses brutes (min) : 4% Fibres brutes (max) : 7% Humidit\u00e9 (min) : 3% Phosphore (min) : 1%<\/p>\n<h3><span style=\"color: #228bca;\">COMPOSITION :<\/span><\/h3>\n<p>Crevette nordique, spiruline australienne, feuilles de patate douce, feuilles de m\u00fbrier, ail, polysaccharides de Ganoderma, calmar, crevettes Jingou, algues norv\u00e9giennes, germe de bl\u00e9, soja, levure, min\u00e9raux, vitamines (A, D<br \/>\n<sub>3<\/sub>, C, E,<sub>B1<\/sub>,<sub>B2<\/sub>, <sub>B6<\/sub> et <sub>B12<\/sub>), \u03b2-carot\u00e8ne, acide folique, niacine, acide pantoth\u00e9nique et acides amin\u00e9s essentiels (m\u00e9thionine, lysine).<br \/>\n<iframe title=\"ultra fresh vegetables  shrimp pie video 01\" width=\"800\" height=\"450\" src=\"https:\/\/www.youtube.com\/embed\/bWbFvMm5Bbo?feature=oembed\" frameborder=\"0\" allow=\"accelerometer; autoplay; clipboard-write; encrypted-media; gyroscope; picture-in-picture; web-share\" referrerpolicy=\"strict-origin-when-cross-origin\" allowfullscreen><\/iframe><\/p>\n<h3><span style=\"color: #228bca;\">LE MODE D&#8217;EMPLOI :<\/span><\/h3>\n<p>Ultra fresh TROPICAL shrimp pie peut \u00eatre fournie 2 \u00e0 3 fois par jour, mais seulement la quantit\u00e9 que les poissons peuvent consommer en 30 minutes. Bien que la formule AZOO PLUS Ultra-Fresh r\u00e9duise la pollution dans l&#8217;aquarium, nous vous recommandons de retirer les aliments non consomm\u00e9s \u00e0 l&#8217;aide d&#8217;une \u00e9puisette afin de pr\u00e9server la qualit\u00e9 de l&#8217;eau. Ce contenant est muni d&#8217;une bande de garantie. Une fois ouvert, il n&#8217;est pas n\u00e9cessaire de le r\u00e9frig\u00e9rer, mais il doit rester herm\u00e9tiquement ferm\u00e9 dans un endroit frais et sec pour pr\u00e9server ses propri\u00e9t\u00e9s nutritionnelles. \u00c9vitez de placer le r\u00e9cipient dans des endroits humides ou chauds, par exemple au-dessus d&#8217;un luminaire ou du couvercle de l&#8217;aquarium. <strong>Pour garantir la qualit\u00e9 et la s\u00e9curit\u00e9 sanitaire de votre poisson, il est fortement recommand\u00e9 de ne jamais toucher les aliments avec les mains. <\/strong><\/p>\n<p><strong>C&#8217;est pourquoi les contenants de granul\u00e9s Ultra Fresh de 60 ml, 120 ml et 330 ml comprennent un bouchon doseur adaptable aux besoins sp\u00e9cifiques de vos poissons. <\/strong><\/p>\n<p><strong>Ces couvercles contiennent 12 trous pr\u00e9-marqu\u00e9s (7 de 3mm, 4 de 4m et un de 15 x 7mm).<br \/>\nChoisissez l&#8217;option la plus pratique pour votre aquarium, en fonction de la taille de la nourriture et de la quantit\u00e9 de chaque prise. <\/strong><\/p>\n<p><strong>Les r\u00e9cipients contenant les b\u00e2tonnets ont une contenance de 1 150 ml et comprennent une cuill\u00e8re de taille appropri\u00e9e (capacit\u00e9 de 2 ml et de 1,5 ml) pour doser votre nourriture avec pr\u00e9cision et en toute s\u00e9curit\u00e9.<\/strong><\/p>\n<figure id=\"attachment_3555\" aria-describedby=\"caption-attachment-3555\" style=\"width: 400px\" class=\"wp-caption alignnone\"><img decoding=\"async\" class=\"size-medium wp-image-963\" src=\"https:\/\/azooeurope.com\/wp-content\/uploads\/\/ultra_fresh_tropical_shrimp_pie_12-400x400.jpg\" alt=\"Ultra Fresh TROPICAL shrimp pie\" width=\"400\" height=\"400\" srcset=\"https:\/\/azooeurope.com\/wp-content\/uploads\/ultra_fresh_tropical_shrimp_pie_12-400x400.jpg 400w, https:\/\/azooeurope.com\/wp-content\/uploads\/ultra_fresh_tropical_shrimp_pie_12-768x768.jpg 768w, https:\/\/azooeurope.com\/wp-content\/uploads\/ultra_fresh_tropical_shrimp_pie_12-300x300.jpg 300w, https:\/\/azooeurope.com\/wp-content\/uploads\/ultra_fresh_tropical_shrimp_pie_12-600x600.jpg 600w, https:\/\/azooeurope.com\/wp-content\/uploads\/ultra_fresh_tropical_shrimp_pie_12-100x100.jpg 100w, https:\/\/azooeurope.com\/wp-content\/uploads\/ultra_fresh_tropical_shrimp_pie_12.jpg 1250w\" sizes=\"(max-width: 400px) 100vw, 400px\" \/><figcaption id=\"caption-attachment-3555\" class=\"wp-caption-text\">Ultra Fresh TROPICAL shrimp pieEXPIRATION<\/figcaption><\/figure>\n<p><strong>:<\/strong> Veuillez v\u00e9rifier la date de p\u00e9remption situ\u00e9e au bas de l&#8217;\u00e9tiquette du contenant.<br \/>\nSi cette date est d\u00e9pass\u00e9e, les propri\u00e9t\u00e9s nutritionnelles diminuent de mani\u00e8re significative, nous vous recommandons donc de remplacer l&#8217;aliment. <strong>NE CONVIENT PAS \u00c0 LA CONSOMMATION HUMAINE. POUR LES POISSONS D&#8217;ORNEMENT UNIQUEMENT.<\/strong><\/p>\n<p><strong>AVERTISSEMENT :<\/strong> Les images que nous fournissons pour ces aliments \u00e9quilibr\u00e9s sont fournies \u00e0 titre d&#8217;information uniquement et doivent \u00eatre prises comme r\u00e9f\u00e9rence, car le fabricant se r\u00e9serve le droit de modifier les \u00e9tiquettes ou le format de ses produits sans pr\u00e9avis.<\/p>\n<h3><span style=\"color: #228bca;\">FABRICATION :<\/span><\/h3>\n<p>Fabriqu\u00e9 \u00e0 Ta\u00efwan par Taikon Corp (AZOO)<\/p>\n","protected":false},"excerpt":{"rendered":"<p>TROPICAL shrimp pie Ultra Fresh TROPICAL shrimp pie est la meilleure solution pour une vari\u00e9t\u00e9 de poissons tropicaux se nourrissant sur le fond, tels que les poissons-chats corydoras et les plecos carnivores. 100% de prot\u00e9ines enti\u00e8rement naturelles provenant de viande fra\u00eeche, de l\u00e9gumes et d&#8217;algues marines 30% de spiruline naturelle et d&#8217;algues marines 11% Feuilles [&hellip;]<\/p>\n","protected":false},"featured_media":3522,"comment_status":"open","ping_status":"closed","template":"","meta":{"rank_math_lock_modified_date":false},"product_cat":[1003,1097,1002],"product_tag":[1046,1029,1038,1023,1077,1075,1021,1043,1079,1103,1098,1078,1099,1049,1017,1036,1027,1104,1033,1100,1101,1102,1010,1054,1069,817,1066,1064,1057,1060,1073],"class_list":{"0":"post-5405","1":"product","2":"type-product","3":"status-publish","4":"has-post-thumbnail","6":"product_cat-poisson-de-fond","7":"product_cat-poissons-tropicaux","8":"product_cat-ultra-fresh","9":"product_tag-ail","10":"product_tag-algues-marines","11":"product_tag-algues-norvegiennes","12":"product_tag-calmar","13":"product_tag-crevettes-de-jingou","14":"product_tag-crevettes-nordiques","15":"product_tag-crevettes-sauvages","16":"product_tag-ganoderma-fr","17":"product_tag-mineraux-et-vitamines","18":"product_tag-poisson-carnivore","19":"product_tag-poisson-de-fond","20":"product_tag-poisson-frais","21":"product_tag-poissons-tropicaux","22":"product_tag-polysaccharides-de-ganoderma","23":"product_tag-proteines-100-naturelles","24":"product_tag-spiruline-australienne","25":"product_tag-spiruline-naturelle","26":"product_tag-tarte-aux-crevettes-tropicale","27":"product_tag-type-denfoncement","28":"product_tag-uf86045-fr","29":"product_tag-uf86046e-fr","30":"product_tag-uf86047e-fr","31":"product_tag-ultra-frais","32":"product_tag-vitamine-a-vitamine-d3","33":"product_tag-vitamine-b12","34":"product_tag-vitamine-b2","35":"product_tag-vitamine-b6","36":"product_tag-vitamine-bq","37":"product_tag-vitamine-c","38":"product_tag-vitamine-e","39":"product_tag--carotene-fr","41":"first","42":"instock","43":"shipping-taxable","44":"product-type-simple"},"_links":{"self":[{"href":"https:\/\/azooeurope.com\/fr\/wp-json\/wp\/v2\/product\/5405","targetHints":{"allow":["GET"]}}],"collection":[{"href":"https:\/\/azooeurope.com\/fr\/wp-json\/wp\/v2\/product"}],"about":[{"href":"https:\/\/azooeurope.com\/fr\/wp-json\/wp\/v2\/types\/product"}],"replies":[{"embeddable":true,"href":"https:\/\/azooeurope.com\/fr\/wp-json\/wp\/v2\/comments?post=5405"}],"wp:featuredmedia":[{"embeddable":true,"href":"https:\/\/azooeurope.com\/fr\/wp-json\/wp\/v2\/media\/3522"}],"wp:attachment":[{"href":"https:\/\/azooeurope.com\/fr\/wp-json\/wp\/v2\/media?parent=5405"}],"wp:term":[{"taxonomy":"product_cat","embeddable":true,"href":"https:\/\/azooeurope.com\/fr\/wp-json\/wp\/v2\/product_cat?post=5405"},{"taxonomy":"product_tag","embeddable":true,"href":"https:\/\/azooeurope.com\/fr\/wp-json\/wp\/v2\/product_tag?post=5405"}],"curies":[{"name":"wp","href":"https:\/\/api.w.org\/{rel}","templated":true}]}}