{"id":5377,"date":"2024-02-26T21:42:04","date_gmt":"2024-02-26T20:42:04","guid":{"rendered":"https:\/\/infallible-hoover.188-95-114-6.plesk.page\/producto\/vitamines\/"},"modified":"2024-10-10T08:37:36","modified_gmt":"2024-10-10T06:37:36","slug":"vitamines","status":"publish","type":"product","link":"https:\/\/azooeurope.com\/fr\/producto\/vitamines\/","title":{"rendered":"Vitamins"},"content":{"rendered":"<h1><strong><span style=\"color: #0e509a;\">VITAMINS<\/span><\/strong><\/h1>\n<h2><span style=\"color: #0e509a;\">AZOO PLUS Vitamins est un conditionneur de premi\u00e8re qualit\u00e9 pour les poissons d&#8217;eau douce qui fournit des vitamines essentielles pour une croissance saine et du \u00df-Glucan, qui renforce notamment le syst\u00e8me immunitaire des poissons.<\/span><\/h2>\n<ul>\n<li>\n<h3><span style=\"color: #228bca;\">Il contient des vitamins importantes qui ne sont pas toujours fournies \u00e0 nos poissons avec les aliments secs, comme le complexe B (<sub>B1<\/sub>,<sub>B2<\/sub>, <sub>B6<\/sub>), la vitamine A, D, E, entre autres.<\/span><\/h3>\n<\/li>\n<li>\n<h3><span style=\"color: #228bca;\">En outre, il contient des acides amin\u00e9s et des coenzymes qui influencent directement la formation de leurs tissus.<\/span><\/h3>\n<\/li>\n<li>\n<h3><span style=\"color: #228bca;\">Cela permet aux poissons de d\u00e9velopper une forme corporelle naturelle et proportionn\u00e9e, une coloration intense et naturelle, et favorise une reproduction r\u00e9ussie, produisant des \u0153ufs r\u00e9sistants et des larves d&#8217;excellente qualit\u00e9.<\/span><br \/>\n<img fetchpriority=\"high\" decoding=\"async\" class=\"alignnone size-medium wp-image-363\" style=\"font-size: 16px;\" src=\"https:\/\/azooeurope.com\/wp-content\/uploads\/\/restricciones_03-400x214.png\" alt=\"\" width=\"400\" height=\"214\" srcset=\"https:\/\/azooeurope.com\/wp-content\/uploads\/restricciones_03-400x214.png 400w, https:\/\/azooeurope.com\/wp-content\/uploads\/restricciones_03.png 450w\" sizes=\"(max-width: 400px) 100vw, 400px\" \/><\/h3>\n<\/li>\n<\/ul>\n<ul>\n<li style=\"list-style-type: none;\"><\/li>\n<\/ul>\n<p>AZOO Plus Vitamins fait partie de la gamme d&#8217;apr\u00e8s-shampooings AZOO Plus de la marque AZOO. AZOO Plus Vitamines peut \u00eatre utilis\u00e9 r\u00e9guli\u00e8rement comme compl\u00e9ment alimentaire en ajoutant quelques gouttes \u00e0 tout type de nourriture. Cependant, il est particuli\u00e8rement indiqu\u00e9 en cas de maladie pour acc\u00e9l\u00e9rer le r\u00e9tablissement des poissons, ou pendant la reproduction pour augmenter significativement le taux de survie des larves. Il est \u00e9galement courant de l&#8217;ajouter \u00e0 la nourriture des larves, des alevins et des juv\u00e9niles pour assurer un d\u00e9veloppement optimal et sain pendant cette \u00e9tape cruciale. Principaux composants d&#8217;AZOO Plus Vitamines : Multivitamines, \u00df-Glucan, VitamineB<sub>2,<\/sub> Citrate de sodium, (NaH<sub>2<\/sub>(C<sub>3<\/sub>H<sub>5<\/sub>O(COO)<sub>3<\/sub>) Sorbate de potassium (C<sub>6<\/sub>H<sub>7<\/sub>O<sub>2<\/sub>K), Eau distill\u00e9e. L&#8217;importance des vitamines : Les organismes construisent tous leurs tissus gr\u00e2ce aux vitamines, qui sont utilis\u00e9es en fonction de leurs diff\u00e9rentes propri\u00e9t\u00e9s. Par exemple, la vitamine A permet aux poissons de d\u00e9velopper leur vision et leur coloration, tandis que la vitamine D intervient dans le m\u00e9tabolisme du calcium et du potassium, facteur essentiel de la croissance des poissons. La vitamine E est l&#8217;une des plus importantes, car elle poss\u00e8de des propri\u00e9t\u00e9s antioxydantes. La vitamine K participe \u00e0 la coagulation du sang et est utile \u00e0 la cicatrisation des plaies et \u00e0 la gu\u00e9rison des traumatismes. La vitamine B6, soluble dans l&#8217;eau, est essentielle pour m\u00e9taboliser les acides amin\u00e9s obtenus \u00e0 partir des aliments comme source d&#8217;\u00e9nergie. Cette propri\u00e9t\u00e9 est \u00e9videmment b\u00e9n\u00e9fique pour l&#8217;efficacit\u00e9 d&#8217;une alimentation quotidienne \u00e9quilibr\u00e9e, et est particuli\u00e8rement utile pour les jeunes poissons. Il est tr\u00e8s difficile d&#8217;appr\u00e9cier visuellement les sympt\u00f4mes li\u00e9s \u00e0 des carences en une vitamine sp\u00e9cifique, alors qu&#8217;il est extr\u00eamement rare que la sant\u00e9 des poissons soit affect\u00e9e par une suralimentation en vitamines. Par cons\u00e9quent, il est recommand\u00e9 d&#8217;ajouter des complexes vitamin\u00e9s \u00e0 large spectre \u00e0 l&#8217;alimentation quotidienne \u00e9quilibr\u00e9e afin d&#8217;\u00e9viter d&#8217;alt\u00e9rer toute fonction m\u00e9tabolique chez les poissons.<\/p>\n<h3><span style=\"color: #228bca;\">Highly concentrated.<\/span><\/h3>\n<p>Sa formule est optimis\u00e9e pour atteindre une concentration \u00e9lev\u00e9e et une excellente performance : 1ml de produit traite 10 litres d&#8217;eau dans votre aquarium.<br \/>\nVitamins fait partie de la gamme de conditionneurs <a href=\"https:\/\/azpez.virtualcodeveloper.com\/azpez\/azoo-europe\/\" target=\"_blank\" rel=\"noopener\">AZOO Plus de<\/a> la marque <a href=\"https:\/\/www.azoo-aqua.com\/\" target=\"_blank\" rel=\"noopener\">AZOO<\/a>.<\/p>\n<h3><span style=\"color: #228bca;\">Principaux composants :<\/span><\/h3>\n<p>Multivitamines, \u00df-Glucan, Vitamine B<br \/>\n<sub>2, <\/sub>citrate de sodium, (NaH<sub>2<\/sub>(C<sub>3H<\/sub><sub>5O<\/sub>(COO)<sub>3<\/sub>)<\/p>\n<p class=\"p1\"><strong>Pr\u00e9sentations<\/strong>:<\/p>\n<p class=\"p1\"><b>AP17804 \/ <\/b>Vitamines 120ml<\/p>\n<p><b>AP17805 \/ <\/b>Vitamines 250ml Suivez-nous sur nos m\u00e9dias sociaux pour rester au courant des derni\u00e8res nouveaut\u00e9s et de toutes les informations int\u00e9ressantes sur notre marque et l&#8217;aquariophilie sur <a href=\"https:\/\/www.facebook.com\/profile.php?id=61555599587010&amp;locale=es_ES\" target=\"_blank\" rel=\"noopener\">Facebook<\/a>, <a href=\"https:\/\/www.youtube.com\/@AZOOEurope\/videos\" target=\"_blank\" rel=\"noopener\">YouTube<\/a> et <a href=\"https:\/\/www.instagram.com\/azooeurope\/\" target=\"_blank\" rel=\"noopener\">Instagram<\/a>.<br \/>\nVous pouvez compl\u00e9ter ce produit avec d&#8217;autres aliments \u00e9quilibr\u00e9s sp\u00e9cifiques de la marque Ultra Fresh.<\/p>\n<p><iframe title=\"azoo plus presentation\" width=\"800\" height=\"450\" src=\"https:\/\/www.youtube.com\/embed\/gS5bf4C6Nqc?feature=oembed\" frameborder=\"0\" allow=\"accelerometer; autoplay; clipboard-write; encrypted-media; gyroscope; picture-in-picture; web-share\" referrerpolicy=\"strict-origin-when-cross-origin\" allowfullscreen><\/iframe><\/p>\n<h3><\/h3>\n<h3><span style=\"color: #228bca;\">LE MODE D&#8217;EMPLOI :<\/span><\/h3>\n<p>Ajoutez 5 ml.<br \/>\ndu produit. <strong>OBSERVATIONS :<\/strong> &#8211; Pour assurer une bonne dispersion, ajoutez les additifs dans une zone de l&#8217;aquarium o\u00f9 le d\u00e9bit est suffisant.<br \/>\n&#8211; Pour les changements d&#8217;eau, vous pouvez ajouter des additifs \u00e0 l&#8217;eau avant de la verser dans l&#8217;aquarium.<br \/>\n\u00c9vitez de m\u00e9langer diff\u00e9rents additifs avant de les ajouter.<br \/>\n&#8211; Certains produits pour aquarium peuvent r\u00e9agir chimiquement avec d&#8217;autres ; \u00e9vitez de combiner plusieurs produits simultan\u00e9ment afin d&#8217;\u00e9viter toute pr\u00e9cipitation ou r\u00e9action ind\u00e9sirable.<br \/>\n&#8211; Le bouchon de la bouteille vous aidera \u00e0 mesurer la dose avec pr\u00e9cision : &#8211; La cavit\u00e9 int\u00e9rieure contient 5 ml.<br \/>\n&#8211; Le volume entre la cavit\u00e9 int\u00e9rieure et la cavit\u00e9 ext\u00e9rieure contient 10 ml.<br \/>\n&#8211; Les deux cavit\u00e9s remplies contiennent au total 15 ml.<br \/>\n&#8211; Un bouchon enti\u00e8rement rempli contient 20 ml.<\/p>\n<figure id=\"attachment_3144\" aria-describedby=\"caption-attachment-3144\" style=\"width: 400px\" class=\"wp-caption alignnone\"><img decoding=\"async\" class=\"size-medium wp-image-740\" src=\"https:\/\/azooeurope.com\/wp-content\/uploads\/\/azoo_plus_vitamins_03-400x400.jpg\" alt=\"AZOO Plus Vitamines\" width=\"400\" height=\"400\" srcset=\"https:\/\/azooeurope.com\/wp-content\/uploads\/azoo_plus_vitamins_03-400x400.jpg 400w, https:\/\/azooeurope.com\/wp-content\/uploads\/azoo_plus_vitamins_03-768x768.jpg 768w, https:\/\/azooeurope.com\/wp-content\/uploads\/azoo_plus_vitamins_03-300x300.jpg 300w, https:\/\/azooeurope.com\/wp-content\/uploads\/azoo_plus_vitamins_03-600x600.jpg 600w, https:\/\/azooeurope.com\/wp-content\/uploads\/azoo_plus_vitamins_03-100x100.jpg 100w, https:\/\/azooeurope.com\/wp-content\/uploads\/azoo_plus_vitamins_03.jpg 1250w\" sizes=\"(max-width: 400px) 100vw, 400px\" \/><figcaption id=\"caption-attachment-3144\" class=\"wp-caption-text\">AZOO Plus VitaminsATTENTION<\/figcaption><\/figure>\n<p><strong>:<\/strong> &#8211; NE PAS UTILISER POUR LA CONSOMMATION HUMAINE.<br \/>\n&#8211; NE PAS ING\u00c9RER.<br \/>\nEN CAS DE CONTACT AVEC LES YEUX, RINCEZ ABONDAMMENT \u00c0 L&#8217;EAU CLAIRE ET CONSULTEZ UN M\u00c9DECIN.<br \/>\n&#8211; GARDEZ LE PRODUIT HORS DE PORT\u00c9E DES ENFANTS ET DES ANIMAUX DOMESTIQUES.<br \/>\n&#8211; AGITER LE FLACON AVANT UTILISATION.<br \/>\n&#8211; REFERMEZ BIEN LE FLACON APR\u00c8S CHAQUE UTILISATION.<br \/>\n&#8211; CONSERVEZ LE FLACON DANS UN ENDROIT FRAIS ET SEC, EN \u00c9VITANT L&#8217;EXPOSITION DIRECTE AU SOLEIL.<br \/>\n&#8211; \u00c0 UTILISER EXCLUSIVEMENT DANS LES AQUARIUMS AVEC DES POISSONS D&#8217;ORNEMENT.<\/p>\n","protected":false},"excerpt":{"rendered":"<p>VITAMINS AZOO PLUS Vitamins est un conditionneur de premi\u00e8re qualit\u00e9 pour les poissons d&#8217;eau douce qui fournit des vitamines essentielles pour une croissance saine et du \u00df-Glucan, qui renforce notamment le syst\u00e8me immunitaire des poissons. Il contient des vitamins importantes qui ne sont pas toujours fournies \u00e0 nos poissons avec les aliments secs, comme le [&hellip;]<\/p>\n","protected":false},"featured_media":3138,"comment_status":"open","ping_status":"closed","template":"","meta":{"rank_math_lock_modified_date":false},"product_cat":[462,464,801,799],"product_tag":[809,805,807,739,537,819,497,811,821,814,817,822,803],"class_list":{"0":"post-5377","1":"product","2":"type-product","3":"status-publish","4":"has-post-thumbnail","6":"product_cat-azoo-europe-fr","7":"product_cat-azoo-plus-fr","8":"product_cat-la-nutrition","9":"product_cat-vitamines","10":"product_tag-aminoacides","11":"product_tag-ap17804-fr","12":"product_tag-ap17805-fr","13":"product_tag-aquariums-deau-douce","14":"product_tag-azoo-plus-fr","15":"product_tag-citrate-de-sodium","16":"product_tag-conditionneur","17":"product_tag-multivitamines","18":"product_tag-sorbate-de-potassium","19":"product_tag-s-glucan-fr","20":"product_tag-vitamine-b2","21":"product_tag-vitamine-k","22":"product_tag-vitamines-fr","24":"first","25":"instock","26":"shipping-taxable","27":"product-type-simple"},"_links":{"self":[{"href":"https:\/\/azooeurope.com\/fr\/wp-json\/wp\/v2\/product\/5377","targetHints":{"allow":["GET"]}}],"collection":[{"href":"https:\/\/azooeurope.com\/fr\/wp-json\/wp\/v2\/product"}],"about":[{"href":"https:\/\/azooeurope.com\/fr\/wp-json\/wp\/v2\/types\/product"}],"replies":[{"embeddable":true,"href":"https:\/\/azooeurope.com\/fr\/wp-json\/wp\/v2\/comments?post=5377"}],"wp:featuredmedia":[{"embeddable":true,"href":"https:\/\/azooeurope.com\/fr\/wp-json\/wp\/v2\/media\/3138"}],"wp:attachment":[{"href":"https:\/\/azooeurope.com\/fr\/wp-json\/wp\/v2\/media?parent=5377"}],"wp:term":[{"taxonomy":"product_cat","embeddable":true,"href":"https:\/\/azooeurope.com\/fr\/wp-json\/wp\/v2\/product_cat?post=5377"},{"taxonomy":"product_tag","embeddable":true,"href":"https:\/\/azooeurope.com\/fr\/wp-json\/wp\/v2\/product_tag?post=5377"}],"curies":[{"name":"wp","href":"https:\/\/api.w.org\/{rel}","templated":true}]}}