{"id":5376,"date":"2024-02-26T21:10:56","date_gmt":"2024-02-26T20:10:56","guid":{"rendered":"https:\/\/infallible-hoover.188-95-114-6.plesk.page\/producto\/prime-vegetale\/"},"modified":"2024-10-04T08:56:33","modified_gmt":"2024-10-04T06:56:33","slug":"prime-vegetale","status":"publish","type":"product","link":"https:\/\/azooeurope.com\/fr\/producto\/prime-vegetale\/","title":{"rendered":"Plant Premium"},"content":{"rendered":"<h1><strong><span style=\"color: #0e509a;\">Plant Premium <\/span><\/strong><\/h1>\n<h2><span style=\"color: #0e509a;\">Nature Gro Plant Premium est un engrais de qualit\u00e9 sup\u00e9rieure id\u00e9al pour tous les types de plantes aquatiques.<\/span><\/h2>\n<ul>\n<li style=\"list-style-type: none;\">\n<ul>\n<li style=\"list-style-type: none;\">\n<ul>\n<li>\n<h3><span style=\"color: #228bca;\">Sp\u00e9cialement formul\u00e9 pour l&#8217;entretien professionnel des plantes aquatiques dans un aquarium.<\/span><\/h3>\n<\/li>\n<li>\n<h3><span style=\"color: #228bca;\">Augmente consid\u00e9rablement l&#8217;efficacit\u00e9 de la photosynth\u00e8se et le taux d&#8217;absorption des nutriments.<\/span><\/h3>\n<\/li>\n<li>\n<h3><span style=\"color: #228bca;\">Formule sp\u00e9cialement con\u00e7ue pour pr\u00e9venir la croissance des algues.<\/span><\/h3>\n<\/li>\n<\/ul>\n<\/li>\n<\/ul>\n<\/li>\n<\/ul>\n<h3 class=\"p1\"><img fetchpriority=\"high\" decoding=\"async\" class=\"alignnone size-medium wp-image-363\" src=\"https:\/\/azooeurope.com\/wp-content\/uploads\/\/restricciones_03-400x214.png\" alt=\"\" width=\"400\" height=\"214\" srcset=\"https:\/\/azooeurope.com\/wp-content\/uploads\/restricciones_03-400x214.png 400w, https:\/\/azooeurope.com\/wp-content\/uploads\/restricciones_03.png 450w\" sizes=\"(max-width: 400px) 100vw, 400px\" \/><\/h3>\n<p>AZOO Plus Plant Premium contient une combinaison compl\u00e8te de macro-nutriments et d&#8217;oligo-\u00e9l\u00e9ments en quantit\u00e9 et en proportion ad\u00e9quates, ainsi qu&#8217;une forme ch\u00e9lat\u00e9e de fer ferreux et de nutriments organiques, couvrant tous les besoins des plantes rouges et vertes, pour un d\u00e9veloppement vigoureux de la mani\u00e8re la plus naturelle qui soit.<br \/>\nLa combinaison de macro-nutriments et de micro-nutriments, ainsi qu&#8217;une formule ch\u00e9lat\u00e9e am\u00e9lior\u00e9e de fer ferreux et d&#8217;autres nutriments organiques, qui permettent une tr\u00e8s grande efficacit\u00e9 dans les processus de photosynth\u00e8se des plantes aquatiques.<br \/>\nNature Gro Plant Premium.<br \/>\nDe mani\u00e8re simple et naturelle, Nature Gro Plant Premium contient en un seul additif tous les \u00e9l\u00e9ments nutritifs essentiels pour un d\u00e9veloppement vigoureux et sain dans tous les aquariums plant\u00e9s, en les apportant dans les proportions \u00e9quilibr\u00e9es dont les plantes ont besoin.<br \/>\nTous les nutriments qui composent sa formule avanc\u00e9e sont dans un \u00e9tat \u00e9quilibr\u00e9 qui permet une assimilation directe et imm\u00e9diate par les plantes, ce qui augmente consid\u00e9rablement l&#8217;efficacit\u00e9 \u00e9nerg\u00e9tique de leur m\u00e9tabolisme.<br \/>\nEn r\u00e9unissant tous les besoins des plantes aquatiques dans un seul produit, Plant Premium a simplifi\u00e9 comme jamais auparavant l&#8217;entretien des plantes aquatiques les plus exigeantes.<\/p>\n<h3><span style=\"color: #0e509a;\">Highly concentrated.<\/span><\/h3>\n<p><strong>Sa formule est optimis\u00e9e pour obtenir une concentration \u00e9lev\u00e9e et d&#8217;excellentes performances :<\/strong> 1ml de produit traite 10 litres d&#8217;eau dans votre aquarium.<br \/>\nCe produit est le r\u00e9sultat d&#8217;un travail minutieux dans le d\u00e9partement de recherche et d\u00e9veloppement d&#8217;AZOO \u00e0 Taiwan, permettant de simplifier au maximum le processus tr\u00e8s complexe de fertilisation des plantes aquatiques.<\/p>\n<h3><span style=\"color: #0e509a;\">Composition:<\/span><\/h3>\n<p>Ch\u00e9late de fer DTPA (DTPA-FeHNa), ch\u00e9late de zinc (EDTA-Zn), ch\u00e9late de cuivre (EDTA-Cu), acide borique B(OH)3, ch\u00e9late de magn\u00e9sium (EDTA-Mn), phosphate dipotassique (KH2P04), nitrate de potassium (KN03) et eau distill\u00e9e.<br \/>\n<strong><span style=\"color: #0e509a;\">Pr\u00e9sentations :<\/span><\/strong> NG11801 \/ PLANT PREMIUM 120 ml NG11802 \/ PLANT PREMIUM 250 ml NG11803 \/ PLANT PREMIUM 500 ml NG11807 \/ PLANT PREMIUM 1.000 ml<\/p>\n<h3><span style=\"color: #228bca;\">Highly concentrated.<\/span><\/h3>\n<p>its formula is optimized to achieve high concentration and excellent performance: <strong>1ml of product treats 3 liters of water in your aquarium.<\/strong><\/p>\n<h3>Plant Premium fait partie de la gamme de conditionneurs <a href=\"https:\/\/www.azoo-aqua.com\/\" target=\"_blank\" rel=\"noopener\">AZOO<\/a> <a href=\"https:\/\/azpez.virtualcodeveloper.com\/azpez\/azoo-europe\/\" target=\"_blank\" rel=\"noopener\">Plus de<\/a> la marque <a href=\"https:\/\/www.azoo-aqua.com\/\" target=\"_blank\" rel=\"noopener\">AZOO.<\/a><\/h3>\n<h3><span style=\"color: #228bca;\">Special Features:<\/span><\/h3>\n<p>Sp\u00e9cialement formul\u00e9 pour l&#8217;entretien professionnel des plantes aquatiques en aquarium.<br \/>\nPlant Premium contient une combinaison compl\u00e8te de macro-nutriments et d&#8217;oligo-\u00e9l\u00e9ments en quantit\u00e9 et en proportion ad\u00e9quates, ainsi qu&#8217;une forme ch\u00e9lat\u00e9e de fer ferreux et de nutriments organiques, couvrant tous les besoins des plantes rouges et vertes, pour un d\u00e9veloppement vigoureux de la mani\u00e8re la plus naturelle qui soit.<br \/>\nAugmente consid\u00e9rablement l&#8217;efficacit\u00e9 de la photosynth\u00e8se et le taux d&#8217;absorption des nutriments.<br \/>\nFormule sp\u00e9cialement con\u00e7ue pour pr\u00e9venir la croissance des algues.<br \/>\nSuivez-nous sur nos m\u00e9dias sociaux pour rester au courant des derni\u00e8res nouveaut\u00e9s et de toutes les informations int\u00e9ressantes sur notre marque et l&#8217;aquariophilie sur <a href=\"https:\/\/www.facebook.com\/profile.php?id=61555599587010&amp;locale=es_ES\" target=\"_blank\" rel=\"noopener\">Facebook<\/a>, <a href=\"https:\/\/www.youtube.com\/@AZOOEurope\/videos\" target=\"_blank\" rel=\"noopener\">YouTube<\/a> et <a href=\"https:\/\/www.instagram.com\/azooeurope\/\" target=\"_blank\" rel=\"noopener\">Instagram<\/a>.<br \/>\nVous pouvez compl\u00e9ter ce produit avec d&#8217;autres aliments \u00e9quilibr\u00e9s sp\u00e9cifiques de la marque Ultra Fresh.<\/p>\n<p><iframe title=\"azoo plus presentation\" width=\"800\" height=\"450\" src=\"https:\/\/www.youtube.com\/embed\/gS5bf4C6Nqc?feature=oembed\" frameborder=\"0\" allow=\"accelerometer; autoplay; clipboard-write; encrypted-media; gyroscope; picture-in-picture; web-share\" referrerpolicy=\"strict-origin-when-cross-origin\" allowfullscreen><\/iframe><\/p>\n<h3><\/h3>\n<h3><span style=\"color: #228bca;\">INSTRUCTIONS:<\/span><\/h3>\n<p>Pour un aquarium nouvellement plant\u00e9, ajoutez une dose de 3 ml de Plant Premium pour 100 litres d&#8217;eau d&#8217;aquarium.<br \/>\nR\u00e9p\u00e9tez la m\u00eame dose apr\u00e8s 7 jours.<br \/>\nUtilisation r\u00e9guli\u00e8re : Ajoutez 10 ml pour 100 litres d&#8217;eau d&#8217;aquarium tous les 4 \u00e0 7 jours.<br \/>\nLe dosage peut varier en fonction de la densit\u00e9 et des besoins sp\u00e9cifiques des plantes aquatiques.<br \/>\nNous recommandons d&#8217;effectuer un changement d&#8217;eau de 50 % chaque semaine, puis d&#8217;ajouter votre dose d&#8217;engrais.<br \/>\nCette \u00e9tape est tr\u00e8s importante, car \u00e0 chaque fois que vous effectuez cette op\u00e9ration, vous r\u00e9tablissez le bon ratio de nutriments.<br \/>\nAgitez le contenant avant de l&#8217;utiliser. <span style=\"color: #228bca;\"><strong>OBSERVATIONS :<\/strong><\/span> &#8211; Pour assurer une bonne dispersion, ajoutez les additifs dans une zone de l&#8217;aquarium o\u00f9 le d\u00e9bit est suffisant.<br \/>\n&#8211; Pour les changements d&#8217;eau, vous pouvez ajouter des additifs \u00e0 l&#8217;eau avant de la verser dans l&#8217;aquarium.<br \/>\n\u00c9vitez de m\u00e9langer diff\u00e9rents additifs avant de les ajouter.<br \/>\n&#8211; Certains produits pour aquarium peuvent r\u00e9agir chimiquement avec d&#8217;autres ; \u00e9vitez de combiner plusieurs produits simultan\u00e9ment afin d&#8217;\u00e9viter toute pr\u00e9cipitation ou r\u00e9action ind\u00e9sirable.<br \/>\n&#8211; Le bouchon de la bouteille vous aidera \u00e0 mesurer la dose avec pr\u00e9cision : &#8211; La cavit\u00e9 int\u00e9rieure contient 5 ml.<br \/>\n&#8211; Le volume entre la cavit\u00e9 int\u00e9rieure et la cavit\u00e9 ext\u00e9rieure contient 10 ml.<br \/>\n&#8211; Les deux cavit\u00e9s remplies contiennent au total 15 ml.<br \/>\n&#8211; Un bouchon enti\u00e8rement rempli contient 20 ml.<\/p>\n<figure id=\"attachment_3126\" aria-describedby=\"caption-attachment-3126\" style=\"width: 400px\" class=\"wp-caption alignnone\"><img decoding=\"async\" class=\"size-medium wp-image-732\" src=\"https:\/\/azooeurope.com\/wp-content\/uploads\/\/azoo_plus_plant_premium_04-400x400.jpg\" alt=\"AZOO Plus Plant Premium\" width=\"400\" height=\"400\" srcset=\"https:\/\/azooeurope.com\/wp-content\/uploads\/azoo_plus_plant_premium_04-400x400.jpg 400w, https:\/\/azooeurope.com\/wp-content\/uploads\/azoo_plus_plant_premium_04-768x768.jpg 768w, https:\/\/azooeurope.com\/wp-content\/uploads\/azoo_plus_plant_premium_04-300x300.jpg 300w, https:\/\/azooeurope.com\/wp-content\/uploads\/azoo_plus_plant_premium_04-600x600.jpg 600w, https:\/\/azooeurope.com\/wp-content\/uploads\/azoo_plus_plant_premium_04-100x100.jpg 100w, https:\/\/azooeurope.com\/wp-content\/uploads\/azoo_plus_plant_premium_04.jpg 1250w\" sizes=\"(max-width: 400px) 100vw, 400px\" \/><figcaption id=\"caption-attachment-3126\" class=\"wp-caption-text\">AZOO Plus Plant Premium<\/figcaption><\/figure>\n<p><span style=\"color: #228bca;\"><strong>ATTENTION :<\/strong><\/span> &#8211; NE CONVIENT PAS A LA CONSOMMATION HUMAINE.<br \/>\n&#8211; NE PAS ING\u00c9RER.<br \/>\nEN CAS DE CONTACT AVEC LES YEUX, RINCEZ ABONDAMMENT \u00c0 L&#8217;EAU CLAIRE ET CONSULTEZ UN M\u00c9DECIN.<br \/>\n&#8211; GARDEZ LE PRODUIT HORS DE PORT\u00c9E DES ENFANTS ET DES ANIMAUX DOMESTIQUES.<br \/>\n&#8211; AGITER LE FLACON AVANT UTILISATION.<br \/>\n&#8211; REFERMEZ BIEN LE FLACON APR\u00c8S CHAQUE UTILISATION.<br \/>\n&#8211; CONSERVEZ LE FLACON DANS UN ENDROIT FRAIS ET SEC, EN \u00c9VITANT L&#8217;EXPOSITION DIRECTE AU SOLEIL.<br \/>\n&#8211; \u00c0 UTILISER EXCLUSIVEMENT DANS LES AQUARIUMS AVEC DES POISSONS D&#8217;ORNEMENT.<\/p>\n<h2><span style=\"color: #228bca;\"><strong>Principaux \u00e9l\u00e9ments de Plant Premium: <\/strong><\/span><\/h2>\n<p>BIO XD<\/p>\n","protected":false},"excerpt":{"rendered":"<p>Plant Premium Nature Gro Plant Premium est un engrais de qualit\u00e9 sup\u00e9rieure id\u00e9al pour tous les types de plantes aquatiques. Sp\u00e9cialement formul\u00e9 pour l&#8217;entretien professionnel des plantes aquatiques dans un aquarium. Augmente consid\u00e9rablement l&#8217;efficacit\u00e9 de la photosynth\u00e8se et le taux d&#8217;absorption des nutriments. Formule sp\u00e9cialement con\u00e7ue pour pr\u00e9venir la croissance des algues. AZOO Plus Plant [&hellip;]<\/p>\n","protected":false},"featured_media":3117,"comment_status":"open","ping_status":"closed","template":"","meta":{"rank_math_lock_modified_date":false},"product_cat":[786,462,464],"product_tag":[802,816,537,768,797,800,804,798,497,766,793,796,813,530,789,790,791,792,808,795,806,794,787,810,788,509],"class_list":{"0":"post-5376","1":"product","2":"type-product","3":"status-publish","4":"has-post-thumbnail","6":"product_cat-aquariums-plantes","7":"product_cat-azoo-europe-fr","8":"product_cat-azoo-plus-fr","9":"product_tag-acide-borique-boh3","10":"product_tag-aquarium-plante","11":"product_tag-azoo-plus-fr","12":"product_tag-biotopes-fr","13":"product_tag-chelate-dtpa-fehna-fr","14":"product_tag-chelate-de-cuivre-edta-cu","15":"product_tag-chelate-de-magnesium","16":"product_tag-chelate-de-zinc-edta-zn","17":"product_tag-conditionneur","18":"product_tag-eau-noire-fr","19":"product_tag-engrais","20":"product_tag-fer-dtpa","21":"product_tag-formule-chelatee","22":"product_tag-lazote","23":"product_tag-ng11801-fr","24":"product_tag-ng11802-fr","25":"product_tag-ng11803-fr","26":"product_tag-ng11807-fr","27":"product_tag-nitrate-de-potassium","28":"product_tag-nutriment","29":"product_tag-phosphate-dipotassique","30":"product_tag-photosynthese","31":"product_tag-plantes-acuatiques","32":"product_tag-plantes-aquatiques","33":"product_tag-prime-vegetale","34":"product_tag-toxines-fr-2","36":"first","37":"instock","38":"shipping-taxable","39":"product-type-simple"},"_links":{"self":[{"href":"https:\/\/azooeurope.com\/fr\/wp-json\/wp\/v2\/product\/5376","targetHints":{"allow":["GET"]}}],"collection":[{"href":"https:\/\/azooeurope.com\/fr\/wp-json\/wp\/v2\/product"}],"about":[{"href":"https:\/\/azooeurope.com\/fr\/wp-json\/wp\/v2\/types\/product"}],"replies":[{"embeddable":true,"href":"https:\/\/azooeurope.com\/fr\/wp-json\/wp\/v2\/comments?post=5376"}],"wp:featuredmedia":[{"embeddable":true,"href":"https:\/\/azooeurope.com\/fr\/wp-json\/wp\/v2\/media\/3117"}],"wp:attachment":[{"href":"https:\/\/azooeurope.com\/fr\/wp-json\/wp\/v2\/media?parent=5376"}],"wp:term":[{"taxonomy":"product_cat","embeddable":true,"href":"https:\/\/azooeurope.com\/fr\/wp-json\/wp\/v2\/product_cat?post=5376"},{"taxonomy":"product_tag","embeddable":true,"href":"https:\/\/azooeurope.com\/fr\/wp-json\/wp\/v2\/product_tag?post=5376"}],"curies":[{"name":"wp","href":"https:\/\/api.w.org\/{rel}","templated":true}]}}