{"id":5374,"date":"2024-02-26T15:46:38","date_gmt":"2024-02-26T14:46:38","guid":{"rendered":"https:\/\/infallible-hoover.188-95-114-6.plesk.page\/producto\/triple-eau-noire\/"},"modified":"2024-10-04T09:33:49","modified_gmt":"2024-10-04T07:33:49","slug":"triple-eau-noire","status":"publish","type":"product","link":"https:\/\/azooeurope.com\/fr\/producto\/triple-eau-noire\/","title":{"rendered":"TRIPLE BLACK WATER"},"content":{"rendered":"<h1><strong><span style=\"color: #0e509a;\">TRIPLE BLACK WATER <\/span><\/strong><\/h1>\n<h2><span style=\"color: #0e509a;\">TRIPLE BLACK WATER est un Premium pour les aquariums amazoniens.<\/span><\/h2>\n<ul>\n<li style=\"list-style-type: none;\">\n<ul>\n<li>\n<h3><span style=\"color: #228bca;\">Formule 100% naturelle, recr\u00e9ant un environnement authentique d&#8217;eaux noires en acidifiant et en adoucissant l\u00e9g\u00e8rement l&#8217;eau.<\/span><\/h3>\n<\/li>\n<li>\n<h3><span style=\"color: #228bca;\">Favorise l&#8217;\u00e9levage des cichlid\u00e9s nains et des discus, prot\u00e8ge les \u0153ufs f\u00e9cond\u00e9s des infections fongiques et augmente consid\u00e9rablement le taux de survie des larves.<\/span><\/h3>\n<\/li>\n<li>\n<h3><span style=\"color: #228bca;\">R\u00e9duit le stress et am\u00e9liore l&#8217;\u00e9clat des couleurs.<\/span><\/h3>\n<\/li>\n<li>\n<h3><span style=\"color: #228bca;\">Inhibe la croissance des agents pathog\u00e8nes et renforce le syst\u00e8me immunitaire du poisson.<\/span><\/h3>\n<\/li>\n<li>\n<h3><span style=\"color: #228bca;\">Favorise le d\u00e9veloppement des plantes aquatiques et inhibe la croissance des algues.<\/span><\/h3>\n<\/li>\n<\/ul>\n<\/li>\n<\/ul>\n<h3 class=\"p1\"><img fetchpriority=\"high\" decoding=\"async\" class=\"alignnone size-medium wp-image-363\" src=\"https:\/\/azooeurope.com\/wp-content\/uploads\/\/restricciones_03-400x214.png\" alt=\"\" width=\"400\" height=\"214\" srcset=\"https:\/\/azooeurope.com\/wp-content\/uploads\/restricciones_03-400x214.png 400w, https:\/\/azooeurope.com\/wp-content\/uploads\/restricciones_03.png 450w\" sizes=\"(max-width: 400px) 100vw, 400px\" \/><\/h3>\n<p>Triple Black Water transforme instantan\u00e9ment l&#8217;eau du robinet en &#8220;eau noire&#8221; id\u00e9ale pour les poissons d&#8217;Amazonie.<br \/>\nIl est conseill\u00e9 de choisir de l&#8217;eau douce pour ce processus.<br \/>\nBiotopes d&#8217;eau noire : L&#8217;\u00e9tonnant fleuve Amazone englobe la plus grande \u00e9tendue, la plus grande biomasse et la plus grande biodiversit\u00e9 de la plan\u00e8te.<br \/>\nEn effet, son syst\u00e8me fluvial colossal pr\u00e9sente des environnements aquatiques saisonniers diversifi\u00e9s qui permettent la cr\u00e9ation des biotopes les plus uniques et les plus complexes, dont certains sont encore inconnus de l&#8217;homme.<br \/>\nNaturellement, l&#8217;aquariophilie mondiale a b\u00e9n\u00e9fici\u00e9 d&#8217;innombrables esp\u00e8ces originaires de cet \u00e9cosyst\u00e8me privil\u00e9gi\u00e9, tentant de reproduire dans leurs aquariums les diff\u00e9rentes conditions de ce milieu naturel.<br \/>\nL&#8217;un des biotopes les plus c\u00e9l\u00e8bres et les plus radicaux qui a attir\u00e9 l&#8217;attention des aquariophiles est celui des &#8220;eaux noires&#8221;, o\u00f9, pendant une bonne partie de l&#8217;ann\u00e9e, l&#8217;eau transporte des restes organiques v\u00e9g\u00e9taux dans ses canaux d&#8217;eau douce qui s&#8217;\u00e9coulent lentement et dont la temp\u00e9rature d\u00e9passe souvent 30 \u00b0C. Ces restes v\u00e9g\u00e9taux se d\u00e9composent et se dissolvent dans l&#8217;eau.<br \/>\nCes restes v\u00e9g\u00e9taux se d\u00e9composent et se dissolvent rapidement dans l&#8217;eau, fournissant une s\u00e9rie de nutriments et de substances organiques qui s&#8217;accumulent et affectent consid\u00e9rablement les conditions de l&#8217;eau. <strong>Le r\u00e9sultat est g\u00e9n\u00e9ralement une eau teint\u00e9e de diff\u00e9rentes nuances allant du &#8220;th\u00e9&#8221; au &#8220;caf\u00e9&#8221; le plus fonc\u00e9.<\/strong> Mais ce n&#8217;est pas tout : la convergence de tous ces facteurs entra\u00eene \u00e9galement des conditions physiques et chimiques s\u00e9v\u00e8res : pH acide, temp\u00e9rature \u00e9lev\u00e9e et faibles niveaux de conductivit\u00e9, de duret\u00e9 et d&#8217;oxyg\u00e8ne dissous, ce qui oblige ses habitants \u00e0 s&#8217;adapter radicalement. Pour recr\u00e9er cet environnement complexe dans un aquarium, nous devons utiliser une eau tr\u00e8s douce et l\u00e9g\u00e8rement acide, en r\u00e9glant notre thermostat sur des temp\u00e9ratures comprises entre 28 et 32\u00b0C. Pour compl\u00e9ter l&#8217;environnement chimique, nous devons appliquer un additif sp\u00e9cifique tel que &#8220;Triple Black Water&#8221; d&#8217;AZOO Plus, car la production domestique de ce type d&#8217;eau serait tr\u00e8s fastidieuse et pratiquement irr\u00e9alisable. Triple Black Water transforme instantan\u00e9ment l&#8217;eau du robinet en une &#8220;blackwater&#8221; id\u00e9ale pour les poissons d&#8217;Amazonie. Il est conseill\u00e9 de choisir de l&#8217;eau douce pour ce processus.<\/p>\n<h3><span style=\"color: #0e509a;\">Composition:<\/span><\/h3>\n<p>Acide citrique, acide humique, extrait de feuille d&#8217;amande tropicale (Terminalia Catappa), eau distill\u00e9e.<br \/>\n<strong><span style=\"color: #0e509a;\">Pr\u00e9sentations :<\/span><\/strong> AP48002 \/ EAU TRIPLE NOIRE 250 ml AP48003 \/ EAU TRIPLE NOIRE 500 ml AP48007 \/ EAU TRIPLE NOIRE 1.000 ml AP48010 \/ EAU TRIPLE NOIRE 4.000 ml<\/p>\n<h3><span style=\"color: #228bca;\">Highly concentrated.<\/span><\/h3>\n<p>its formula is optimized to achieve high concentration and excellent performance: <strong>1ml of product treats 3 liters of water in your aquarium.<\/strong><\/p>\n<h3>Triple Black Water fait partie de la gamme de conditionneurs <a href=\"https:\/\/www.azoo-aqua.com\/\" target=\"_blank\" rel=\"noopener\">AZOO<\/a> <a href=\"https:\/\/azpez.virtualcodeveloper.com\/azpez\/azoo-europe\/\" target=\"_blank\" rel=\"noopener\">Plus de<\/a> la marque <a href=\"https:\/\/www.azoo-aqua.com\/\" target=\"_blank\" rel=\"noopener\">AZOO.<\/a><\/h3>\n<h3><span style=\"color: #228bca;\">Special Features:<\/span><\/h3>\n<ol>\n<li>D\u00e9compose les substances toxiques telles que le nitrite, l&#8217;ammoniac et le sulfure d&#8217;hydrog\u00e8ne dans l&#8217;eau imm\u00e9diatement apr\u00e8s l&#8217;ajout.<\/li>\n<li>Agit en bloquant efficacement la source de nutriments des bact\u00e9ries nocives et en devenant rapidement la bact\u00e9rie dominante dans l&#8217;aquarium pour am\u00e9liorer la qualit\u00e9 de l&#8217;eau.<\/li>\n<li>Les bact\u00e9ries BIO XD peuvent rapidement bloquer la source de nutriments des algues nuisibles et inhiber efficacement la croissance des algues brunes, des algues noires, des algues bleues et des algues rouges.<\/li>\n<li>Ils convertissent rapidement les contaminants et les substances nocives en compos\u00e9s nutritifs plus faciles \u00e0 absorber par les plantes aquatiques, ce qui favorise leur croissance et leur \u00e9panouissement.<\/li>\n<\/ol>\n<p>Suivez-nous sur nos m\u00e9dias sociaux pour rester au courant des derni\u00e8res nouveaut\u00e9s et de toutes les informations int\u00e9ressantes sur notre marque et l&#8217;aquariophilie sur <a href=\"https:\/\/www.facebook.com\/profile.php?id=61555599587010&amp;locale=es_ES\" target=\"_blank\" rel=\"noopener\">Facebook<\/a>, <a href=\"https:\/\/www.youtube.com\/@AZOOEurope\/videos\" target=\"_blank\" rel=\"noopener\">YouTube<\/a> et <a href=\"https:\/\/www.instagram.com\/azooeurope\/\" target=\"_blank\" rel=\"noopener\">Instagram<\/a>.<br \/>\nVous pouvez compl\u00e9ter ce produit avec d&#8217;autres aliments \u00e9quilibr\u00e9s sp\u00e9cifiques de la marque Ultra Fresh.<\/p>\n<p><iframe title=\"azoo plus presentation\" width=\"800\" height=\"450\" src=\"https:\/\/www.youtube.com\/embed\/gS5bf4C6Nqc?feature=oembed\" frameborder=\"0\" allow=\"accelerometer; autoplay; clipboard-write; encrypted-media; gyroscope; picture-in-picture; web-share\" referrerpolicy=\"strict-origin-when-cross-origin\" allowfullscreen><\/iframe><\/p>\n<h3><\/h3>\n<h3><span style=\"color: #228bca;\">INSTRUCTIONS:<\/span><\/h3>\n<p>Agitez bien avant de l&#8217;utiliser. Laissez la lumi\u00e8re allum\u00e9e et le filtre en marche. Premi\u00e8re utilisation : Nettoyez les algues de votre aquarium d&#8217;eau douce ou d&#8217;eau de mer et remplacez 30 \u00e0 50 % de l&#8217;eau. Ajoutez 1 ml de BIO XD pour 3 litres d&#8217;eau. Ajoutez une fois par jour pendant trois jours pour faciliter l&#8217;inoculation bact\u00e9rienne au stade initial. Entretien r\u00e9gulier : Ajoutez une fois par semaine ou apr\u00e8s un changement d&#8217;eau. Utilisez 1 ml de solution bact\u00e9rienne pour 3 litres d&#8217;eau. <span style=\"color: #228bca;\"><strong>OBSERVATIONS :<\/strong><\/span> &#8211; Pour assurer une bonne dispersion, ajoutez les additifs dans une zone de l&#8217;aquarium o\u00f9 le d\u00e9bit est suffisant. &#8211; Pour les changements d&#8217;eau, vous pouvez ajouter des additifs \u00e0 l&#8217;eau avant de la verser dans l&#8217;aquarium. \u00c9vitez de m\u00e9langer diff\u00e9rents additifs avant de les ajouter. &#8211; Certains produits pour aquarium peuvent r\u00e9agir chimiquement avec d&#8217;autres ; \u00e9vitez de combiner plusieurs produits simultan\u00e9ment afin d&#8217;\u00e9viter toute pr\u00e9cipitation ou r\u00e9action ind\u00e9sirable. &#8211; Le bouchon de la bouteille vous aidera \u00e0 mesurer la dose avec pr\u00e9cision : &#8211; La cavit\u00e9 int\u00e9rieure contient 5 ml. &#8211; Le volume entre la cavit\u00e9 int\u00e9rieure et la cavit\u00e9 ext\u00e9rieure contient 10 ml. &#8211; Les deux cavit\u00e9s remplies contiennent au total 15 ml. &#8211; Un bouchon enti\u00e8rement rempli contient 20 ml.<\/p>\n<figure id=\"attachment_3084\" aria-describedby=\"caption-attachment-3084\" style=\"width: 400px\" class=\"wp-caption alignnone\"><img decoding=\"async\" class=\"size-medium wp-image-715\" src=\"https:\/\/azooeurope.com\/wp-content\/uploads\/\/azoo_plus_triple_black_water_04-400x400.jpg\" alt=\"AZOO Plus TRIPLE EAU NOIRE\" width=\"400\" height=\"400\" srcset=\"https:\/\/azooeurope.com\/wp-content\/uploads\/azoo_plus_triple_black_water_04-400x400.jpg 400w, https:\/\/azooeurope.com\/wp-content\/uploads\/azoo_plus_triple_black_water_04-768x768.jpg 768w, https:\/\/azooeurope.com\/wp-content\/uploads\/azoo_plus_triple_black_water_04-300x300.jpg 300w, https:\/\/azooeurope.com\/wp-content\/uploads\/azoo_plus_triple_black_water_04-600x600.jpg 600w, https:\/\/azooeurope.com\/wp-content\/uploads\/azoo_plus_triple_black_water_04-100x100.jpg 100w, https:\/\/azooeurope.com\/wp-content\/uploads\/azoo_plus_triple_black_water_04.jpg 1250w\" sizes=\"(max-width: 400px) 100vw, 400px\" \/><figcaption id=\"caption-attachment-3084\" class=\"wp-caption-text\">AZOO Plus TRIPLE BLACK WATER<\/figcaption><\/figure>\n<p><span style=\"color: #228bca;\"><strong>ATTENTION :<\/strong><\/span> &#8211; NE CONVIENT PAS A LA CONSOMMATION HUMAINE. &#8211; NE PAS ING\u00c9RER. EN CAS DE CONTACT AVEC LES YEUX, RINCEZ ABONDAMMENT \u00c0 L&#8217;EAU CLAIRE ET CONSULTEZ UN M\u00c9DECIN. &#8211; GARDEZ LE PRODUIT HORS DE PORT\u00c9E DES ENFANTS ET DES ANIMAUX DOMESTIQUES. &#8211; AGITER LE FLACON AVANT UTILISATION. &#8211; REFERMEZ BIEN LE FLACON APR\u00c8S CHAQUE UTILISATION. &#8211; CONSERVEZ LE FLACON DANS UN ENDROIT FRAIS ET SEC, EN \u00c9VITANT L&#8217;EXPOSITION DIRECTE AU SOLEIL. &#8211; \u00c0 UTILISER EXCLUSIVEMENT DANS LES AQUARIUMS AVEC DES POISSONS D&#8217;ORNEMENT.<\/p>\n<h2><span style=\"color: #228bca;\"><strong>Principaux composants d&#8217;Ultra Bioguard : <\/strong><\/span><\/h2>\n<p>BIO XD est compos\u00e9 de plusieurs souches de bact\u00e9ries naturelles et hautement actives, telles que les bact\u00e9ries nitrifiantes, Paracoccus denitrificans et Desulfurobacterium, \u00e0 une concentration sup\u00e9rieure \u00e0 109 UFC\/g.<\/p>\n","protected":false},"excerpt":{"rendered":"<p>TRIPLE BLACK WATER TRIPLE BLACK WATER est un Premium pour les aquariums amazoniens. Formule 100% naturelle, recr\u00e9ant un environnement authentique d&#8217;eaux noires en acidifiant et en adoucissant l\u00e9g\u00e8rement l&#8217;eau. Favorise l&#8217;\u00e9levage des cichlid\u00e9s nains et des discus, prot\u00e8ge les \u0153ufs f\u00e9cond\u00e9s des infections fongiques et augmente consid\u00e9rablement le taux de survie des larves. R\u00e9duit le [&hellip;]<\/p>\n","protected":false},"featured_media":3078,"comment_status":"open","ping_status":"closed","template":"","meta":{"rank_math_lock_modified_date":false},"product_cat":[462,464,468],"product_tag":[763,762,486,511,769,771,772,770,466,537,768,497,764,766,761,530,489,767,760,493,509,765],"class_list":{"0":"post-5374","1":"product","2":"type-product","3":"status-publish","4":"has-post-thumbnail","6":"product_cat-azoo-europe-fr","7":"product_cat-azoo-plus-fr","8":"product_cat-conditionneurs","9":"product_tag-acide-citrique","10":"product_tag-acide-humique","11":"product_tag-acondicionador-fr","12":"product_tag-ammoniac","13":"product_tag-ap48002-fr","14":"product_tag-ap48007-fr","15":"product_tag-ap48010-fr","16":"product_tag-ap4803-fr","17":"product_tag-azoo-fr","18":"product_tag-azoo-plus-fr","19":"product_tag-biotopes-fr","20":"product_tag-conditionneur","21":"product_tag-eau-noire","22":"product_tag-eau-noire-fr","23":"product_tag-extrait-de-feuille-damande-tropicale","24":"product_tag-lazote","25":"product_tag-ph-fr","26":"product_tag-poisson-damazonie","27":"product_tag-terminalia-catappa-fr","28":"product_tag-toxines-fr","29":"product_tag-toxines-fr-2","30":"product_tag-triple-eau-noire","32":"first","33":"instock","34":"shipping-taxable","35":"product-type-simple"},"_links":{"self":[{"href":"https:\/\/azooeurope.com\/fr\/wp-json\/wp\/v2\/product\/5374","targetHints":{"allow":["GET"]}}],"collection":[{"href":"https:\/\/azooeurope.com\/fr\/wp-json\/wp\/v2\/product"}],"about":[{"href":"https:\/\/azooeurope.com\/fr\/wp-json\/wp\/v2\/types\/product"}],"replies":[{"embeddable":true,"href":"https:\/\/azooeurope.com\/fr\/wp-json\/wp\/v2\/comments?post=5374"}],"wp:featuredmedia":[{"embeddable":true,"href":"https:\/\/azooeurope.com\/fr\/wp-json\/wp\/v2\/media\/3078"}],"wp:attachment":[{"href":"https:\/\/azooeurope.com\/fr\/wp-json\/wp\/v2\/media?parent=5374"}],"wp:term":[{"taxonomy":"product_cat","embeddable":true,"href":"https:\/\/azooeurope.com\/fr\/wp-json\/wp\/v2\/product_cat?post=5374"},{"taxonomy":"product_tag","embeddable":true,"href":"https:\/\/azooeurope.com\/fr\/wp-json\/wp\/v2\/product_tag?post=5374"}],"curies":[{"name":"wp","href":"https:\/\/api.w.org\/{rel}","templated":true}]}}