{"id":5361,"date":"2024-02-24T20:42:01","date_gmt":"2024-02-24T19:42:01","guid":{"rendered":"https:\/\/infallible-hoover.188-95-114-6.plesk.page\/producto\/eliminateur-de-chlore-et-de-chloramine\/"},"modified":"2024-10-04T10:30:35","modified_gmt":"2024-10-04T08:30:35","slug":"eliminateur-de-chlore-et-de-chloramine","status":"publish","type":"product","link":"https:\/\/azooeurope.com\/fr\/producto\/eliminateur-de-chlore-et-de-chloramine\/","title":{"rendered":"Chlorine  Chloramine Remover"},"content":{"rendered":"<h1><strong><span style=\"color: #0e509a;\">Chlorine Chloramine Remover <\/span><\/strong><\/h1>\n<h2><span style=\"color: #0e509a;\"> Chlorine &amp; Chloramine Remover est un conditionneur haute performance pour les aquariums d&#8217;eau douce.<\/span><\/h2>\n<ul>\n<li style=\"list-style-type: none;\">\n<ul>\n<li>\n<h3><span style=\"color: #228bca;\">\u00c9limine instantan\u00e9ment l&#8217;ammoniac (<sub>NH3<\/sub>) et les nitrites (<sub>NO2<\/sub>).<\/span><\/h3>\n<\/li>\n<li>\n<h3><span style=\"color: #228bca;\">Neutralise imm\u00e9diatement le chlore r\u00e9siduel et les chloramines.<\/span><\/h3>\n<\/li>\n<li>\n<h3><span style=\"color: #228bca;\">Neutralise instantan\u00e9ment les m\u00e9taux lourds contenus dans l&#8217;eau du robinet.<\/span><\/h3>\n<\/li>\n<li>\n<h3><span style=\"color: #228bca;\">Contient des ingr\u00e9dients antibact\u00e9riens qui inhibent la croissance des agents pathog\u00e8nes et prot\u00e8gent les muqueuses des poissons.<\/span><\/h3>\n<\/li>\n<\/ul>\n<\/li>\n<li class=\"p1\">\n<h3><img fetchpriority=\"high\" decoding=\"async\" class=\"alignnone size-medium wp-image-363\" style=\"font-size: 16px;\" src=\"https:\/\/azooeurope.com\/wp-content\/uploads\/\/restricciones_03-400x214.png\" alt=\"\" width=\"400\" height=\"214\" srcset=\"https:\/\/azooeurope.com\/wp-content\/uploads\/restricciones_03-400x214.png 400w, https:\/\/azooeurope.com\/wp-content\/uploads\/restricciones_03.png 450w\" sizes=\"(max-width: 400px) 100vw, 400px\" \/><\/h3>\n<\/li>\n<\/ul>\n<p class=\"p1\"><strong>Nouvelle formule :<\/strong><\/p>\n<p>Le d\u00e9partement de recherche et d\u00e9veloppement d'&#8221;AZOO PLUS&#8221; a d\u00e9velopp\u00e9 et mis \u00e0 jour la formule de son stabilisateur de qualit\u00e9 de l&#8217;eau, cr\u00e9ant ainsi un conditionneur multifonctionnel pour le soin des poissons tropicaux.<br \/>\nCe produit transforme instantan\u00e9ment l&#8217;eau du robinet en une eau saine ayant la qualit\u00e9 naturelle de l&#8217;eau que les poissons trouvent dans leur environnement naturel.<\/p>\n<h3><span style=\"color: #228bca;\">Highly concentrated.<\/span><\/h3>\n<p>Sa formule est optimis\u00e9e pour obtenir une concentration \u00e9lev\u00e9e et d&#8217;excellentes performances : 1ml de produit traite 40 litres d&#8217;eau dans votre aquarium.<br \/>\nLe m\u00e9canisme parfait pour la protection des poissons.<br \/>\nVous pouvez faire enti\u00e8rement confiance \u00e0 ce produit pour le soin des poissons tropicaux de votre aquarium gr\u00e2ce \u00e0 son effet stabilisateur, qui maintiendra une qualit\u00e9 d&#8217;eau saine.<br \/>\nRemover fait partie de la gamme de conditionneurs <a href=\"https:\/\/www.azoo-aqua.com\/\" target=\"_blank\" rel=\"noopener\">AZOO<\/a> <a href=\"https:\/\/azpez.virtualcodeveloper.com\/azpez\/azoo-europe\/\" target=\"_blank\" rel=\"noopener\">Plus de<\/a> la marque <a href=\"https:\/\/www.azoo-aqua.com\/\" target=\"_blank\" rel=\"noopener\">AZOO<\/a>.<\/p>\n<h3><span style=\"color: #228bca;\">CARACT\u00c9RISTIQUES :<\/span><\/h3>\n<ol>\n<li>Sp\u00e9cialement formul\u00e9 pour fournir les meilleurs soins aux poissons tropicaux.<\/li>\n<li>M\u00e9canismes de protection parfaits pour les poissons.<br \/>\n\u00c9limine instantan\u00e9ment l&#8217;ammoniac (NH3), les nitrites (<sub>NO2<\/sub>), la chloramine, le chlore r\u00e9siduel, les m\u00e9taux lourds et autres substances toxiques produites dans l&#8217;aquarium.<\/li>\n<li>G\u00e9n\u00e8re un m\u00e9canisme qui renforce le corps du poisson, cr\u00e9ant un film antibact\u00e9rien unique qui prot\u00e8ge sa peau et ses branchies.<br \/>\nDe m\u00eame, cette couche protectrice pr\u00e9vient efficacement l&#8217;infection des plaies et acc\u00e9l\u00e8re la cicatrisation.<\/li>\n<\/ol>\n<p class=\"p1\"><strong>Pr\u00e9sentations<\/strong>:<\/p>\n<p><b>AP17849 \/ <\/b>Chlorine&amp;Chloramine Remover 60ml<\/p>\n<p class=\"p1\"><b>AP17832 \/ <\/b>Chlorine&amp;Chloramine Remover 120ml<\/p>\n<p><b>AP17836 \/ <\/b>Chlorine&amp;Chloramine Remover 250ml<\/p>\n<p class=\"p1\"><b>AP17837\/<\/b><span class=\"Apple-converted-space\"> Chlorine&amp;Chloramine Remover<\/span> 500ml<\/p>\n<p>Suivez-nous sur nos m\u00e9dias sociaux pour rester au courant des derni\u00e8res nouvelles et de toutes les informations int\u00e9ressantes sur notre marque et l&#8217;aquariophilie. <a href=\"https:\/\/www.facebook.com\/profile.php?id=61555599587010&amp;locale=es_ES\" target=\"_blank\" rel=\"noopener\">Facebook<\/a>, <a href=\"https:\/\/www.youtube.com\/@AZOOEurope\/videos\" target=\"_blank\" rel=\"noopener\">YouTube<\/a>et <a href=\"https:\/\/www.instagram.com\/azooeurope\/\" target=\"_blank\" rel=\"noopener\">Instagram<\/a>.<br \/>\nYou can complement this product with other specific balanced foods from the Ultra Fresh brand.<\/p>\n<p><iframe title=\"azoo plus presentation\" width=\"800\" height=\"450\" src=\"https:\/\/www.youtube.com\/embed\/gS5bf4C6Nqc?feature=oembed\" frameborder=\"0\" allow=\"accelerometer; autoplay; clipboard-write; encrypted-media; gyroscope; picture-in-picture; web-share\" referrerpolicy=\"strict-origin-when-cross-origin\" allowfullscreen><\/iframe><\/p>\n<h3><\/h3>\n<h3><\/h3>\n<h3><span style=\"color: #228bca;\">LE MODE D&#8217;EMPLOI :<\/span><\/h3>\n<p>Ajoutez 5 ml.<br \/>\npour 200 litres d&#8217;eau du robinet pour neutraliser jusqu&#8217;\u00e0 4mg\/l de chlore r\u00e9siduel et jusqu&#8217;\u00e0 2mg\/l de chloramine.<br \/>\nAgiter avant utilisation et verser dans la sortie d&#8217;eau du filtre pour une meilleure dispersion du produit. <strong>PR\u00c9CAUTIONS :<\/strong> Ce produit ne convient pas \u00e0 la consommation humaine.<br \/>\nA utiliser uniquement dans les aquariums avec des poissons d&#8217;ornement.<br \/>\nTenir hors de port\u00e9e des enfants et des animaux domestiques. Date de p\u00e9remption : voir l&#8217;impression sur la bouteille. <span style=\"color: #228bca;\"><strong>OBSERVATIONS :<\/strong><\/span> &#8211; Pour assurer une bonne dispersion, ajoutez les additifs dans une zone de l&#8217;aquarium o\u00f9 le d\u00e9bit est suffisant.<br \/>\n&#8211; Pour les changements d&#8217;eau, vous pouvez ajouter des additifs \u00e0 l&#8217;eau avant de la verser dans l&#8217;aquarium.<br \/>\n\u00c9vitez de m\u00e9langer diff\u00e9rents additifs avant de les ajouter.<br \/>\n&#8211; Certains produits pour aquarium peuvent r\u00e9agir chimiquement avec d&#8217;autres ; \u00e9vitez de combiner plusieurs produits simultan\u00e9ment afin d&#8217;\u00e9viter toute pr\u00e9cipitation ou r\u00e9action ind\u00e9sirable.<br \/>\n&#8211; Le bouchon de la bouteille vous aidera \u00e0 mesurer la dose avec pr\u00e9cision : &#8211; La cavit\u00e9 int\u00e9rieure contient 5 ml.<br \/>\n&#8211; Le volume entre la cavit\u00e9 int\u00e9rieure et la cavit\u00e9 ext\u00e9rieure contient 10 ml.<br \/>\n&#8211; Les deux cavit\u00e9s remplies contiennent au total 15 ml.<br \/>\n&#8211; Un bouchon enti\u00e8rement rempli contient 20 ml. <img decoding=\"async\" class=\"size-medium wp-image-683\" src=\"https:\/\/azooeurope.com\/wp-content\/uploads\/\/azoo_plus_chlorine_chloramine_remover_03-400x400.jpg\" alt=\"AZOO Plus Chlorine &amp; Chloramine Remover (D\u00e9capant pour le chlore et la chloramine)\" width=\"400\" height=\"400\" srcset=\"https:\/\/azooeurope.com\/wp-content\/uploads\/azoo_plus_chlorine_chloramine_remover_03-400x400.jpg 400w, https:\/\/azooeurope.com\/wp-content\/uploads\/azoo_plus_chlorine_chloramine_remover_03-768x768.jpg 768w, https:\/\/azooeurope.com\/wp-content\/uploads\/azoo_plus_chlorine_chloramine_remover_03-300x300.jpg 300w, https:\/\/azooeurope.com\/wp-content\/uploads\/azoo_plus_chlorine_chloramine_remover_03-600x600.jpg 600w, https:\/\/azooeurope.com\/wp-content\/uploads\/azoo_plus_chlorine_chloramine_remover_03-100x100.jpg 100w, https:\/\/azooeurope.com\/wp-content\/uploads\/azoo_plus_chlorine_chloramine_remover_03.jpg 1250w\" sizes=\"(max-width: 400px) 100vw, 400px\" \/><span style=\"color: #228bca;\"><strong>ATTENTION :<\/strong><\/span> &#8211; NE CONVIENT PAS A LA CONSOMMATION HUMAINE.<br \/>\n&#8211; NE PAS ING\u00c9RER.<br \/>\nEN CAS DE CONTACT AVEC LES YEUX, RINCER ABONDAMMENT \u00c0 L&#8217;EAU CLAIRE ET CONSULTER UN M\u00c9DECIN.<br \/>\n&#8211; GARDEZ LE PRODUIT HORS DE PORT\u00c9E DES ENFANTS ET DES ANIMAUX DOMESTIQUES.<br \/>\n&#8211; AGITER LE FLACON AVANT UTILISATION.<br \/>\n&#8211; REFERMEZ BIEN LE FLACON APR\u00c8S CHAQUE UTILISATION.<br \/>\n&#8211; CONSERVEZ LE FLACON DANS UN ENDROIT FRAIS ET SEC, EN \u00c9VITANT L&#8217;EXPOSITION DIRECTE AU SOLEIL.<br \/>\n&#8211; \u00c0 UTILISER EXCLUSIVEMENT DANS LES AQUARIUMS AVEC DES POISSONS D&#8217;ORNEMENT.<br \/>\nAZOO Plus Chlorine &amp; Chloramine Remover (D\u00e9capant pour le chlore et la chloramine)<\/p>\n","protected":false},"excerpt":{"rendered":"<p>Chlorine Chloramine Remover Chlorine &amp; Chloramine Remover est un conditionneur haute performance pour les aquariums d&#8217;eau douce. \u00c9limine instantan\u00e9ment l&#8217;ammoniac (NH3) et les nitrites (NO2). Neutralise imm\u00e9diatement le chlore r\u00e9siduel et les chloramines. Neutralise instantan\u00e9ment les m\u00e9taux lourds contenus dans l&#8217;eau du robinet. Contient des ingr\u00e9dients antibact\u00e9riens qui inhibent la croissance des agents pathog\u00e8nes et [&hellip;]<\/p>\n","protected":false},"featured_media":3012,"comment_status":"open","ping_status":"closed","template":"","meta":{"rank_math_lock_modified_date":false},"product_cat":[462,464,468],"product_tag":[486,640,483,487,642,646,644,641,507,466,505,501,491,497,495,639],"class_list":{"0":"post-5361","1":"product","2":"type-product","3":"status-publish","4":"has-post-thumbnail","6":"product_cat-azoo-europe-fr","7":"product_cat-azoo-plus-fr","8":"product_cat-conditionneurs","9":"product_tag-acondicionador-fr","10":"product_tag-anti-chlore-et-chloramine","11":"product_tag-anti-cloro-fr","12":"product_tag-anticloro-fr","13":"product_tag-ap17832-fr","14":"product_tag-ap17836-fr","15":"product_tag-ap17837-fr","16":"product_tag-ap17849-fr","17":"product_tag-aqua-guard-plus-fr","18":"product_tag-azoo-fr","19":"product_tag-chloramine-fr","20":"product_tag-chlore","21":"product_tag-cloraminas-fr","22":"product_tag-conditionneur","23":"product_tag-metaux-lourds","24":"product_tag-remover-fr","26":"first","27":"instock","28":"shipping-taxable","29":"product-type-simple"},"_links":{"self":[{"href":"https:\/\/azooeurope.com\/fr\/wp-json\/wp\/v2\/product\/5361","targetHints":{"allow":["GET"]}}],"collection":[{"href":"https:\/\/azooeurope.com\/fr\/wp-json\/wp\/v2\/product"}],"about":[{"href":"https:\/\/azooeurope.com\/fr\/wp-json\/wp\/v2\/types\/product"}],"replies":[{"embeddable":true,"href":"https:\/\/azooeurope.com\/fr\/wp-json\/wp\/v2\/comments?post=5361"}],"wp:featuredmedia":[{"embeddable":true,"href":"https:\/\/azooeurope.com\/fr\/wp-json\/wp\/v2\/media\/3012"}],"wp:attachment":[{"href":"https:\/\/azooeurope.com\/fr\/wp-json\/wp\/v2\/media?parent=5361"}],"wp:term":[{"taxonomy":"product_cat","embeddable":true,"href":"https:\/\/azooeurope.com\/fr\/wp-json\/wp\/v2\/product_cat?post=5361"},{"taxonomy":"product_tag","embeddable":true,"href":"https:\/\/azooeurope.com\/fr\/wp-json\/wp\/v2\/product_tag?post=5361"}],"curies":[{"name":"wp","href":"https:\/\/api.w.org\/{rel}","templated":true}]}}