{"id":5360,"date":"2024-02-23T20:17:19","date_gmt":"2024-02-23T19:17:19","guid":{"rendered":"https:\/\/infallible-hoover.188-95-114-6.plesk.page\/producto\/bio-turtle-xd-extreme-decomposer\/"},"modified":"2024-10-04T10:44:25","modified_gmt":"2024-10-04T08:44:25","slug":"bio-turtle-xd-extreme-decomposer","status":"publish","type":"product","link":"https:\/\/azooeurope.com\/fr\/producto\/bio-turtle-xd-extreme-decomposer\/","title":{"rendered":"BIO TURTLE XD (Extreme Decomposer)"},"content":{"rendered":"<h1><strong><span style=\"color: #0e509a;\">BIO TURTLE XD (Extreme Decomposer)<\/span><\/strong><\/h1>\n<h2><span style=\"color: #0e509a;\">BIO TURTLE XD (Extreme Decomposer) is a Premium biological conditioner for freshwater aquariums.<\/span><\/h2>\n<ul>\n<li style=\"list-style-type: none;\">\n<ul>\n<li>\n<h3><span style=\"color: #228bca;\">Works for both freshwater and saltwater.<\/span><\/h3>\n<\/li>\n<li>\n<h3><span style=\"color: #228bca;\">Restores water quality and recreates a natural environment.<\/span><\/h3>\n<\/li>\n<li>\n<h3><span style=\"color: #228bca;\">It is the fastest biological degrader on the market, working in 8 hours.<\/span><\/h3>\n<\/li>\n<li>\n<h3><span style=\"color: #228bca;\">Reduces the cleaning frequency of your aquarium.<\/span><\/h3>\n<\/li>\n<li>\n<h3><span style=\"color: #228bca;\">Contient plusieurs souches bact\u00e9riennes hautement actives telles que Paracoccus denitrificans et Desulfurobacterium.<\/span><\/h3>\n<\/li>\n<li>\n<h3><span style=\"color: #228bca;\">Inhibits algae growth.<\/span><\/h3>\n<\/li>\n<\/ul>\n<\/li>\n<\/ul>\n<h3 class=\"p1\"><img fetchpriority=\"high\" decoding=\"async\" class=\"size-medium wp-image-361 alignnone\" src=\"https:\/\/azooeurope.com\/wp-content\/uploads\/\/restricciones_01-400x214.png\" alt=\"\" width=\"400\" height=\"214\" srcset=\"https:\/\/azooeurope.com\/wp-content\/uploads\/restricciones_01-400x214.png 400w, https:\/\/azooeurope.com\/wp-content\/uploads\/restricciones_01.png 450w\" sizes=\"(max-width: 400px) 100vw, 400px\" \/><\/h3>\n<p>AZOO Plus<strong> BIO TURTLE XD (Extreme Decomposer)<\/strong> is a Premium Biological conditioner that restores the natural quality of water by replicating a healthy environment in your aquarium.<\/p>\n<h3><span style=\"color: #228bca;\"><strong>Ideal for all types of aquatic turtles and every aqua-terrarium organisms.<\/strong><\/span><\/h3>\n<p>&#8220;The fastest nitrifying power in the world&#8221;<br \/>\nWater conditioner for the biological degradation of organic compounds in decomposition for freshwater and saltwater.<br \/>\nIt decomposes excreta and sediments in 8 hours, reducing cleaning frequency.<br \/>\nIt is composed of multiple strains of highly active natural bacteria.<br \/>\nBIO XD bacteria can quickly block the nutrient source of annoying algae and effectively inhibit the growth of all algae.<\/p>\n<h3><span style=\"color: #228bca;\">Fast Action:<\/span><\/h3>\n<p>These bacteria can be immediately inoculated into both freshwater and saltwater aquariums, as well as in a turtle tank with aquatic turtles using our BIO TURTLE XD version, to rapidly decompose all types of contaminants such as impurities, food residues, and excrement.<br \/>\nThe powerful nitrifying bacteria work to break down most of the bothersome contaminants in just 8 hours, keeping the water clean for longer and significantly reducing the cleaning frequency.<br \/>\nAZOO Plus <strong>BIO Turtle XD (Extreme Decomposer)<\/strong> belongs to the <a href=\"https:\/\/azpez.virtualcodeveloper.com\/azpez\/azoo-europe\/\" target=\"_blank\" rel=\"noopener\">AZOO Plus<\/a> line of conditioners by the <a href=\"https:\/\/www.azoo-aqua.com\/\" target=\"_blank\" rel=\"noopener\">AZOO<\/a> brand.<\/p>\n<h3><span style=\"color: #0e509a;\">Composition:<\/span><\/h3>\n<p><strong>BIO TURTLE XD (Extreme Decomposer)<\/strong> is composed of multiple strains of natural and highly active bacteria, such as nitrifying bacteria, Paracoccus denitrificans, and Desulfurobacterium, at a concentration exceeding 109 CFU\/g.<br \/>\n<strong><span style=\"color: #0e509a;\">Presentations:<\/span><\/strong> AP48023 \/ BIO TURTLE XD Extreme Decomposer 250 ml<\/p>\n<h3><span style=\"color: #228bca;\">Highly concentrated.<\/span><\/h3>\n<p>its formula is optimized to achieve high concentration and excellent performance: <strong>1ml of product treats 3 liters of water in your aquarium.<\/strong><\/p>\n<h3><span style=\"color: #228bca;\">Special Features:<\/span><\/h3>\n<ol>\n<li>D\u00e9compose les substances toxiques telles que le nitrite, l&#8217;ammoniac et le sulfure d&#8217;hydrog\u00e8ne dans l&#8217;eau imm\u00e9diatement apr\u00e8s l&#8217;ajout.<\/li>\n<li>Agit en bloquant efficacement la source de nutriments des bact\u00e9ries nocives et en devenant rapidement la bact\u00e9rie dominante dans l&#8217;aquarium pour am\u00e9liorer la qualit\u00e9 de l&#8217;eau.<\/li>\n<li>Les bact\u00e9ries BIO XD peuvent rapidement bloquer la source de nutriments des algues nuisibles et inhiber efficacement la croissance des algues brunes, des algues noires, des algues bleues et des algues rouges.<\/li>\n<li>Ils convertissent rapidement les contaminants et les substances nocives en compos\u00e9s nutritifs plus faciles \u00e0 absorber par les plantes aquatiques, ce qui favorise leur croissance et leur \u00e9panouissement.<\/li>\n<\/ol>\n<p>Follow us on our social media to stay up to date with the latest news and all the interesting information about our brand and aquarium hobby on <a href=\"https:\/\/www.facebook.com\/profile.php?id=61555599587010&amp;locale=es_ES\" target=\"_blank\" rel=\"noopener\">Facebook<\/a>, <a href=\"https:\/\/www.youtube.com\/@AZOOEurope\/videos\" target=\"_blank\" rel=\"noopener\">YouTube<\/a>, and <a href=\"https:\/\/www.instagram.com\/azooeurope\/\" target=\"_blank\" rel=\"noopener\">Instagram<\/a>.<br \/>\nYou can complement this product with other specific balanced foods from the Ultra Fresh brand.<\/p>\n<p><iframe title=\"azoo plus presentation\" width=\"800\" height=\"450\" src=\"https:\/\/www.youtube.com\/embed\/gS5bf4C6Nqc?feature=oembed\" frameborder=\"0\" allow=\"accelerometer; autoplay; clipboard-write; encrypted-media; gyroscope; picture-in-picture; web-share\" referrerpolicy=\"strict-origin-when-cross-origin\" allowfullscreen><\/iframe><\/p>\n<h3><\/h3>\n<h3><span style=\"color: #228bca;\">INSTRUCTIONS:<\/span><\/h3>\n<p>Agitez bien avant de l&#8217;utiliser.<br \/>\nLaissez la lumi\u00e8re allum\u00e9e et le filtre en marche.<br \/>\nPremi\u00e8re utilisation : Nettoyez les algues de votre aquarium d&#8217;eau douce ou d&#8217;eau de mer et remplacez 30 \u00e0 50 % de l&#8217;eau.<br \/>\nAjoutez 1 ml de BIO XD pour 3 litres d&#8217;eau.<br \/>\nAjoutez une fois par jour pendant trois jours pour faciliter l&#8217;inoculation bact\u00e9rienne au stade initial.<br \/>\nEntretien r\u00e9gulier : Ajoutez une fois par semaine ou apr\u00e8s un changement d&#8217;eau.<br \/>\nUtilisez 1 ml de solution bact\u00e9rienne pour 3 litres d&#8217;eau.<\/p>\n<figure id=\"attachment_2991\" aria-describedby=\"caption-attachment-2991\" style=\"width: 400px\" class=\"wp-caption alignnone\"><img decoding=\"async\" class=\"size-medium wp-image-667\" src=\"https:\/\/azooeurope.com\/wp-content\/uploads\/\/azoo_plus_bio_turtle_xd_extreme_decomposer_03-400x400.jpg\" alt=\"BIO TURTLE XD Extreme Decomposer\" width=\"400\" height=\"400\" srcset=\"https:\/\/azooeurope.com\/wp-content\/uploads\/azoo_plus_bio_turtle_xd_extreme_decomposer_03-400x400.jpg 400w, https:\/\/azooeurope.com\/wp-content\/uploads\/azoo_plus_bio_turtle_xd_extreme_decomposer_03-768x768.jpg 768w, https:\/\/azooeurope.com\/wp-content\/uploads\/azoo_plus_bio_turtle_xd_extreme_decomposer_03-300x300.jpg 300w, https:\/\/azooeurope.com\/wp-content\/uploads\/azoo_plus_bio_turtle_xd_extreme_decomposer_03-600x600.jpg 600w, https:\/\/azooeurope.com\/wp-content\/uploads\/azoo_plus_bio_turtle_xd_extreme_decomposer_03-100x100.jpg 100w, https:\/\/azooeurope.com\/wp-content\/uploads\/azoo_plus_bio_turtle_xd_extreme_decomposer_03.jpg 1250w\" sizes=\"(max-width: 400px) 100vw, 400px\" \/><figcaption id=\"caption-attachment-2991\" class=\"wp-caption-text\">BIO TURTLE XD D\u00e9composeur Extr\u00eame<\/figcaption><\/figure>\n<p><span style=\"color: #228bca;\"><strong>OBSERVATIONS :<\/strong><\/span> &#8211; Pour assurer une bonne dispersion, ajoutez les additifs dans une zone de l&#8217;aquarium o\u00f9 le d\u00e9bit est suffisant.<br \/>\n&#8211; Pour les changements d&#8217;eau, vous pouvez ajouter des additifs \u00e0 l&#8217;eau avant de la verser dans l&#8217;aquarium.<br \/>\n\u00c9vitez de m\u00e9langer diff\u00e9rents additifs avant de les ajouter.<br \/>\n&#8211; Certains produits pour aquarium peuvent r\u00e9agir chimiquement avec d&#8217;autres ; \u00e9vitez de combiner plusieurs produits simultan\u00e9ment afin d&#8217;\u00e9viter toute pr\u00e9cipitation ou r\u00e9action ind\u00e9sirable.<br \/>\n&#8211; Le bouchon de la bouteille vous aidera \u00e0 mesurer la dose avec pr\u00e9cision : &#8211; La cavit\u00e9 int\u00e9rieure contient 5 ml.<br \/>\n&#8211; Le volume entre la cavit\u00e9 int\u00e9rieure et la cavit\u00e9 ext\u00e9rieure contient 10 ml.<br \/>\n&#8211; Les deux cavit\u00e9s remplies contiennent au total 15 ml.<br \/>\n&#8211; Un bouchon enti\u00e8rement rempli contient 20 ml. <span style=\"color: #228bca;\"><strong>ATTENTION :<\/strong><\/span> &#8211; NE CONVIENT PAS A LA CONSOMMATION HUMAINE.<br \/>\n&#8211; NE PAS ING\u00c9RER.<br \/>\nEN CAS DE CONTACT AVEC LES YEUX, RINCER ABONDAMMENT \u00c0 L&#8217;EAU CLAIRE ET CONSULTER UN M\u00c9DECIN.<br \/>\n&#8211; GARDEZ LE PRODUIT HORS DE PORT\u00c9E DES ENFANTS ET DES ANIMAUX DOMESTIQUES.<br \/>\n&#8211; AGITER LE FLACON AVANT UTILISATION.<br \/>\n&#8211; REFERMEZ BIEN LE FLACON APR\u00c8S CHAQUE UTILISATION.<br \/>\n&#8211; CONSERVEZ LE FLACON DANS UN ENDROIT FRAIS ET SEC, EN \u00c9VITANT L&#8217;EXPOSITION DIRECTE AU SOLEIL.<br \/>\n&#8211; \u00c0 UTILISER EXCLUSIVEMENT DANS LES AQUARIUMS AVEC DES POISSONS D&#8217;ORNEMENT.<\/p>\n<h2><span style=\"color: #228bca;\"><strong>Principaux composants d&#8217;Ultra Bioguard : <\/strong><\/span><\/h2>\n<p>BIO XD est compos\u00e9 de plusieurs souches de bact\u00e9ries naturelles et hautement actives, telles que les bact\u00e9ries nitrifiantes, Paracoccus denitrificans et Desulfurobacterium, \u00e0 une concentration sup\u00e9rieure \u00e0 109 UFC\/g.<\/p>\n","protected":false},"excerpt":{"rendered":"<p>BIO TURTLE XD (Extreme Decomposer) BIO TURTLE XD (Extreme Decomposer) is a Premium biological conditioner for freshwater aquariums. Works for both freshwater and saltwater. Restores water quality and recreates a natural environment. It is the fastest biological degrader on the market, working in 8 hours. Reduces the cleaning frequency of your aquarium. Contient plusieurs souches [&hellip;]<\/p>\n","protected":false},"featured_media":2985,"comment_status":"open","ping_status":"closed","template":"","meta":{"rank_math_lock_modified_date":false},"product_cat":[462,464,465],"product_tag":[486,511,522,513,634,637,466,537,610,549,497,526,532,611,613,530,521,516,612,489,638,636,509,493,635],"class_list":{"0":"post-5360","1":"product","2":"type-product","3":"status-publish","4":"has-post-thumbnail","6":"product_cat-azoo-europe-fr","7":"product_cat-azoo-plus-fr","8":"product_cat-bacteries","9":"product_tag-acondicionador-fr","10":"product_tag-ammoniac","11":"product_tag-amoniac-fr","12":"product_tag-amoniaque","13":"product_tag-ap48023-fr","14":"product_tag-aqua-terrarium-fr","15":"product_tag-azoo-fr","16":"product_tag-azoo-plus-fr","17":"product_tag-bio-xd-fr","18":"product_tag-biogarde","19":"product_tag-conditionneur","20":"product_tag-cycle-fr","21":"product_tag-cycle-de-lazote","22":"product_tag-decomposeur-extreme","23":"product_tag-desulfurobacterium-fr","24":"product_tag-lazote","25":"product_tag-nitrate-fr","26":"product_tag-nitrite-fr","27":"product_tag-paracoccus-denitrificans-fr","28":"product_tag-ph-fr","29":"product_tag-terrarium-fr","30":"product_tag-tortues-aquatiques","31":"product_tag-toxines-fr-2","32":"product_tag-toxines-fr","33":"product_tag-turtles-fr","35":"first","36":"instock","37":"shipping-taxable","38":"product-type-simple"},"_links":{"self":[{"href":"https:\/\/azooeurope.com\/fr\/wp-json\/wp\/v2\/product\/5360","targetHints":{"allow":["GET"]}}],"collection":[{"href":"https:\/\/azooeurope.com\/fr\/wp-json\/wp\/v2\/product"}],"about":[{"href":"https:\/\/azooeurope.com\/fr\/wp-json\/wp\/v2\/types\/product"}],"replies":[{"embeddable":true,"href":"https:\/\/azooeurope.com\/fr\/wp-json\/wp\/v2\/comments?post=5360"}],"wp:featuredmedia":[{"embeddable":true,"href":"https:\/\/azooeurope.com\/fr\/wp-json\/wp\/v2\/media\/2985"}],"wp:attachment":[{"href":"https:\/\/azooeurope.com\/fr\/wp-json\/wp\/v2\/media?parent=5360"}],"wp:term":[{"taxonomy":"product_cat","embeddable":true,"href":"https:\/\/azooeurope.com\/fr\/wp-json\/wp\/v2\/product_cat?post=5360"},{"taxonomy":"product_tag","embeddable":true,"href":"https:\/\/azooeurope.com\/fr\/wp-json\/wp\/v2\/product_tag?post=5360"}],"curies":[{"name":"wp","href":"https:\/\/api.w.org\/{rel}","templated":true}]}}