{"id":5356,"date":"2024-02-23T16:57:59","date_gmt":"2024-02-23T15:57:59","guid":{"rendered":"https:\/\/infallible-hoover.188-95-114-6.plesk.page\/producto\/bio-xd-decomposeur-extreme\/"},"modified":"2024-10-04T11:24:29","modified_gmt":"2024-10-04T09:24:29","slug":"bio-xd-decomposeur-extreme","status":"publish","type":"product","link":"https:\/\/azooeurope.com\/fr\/producto\/bio-xd-decomposeur-extreme\/","title":{"rendered":"BIO XD (Extreme Decomposer)"},"content":{"rendered":"<h1><strong><span style=\"color: #0e509a;\">BIO XD (Extreme Decomposer)<\/span><\/strong><\/h1>\n<h2><span style=\"color: #0e509a;\">BIO XD (Extreme Decomposer) est un conditionneur biologique de premi\u00e8re qualit\u00e9 pour les aquariums d&#8217;eau douce.<\/span><\/h2>\n<ul>\n<li style=\"list-style-type: none;\">\n<ul>\n<li>\n<h3><span style=\"color: #228bca;\">Fonctionne aussi bien pour l&#8217;eau douce que pour l&#8217;eau de mer.<\/span><\/h3>\n<\/li>\n<li>\n<h3><span style=\"color: #228bca;\">Restaure la qualit\u00e9 de l&#8217;eau et recr\u00e9e un environnement naturel.<\/span><\/h3>\n<\/li>\n<li>\n<h3><span style=\"color: #228bca;\">Il s&#8217;agit du d\u00e9gradeur biologique le plus rapide du march\u00e9, qui agit en 8 heures.<\/span><\/h3>\n<\/li>\n<li>\n<h3><span style=\"color: #228bca;\">R\u00e9duit la fr\u00e9quence de nettoyage de votre aquarium.<\/span><\/h3>\n<\/li>\n<li>\n<h3><span style=\"color: #228bca;\">Contient plusieurs souches bact\u00e9riennes hautement actives telles que Paracoccus denitrificans et Desulfurobacterium.<\/span><\/h3>\n<\/li>\n<li>\n<h3><span style=\"color: #228bca;\">Inhibe la croissance des algues.<\/span><\/h3>\n<\/li>\n<\/ul>\n<\/li>\n<\/ul>\n<h3 class=\"p1\"><img fetchpriority=\"high\" decoding=\"async\" class=\"size-medium wp-image-361 alignnone\" src=\"https:\/\/azooeurope.com\/wp-content\/uploads\/\/restricciones_01-400x214.png\" alt=\"\" width=\"400\" height=\"214\" srcset=\"https:\/\/azooeurope.com\/wp-content\/uploads\/restricciones_01-400x214.png 400w, https:\/\/azooeurope.com\/wp-content\/uploads\/restricciones_01.png 450w\" sizes=\"(max-width: 400px) 100vw, 400px\" \/><\/h3>\n<p>AZOO Plus<strong> BIO XD (Extreme Decomposer)<\/strong> est un conditionneur biologique de premi\u00e8re qualit\u00e9 qui r\u00e9tablit la qualit\u00e9 naturelle de l&#8217;eau en reproduisant un environnement sain dans votre aquarium.<br \/>\n&#8220;Le pouvoir nitrifiant le plus rapide au monde.<br \/>\nConditionneur d&#8217;eau pour la d\u00e9gradation biologique des compos\u00e9s organiques en d\u00e9composition pour l&#8217;eau douce et l&#8217;eau de mer.<br \/>\nIl d\u00e9compose les excr\u00e9ments et les s\u00e9diments en 8 heures, r\u00e9duisant ainsi la fr\u00e9quence de nettoyage.<br \/>\nIl est compos\u00e9 de multiples souches de bact\u00e9ries naturelles hautement actives.<br \/>\nLes bact\u00e9ries BIO XD peuvent rapidement bloquer la source de nutriments des algues g\u00eanantes et inhiber efficacement la croissance de toutes les algues.<\/p>\n<h3><span style=\"color: #228bca;\">Action rapide :<\/span><\/h3>\n<p>Ces bact\u00e9ries peuvent \u00eatre imm\u00e9diatement inocul\u00e9es dans les aquariums d&#8217;eau douce et d&#8217;eau de mer, ainsi que dans un aquarium de tortues aquatiques \u00e0 l&#8217;aide de notre version BIO TURTLE XD, pour d\u00e9composer rapidement tous les types de contaminants tels que les impuret\u00e9s, les r\u00e9sidus alimentaires et les excr\u00e9ments.<br \/>\nLes puissantes bact\u00e9ries nitrifiantes d\u00e9composent la plupart des contaminants g\u00eanants en seulement 8 heures, ce qui permet de garder l&#8217;eau propre plus longtemps et de r\u00e9duire consid\u00e9rablement la fr\u00e9quence de nettoyage.<br \/>\nAZOO Plus <strong>BIO XD (Extreme Decomposer)<\/strong> fait partie de la gamme de conditionneurs <a href=\"https:\/\/www.azoo-aqua.com\/\" target=\"_blank\" rel=\"noopener\">AZOO<\/a> <a href=\"https:\/\/azpez.virtualcodeveloper.com\/azpez\/azoo-europe\/\" target=\"_blank\" rel=\"noopener\">Plus de<\/a> la marque <a href=\"https:\/\/www.azoo-aqua.com\/\" target=\"_blank\" rel=\"noopener\">AZOO<\/a>.<\/p>\n<h3><span style=\"color: #0e509a;\">Composition :<\/span><\/h3>\n<p>BIO XD est compos\u00e9 de plusieurs souches de bact\u00e9ries naturelles et hautement actives, telles que les bact\u00e9ries nitrifiantes, Paracoccus denitrificans et Desulfurobacterium, \u00e0 une concentration sup\u00e9rieure \u00e0 109 UFC\/g.<br \/>\n<strong><span style=\"color: #0e509a;\">Pr\u00e9sentations :<\/span><\/strong> AP48019 \/ Bio XD Extreme Decomposer 120 ml AP48020 \/ Bio XD Extreme Decomposer 250 ml AP48021 \/ Bio XD Extreme Decomposer 500 ml AP48022 \/ Bio XD Extreme Decomposer 1.000 ml<\/p>\n<h3><span style=\"color: #228bca;\">Tr\u00e8s concentr\u00e9.<\/span><\/h3>\n<p>sa formule est optimis\u00e9e pour obtenir une concentration \u00e9lev\u00e9e et d&#8217;excellentes performances : <strong>1ml de produit traite 3 litres d&#8217;eau dans votre aquarium.<\/strong><\/p>\n<h3><span style=\"color: #228bca;\">Caract\u00e9ristiques sp\u00e9ciales :<\/span><\/h3>\n<ol>\n<li>D\u00e9compose les substances toxiques telles que le nitrite, l&#8217;ammoniac et le sulfure d&#8217;hydrog\u00e8ne dans l&#8217;eau imm\u00e9diatement apr\u00e8s l&#8217;ajout.<\/li>\n<li>Agit en bloquant efficacement la source de nutriments des bact\u00e9ries nocives et en devenant rapidement la bact\u00e9rie dominante dans l&#8217;aquarium pour am\u00e9liorer la qualit\u00e9 de l&#8217;eau.<\/li>\n<li>Les bact\u00e9ries BIO XD peuvent rapidement bloquer la source de nutriments des algues nuisibles et inhiber efficacement la croissance des algues brunes, des algues noires, des algues bleues et des algues rouges.<\/li>\n<li>Ils convertissent rapidement les contaminants et les substances nocives en compos\u00e9s nutritifs plus faciles \u00e0 absorber par les plantes aquatiques, ce qui favorise leur croissance et leur \u00e9panouissement.<\/li>\n<\/ol>\n<p>Suivez-nous sur nos m\u00e9dias sociaux pour rester au courant des derni\u00e8res nouveaut\u00e9s et de toutes les informations int\u00e9ressantes sur notre marque et l&#8217;aquariophilie sur <a href=\"https:\/\/www.facebook.com\/profile.php?id=61555599587010&amp;locale=es_ES\" target=\"_blank\" rel=\"noopener\">Facebook<\/a>, <a href=\"https:\/\/www.youtube.com\/@AZOOEurope\/videos\" target=\"_blank\" rel=\"noopener\">YouTube<\/a> et <a href=\"https:\/\/www.instagram.com\/azooeurope\/\" target=\"_blank\" rel=\"noopener\">Instagram<\/a>.<br \/>\nVous pouvez compl\u00e9ter ce produit avec d&#8217;autres aliments \u00e9quilibr\u00e9s sp\u00e9cifiques de la marque Ultra Fresh.<\/p>\n<p><iframe title=\"azoo plus presentation\" width=\"800\" height=\"450\" src=\"https:\/\/www.youtube.com\/embed\/gS5bf4C6Nqc?feature=oembed\" frameborder=\"0\" allow=\"accelerometer; autoplay; clipboard-write; encrypted-media; gyroscope; picture-in-picture; web-share\" referrerpolicy=\"strict-origin-when-cross-origin\" allowfullscreen><\/iframe><\/p>\n<h3><\/h3>\n<h3><span style=\"color: #228bca;\">INSTRUCTIONS :<\/span><\/h3>\n<p>Agitez bien avant de l&#8217;utiliser.<br \/>\nLaissez la lumi\u00e8re allum\u00e9e et le filtre en marche.<br \/>\nPremi\u00e8re utilisation : Nettoyez les algues de votre aquarium d&#8217;eau douce ou d&#8217;eau de mer et remplacez 30 \u00e0 50 % de l&#8217;eau.<br \/>\nAjoutez 1 ml de BIO XD pour 3 litres d&#8217;eau.<br \/>\nAjoutez une fois par jour pendant trois jours pour faciliter l&#8217;inoculation bact\u00e9rienne au stade initial.<br \/>\nEntretien r\u00e9gulier : Ajoutez une fois par semaine ou apr\u00e8s un changement d&#8217;eau.<br \/>\nUtilisez 1 ml de solution bact\u00e9rienne pour 3 litres d&#8217;eau. <span style=\"color: #228bca;\"><strong>OBSERVATIONS :<\/strong><\/span> &#8211; Pour assurer une bonne dispersion, ajoutez les additifs dans une zone de l&#8217;aquarium o\u00f9 le d\u00e9bit est suffisant.<br \/>\n&#8211; Pour les changements d&#8217;eau, vous pouvez ajouter des additifs \u00e0 l&#8217;eau avant de la verser dans l&#8217;aquarium.<br \/>\n\u00c9vitez de m\u00e9langer diff\u00e9rents additifs avant de les ajouter.<br \/>\n&#8211; Certains produits pour aquarium peuvent r\u00e9agir chimiquement avec d&#8217;autres ; \u00e9vitez de combiner plusieurs produits simultan\u00e9ment afin d&#8217;\u00e9viter toute pr\u00e9cipitation ou r\u00e9action ind\u00e9sirable.<br \/>\n&#8211; Le bouchon de la bouteille vous aidera \u00e0 mesurer la dose avec pr\u00e9cision : &#8211; La cavit\u00e9 int\u00e9rieure contient 5 ml.<br \/>\n&#8211; Le volume entre la cavit\u00e9 int\u00e9rieure et la cavit\u00e9 ext\u00e9rieure contient 10 ml.<br \/>\n&#8211; Les deux cavit\u00e9s remplies contiennent au total 15 ml.<br \/>\n&#8211; Un bouchon enti\u00e8rement rempli contient 20 ml.<\/p>\n<figure id=\"attachment_2970\" aria-describedby=\"caption-attachment-2970\" style=\"width: 400px\" class=\"wp-caption alignnone\"><img decoding=\"async\" class=\"size-medium wp-image-652\" src=\"https:\/\/azooeurope.com\/wp-content\/uploads\/\/azoo_plus_bio_xd_extreme_decomposer_03-400x400.jpg\" alt=\"BIO XD (D\u00e9composeur extr\u00eame)\" width=\"400\" height=\"400\" srcset=\"https:\/\/azooeurope.com\/wp-content\/uploads\/azoo_plus_bio_xd_extreme_decomposer_03-400x400.jpg 400w, https:\/\/azooeurope.com\/wp-content\/uploads\/azoo_plus_bio_xd_extreme_decomposer_03-768x768.jpg 768w, https:\/\/azooeurope.com\/wp-content\/uploads\/azoo_plus_bio_xd_extreme_decomposer_03-300x300.jpg 300w, https:\/\/azooeurope.com\/wp-content\/uploads\/azoo_plus_bio_xd_extreme_decomposer_03-600x600.jpg 600w, https:\/\/azooeurope.com\/wp-content\/uploads\/azoo_plus_bio_xd_extreme_decomposer_03-100x100.jpg 100w, https:\/\/azooeurope.com\/wp-content\/uploads\/azoo_plus_bio_xd_extreme_decomposer_03.jpg 1250w\" sizes=\"(max-width: 400px) 100vw, 400px\" \/><figcaption id=\"caption-attachment-2970\" class=\"wp-caption-text\">BIO XD (D\u00e9composeur extr\u00eame)<\/figcaption><\/figure>\n<p><span style=\"color: #228bca;\"><strong>ATTENTION :<\/strong><\/span> &#8211; NE CONVIENT PAS A LA CONSOMMATION HUMAINE.<br \/>\n&#8211; NE PAS ING\u00c9RER.<br \/>\nEN CAS DE CONTACT AVEC LES YEUX, RINCER ABONDAMMENT \u00c0 L&#8217;EAU CLAIRE ET CONSULTER UN M\u00c9DECIN.<br \/>\n&#8211; GARDEZ LE PRODUIT HORS DE PORT\u00c9E DES ENFANTS ET DES ANIMAUX DOMESTIQUES.<br \/>\n&#8211; AGITER LE FLACON AVANT UTILISATION.<br \/>\n&#8211; REFERMEZ BIEN LE FLACON APR\u00c8S CHAQUE UTILISATION.<br \/>\n&#8211; CONSERVEZ LE FLACON DANS UN ENDROIT FRAIS ET SEC, EN \u00c9VITANT L&#8217;EXPOSITION DIRECTE AU SOLEIL.<br \/>\n&#8211; \u00c0 UTILISER EXCLUSIVEMENT DANS LES AQUARIUMS AVEC DES POISSONS D&#8217;ORNEMENT.<\/p>\n<h2><span style=\"color: #228bca;\"><strong>Principaux composants d&#8217;Ultra Bioguard : <\/strong><\/span><\/h2>\n<p>BIO XD est compos\u00e9 de plusieurs souches de bact\u00e9ries naturelles et hautement actives, telles que les bact\u00e9ries nitrifiantes, Paracoccus denitrificans et Desulfurobacterium, \u00e0 une concentration sup\u00e9rieure \u00e0 109 UFC\/g.<\/p>\n","protected":false},"excerpt":{"rendered":"<p>BIO XD (Extreme Decomposer) BIO XD (Extreme Decomposer) est un conditionneur biologique de premi\u00e8re qualit\u00e9 pour les aquariums d&#8217;eau douce. Fonctionne aussi bien pour l&#8217;eau douce que pour l&#8217;eau de mer. Restaure la qualit\u00e9 de l&#8217;eau et recr\u00e9e un environnement naturel. Il s&#8217;agit du d\u00e9gradeur biologique le plus rapide du march\u00e9, qui agit en 8 [&hellip;]<\/p>\n","protected":false},"featured_media":2964,"comment_status":"open","ping_status":"closed","template":"","meta":{"rank_math_lock_modified_date":false},"product_cat":[462,464,465,599],"product_tag":[486,511,522,513,606,607,608,609,466,537,610,549,497,526,532,611,613,530,521,516,612,489,509,493],"class_list":{"0":"post-5356","1":"product","2":"type-product","3":"status-publish","4":"has-post-thumbnail","6":"product_cat-azoo-europe-fr","7":"product_cat-azoo-plus-fr","8":"product_cat-bacteries","9":"product_cat-professionnels","10":"product_tag-acondicionador-fr","11":"product_tag-ammoniac","12":"product_tag-amoniac-fr","13":"product_tag-amoniaque","14":"product_tag-ap48019-fr","15":"product_tag-ap48020-fr","16":"product_tag-ap48021-fr","17":"product_tag-ap48022-fr","18":"product_tag-azoo-fr","19":"product_tag-azoo-plus-fr","20":"product_tag-bio-xd-fr","21":"product_tag-biogarde","22":"product_tag-conditionneur","23":"product_tag-cycle-fr","24":"product_tag-cycle-de-lazote","25":"product_tag-decomposeur-extreme","26":"product_tag-desulfurobacterium-fr","27":"product_tag-lazote","28":"product_tag-nitrate-fr","29":"product_tag-nitrite-fr","30":"product_tag-paracoccus-denitrificans-fr","31":"product_tag-ph-fr","32":"product_tag-toxines-fr-2","33":"product_tag-toxines-fr","35":"first","36":"instock","37":"shipping-taxable","38":"product-type-simple"},"_links":{"self":[{"href":"https:\/\/azooeurope.com\/fr\/wp-json\/wp\/v2\/product\/5356","targetHints":{"allow":["GET"]}}],"collection":[{"href":"https:\/\/azooeurope.com\/fr\/wp-json\/wp\/v2\/product"}],"about":[{"href":"https:\/\/azooeurope.com\/fr\/wp-json\/wp\/v2\/types\/product"}],"replies":[{"embeddable":true,"href":"https:\/\/azooeurope.com\/fr\/wp-json\/wp\/v2\/comments?post=5356"}],"wp:featuredmedia":[{"embeddable":true,"href":"https:\/\/azooeurope.com\/fr\/wp-json\/wp\/v2\/media\/2964"}],"wp:attachment":[{"href":"https:\/\/azooeurope.com\/fr\/wp-json\/wp\/v2\/media?parent=5356"}],"wp:term":[{"taxonomy":"product_cat","embeddable":true,"href":"https:\/\/azooeurope.com\/fr\/wp-json\/wp\/v2\/product_cat?post=5356"},{"taxonomy":"product_tag","embeddable":true,"href":"https:\/\/azooeurope.com\/fr\/wp-json\/wp\/v2\/product_tag?post=5356"}],"curies":[{"name":"wp","href":"https:\/\/api.w.org\/{rel}","templated":true}]}}