{"id":5194,"date":"2024-09-18T10:02:07","date_gmt":"2024-09-18T08:02:07","guid":{"rendered":"https:\/\/infallible-hoover.188-95-114-6.plesk.page\/politique-en-matiere-de-cookies\/"},"modified":"2024-09-18T14:06:02","modified_gmt":"2024-09-18T12:06:02","slug":"politique-en-matiere-de-cookies","status":"publish","type":"page","link":"https:\/\/azooeurope.com\/fr\/politique-en-matiere-de-cookies\/","title":{"rendered":"Politique en mati\u00e8re de cookies"},"content":{"rendered":"\t\t<div data-elementor-type=\"wp-page\" data-elementor-id=\"5194\" class=\"elementor elementor-5194 elementor-2457\" data-elementor-post-type=\"page\">\n\t\t\t\t<div class=\"elementor-element elementor-element-b0b0d28 e-flex e-con-boxed e-con e-parent\" data-id=\"b0b0d28\" data-element_type=\"container\" data-settings=\"{&quot;background_background&quot;:&quot;classic&quot;,&quot;_ha_eqh_enable&quot;:false}\">\n\t\t\t\t\t<div class=\"e-con-inner\">\n\t\t<div class=\"elementor-element elementor-element-e51a0fb e-con-full e-flex e-con e-child\" data-id=\"e51a0fb\" data-element_type=\"container\" data-settings=\"{&quot;_ha_eqh_enable&quot;:false}\">\n\t\t<div class=\"elementor-element elementor-element-3f89ced e-con-full e-flex e-con e-child\" data-id=\"3f89ced\" data-element_type=\"container\" data-settings=\"{&quot;_ha_eqh_enable&quot;:false}\">\n\t\t<div class=\"elementor-element elementor-element-e038f67 e-con-full e-flex e-con e-child\" data-id=\"e038f67\" data-element_type=\"container\" data-settings=\"{&quot;_ha_eqh_enable&quot;:false}\">\n\t\t\t\t<div class=\"elementor-element elementor-element-85f87ab elementor-invisible elementor-widget elementor-widget-heading\" data-id=\"85f87ab\" data-element_type=\"widget\" data-settings=\"{&quot;_animation&quot;:&quot;fadeInUp&quot;}\" data-widget_type=\"heading.default\">\n\t\t\t\t<div class=\"elementor-widget-container\">\n\t\t\t<h2 class=\"elementor-heading-title elementor-size-default\">POLITIQUE EN MATI\u00c8RE DE COOKIES<\/h2>\t\t<\/div>\n\t\t\t\t<\/div>\n\t\t\t\t<div class=\"elementor-element elementor-element-03ca46c elementor-icon-list--layout-inline elementor-list-item-link-full_width elementor-widget elementor-widget-icon-list\" data-id=\"03ca46c\" data-element_type=\"widget\" data-widget_type=\"icon-list.default\">\n\t\t\t\t<div class=\"elementor-widget-container\">\n\t\t\t\t\t<ul class=\"elementor-icon-list-items elementor-inline-items\">\n\t\t\t\t\t\t\t<li class=\"elementor-icon-list-item elementor-inline-item\">\n\t\t\t\t\t\t\t\t\t\t\t<a href=\"\/\">\n\n\t\t\t\t\t\t\t\t\t\t\t<span class=\"elementor-icon-list-text\">Accueil<\/span>\n\t\t\t\t\t\t\t\t\t\t\t<\/a>\n\t\t\t\t\t\t\t\t\t<\/li>\n\t\t\t\t\t\t<\/ul>\n\t\t\t\t<\/div>\n\t\t\t\t<\/div>\n\t\t\t\t<\/div>\n\t\t\t\t<\/div>\n\t\t\t\t<\/div>\n\t\t\t\t\t<\/div>\n\t\t\t\t<\/div>\n\t\t<div class=\"elementor-element elementor-element-352b3e4 e-flex e-con-boxed e-con e-parent\" data-id=\"352b3e4\" data-element_type=\"container\" data-settings=\"{&quot;_ha_eqh_enable&quot;:false}\">\n\t\t\t\t\t<div class=\"e-con-inner\">\n\t\t\t\t<div class=\"elementor-element elementor-element-c1066b3 elementor-widget elementor-widget-text-editor\" data-id=\"c1066b3\" data-element_type=\"widget\" data-widget_type=\"text-editor.default\">\n\t\t\t\t<div class=\"elementor-widget-container\">\n\t\t\t\t\t\t\t<p>L&#8217;acc\u00e8s \u00e0 ce site Web peut impliquer l&#8217;utilisation de cookies.\nLes cookies sont de petites quantit\u00e9s d&#8217;informations qui sont stock\u00e9es dans le navigateur utilis\u00e9 par chaque utilisateur &#8211; dans les diff\u00e9rents dispositifs qu&#8217;il peut utiliser pour naviguer &#8211; afin que le serveur garde en m\u00e9moire certaines informations qui seront lues ult\u00e9rieurement et uniquement par le serveur qui les a impl\u00e9ment\u00e9es.\nLes cookies facilitent la navigation, la rendent plus conviviale et n&#8217;endommagent pas le dispositif de navigation.  <\/p>\n<p>Les cookies sont des proc\u00e9dures automatiques de r\u00e9cup\u00e9ration d&#8217;informations relatives aux pr\u00e9f\u00e9rences d\u00e9termin\u00e9es par l&#8217;Utilisateur au cours de sa visite sur le site Web, dans le but de le reconna\u00eetre en tant qu&#8217;Utilisateur et de personnaliser son exp\u00e9rience et l&#8217;utilisation du site Web, et peuvent \u00e9galement, par exemple, aider \u00e0 identifier et \u00e0 r\u00e9soudre des erreurs.<\/p>\n<p>Les informations recueillies par le biais des cookies peuvent inclure la date et l&#8217;heure des visites sur le site Web, les pages visualis\u00e9es, le temps pass\u00e9 sur le site Web et les sites visit\u00e9s juste avant et apr\u00e8s la visite.\nPar ailleurs, aucun cookie ne permet \u00e0 ce dernier d&#8217;entrer en contact avec le num\u00e9ro de t\u00e9l\u00e9phone de l&#8217;utilisateur ou avec tout autre moyen de contact personnel.\nAucun cookie ne peut extraire des informations du disque dur de l&#8217;Utilisateur ou voler des informations personnelles.\nLa seule fa\u00e7on pour que les informations priv\u00e9es de l&#8217;utilisateur fassent partie de l&#8217;archive Cookie est que l&#8217;utilisateur transmette personnellement ces informations au serveur.   <\/p>\n<p>Les cookies qui permettent d&#8217;identifier une personne sont consid\u00e9r\u00e9s comme des donn\u00e9es personnelles.\nPar cons\u00e9quent, la politique de confidentialit\u00e9 d\u00e9crite pr\u00e9c\u00e9demment s&#8217;applique \u00e0 ces cookies.\nEn ce sens, pour l&#8217;utilisation de ces donn\u00e9es, le consentement de l&#8217;Utilisateur est n\u00e9cessaire.\nCe consentement sera communiqu\u00e9, sur la base d&#8217;une d\u00e9cision authentique, prise \u00e0 la suite d&#8217;une d\u00e9cision d\u00e9finitive et positive, avant que le traitement ne soit effectu\u00e9, supprim\u00e9 et document\u00e9.   <\/p>\n<p><strong><br><\/strong><\/p>\n<p><strong>Cookies propres<\/strong><\/p>\n<p>Il s&#8217;agit de cookies qui sont envoy\u00e9s \u00e0 l&#8217;ordinateur ou au dispositif de l&#8217;Utilisateur et g\u00e9r\u00e9s exclusivement par AZOO Europe pour le meilleur fonctionnement du site Web.\nLes informations que nous recueillons sont utilis\u00e9es pour am\u00e9liorer la qualit\u00e9 du site Web, son contenu et votre exp\u00e9rience en tant qu&#8217;utilisateur.\nCes cookies permettent de reconna\u00eetre l&#8217;utilisateur en tant que visiteur r\u00e9current du site web et d&#8217;adapter le contenu afin de lui proposer des contenus adapt\u00e9s \u00e0 ses pr\u00e9f\u00e9rences.  <\/p>\n<p><strong><br><\/strong><\/p>\n<p><strong>Cookies de tiers<\/strong><\/p>\n<p>Il s&#8217;agit de cookies utilis\u00e9s et g\u00e9r\u00e9s par des entit\u00e9s externes qui fournissent \u00e0 AZOO Europe des services demand\u00e9s par celle-ci pour am\u00e9liorer le site Web et l&#8217;exp\u00e9rience de l&#8217;utilisateur en naviguant sur le site Web.\nLes principaux objectifs pour lesquels les cookies de tiers sont utilis\u00e9s sont l&#8217;obtention de statistiques d&#8217;acc\u00e8s et l&#8217;analyse des informations de navigation, c&#8217;est-\u00e0-dire la mani\u00e8re dont l&#8217;utilisateur interagit avec le site Web. <\/p>\n<p>Les informations obtenues se r\u00e9f\u00e8rent, par exemple, au nombre de pages visit\u00e9es, \u00e0 l&#8217;idiome, \u00e0 l&#8217;endroit o\u00f9 se trouve la direction IP \u00e0 laquelle acc\u00e8de l&#8217;utilisateur, au nombre d&#8217;utilisateurs qui acc\u00e8dent, \u00e0 la fr\u00e9quence et \u00e0 la r\u00e9p\u00e9tition des visites, au temps de visite, au navigateur utilis\u00e9, \u00e0 l&#8217;op\u00e9rateur ou au type d&#8217;appareil \u00e0 partir duquel la visite est effectu\u00e9e.\nCes informations sont utilis\u00e9es pour am\u00e9liorer le site Web et d\u00e9tecter de nouveaux besoins afin d&#8217;offrir aux utilisateurs un contenu et\/ou un service d&#8217;une qualit\u00e9 optimale.\nDans tous les cas, les informations sont recopi\u00e9es sous une forme anonyme et des informations sur les tendances du site Web sont \u00e9labor\u00e9es sans identification des utilisateurs individuels.  <\/p>\n<p>Vous pouvez obtenir plus d&#8217;informations sur les cookies, les informations relatives \u00e0 la confidentialit\u00e9 ou consulter la description du type de cookies que nous utilisons, leurs principales caract\u00e9ristiques, la p\u00e9riode d&#8217;expiration, etc. dans la\/les page(s) suivante(s) :<\/p>\n<p>Google Analytics: https:\/\/support.google.com\/analytics\/answer\/12159447?hl=es#:~:text=Google%20Analytics%20es%20una%20plataforma,proporcionan%20estad%C3%ADsticas%20sobre%20su%20empresa.<\/p>\n<p>La (les) entit\u00e9(s) charg\u00e9e(s) de l&#8217;enregistrement des cookies peut (peuvent) c\u00e9der ces informations \u00e0 des tiers, \u00e0 condition que cela soit pr\u00e9vu par la loi ou qu&#8217;il s&#8217;agisse d&#8217;un tiers qui traite ces informations pour le compte de ces entit\u00e9s.<\/p>\n<p><strong><br><\/strong><\/p>\n<p><strong>Cookies de redes sociales<\/strong><\/p>\n<p>AZOO Europe incorpore des plugins de r\u00e9seaux sociaux, qui permettent d&#8217;acc\u00e9der \u00e0 ces derniers \u00e0 partir du site Web.\nC&#8217;est pourquoi les cookies des r\u00e9seaux sociaux peuvent \u00eatre conserv\u00e9s dans le navigateur de l&#8217;Utilisateur.\nLes titulaires de ces r\u00e9seaux sociaux disposent de leurs propres politiques de protection des donn\u00e9es et des cookies, et sont donc, dans tous les cas, responsables de leurs propres fichiers et de leurs propres politiques de confidentialit\u00e9.\nL&#8217;utilisateur doit se r\u00e9f\u00e9rer \u00e0 ces derniers pour s&#8217;informer sur ces cookies et, dans son cas, sur le traitement de ses donn\u00e9es personnelles.\n\u00danicamente a t\u00edtulo informativo se indican a continuaci\u00f3n los enlaces en los que se pueden consultar dichas pol\u00edticas de privacidad y\/o de cookies :    <\/p>\n<ul>\n<li>Facebook : https:\/\/www.facebook.com\/policies\/cookies\/<\/li>\n<li>Twitter : https:\/\/twitter.com\/es\/privacy<\/li>\n<li>Instagram : https:\/\/help.instagram.com\/1896641480634370?ref=ig<\/li>\n<li>YouTube : https:\/\/policies.google.com\/privacy?hl=es-419&amp;gl=mx<\/li>\n<li>Pinterest : https:\/\/policy.pinterest.com\/es\/privacy-policy<\/li>\n<li>LinkedIn : https:\/\/www.linkedin.com\/legal\/cookie-policy?trk=hp-cookies<\/li>\n<\/ul>\n<p><strong><br><\/strong><\/p><p><strong>D\u00e9sadapter, modifier et \u00e9liminer les cookies<\/strong><\/p>\n<p>L&#8217;utilisateur peut r\u00e9habiliter, modifier et \u00e9liminer les cookies -totaux ou partiels- install\u00e9s sur son appareil par le biais de la configuration de son navigateur (parmi lesquels se trouvent, par exemple, Chrome, Firefox, Safari, Explorer).\nEn ce sens, les proc\u00e9dures de modification et d&#8217;\u00e9limination des cookies peuvent varier d&#8217;un navigateur Internet \u00e0 l&#8217;autre.\nEn cons\u00e9quence, l&#8217;utilisateur doit suivre les instructions donn\u00e9es par le navigateur Internet qu&#8217;il utilise.\nSi vous refusez l&#8217;utilisation des cookies, que ce soit totalement ou partiellement, vous pourrez continuer \u00e0 utiliser le site Web, tout en limitant l&#8217;utilisation de certaines de ses fonctions.   <\/p>\n<p>Ce document de politique des cookies a \u00e9t\u00e9 cr\u00e9\u00e9 par le g\u00e9n\u00e9rateur de <a href=\"https:\/\/textos-legales.edgartamarit.com\/\" target=\"_blank\" rel=\"noopener\">plantilla de pol\u00edtica de cookies web gratis<\/a> online le 14\/03\/2024.<\/p>\t\t\t\t\t\t<\/div>\n\t\t\t\t<\/div>\n\t\t\t\t\t<\/div>\n\t\t\t\t<\/div>\n\t\t\t\t<\/div>\n\t\t","protected":false},"excerpt":{"rendered":"<p>POLITIQUE EN MATI\u00c8RE DE COOKIES Accueil L&#8217;acc\u00e8s \u00e0 ce site Web peut impliquer l&#8217;utilisation de cookies. Les cookies sont de petites quantit\u00e9s d&#8217;informations qui sont stock\u00e9es dans le navigateur utilis\u00e9 par chaque utilisateur &#8211; dans les diff\u00e9rents dispositifs qu&#8217;il peut utiliser pour naviguer &#8211; afin que le serveur garde en m\u00e9moire certaines informations qui seront [&hellip;]<\/p>\n","protected":false},"author":5,"featured_media":0,"parent":0,"menu_order":0,"comment_status":"closed","ping_status":"closed","template":"","meta":{"rank_math_lock_modified_date":false,"footnotes":""},"class_list":["post-5194","page","type-page","status-publish","hentry"],"_links":{"self":[{"href":"https:\/\/azooeurope.com\/fr\/wp-json\/wp\/v2\/pages\/5194","targetHints":{"allow":["GET"]}}],"collection":[{"href":"https:\/\/azooeurope.com\/fr\/wp-json\/wp\/v2\/pages"}],"about":[{"href":"https:\/\/azooeurope.com\/fr\/wp-json\/wp\/v2\/types\/page"}],"author":[{"embeddable":true,"href":"https:\/\/azooeurope.com\/fr\/wp-json\/wp\/v2\/users\/5"}],"replies":[{"embeddable":true,"href":"https:\/\/azooeurope.com\/fr\/wp-json\/wp\/v2\/comments?post=5194"}],"version-history":[{"count":0,"href":"https:\/\/azooeurope.com\/fr\/wp-json\/wp\/v2\/pages\/5194\/revisions"}],"wp:attachment":[{"href":"https:\/\/azooeurope.com\/fr\/wp-json\/wp\/v2\/media?parent=5194"}],"curies":[{"name":"wp","href":"https:\/\/api.w.org\/{rel}","templated":true}]}}