{"id":4983,"date":"2024-03-15T11:09:47","date_gmt":"2024-03-15T10:09:47","guid":{"rendered":"https:\/\/infallible-hoover.188-95-114-6.plesk.page\/notre-histoire\/"},"modified":"2024-09-24T13:30:10","modified_gmt":"2024-09-24T11:30:10","slug":"notre-histoire","status":"publish","type":"page","link":"https:\/\/azooeurope.com\/fr\/notre-histoire\/","title":{"rendered":"Notre histoire"},"content":{"rendered":"\t\t<div data-elementor-type=\"wp-page\" data-elementor-id=\"4983\" class=\"elementor elementor-4983 elementor-1437\" data-elementor-post-type=\"page\">\n\t\t\t\t<div class=\"elementor-element elementor-element-83021ab e-flex e-con-boxed e-con e-parent\" data-id=\"83021ab\" data-element_type=\"container\" data-settings=\"{&quot;background_background&quot;:&quot;classic&quot;,&quot;_ha_eqh_enable&quot;:false}\">\n\t\t\t\t\t<div class=\"e-con-inner\">\n\t\t\t\t<div class=\"elementor-element elementor-element-a561844 elementor-widget elementor-widget-image\" data-id=\"a561844\" data-element_type=\"widget\" data-widget_type=\"image.default\">\n\t\t\t\t<div class=\"elementor-widget-container\">\n\t\t\t\t\t\t\t\t\t\t\t\t\t<img fetchpriority=\"high\" decoding=\"async\" width=\"1500\" height=\"252\" src=\"https:\/\/azooeurope.com\/wp-content\/uploads\/our-story.png\" class=\"attachment-large size-large wp-image-4266\" alt=\"\" srcset=\"https:\/\/azooeurope.com\/wp-content\/uploads\/our-story.png 1500w, https:\/\/azooeurope.com\/wp-content\/uploads\/our-story-400x67.png 400w, https:\/\/azooeurope.com\/wp-content\/uploads\/our-story-768x129.png 768w, https:\/\/azooeurope.com\/wp-content\/uploads\/our-story-600x101.png 600w\" sizes=\"(max-width: 1500px) 100vw, 1500px\" \/>\t\t\t\t\t\t\t\t\t\t\t\t\t<\/div>\n\t\t\t\t<\/div>\n\t\t\t\t<div class=\"elementor-element elementor-element-902ab77 elementor-widget elementor-widget-image\" data-id=\"902ab77\" data-element_type=\"widget\" data-widget_type=\"image.default\">\n\t\t\t\t<div class=\"elementor-widget-container\">\n\t\t\t\t\t\t\t\t\t\t\t\t\t\t<a href=\"\/fr\/ultra-frais\/\">\n\t\t\t\t\t\t\t<img decoding=\"async\" width=\"500\" height=\"262\" src=\"https:\/\/azooeurope.com\/wp-content\/uploads\/ultra-fresh-logo_blanco.png\" class=\"elementor-animation-grow attachment-large size-large wp-image-4227\" alt=\"\" srcset=\"https:\/\/azooeurope.com\/wp-content\/uploads\/ultra-fresh-logo_blanco.png 500w, https:\/\/azooeurope.com\/wp-content\/uploads\/ultra-fresh-logo_blanco-400x210.png 400w\" sizes=\"(max-width: 500px) 100vw, 500px\" \/>\t\t\t\t\t\t\t\t<\/a>\n\t\t\t\t\t\t\t\t\t\t\t\t\t<\/div>\n\t\t\t\t<\/div>\n\t\t\t\t\t<\/div>\n\t\t\t\t<\/div>\n\t\t<div class=\"elementor-element elementor-element-fd86916 e-flex e-con-boxed e-con e-parent\" data-id=\"fd86916\" data-element_type=\"container\" data-settings=\"{&quot;background_background&quot;:&quot;classic&quot;,&quot;animation&quot;:&quot;none&quot;}\">\n\t\t\t\t\t<div class=\"e-con-inner\">\n\t\t<div class=\"elementor-element elementor-element-9c27cf8 e-con-full e-flex e-con e-child\" data-id=\"9c27cf8\" data-element_type=\"container\" data-settings=\"{&quot;_ha_eqh_enable&quot;:false}\">\n\t\t\t\t<div class=\"elementor-element elementor-element-cb681eb elementor-widget elementor-widget-image\" data-id=\"cb681eb\" data-element_type=\"widget\" data-widget_type=\"image.default\">\n\t\t\t\t<div class=\"elementor-widget-container\">\n\t\t\t\t\t\t\t\t\t\t\t\t\t<img decoding=\"async\" width=\"1800\" height=\"123\" src=\"https:\/\/azooeurope.com\/wp-content\/uploads\/real-sources-1.png\" class=\"attachment-large size-large wp-image-4275\" alt=\"\" srcset=\"https:\/\/azooeurope.com\/wp-content\/uploads\/real-sources-1.png 1800w, https:\/\/azooeurope.com\/wp-content\/uploads\/real-sources-1-400x27.png 400w, https:\/\/azooeurope.com\/wp-content\/uploads\/real-sources-1-768x52.png 768w, https:\/\/azooeurope.com\/wp-content\/uploads\/real-sources-1-1536x105.png 1536w, https:\/\/azooeurope.com\/wp-content\/uploads\/real-sources-1-600x41.png 600w\" sizes=\"(max-width: 1800px) 100vw, 1800px\" \/>\t\t\t\t\t\t\t\t\t\t\t\t\t<\/div>\n\t\t\t\t<\/div>\n\t\t\t\t<div class=\"elementor-element elementor-element-bbb71f6 elementor-widget elementor-widget-heading\" data-id=\"bbb71f6\" data-element_type=\"widget\" data-widget_type=\"heading.default\">\n\t\t\t\t<div class=\"elementor-widget-container\">\n\t\t\t<h2 class=\"elementor-heading-title elementor-size-default\">Bonjour, je suis Tim Fang, fondateur d'Ultra Fresh.  <\/h2>\t\t<\/div>\n\t\t\t\t<\/div>\n\t\t\t\t<div class=\"elementor-element elementor-element-086d2d5 elementor-widget elementor-widget-heading\" data-id=\"086d2d5\" data-element_type=\"widget\" data-widget_type=\"heading.default\">\n\t\t\t\t<div class=\"elementor-widget-container\">\n\t\t\t<h2 class=\"elementor-heading-title elementor-size-default\">Tout a commenc\u00e9 il y a cinq ans.\nNous nous sommes rendu compte que les amoureux des chiens et des chats choisissaient partout les meilleurs aliments \u00e0 base de viandes fra\u00eeches naturelles et non alt\u00e9r\u00e9es, de fruits et de l\u00e9gumes, en v\u00e9rifiant soigneusement les mati\u00e8res premi\u00e8res et les ingr\u00e9dients pour s'assurer qu'il n'y a pas de colorants artificiels ni d'additifs chimiques.   <\/h2>\t\t<\/div>\n\t\t\t\t<\/div>\n\t\t\t\t<div class=\"elementor-element elementor-element-fb2ce3a elementor-widget elementor-widget-heading\" data-id=\"fb2ce3a\" data-element_type=\"widget\" data-widget_type=\"heading.default\">\n\t\t\t\t<div class=\"elementor-widget-container\">\n\t\t\t<h2 class=\"elementor-heading-title elementor-size-default\">Nous ne l\u00e9sinons jamais sur la qualit\u00e9 et nous les traitons comme des membres de notre famille.\nMais les aliments pour poissons, c'est une autre histoire.\nLes aliments pour poissons disponibles sur le march\u00e9 contiennent toujours toutes sortes d'additifs chimiques.    <\/h2>\t\t<\/div>\n\t\t\t\t<\/div>\n\t\t\t\t<div class=\"elementor-element elementor-element-807de93 elementor-widget elementor-widget-heading\" data-id=\"807de93\" data-element_type=\"widget\" data-widget_type=\"heading.default\">\n\t\t\t\t<div class=\"elementor-widget-container\">\n\t\t\t<h2 class=\"elementor-heading-title elementor-size-default\">L'\u00e9quipe qui a donn\u00e9 naissance \u00e0 Ultra Fresh est compos\u00e9e de passionn\u00e9s de poissons qui \u00e9l\u00e8vent des guppys, des cichlid\u00e9s nains, des poissons-\u00e9coles, des poissons-chats \u00e0 succion et des discus.\nDans l'espoir de fournir \u00e0 nos poissons bien-aim\u00e9s la meilleure nourriture possible, nous avons commenc\u00e9 \u00e0 r\u00e9fl\u00e9chir \u00e0 la mani\u00e8re de fabriquer des aliments pour poissons \u00e0 partir d'ingr\u00e9dients enti\u00e8rement naturels.   <\/h2>\t\t<\/div>\n\t\t\t\t<\/div>\n\t\t\t\t<div class=\"elementor-element elementor-element-601395c elementor-widget elementor-widget-heading\" data-id=\"601395c\" data-element_type=\"widget\" data-widget_type=\"heading.default\">\n\t\t\t\t<div class=\"elementor-widget-container\">\n\t\t\t<h2 class=\"elementor-heading-title elementor-size-default\">Les choses n'ont pas \u00e9t\u00e9 faciles au d\u00e9but : il est extr\u00eamement difficile de faire manger aux poissons des aliments qui ne sont pas enrichis d'attractants ou d'ar\u00f4mes artificiels.\nIl nous a fallu cinq ans pour essayer diverses combinaisons d'ingr\u00e9dients frais avant d'obtenir un grand succ\u00e8s.   <\/h2>\t\t<\/div>\n\t\t\t\t<\/div>\n\t\t\t\t<div class=\"elementor-element elementor-element-4c0839e elementor-widget elementor-widget-heading\" data-id=\"4c0839e\" data-element_type=\"widget\" data-widget_type=\"heading.default\">\n\t\t\t\t<div class=\"elementor-widget-container\">\n\t\t\t<h2 class=\"elementor-heading-title elementor-size-default\">\u00c0 la place de la farine de poisson ou de crevette conventionnelle, nous avons \u00e9labor\u00e9 un m\u00e9lange unique de crevettes sauvages fra\u00eeches de premi\u00e8re qualit\u00e9 provenant des eaux pures de la c\u00f4te de Yilan, \u00e0 Ta\u00efwan, ainsi que d'autres ingr\u00e9dients naturels 100 % comestibles par l'homme et soigneusement s\u00e9lectionn\u00e9s.  <\/h2>\t\t<\/div>\n\t\t\t\t<\/div>\n\t\t\t\t<div class=\"elementor-element elementor-element-9e107e0 elementor-widget elementor-widget-heading\" data-id=\"9e107e0\" data-element_type=\"widget\" data-widget_type=\"heading.default\">\n\t\t\t\t<div class=\"elementor-widget-container\">\n\t\t\t<h2 class=\"elementor-heading-title elementor-size-default\">Le r\u00e9sultat : Ultra Fresh peut satisfaire m\u00eame les mangeurs difficiles, tout en offrant une app\u00e9tence et une valeur nutritionnelle exceptionnelles.\nNous voulons offrir \u00e0 votre poisson de compagnie un choix plus sain et meilleur qui vient de la nature. <\/h2>\t\t<\/div>\n\t\t\t\t<\/div>\n\t\t\t\t<\/div>\n\t\t\t\t\t<\/div>\n\t\t\t\t<\/div>\n\t\t<div class=\"elementor-element elementor-element-305ecf2 e-flex e-con-boxed e-con e-parent\" data-id=\"305ecf2\" data-element_type=\"container\" data-settings=\"{&quot;background_background&quot;:&quot;gradient&quot;,&quot;_ha_eqh_enable&quot;:false}\">\n\t\t\t\t\t<div class=\"e-con-inner\">\n\t\t<div class=\"elementor-element elementor-element-e6b00ba e-con-full e-flex e-con e-child\" data-id=\"e6b00ba\" data-element_type=\"container\" data-settings=\"{&quot;_ha_eqh_enable&quot;:false}\">\n\t\t\t\t<div class=\"elementor-element elementor-element-2715f4d elementor-invisible elementor-widget elementor-widget-image\" data-id=\"2715f4d\" data-element_type=\"widget\" data-settings=\"{&quot;_animation&quot;:&quot;zoomIn&quot;}\" data-widget_type=\"image.default\">\n\t\t\t\t<div class=\"elementor-widget-container\">\n\t\t\t\t\t\t\t\t\t\t\t\t\t<img loading=\"lazy\" decoding=\"async\" width=\"973\" height=\"1075\" src=\"https:\/\/azooeurope.com\/wp-content\/uploads\/ultrafresh-yolan-shrimp.jpg\" class=\"attachment-large size-large wp-image-4230\" alt=\"\" srcset=\"https:\/\/azooeurope.com\/wp-content\/uploads\/ultrafresh-yolan-shrimp.jpg 973w, https:\/\/azooeurope.com\/wp-content\/uploads\/ultrafresh-yolan-shrimp-400x442.jpg 400w, https:\/\/azooeurope.com\/wp-content\/uploads\/ultrafresh-yolan-shrimp-768x849.jpg 768w, https:\/\/azooeurope.com\/wp-content\/uploads\/ultrafresh-yolan-shrimp-600x663.jpg 600w\" sizes=\"(max-width: 973px) 100vw, 973px\" \/>\t\t\t\t\t\t\t\t\t\t\t\t\t<\/div>\n\t\t\t\t<\/div>\n\t\t\t\t<\/div>\n\t\t<div class=\"elementor-element elementor-element-39af21d e-con-full e-flex e-con e-child\" data-id=\"39af21d\" data-element_type=\"container\" data-settings=\"{&quot;_ha_eqh_enable&quot;:false}\">\n\t\t<div class=\"elementor-element elementor-element-b06ad6d e-flex e-con-boxed e-con e-child\" data-id=\"b06ad6d\" data-element_type=\"container\" data-settings=\"{&quot;_ha_eqh_enable&quot;:false}\">\n\t\t\t\t\t<div class=\"e-con-inner\">\n\t\t\t\t<div class=\"elementor-element elementor-element-4cb4c65 elementor-widget elementor-widget-heading\" data-id=\"4cb4c65\" data-element_type=\"widget\" data-widget_type=\"heading.default\">\n\t\t\t\t<div class=\"elementor-widget-container\">\n\t\t\t<h2 class=\"elementor-heading-title elementor-size-default\">1. Crevettes \u00e9p\u00e9es fra\u00eeches de premi\u00e8re qualit\u00e9 provenant de Yilan, Ta\u00efwan, avec une app\u00e9tence naturelle pour stimuler l'app\u00e9tit de votre poisson.<\/h2>\t\t<\/div>\n\t\t\t\t<\/div>\n\t\t\t\t\t<\/div>\n\t\t\t\t<\/div>\n\t\t<div class=\"elementor-element elementor-element-12406c7 e-flex e-con-boxed e-con e-child\" data-id=\"12406c7\" data-element_type=\"container\" data-settings=\"{&quot;_ha_eqh_enable&quot;:false}\">\n\t\t\t\t\t<div class=\"e-con-inner\">\n\t\t\t\t<div class=\"elementor-element elementor-element-5f77271 elementor-invisible elementor-widget elementor-widget-heading\" data-id=\"5f77271\" data-element_type=\"widget\" data-settings=\"{&quot;_animation&quot;:&quot;fadeInRight&quot;}\" data-widget_type=\"heading.default\">\n\t\t\t\t<div class=\"elementor-widget-container\">\n\t\t\t<h3 class=\"elementor-heading-title elementor-size-default\">Nous n'utilisons que des crevettes \u00e9p\u00e9es sauvages de premi\u00e8re qualit\u00e9, dont la valeur nutritionnelle est deux fois sup\u00e9rieure \u00e0 celle des farines de poisson conventionnelles, ce qui en fait un aliment tr\u00e8s appr\u00e9ci\u00e9, m\u00eame par les personnes difficiles \u00e0 manger.<\/h3>\t\t<\/div>\n\t\t\t\t<\/div>\n\t\t\t\t<div class=\"elementor-element elementor-element-4b58200 elementor-widget elementor-widget-image\" data-id=\"4b58200\" data-element_type=\"widget\" data-widget_type=\"image.default\">\n\t\t\t\t<div class=\"elementor-widget-container\">\n\t\t\t\t\t\t\t\t\t\t\t\t\t<img loading=\"lazy\" decoding=\"async\" width=\"2236\" height=\"856\" src=\"https:\/\/azooeurope.com\/wp-content\/uploads\/fish-meal-vs-shrimp-meal.png\" class=\"attachment-large size-large wp-image-4233\" alt=\"\" srcset=\"https:\/\/azooeurope.com\/wp-content\/uploads\/fish-meal-vs-shrimp-meal.png 2236w, https:\/\/azooeurope.com\/wp-content\/uploads\/fish-meal-vs-shrimp-meal-400x153.png 400w, https:\/\/azooeurope.com\/wp-content\/uploads\/fish-meal-vs-shrimp-meal-768x294.png 768w, https:\/\/azooeurope.com\/wp-content\/uploads\/fish-meal-vs-shrimp-meal-1536x588.png 1536w, https:\/\/azooeurope.com\/wp-content\/uploads\/fish-meal-vs-shrimp-meal-2048x784.png 2048w, https:\/\/azooeurope.com\/wp-content\/uploads\/fish-meal-vs-shrimp-meal-600x230.png 600w\" sizes=\"(max-width: 2236px) 100vw, 2236px\" \/>\t\t\t\t\t\t\t\t\t\t\t\t\t<\/div>\n\t\t\t\t<\/div>\n\t\t\t\t\t<\/div>\n\t\t\t\t<\/div>\n\t\t\t\t<\/div>\n\t\t\t\t\t<\/div>\n\t\t\t\t<\/div>\n\t\t\t\t<\/div>\n\t\t","protected":false},"excerpt":{"rendered":"<p>Bonjour, je suis Tim Fang, fondateur d&#8217;Ultra Fresh. Tout a commenc\u00e9 il y a cinq ans. Nous nous sommes rendu compte que les amoureux des chiens et des chats choisissaient partout les meilleurs aliments \u00e0 base de viandes fra\u00eeches naturelles et non alt\u00e9r\u00e9es, de fruits et de l\u00e9gumes, en v\u00e9rifiant soigneusement les mati\u00e8res premi\u00e8res et [&hellip;]<\/p>\n","protected":false},"author":3,"featured_media":0,"parent":0,"menu_order":0,"comment_status":"closed","ping_status":"closed","template":"elementor_header_footer","meta":{"rank_math_lock_modified_date":false,"footnotes":""},"class_list":["post-4983","page","type-page","status-publish","hentry"],"_links":{"self":[{"href":"https:\/\/azooeurope.com\/fr\/wp-json\/wp\/v2\/pages\/4983","targetHints":{"allow":["GET"]}}],"collection":[{"href":"https:\/\/azooeurope.com\/fr\/wp-json\/wp\/v2\/pages"}],"about":[{"href":"https:\/\/azooeurope.com\/fr\/wp-json\/wp\/v2\/types\/page"}],"author":[{"embeddable":true,"href":"https:\/\/azooeurope.com\/fr\/wp-json\/wp\/v2\/users\/3"}],"replies":[{"embeddable":true,"href":"https:\/\/azooeurope.com\/fr\/wp-json\/wp\/v2\/comments?post=4983"}],"version-history":[{"count":3,"href":"https:\/\/azooeurope.com\/fr\/wp-json\/wp\/v2\/pages\/4983\/revisions"}],"predecessor-version":[{"id":5615,"href":"https:\/\/azooeurope.com\/fr\/wp-json\/wp\/v2\/pages\/4983\/revisions\/5615"}],"wp:attachment":[{"href":"https:\/\/azooeurope.com\/fr\/wp-json\/wp\/v2\/media?parent=4983"}],"curies":[{"name":"wp","href":"https:\/\/api.w.org\/{rel}","templated":true}]}}