{"id":4969,"date":"2024-03-15T14:10:29","date_gmt":"2024-03-15T13:10:29","guid":{"rendered":"https:\/\/infallible-hoover.188-95-114-6.plesk.page\/pourquoi-les-crevettes-roses\/"},"modified":"2024-09-24T13:25:46","modified_gmt":"2024-09-24T11:25:46","slug":"pourquoi-les-crevettes-roses","status":"publish","type":"page","link":"https:\/\/azooeurope.com\/fr\/pourquoi-les-crevettes-roses\/","title":{"rendered":"pourquoi les crevettes roses"},"content":{"rendered":"\t\t<div data-elementor-type=\"wp-page\" data-elementor-id=\"4969\" class=\"elementor elementor-4969 elementor-1506\" data-elementor-post-type=\"page\">\n\t\t\t\t<div class=\"elementor-element elementor-element-83021ab e-flex e-con-boxed e-con e-parent\" data-id=\"83021ab\" data-element_type=\"container\" data-settings=\"{&quot;background_background&quot;:&quot;classic&quot;,&quot;_ha_eqh_enable&quot;:false}\">\n\t\t\t\t\t<div class=\"e-con-inner\">\n\t\t\t\t<div class=\"elementor-element elementor-element-a561844 elementor-widget elementor-widget-image\" data-id=\"a561844\" data-element_type=\"widget\" data-widget_type=\"image.default\">\n\t\t\t\t<div class=\"elementor-widget-container\">\n\t\t\t\t\t\t\t\t\t\t\t\t\t<img fetchpriority=\"high\" decoding=\"async\" width=\"1500\" height=\"184\" src=\"https:\/\/azooeurope.com\/wp-content\/uploads\/why-sword-prawns.png\" class=\"attachment-large size-large wp-image-4299\" alt=\"\" srcset=\"https:\/\/azooeurope.com\/wp-content\/uploads\/why-sword-prawns.png 1500w, https:\/\/azooeurope.com\/wp-content\/uploads\/why-sword-prawns-400x49.png 400w, https:\/\/azooeurope.com\/wp-content\/uploads\/why-sword-prawns-768x94.png 768w, https:\/\/azooeurope.com\/wp-content\/uploads\/why-sword-prawns-600x74.png 600w\" sizes=\"(max-width: 1500px) 100vw, 1500px\" \/>\t\t\t\t\t\t\t\t\t\t\t\t\t<\/div>\n\t\t\t\t<\/div>\n\t\t\t\t<div class=\"elementor-element elementor-element-7ba398d elementor-widget elementor-widget-image\" data-id=\"7ba398d\" data-element_type=\"widget\" data-widget_type=\"image.default\">\n\t\t\t\t<div class=\"elementor-widget-container\">\n\t\t\t\t\t\t\t\t\t\t\t\t\t\t<a href=\"\/fr\/ultra-frais\/\">\n\t\t\t\t\t\t\t<img decoding=\"async\" width=\"500\" height=\"262\" src=\"https:\/\/azooeurope.com\/wp-content\/uploads\/ultra-fresh-logo_blanco.png\" class=\"elementor-animation-grow attachment-large size-large wp-image-4227\" alt=\"\" srcset=\"https:\/\/azooeurope.com\/wp-content\/uploads\/ultra-fresh-logo_blanco.png 500w, https:\/\/azooeurope.com\/wp-content\/uploads\/ultra-fresh-logo_blanco-400x210.png 400w\" sizes=\"(max-width: 500px) 100vw, 500px\" \/>\t\t\t\t\t\t\t\t<\/a>\n\t\t\t\t\t\t\t\t\t\t\t\t\t<\/div>\n\t\t\t\t<\/div>\n\t\t\t\t\t<\/div>\n\t\t\t\t<\/div>\n\t\t<div class=\"elementor-element elementor-element-6de675a e-flex e-con-boxed e-con e-parent\" data-id=\"6de675a\" data-element_type=\"container\" data-settings=\"{&quot;background_background&quot;:&quot;gradient&quot;,&quot;_ha_eqh_enable&quot;:false}\">\n\t\t\t\t\t<div class=\"e-con-inner\">\n\t\t<div class=\"elementor-element elementor-element-8b3e9d7 e-con-full e-flex e-con e-child\" data-id=\"8b3e9d7\" data-element_type=\"container\" data-settings=\"{&quot;_ha_eqh_enable&quot;:false}\">\n\t\t\t\t<div class=\"elementor-element elementor-element-3a245dc elementor-invisible elementor-widget elementor-widget-image\" data-id=\"3a245dc\" data-element_type=\"widget\" data-settings=\"{&quot;_animation&quot;:&quot;fadeInLeft&quot;}\" data-widget_type=\"image.default\">\n\t\t\t\t<div class=\"elementor-widget-container\">\n\t\t\t\t\t\t\t\t\t\t\t\t\t<img decoding=\"async\" width=\"731\" height=\"841\" src=\"https:\/\/azooeurope.com\/wp-content\/uploads\/6d77842c-90e2-438a-a327-cbf5b1119f00.jpg\" class=\"attachment-large size-large wp-image-4305\" alt=\"\" srcset=\"https:\/\/azooeurope.com\/wp-content\/uploads\/6d77842c-90e2-438a-a327-cbf5b1119f00.jpg 731w, https:\/\/azooeurope.com\/wp-content\/uploads\/6d77842c-90e2-438a-a327-cbf5b1119f00-400x460.jpg 400w, https:\/\/azooeurope.com\/wp-content\/uploads\/6d77842c-90e2-438a-a327-cbf5b1119f00-600x690.jpg 600w\" sizes=\"(max-width: 731px) 100vw, 731px\" \/>\t\t\t\t\t\t\t\t\t\t\t\t\t<\/div>\n\t\t\t\t<\/div>\n\t\t\t\t<\/div>\n\t\t<div class=\"elementor-element elementor-element-3c077d3 e-con-full e-flex e-con e-child\" data-id=\"3c077d3\" data-element_type=\"container\" data-settings=\"{&quot;_ha_eqh_enable&quot;:false}\">\n\t\t\t\t<div class=\"elementor-element elementor-element-fab5d30 elementor-widget elementor-widget-heading\" data-id=\"fab5d30\" data-element_type=\"widget\" data-widget_type=\"heading.default\">\n\t\t\t\t<div class=\"elementor-widget-container\">\n\t\t\t<h2 class=\"elementor-heading-title elementor-size-default\">Tout se r\u00e9sume \u00e0 une chose : donner \u00e0 votre animal de compagnie une alimentation naturelle<\/h2>\t\t<\/div>\n\t\t\t\t<\/div>\n\t\t\t\t<div class=\"elementor-element elementor-element-a97749c elementor-invisible elementor-widget elementor-widget-heading\" data-id=\"a97749c\" data-element_type=\"widget\" data-settings=\"{&quot;_animation&quot;:&quot;zoomIn&quot;}\" data-widget_type=\"heading.default\">\n\t\t\t\t<div class=\"elementor-widget-container\">\n\t\t\t<h2 class=\"elementor-heading-title elementor-size-default\">Nous pensons que les v\u00e9ritables aliments pour poissons doivent \u00eatre fabriqu\u00e9s \u00e0 partir de viande, de l\u00e9gumes et d'algues naturellement frais, en utilisant un traitement \u00e0 basse temp\u00e9rature pour conserver tous les ar\u00f4mes naturels et la riche valeur nutritionnelle, comme la nature l'a voulu.\nSans traitement excessif et sans adult\u00e9rants, additifs chimiques ou conservateurs, nos aliments offrent un go\u00fbt et une nutrition in\u00e9gal\u00e9s, similaires \u00e0 la nourriture que les poissons trouvent dans leur habitat naturel.\nNous voulons que vos poissons vivent la vie qu'ils m\u00e9ritent.  <\/h2>\t\t<\/div>\n\t\t\t\t<\/div>\n\t\t\t\t<\/div>\n\t\t\t\t\t<\/div>\n\t\t\t\t<\/div>\n\t\t<div class=\"elementor-element elementor-element-2a83ee5 e-flex e-con-boxed e-con e-parent\" data-id=\"2a83ee5\" data-element_type=\"container\" data-settings=\"{&quot;background_background&quot;:&quot;gradient&quot;,&quot;_ha_eqh_enable&quot;:false}\">\n\t\t\t\t\t<div class=\"e-con-inner\">\n\t\t<div class=\"elementor-element elementor-element-c50dbf3 e-con-full e-flex e-con e-child\" data-id=\"c50dbf3\" data-element_type=\"container\" data-settings=\"{&quot;_ha_eqh_enable&quot;:false}\">\n\t\t\t\t<div class=\"elementor-element elementor-element-2e72ff8 elementor-invisible elementor-widget elementor-widget-image\" data-id=\"2e72ff8\" data-element_type=\"widget\" data-settings=\"{&quot;_animation&quot;:&quot;zoomIn&quot;}\" data-widget_type=\"image.default\">\n\t\t\t\t<div class=\"elementor-widget-container\">\n\t\t\t\t\t\t\t\t\t\t\t\t\t<img loading=\"lazy\" decoding=\"async\" width=\"1537\" height=\"1920\" src=\"https:\/\/azooeurope.com\/wp-content\/uploads\/original-taste.jpg\" class=\"attachment-large size-large wp-image-4308\" alt=\"\" srcset=\"https:\/\/azooeurope.com\/wp-content\/uploads\/original-taste.jpg 1537w, https:\/\/azooeurope.com\/wp-content\/uploads\/original-taste-400x500.jpg 400w, https:\/\/azooeurope.com\/wp-content\/uploads\/original-taste-768x959.jpg 768w, https:\/\/azooeurope.com\/wp-content\/uploads\/original-taste-1230x1536.jpg 1230w, https:\/\/azooeurope.com\/wp-content\/uploads\/original-taste-600x750.jpg 600w\" sizes=\"(max-width: 1537px) 100vw, 1537px\" \/>\t\t\t\t\t\t\t\t\t\t\t\t\t<\/div>\n\t\t\t\t<\/div>\n\t\t\t\t<\/div>\n\t\t<div class=\"elementor-element elementor-element-222a079 e-con-full e-flex e-con e-child\" data-id=\"222a079\" data-element_type=\"container\" data-settings=\"{&quot;_ha_eqh_enable&quot;:false}\">\n\t\t\t\t<div class=\"elementor-element elementor-element-184e182 elementor-widget elementor-widget-heading\" data-id=\"184e182\" data-element_type=\"widget\" data-widget_type=\"heading.default\">\n\t\t\t\t<div class=\"elementor-widget-container\">\n\t\t\t<h2 class=\"elementor-heading-title elementor-size-default\">Fid\u00e8le au go\u00fbt original  <\/h2>\t\t<\/div>\n\t\t\t\t<\/div>\n\t\t\t\t<div class=\"elementor-element elementor-element-6ba976a elementor-invisible elementor-widget elementor-widget-heading\" data-id=\"6ba976a\" data-element_type=\"widget\" data-settings=\"{&quot;_animation&quot;:&quot;fadeInRight&quot;}\" data-widget_type=\"heading.default\">\n\t\t\t\t<div class=\"elementor-widget-container\">\n\t\t\t<h2 class=\"elementor-heading-title elementor-size-default\">Alors que nous nous creusions les m\u00e9ninges pour trouver des aliments naturels authentiques pour nos poissons bien-aim\u00e9s, nous nous sommes rapidement heurt\u00e9s \u00e0 notre premier grand d\u00e9fi : comment faire en sorte que les poissons tropicaux sauvages, qui sont des mangeurs difficiles, aient envie de manger nos aliments sans attractants ni ar\u00f4mes artificiels, tout en leur apportant une gamme compl\u00e8te de nutriments ?\nNous ne voulions pas que nos poissons soient attir\u00e9s uniquement par l'odeur, mais nous voulions leur donner des aliments naturels vraiment d\u00e9licieux et sains. <\/h2>\t\t<\/div>\n\t\t\t\t<\/div>\n\t\t\t\t<\/div>\n\t\t\t\t\t<\/div>\n\t\t\t\t<\/div>\n\t\t<div class=\"elementor-element elementor-element-61e6ee0 e-flex e-con-boxed e-con e-parent\" data-id=\"61e6ee0\" data-element_type=\"container\" data-settings=\"{&quot;background_background&quot;:&quot;gradient&quot;,&quot;_ha_eqh_enable&quot;:false}\">\n\t\t\t\t\t<div class=\"e-con-inner\">\n\t\t<div class=\"elementor-element elementor-element-7103156 e-con-full e-flex e-con e-child\" data-id=\"7103156\" data-element_type=\"container\" data-settings=\"{&quot;_ha_eqh_enable&quot;:false}\">\n\t\t\t\t<div class=\"elementor-element elementor-element-ad1773a elementor-widget elementor-widget-heading\" data-id=\"ad1773a\" data-element_type=\"widget\" data-widget_type=\"heading.default\">\n\t\t\t\t<div class=\"elementor-widget-container\">\n\t\t\t<h2 class=\"elementor-heading-title elementor-size-default\">C'est dans cette optique que notre \u00e9quipe a d\u00e9cid\u00e9 de tirer parti de l'avantage g\u00e9ographique de Ta\u00efwan, une \u00eele entour\u00e9e de mer, et a commenc\u00e9 \u00e0 exp\u00e9rimenter diverses recettes \u00e0 base de fruits de mer frais p\u00each\u00e9s sur les c\u00f4tes ta\u00efwanaises et d'ingr\u00e9dients naturels locaux trouv\u00e9s sur la terre ferme.\nApr\u00e8s cinq ann\u00e9es d'essais et d'erreurs, nous avons finalement trouv\u00e9 l'ingr\u00e9dient principal parfait pour notre gamme de produits Ultra Fresh : des crevettes \u00e9p\u00e9es sauvages fra\u00eeches p\u00each\u00e9es sur la c\u00f4te de Yilan.   <\/h2>\t\t<\/div>\n\t\t\t\t<\/div>\n\t\t\t\t<div class=\"elementor-element elementor-element-0703542 elementor-widget elementor-widget-heading\" data-id=\"0703542\" data-element_type=\"widget\" data-widget_type=\"heading.default\">\n\t\t\t\t<div class=\"elementor-widget-container\">\n\t\t\t<h2 class=\"elementor-heading-title elementor-size-default\">Nous avons consult\u00e9 plusieurs p\u00eacheurs chevronn\u00e9s pour savoir comment ils s'y prenaient pour attraper des poissons difficiles qui ne mordent pas facilement \u00e0 l'hame\u00e7on.\nLeur r\u00e9ponse : utilisez des crevettes \u00e9p\u00e9es sauvages fra\u00eeches comme app\u00e2t et m\u00eame les plus difficiles seront attir\u00e9s par l'hame\u00e7on.\nPourquoi ?\navons-nous demand\u00e9.\nNous avons donc commenc\u00e9 \u00e0 creuser et nous avons d\u00e9couvert...    <\/h2>\t\t<\/div>\n\t\t\t\t<\/div>\n\t\t\t\t<div class=\"elementor-element elementor-element-5dbe50e elementor-widget elementor-widget-heading\" data-id=\"5dbe50e\" data-element_type=\"widget\" data-widget_type=\"heading.default\">\n\t\t\t\t<div class=\"elementor-widget-container\">\n\t\t\t<h2 class=\"elementor-heading-title elementor-size-default\">Les crevettes \u00e9p\u00e9es sauvages fra\u00eeches ont un go\u00fbt unique qui surpasse celui de toutes les autres crevettes, ce qui en fait le choix num\u00e9ro un des grands restaurants d'Asie.\nLe restaurant Din Tai Fung, une \u00e9toile Michelin, en est un excellent exemple : les crevettes \u00e9p\u00e9es sont le choix pr\u00e9f\u00e9r\u00e9 pour la pr\u00e9paration de certains de leurs fameux Xiaolongbao et boulettes \u00e0 la vapeur, connus dans le monde entier.\nCe d\u00e9lice a apparemment un charme irr\u00e9sistible pour les mangeurs difficiles.  <\/h2>\t\t<\/div>\n\t\t\t\t<\/div>\n\t\t\t\t<\/div>\n\t\t\t\t\t<\/div>\n\t\t\t\t<\/div>\n\t\t<div class=\"elementor-element elementor-element-37440f0 e-flex e-con-boxed e-con e-parent\" data-id=\"37440f0\" data-element_type=\"container\" data-settings=\"{&quot;background_background&quot;:&quot;gradient&quot;,&quot;_ha_eqh_enable&quot;:false}\">\n\t\t\t\t\t<div class=\"e-con-inner\">\n\t\t<div class=\"elementor-element elementor-element-4302533 e-con-full e-flex e-con e-child\" data-id=\"4302533\" data-element_type=\"container\" data-settings=\"{&quot;_ha_eqh_enable&quot;:false}\">\n\t\t\t\t<div class=\"elementor-element elementor-element-d814d95 elementor-invisible elementor-widget elementor-widget-image\" data-id=\"d814d95\" data-element_type=\"widget\" data-settings=\"{&quot;_animation&quot;:&quot;fadeInLeft&quot;}\" data-widget_type=\"image.default\">\n\t\t\t\t<div class=\"elementor-widget-container\">\n\t\t\t\t\t\t\t\t\t\t\t\t\t<img loading=\"lazy\" decoding=\"async\" width=\"677\" height=\"765\" src=\"https:\/\/azooeurope.com\/wp-content\/uploads\/ultra-fresh-bodegon.jpg\" class=\"attachment-large size-large wp-image-4311\" alt=\"\" srcset=\"https:\/\/azooeurope.com\/wp-content\/uploads\/ultra-fresh-bodegon.jpg 677w, https:\/\/azooeurope.com\/wp-content\/uploads\/ultra-fresh-bodegon-400x452.jpg 400w, https:\/\/azooeurope.com\/wp-content\/uploads\/ultra-fresh-bodegon-600x678.jpg 600w\" sizes=\"(max-width: 677px) 100vw, 677px\" \/>\t\t\t\t\t\t\t\t\t\t\t\t\t<\/div>\n\t\t\t\t<\/div>\n\t\t\t\t<\/div>\n\t\t<div class=\"elementor-element elementor-element-b107f85 e-con-full e-flex e-con e-child\" data-id=\"b107f85\" data-element_type=\"container\" data-settings=\"{&quot;_ha_eqh_enable&quot;:false}\">\n\t\t\t\t<div class=\"elementor-element elementor-element-7b9b002 elementor-widget elementor-widget-heading\" data-id=\"7b9b002\" data-element_type=\"widget\" data-widget_type=\"heading.default\">\n\t\t\t\t<div class=\"elementor-widget-container\">\n\t\t\t<h2 class=\"elementor-heading-title elementor-size-default\">Riche en nutriments, comme la nature l'a voulu<\/h2>\t\t<\/div>\n\t\t\t\t<\/div>\n\t\t\t\t<div class=\"elementor-element elementor-element-6c901f4 elementor-invisible elementor-widget elementor-widget-heading\" data-id=\"6c901f4\" data-element_type=\"widget\" data-settings=\"{&quot;_animation&quot;:&quot;zoomIn&quot;}\" data-widget_type=\"heading.default\">\n\t\t\t\t<div class=\"elementor-widget-container\">\n\t\t\t<h2 class=\"elementor-heading-title elementor-size-default\">Les crevettes \u00e9p\u00e9es sauvages fra\u00eeches offrent une app\u00e9tence exceptionnelle pour les poissons difficiles, tout en pr\u00e9sentant une valeur nutritionnelle \u00e9lev\u00e9e :  <\/h2>\t\t<\/div>\n\t\t\t\t<\/div>\n\t\t\t\t<\/div>\n\t\t\t\t\t<\/div>\n\t\t\t\t<\/div>\n\t\t<div class=\"elementor-element elementor-element-533fdd6 e-flex e-con-boxed e-con e-parent\" data-id=\"533fdd6\" data-element_type=\"container\" data-settings=\"{&quot;background_background&quot;:&quot;gradient&quot;,&quot;_ha_eqh_enable&quot;:false}\">\n\t\t\t\t\t<div class=\"e-con-inner\">\n\t\t<div class=\"elementor-element elementor-element-e6e042e e-con-full e-flex e-con e-child\" data-id=\"e6e042e\" data-element_type=\"container\" data-settings=\"{&quot;_ha_eqh_enable&quot;:false}\">\n\t\t\t\t<div class=\"elementor-element elementor-element-bc2cf21 elementor-widget elementor-widget-heading\" data-id=\"bc2cf21\" data-element_type=\"widget\" data-widget_type=\"heading.default\">\n\t\t\t\t<div class=\"elementor-widget-container\">\n\t\t\t<h2 class=\"elementor-heading-title elementor-size-default\">- Prot\u00e9ines de haute qualit\u00e9 \u00e0 digestion rapide : 90% d'efficacit\u00e9 d'utilisation des prot\u00e9ines par le poisson, sans commune mesure avec les aliments trop transform\u00e9s.<\/h2>\t\t<\/div>\n\t\t\t\t<\/div>\n\t\t\t\t<div class=\"elementor-element elementor-element-caf9c32 elementor-widget elementor-widget-heading\" data-id=\"caf9c32\" data-element_type=\"widget\" data-widget_type=\"heading.default\">\n\t\t\t\t<div class=\"elementor-widget-container\">\n\t\t\t<h2 class=\"elementor-heading-title elementor-size-default\">- Faible teneur en mati\u00e8res grasses : pas d'accumulation d'exc\u00e8s de graisse pour maintenir le poids de forme des poissons.<\/h2>\t\t<\/div>\n\t\t\t\t<\/div>\n\t\t\t\t<div class=\"elementor-element elementor-element-ef70413 elementor-widget elementor-widget-heading\" data-id=\"ef70413\" data-element_type=\"widget\" data-widget_type=\"heading.default\">\n\t\t\t\t<div class=\"elementor-widget-container\">\n\t\t\t<h2 class=\"elementor-heading-title elementor-size-default\">- Taurine : stimule la croissance et la connectivit\u00e9 des neurones ; aide \u00e0 r\u00e9guler l'\u00e9quilibre \u00e9lectrolytique pour am\u00e9liorer les fonctions physiques, renforcer l'immunit\u00e9, tout en r\u00e9duisant la charge sur le foie.<\/h2>\t\t<\/div>\n\t\t\t\t<\/div>\n\t\t\t\t<div class=\"elementor-element elementor-element-df9204f elementor-widget elementor-widget-heading\" data-id=\"df9204f\" data-element_type=\"widget\" data-widget_type=\"heading.default\">\n\t\t\t\t<div class=\"elementor-widget-container\">\n\t\t\t<h2 class=\"elementor-heading-title elementor-size-default\">- Riche en calcium : aide les poissons et les tortues aquatiques \u00e0 d\u00e9velopper leurs os et \u00e0 am\u00e9liorer la performance de leurs nageoires.<\/h2>\t\t<\/div>\n\t\t\t\t<\/div>\n\t\t\t\t<div class=\"elementor-element elementor-element-32cd621 elementor-widget elementor-widget-heading\" data-id=\"32cd621\" data-element_type=\"widget\" data-widget_type=\"heading.default\">\n\t\t\t\t<div class=\"elementor-widget-container\">\n\t\t\t<h2 class=\"elementor-heading-title elementor-size-default\">- Riche en nutriments : contient du fer, des vitamines (A, B3 et B12), de l'astaxanthine et de la chitine.<\/h2>\t\t<\/div>\n\t\t\t\t<\/div>\n\t\t\t\t<div class=\"elementor-element elementor-element-f565351 elementor-widget elementor-widget-heading\" data-id=\"f565351\" data-element_type=\"widget\" data-widget_type=\"heading.default\">\n\t\t\t\t<div class=\"elementor-widget-container\">\n\t\t\t<h2 class=\"elementor-heading-title elementor-size-default\">D\u00e9sormais, chaque contenant d'Ultra Fresh contient 90 % et plus de prot\u00e9ines de viande de qualit\u00e9 provenant de crevettes \u00e9p\u00e9es sauvages fra\u00eeches.<\/h2>\t\t<\/div>\n\t\t\t\t<\/div>\n\t\t\t\t<div class=\"elementor-element elementor-element-8fb8afe elementor-widget elementor-widget-heading\" data-id=\"8fb8afe\" data-element_type=\"widget\" data-widget_type=\"heading.default\">\n\t\t\t\t<div class=\"elementor-widget-container\">\n\t\t\t<h2 class=\"elementor-heading-title elementor-size-default\">Vos poissons m\u00e9ritent ce qu'il y a de mieux.\nEn mettant la nature dans chaque contenant, Ultra Fresh utilise des crevettes sauvages fra\u00eeches comme ingr\u00e9dient principal.\nEn tenant compte du r\u00e9gime et des habitudes alimentaires des diff\u00e9rentes esp\u00e8ces, nous avons produit une s\u00e9rie de formules diff\u00e9rentes contenant des m\u00e9langes vari\u00e9s de l\u00e9gumes frais et d'algues naturelles afin d'offrir \u00e0 chaque poisson la meilleure nourriture possible pour une vie plus saine.  <\/h2>\t\t<\/div>\n\t\t\t\t<\/div>\n\t\t\t\t<div class=\"elementor-element elementor-element-94a9d38 elementor-invisible elementor-widget elementor-widget-heading\" data-id=\"94a9d38\" data-element_type=\"widget\" data-settings=\"{&quot;_animation&quot;:&quot;zoomIn&quot;}\" data-widget_type=\"heading.default\">\n\t\t\t\t<div class=\"elementor-widget-container\">\n\t\t\t<h2 class=\"elementor-heading-title elementor-size-default\">Ultra Fresh : laissez-nous \u00eatre votre choix pr\u00e9f\u00e9r\u00e9 en mati\u00e8re de nourriture pour poissons.<\/h2>\t\t<\/div>\n\t\t\t\t<\/div>\n\t\t\t\t<div class=\"elementor-element elementor-element-dc4cf20 elementor-widget elementor-widget-image\" data-id=\"dc4cf20\" data-element_type=\"widget\" data-widget_type=\"image.default\">\n\t\t\t\t<div class=\"elementor-widget-container\">\n\t\t\t\t\t\t\t\t\t\t\t\t\t\t<a href=\"\/fr\/ultra-frais\/\">\n\t\t\t\t\t\t\t<img decoding=\"async\" width=\"500\" height=\"262\" src=\"https:\/\/azooeurope.com\/wp-content\/uploads\/ultra-fresh-logo_blanco.png\" class=\"elementor-animation-grow attachment-large size-large wp-image-4227\" alt=\"\" srcset=\"https:\/\/azooeurope.com\/wp-content\/uploads\/ultra-fresh-logo_blanco.png 500w, https:\/\/azooeurope.com\/wp-content\/uploads\/ultra-fresh-logo_blanco-400x210.png 400w\" sizes=\"(max-width: 500px) 100vw, 500px\" \/>\t\t\t\t\t\t\t\t<\/a>\n\t\t\t\t\t\t\t\t\t\t\t\t\t<\/div>\n\t\t\t\t<\/div>\n\t\t\t\t<\/div>\n\t\t\t\t\t<\/div>\n\t\t\t\t<\/div>\n\t\t\t\t<\/div>\n\t\t","protected":false},"excerpt":{"rendered":"<p>Tout se r\u00e9sume \u00e0 une chose : donner \u00e0 votre animal de compagnie une alimentation naturelle Nous pensons que les v\u00e9ritables aliments pour poissons doivent \u00eatre fabriqu\u00e9s \u00e0 partir de viande, de l\u00e9gumes et d&#8217;algues naturellement frais, en utilisant un traitement \u00e0 basse temp\u00e9rature pour conserver tous les ar\u00f4mes naturels et la riche valeur nutritionnelle, [&hellip;]<\/p>\n","protected":false},"author":3,"featured_media":0,"parent":0,"menu_order":0,"comment_status":"closed","ping_status":"closed","template":"elementor_header_footer","meta":{"rank_math_lock_modified_date":false,"footnotes":""},"class_list":["post-4969","page","type-page","status-publish","hentry"],"_links":{"self":[{"href":"https:\/\/azooeurope.com\/fr\/wp-json\/wp\/v2\/pages\/4969","targetHints":{"allow":["GET"]}}],"collection":[{"href":"https:\/\/azooeurope.com\/fr\/wp-json\/wp\/v2\/pages"}],"about":[{"href":"https:\/\/azooeurope.com\/fr\/wp-json\/wp\/v2\/types\/page"}],"author":[{"embeddable":true,"href":"https:\/\/azooeurope.com\/fr\/wp-json\/wp\/v2\/users\/3"}],"replies":[{"embeddable":true,"href":"https:\/\/azooeurope.com\/fr\/wp-json\/wp\/v2\/comments?post=4969"}],"version-history":[{"count":3,"href":"https:\/\/azooeurope.com\/fr\/wp-json\/wp\/v2\/pages\/4969\/revisions"}],"predecessor-version":[{"id":5606,"href":"https:\/\/azooeurope.com\/fr\/wp-json\/wp\/v2\/pages\/4969\/revisions\/5606"}],"wp:attachment":[{"href":"https:\/\/azooeurope.com\/fr\/wp-json\/wp\/v2\/media?parent=4969"}],"curies":[{"name":"wp","href":"https:\/\/api.w.org\/{rel}","templated":true}]}}