{"id":5459,"date":"2024-03-09T21:55:38","date_gmt":"2024-03-09T20:55:38","guid":{"rendered":"https:\/\/infallible-hoover.188-95-114-6.plesk.page\/producto\/goldfish-ultra-color\/"},"modified":"2024-10-16T09:02:21","modified_gmt":"2024-10-16T07:02:21","slug":"goldfish-ultra-color","status":"publish","type":"product","link":"https:\/\/azooeurope.com\/es\/producto\/goldfish-ultra-color\/","title":{"rendered":"GOLDFISH ultra color"},"content":{"rendered":"<h1><span style=\"color: #0e509a;\">GOLDFISH <\/span><\/h1>\n<h1><span style=\"color: #0e509a;\">ultra color<\/span><\/h1>\n<h2><span style=\"color: #0e509a;\">Utra Fresh GOLDFISH ultra color est\u00e1 especialmente dise\u00f1ado para resaltar los colores m\u00e1s vibrantes y maximizar el desarrollo saludable de los peces dorados de competici\u00f3n, como el ranchu y el tosakin<\/span><\/h2>\n<ul>\n<li>\n<h3><span style=\"color: #228bca;\">100% Prote\u00edna totalmente natural de carne fresca, verduras y algas marinas<\/span><\/h3>\n<\/li>\n<li>\n<h3><span style=\"color: #228bca;\">35% Gambas espada salvajes + gambas de pasta de Akiami<\/span><\/h3>\n<\/li>\n<li>\n<h3><span style=\"color: #228bca;\">22% Espirulina natural + algas marinas<\/span><\/h3>\n<\/li>\n<li>\n<h3><span style=\"color: #228bca;\">0% Aditivos, colorantes artificiales o subproductos<\/span><\/h3>\n<\/li>\n<li>\n<h3><span style=\"color: #228bca;\">Proporci\u00f3n carne\/vegetales a 6:4<\/span><\/h3>\n<\/li>\n<li>\n<h3><span style=\"color: #228bca;\">Tipo de hundimiento lento<\/span><\/h3>\n<\/li>\n<li>\n<h3><span style=\"color: #228bca;\">Tama\u00f1o: 1,6 x 2 mm<\/span><\/h3>\n<\/li>\n<\/ul>\n<figure id=\"attachment_3884\" aria-describedby=\"caption-attachment-3884\" style=\"width: 400px\" class=\"wp-caption alignnone\"><img fetchpriority=\"high\" decoding=\"async\" class=\"size-medium wp-image-1093\" src=\"\/wp-content\/uploads\/ultra_fresh_goldfish_ultra_color_11-400x214-1.png\" alt=\"Utra Fresh GOLDFISH ultra color\" width=\"400\" height=\"214\" \/><figcaption id=\"caption-attachment-3884\" class=\"wp-caption-text\">Utra Fresh GOLDFISH ultra color<\/figcaption><\/figure>\n<p>&nbsp;<\/p>\n<h3><span style=\"color: #228bca;\"><strong>CARACTER\u00cdSTICAS:<\/strong><\/span><\/h3>\n<p>Esta f\u00f3rmula contiene ingredientes naturales que potencian el color -espirulina australiana, algas marinas naturales y gambas espada de primera calidad- para que tus peces expresen sus colores naturales <strong>definitivos<\/strong>, present\u00e1ndolos en sus mejores y m\u00e1s vivos colores, sin matices moteados.<br \/>\n<strong>100%<\/strong> carne<strong>y<\/strong> verduras<strong>frescas + algas naturales = desarrollo perfecto de los peces de colores<\/strong> Formulado con un alto contenido de gambas espada salvajes y gambas de pasta Akiami salvajes (hasta un 35%), calamar fresco, espirulina natural, hojas de boniato reci\u00e9n recolectadas, hojas de morera, ajo fresco, adem\u00e1s de una mezcla de ingredientes naturales cuidadosamente seleccionados, Esta formulaci\u00f3n cuenta con prote\u00ednas procedentes de carne, verduras y algas 100% reales, por lo que tambi\u00e9n es rica en fibra vegetal.<br \/>\nNo s\u00f3lo ofrece una palatabilidad excelente, sino que tiene los mejores valores nutricionales para el perfecto desarrollo de los peces de colores de gama alta.<\/p>\n<p>La <strong>ingesta r\u00e1pida mantiene el agua limpia<\/strong> 10 horas de procesamiento a baja temperatura y mejorada con probi\u00f3ticos intestinales, esta formulaci\u00f3n conserva los sabores naturales y los ricos valores nutricionales de los ingredientes frescos.<br \/>\nEst\u00e1 dise\u00f1ado para ablandarse r\u00e1pidamente una vez en el agua, pero no se desintegra ni enturbia el agua.<br \/>\nSu f\u00e1cil ingesti\u00f3n por los peces facilita la digesti\u00f3n y la absorci\u00f3n completa de nutrientes, reduciendo as\u00ed la excreci\u00f3n de residuos.<br \/>\n<strong>Polisac\u00e1ridos<\/strong> de Ganoderma<strong>, ajo y vitamina del grupo B a\u00f1adidos para potenciar la inmunidad<\/strong> F\u00f3rmula de primera calidad para potenciar la inmunidad: rica en valiosos nutrientes como polisac\u00e1ridos de Ganoderma, ajo, espirulina australiana, vitamina A, D3, C, E, B1, B2, B6 y B12), \u03b2-caroteno, minerales naturales y oligoelementos para fortalecer el sistema inmunitario de tus peces, potenciar el metabolismo, aumentar la energ\u00eda y reducir las enfermedades.<\/p>\n<p><iframe title=\"ultra fresh goldfish ultra color  videomp4\" width=\"800\" height=\"450\" src=\"https:\/\/www.youtube.com\/embed\/j9KeLSkTqjs?feature=oembed\" frameborder=\"0\" allow=\"accelerometer; autoplay; clipboard-write; encrypted-media; gyroscope; picture-in-picture; web-share\" referrerpolicy=\"strict-origin-when-cross-origin\" allowfullscreen><\/iframe><\/p>\n<h3><span style=\"color: #228bca;\"><strong>PRESENTACIONES:<\/strong><\/span><\/h3>\n<p><strong>UF86053<\/strong> \/ GOLDFISH ultra color 120ml \/ 53g<br \/>\n<strong>UF86054<\/strong> \/ GOLDFISH ultra color 330ml \/ 130g<br \/>\n<strong>UF86055E<\/strong> \/ GOLDFISH ultra color 1.150ml \/ 460g<br \/>\n<span style=\"color: #000000;\">Utra Fresh GOLDFISH ultra color <\/span>pertenece a la<br \/>\nl\u00ednea de productos<a title=\"Ultra Fresco\" href=\"https:\/\/ultra-fresh.tw\/\" target=\"_blank\" rel=\"noopener\">Ultra Fresh<\/a> de la marca<br \/>\nmarca<a href=\"https:\/\/www.azoo-aqua.com\/\" target=\"_blank\" rel=\"noopener\">AZOO<\/a> y distribuidos por <a href=\"https:\/\/azpez.virtualcodeveloper.com\/azpez\/\" target=\"_blank\" rel=\"noopener\">AZOO EUROPA<\/a><\/p>\n<h3><span style=\"color: #228bca;\">AN\u00c1LISIS <strong>GARANTIZADO <\/strong>:<\/span><\/h3>\n<p>Vitamina A: 18.900 UI\/kg Vitamina B<br \/>\n<sub>1<\/sub>: 3,3 mg\/kg Vitamina B<br \/>\n<sub>2<\/sub>: 9,6 mg\/kg Vitamina B<br \/>\n<sub>6<\/sub>: 6 mg\/kg Vitamina B<br \/>\n<sub>12<\/sub>: 0,03 mg\/kg Vitamina D<br \/>\n<sub>3<\/sub>: 3.390 UI\/kg Vitamina C: 500 mg\/kg Vitamina E: 48 mg\/kg Prote\u00edna bruta (m\u00edn.) 43% Grasa bruta (m\u00edn.): 8% Fibra bruta (m\u00e1x): 7% Humedad (m\u00edn): 3% F\u00f3sforo (m\u00edn): 1%<\/p>\n<h3><span style=\"color: #228bca;\">COMPOSICI\u00d3N:<\/span><\/h3>\n<p>Hojas de boniato, hojas de morera, pescado fresco, algas noruegas, germen de trigo, ma\u00edz, soja, levadura, sustancias minerales, vitaminas (A, D<br \/>\n<sub>3<\/sub>, C, E,<sub>B1<\/sub>,<sub>B2<\/sub>, <sub>B6<\/sub> y <sub>B12<\/sub>), \u03b2-caroteno, \u00e1cido f\u00f3lico, \u00e1cido nicot\u00ednico, \u00e1cido pantot\u00e9nico y amino\u00e1cidos esenciales (metionina y lisina).<\/p>\n<h3><span style=\"color: #228bca;\">INSTRUCCIONES DE USO:<\/span><\/h3>\n<p><span style=\"color: #000000;\">Utra Fresh GOLDFISH ultra color<\/span> puede suministrarse 2 \u00f3 3 veces al d\u00eda, pero s\u00f3lo la cantidad que los peces puedan consumir en 30 minutos.<br \/>\nAunque la f\u00f3rmula AZOO PLUS Ultra-Fresh reduce la contaminaci\u00f3n del acuario, recomendamos retirar con una red los restos de comida que no se hayan comido para preservar la calidad del agua.<br \/>\nEste envase tiene una banda de garant\u00eda.<br \/>\nUna vez abierto, no es necesario refrigerarlo, pero debe permanecer herm\u00e9ticamente cerrado en un lugar fresco y seco para conservar sus propiedades nutritivas.<br \/>\nEvita colocar el recipiente en zonas h\u00famedas o calientes, como encima de la l\u00e1mpara o de la tapa del acuario. <strong>Para garantizar tanto la calidad como la seguridad sanitaria de tu pescado, es muy recomendable no tocar nunca la comida con las manos. <\/strong><\/p>\n<p><strong>Por eso, los recipientes para pellets Ultra Fresh de 60 ml, 120 ml y 330 ml incluyen un tap\u00f3n dosificador adaptable a las necesidades espec\u00edficas de tus peces. <\/strong><\/p>\n<p><strong>Estas tapas contienen 12 orificios premarcados (7 de 3 mm, 4 de 4 m y uno de 15 x 7 mm).<br \/>\nElige la opci\u00f3n m\u00e1s conveniente para tu acuario, seg\u00fan el tama\u00f1o de la comida y la cantidad de cada toma. <\/strong><\/p>\n<p><strong>Los envases que contienen palitos son de 1.150 ml e incluyen en su interior una cuchara del tama\u00f1o adecuado (2 ml y 1,5 ml de capacidad para dosificar tus alimentos con precisi\u00f3n y seguridad.<\/strong><\/p>\n<figure id=\"attachment_3887\" aria-describedby=\"caption-attachment-3887\" style=\"width: 400px\" class=\"wp-caption alignnone\"><img decoding=\"async\" class=\"size-medium wp-image-1094\" src=\"https:\/\/azooeurope.com\/wp-content\/uploads\/\/ultra_fresh_goldfish_ultra_color_12-400x400.jpg\" alt=\"Utra Fresh GOLDFISH ultra color\" width=\"400\" height=\"400\" srcset=\"https:\/\/azooeurope.com\/wp-content\/uploads\/ultra_fresh_goldfish_ultra_color_12-400x400.jpg 400w, https:\/\/azooeurope.com\/wp-content\/uploads\/ultra_fresh_goldfish_ultra_color_12-768x768.jpg 768w, https:\/\/azooeurope.com\/wp-content\/uploads\/ultra_fresh_goldfish_ultra_color_12-300x300.jpg 300w, https:\/\/azooeurope.com\/wp-content\/uploads\/ultra_fresh_goldfish_ultra_color_12-600x600.jpg 600w, https:\/\/azooeurope.com\/wp-content\/uploads\/ultra_fresh_goldfish_ultra_color_12-100x100.jpg 100w, https:\/\/azooeurope.com\/wp-content\/uploads\/ultra_fresh_goldfish_ultra_color_12.jpg 1250w\" sizes=\"(max-width: 400px) 100vw, 400px\" \/><figcaption id=\"caption-attachment-3887\" class=\"wp-caption-text\">Utra Fresh GOLDFISH ultra colorEXPIRACI\u00d3N<\/figcaption><\/figure>\n<p><strong>:<\/strong> Comprueba la fecha de caducidad situada en la parte inferior de la etiqueta del envase.<br \/>\nSi se supera esta fecha, las propiedades nutritivas disminuyen significativamente, por lo que recomendamos sustituir el alimento. <strong>NO APTO PARA EL CONSUMO HUMANO. S\u00d3LO PARA PECES ORNAMENTALES.<\/strong><\/p>\n<p><strong>ADVERTENCIA:<\/strong> Las im\u00e1genes que proporcionamos de estos alimentos equilibrados son meramente informativas y deben tomarse \u00fanicamente como referencia, ya que el fabricante se reserva el derecho a modificar las etiquetas o el formato de sus productos sin previo aviso.<\/p>\n<h3><span style=\"color: #228bca;\">FABRICACI\u00d3N:<\/span><\/h3>\n<p>Fabricado en Taiw\u00e1n por Taikon Corp. (AZOO)<\/p>\n","protected":false},"excerpt":{"rendered":"<p>GOLDFISH ultra color Utra Fresh GOLDFISH ultra color est\u00e1 especialmente dise\u00f1ado para resaltar los colores m\u00e1s vibrantes y maximizar el desarrollo saludable de los peces dorados de competici\u00f3n, como el ranchu y el tosakin 100% Prote\u00edna totalmente natural de carne fresca, verduras y algas marinas 35% Gambas espada salvajes + gambas de pasta de Akiami [&hellip;]<\/p>\n","protected":false},"featured_media":3857,"comment_status":"open","ping_status":"closed","template":"","meta":{"rank_math_lock_modified_date":false},"product_cat":[459,1362,987],"product_tag":[1020,1004,1015,998,1011,1001,1050,997,1051,1018,1394,1242,1058,1071,1055,1363,1022,994,1365,1390,1111,1367,1391,1392,1393,1026,1042,860,1037,1034,1030,1031,1044],"class_list":{"0":"post-5459","1":"product","2":"type-product","3":"status-publish","4":"has-post-thumbnail","6":"product_cat-azoo-europa","7":"product_cat-pez-agua-fria","8":"product_cat-ultra-fresh","9":"product_tag-ajo","10":"product_tag-algas-marinas","11":"product_tag-algas-noruegas","12":"product_tag-calamar","13":"product_tag-espirulina-australiana","14":"product_tag-espirulina-natural","15":"product_tag-gambas-espada-es","16":"product_tag-gambas-espada-salvajes","17":"product_tag-gambas-jingou","18":"product_tag-ganoderma-es","19":"product_tag-goldfish-ultra-color-es","20":"product_tag-grado-de-competicion","21":"product_tag-minerales-y-vitaminas","22":"product_tag-peces-tropicales","23":"product_tag-pescado-fresco","24":"product_tag-pez-dorado","25":"product_tag-polisacaridos-de-ganoderma","26":"product_tag-proteina-100-natural","27":"product_tag-ranchu-es","28":"product_tag-royal-cichlid-premium-pellet-es","29":"product_tag-tipo-de-hundimiento-lento","30":"product_tag-tosakin-es","31":"product_tag-uf86053-es","32":"product_tag-uf86054-es","33":"product_tag-uf86055e-es","34":"product_tag-vitamina-a-vitamina-d3","35":"product_tag-vitamina-b12","36":"product_tag-vitamina-b2-es","37":"product_tag-vitamina-b6","38":"product_tag-vitamina-bq","39":"product_tag-vitamina-c","40":"product_tag-vitamina-e","41":"product_tag--caroteno","43":"first","44":"instock","45":"shipping-taxable","46":"product-type-simple"},"_links":{"self":[{"href":"https:\/\/azooeurope.com\/es\/wp-json\/wp\/v2\/product\/5459","targetHints":{"allow":["GET"]}}],"collection":[{"href":"https:\/\/azooeurope.com\/es\/wp-json\/wp\/v2\/product"}],"about":[{"href":"https:\/\/azooeurope.com\/es\/wp-json\/wp\/v2\/types\/product"}],"replies":[{"embeddable":true,"href":"https:\/\/azooeurope.com\/es\/wp-json\/wp\/v2\/comments?post=5459"}],"wp:featuredmedia":[{"embeddable":true,"href":"https:\/\/azooeurope.com\/es\/wp-json\/wp\/v2\/media\/3857"}],"wp:attachment":[{"href":"https:\/\/azooeurope.com\/es\/wp-json\/wp\/v2\/media?parent=5459"}],"wp:term":[{"taxonomy":"product_cat","embeddable":true,"href":"https:\/\/azooeurope.com\/es\/wp-json\/wp\/v2\/product_cat?post=5459"},{"taxonomy":"product_tag","embeddable":true,"href":"https:\/\/azooeurope.com\/es\/wp-json\/wp\/v2\/product_tag?post=5459"}],"curies":[{"name":"wp","href":"https:\/\/api.w.org\/{rel}","templated":true}]}}