{"id":5458,"date":"2024-03-09T22:28:05","date_gmt":"2024-03-09T21:28:05","guid":{"rendered":"https:\/\/infallible-hoover.188-95-114-6.plesk.page\/producto\/hamburguesas-de-gambas-marine-l\/"},"modified":"2024-10-16T08:59:34","modified_gmt":"2024-10-16T06:59:34","slug":"hamburguesas-de-gambas-marine-l","status":"publish","type":"product","link":"https:\/\/azooeurope.com\/es\/producto\/hamburguesas-de-gambas-marine-l\/","title":{"rendered":"MARINE shrimp patties L"},"content":{"rendered":"<h1><span style=\"color: #0e509a;\">MARINE <\/span><\/h1>\n<h1><span style=\"color: #0e509a;\">shrimp patties L<\/span><\/h1>\n<h2><span style=\"color: #0e509a;\">Utra Fresh<\/span><\/h2>\n<h2><span style=\"color: #0e509a;\">MARINE shrimp patties L <\/span><span style=\"color: #0e509a;\">es el mejor para peces tropicales de agua salada grandes y quisquillosos, como peces mariposa, peces \u00e1ngel, tangas y l\u00e1bridos que tienen dificultades para aclimatarse a los piensos<\/span><\/h2>\n<p>&nbsp;<\/p>\n<ul>\n<li>\n<h3><span style=\"color: #228bca;\">100% Prote\u00edna totalmente natural de carne fresca, verduras y algas marinas<\/span><\/h3>\n<\/li>\n<li>\n<h3><span style=\"color: #228bca;\">75% Gambas espada salvajes + calamar fresco<\/span><\/h3>\n<\/li>\n<li>\n<h3><span style=\"color: #228bca;\">15% Espirulina natural + ajo + algas marinas<\/span><\/h3>\n<\/li>\n<li>\n<h3><span style=\"color: #228bca;\">0% Aditivos, colorantes artificiales o subproductos<\/span><\/h3>\n<\/li>\n<li>\n<h3><span style=\"color: #228bca;\">Proporci\u00f3n carne\/vegetales a 8:2<\/span><\/h3>\n<\/li>\n<li>\n<h3><span style=\"color: #228bca;\">Tipo de hundimiento<\/span><\/h3>\n<\/li>\n<li>\n<h3><span style=\"color: #228bca;\">Tama\u00f1o: 2,1 x 1 mm<\/span><\/h3>\n<\/li>\n<\/ul>\n<p>Ultra Fresh MARINE shrimp patties L son un alimento ideal para peces tropicales marinos de gran tama\u00f1o, quisquillosos o dif\u00edciles de aclimatar a un nuevo r\u00e9gimen de alimentaci\u00f3n en cautividad.<\/p>\n<figure id=\"attachment_3959\" aria-describedby=\"caption-attachment-3959\" style=\"width: 400px\" class=\"wp-caption alignnone\"><img fetchpriority=\"high\" decoding=\"async\" class=\"size-medium wp-image-1120\" src=\"\/wp-content\/uploads\/ultra_fresh_marine_shrip_patties_l_09-400x214-1.png\" alt=\"Ultra Fresh MARINE shrimp patties (L)\" width=\"400\" height=\"214\" \/><figcaption id=\"caption-attachment-3959\" class=\"wp-caption-text\">Ultra Fresh MARINE shrimp patties (L)<\/figcaption><\/figure>\n<h3><span style=\"color: #228bca;\"><strong>CARACTER\u00cdSTICAS:<\/strong><\/span><\/h3>\n<p><strong>\u00a1Incre\u00edble palatabilidad!<br \/>\nHasta un 60% de gambas espada frescas <\/strong> Repleto de un alto contenido de gambas espada salvajes (hasta un 60%), calamares frescos, gambas Jingou, ajo reci\u00e9n recolectado, espirulina natural, algas marinas, adem\u00e1s de una mezcla de ingredientes naturales cuidadosamente seleccionados, Esta formulaci\u00f3n no contiene atrayentes ni aditivos para ofrecer prote\u00ednas 100% naturales procedentes de carne fresca, verduras y algas marinas.<br \/>\nSu magn\u00edfica palatabilidad y ricos valores nutricionales son perfectos para todo tipo de peces tropicales de agua salada grandes y quisquillosos que tienen dificultades para aclimatarse a los piensos. <strong>Se ablanda r\u00e1pidamente en el agua para una ingesta r\u00e1pida para mantener el agua limpia<\/strong> Insistimos en 10 horas de proceso de cocci\u00f3n a baja temperatura para dar a tus peces la mejor dieta.<br \/>\nReforzada con probi\u00f3ticos intestinales, esta formulaci\u00f3n se ablanda r\u00e1pidamente en el agua para permitir una ingesta r\u00e1pida, sin dejar residuos para mantener siempre limpia el agua.<br \/>\nLos sabores originales y los valores nutricionales de los ingredientes frescos se conservan bien: los peces los ingieren y digieren m\u00e1s f\u00e1cilmente para una absorci\u00f3n completa de los nutrientes, reduciendo as\u00ed la excreci\u00f3n de residuos.<br \/>\n<strong>Coloraci\u00f3n natural (10% de espirulina australiana + algas noruegas)<\/strong> La formulaci\u00f3n patentada de espirulina australiana, algas naturales y gambas espada frescas de primera calidad realza la coloraci\u00f3n natural de tus peces, present\u00e1ndolos en sus colores m\u00e1s naturales y vivos, sin matices moteados.<br \/>\n<strong>Polisac\u00e1ridos<\/strong> de Ganoderma<strong>, ajo y vitamina del grupo B a\u00f1adidos para potenciar la inmunidad<\/strong> F\u00f3rmula de primera calidad para potenciar la inmunidad: rica en valiosos nutrientes como polisac\u00e1ridos de Ganoderma, ajo, espirulina australiana, vitamina A, D<br \/>\n<sub>3<\/sub>, C, E,<sub>B1<\/sub>,<sub>B2<\/sub>, <sub>B6<\/sub> y <sub>B12<\/sub>), \u03b2-caroteno, minerales naturales y oligoelementos para fortalecer el sistema inmunitario de tus peces, estimular el metabolismo, aumentar la energ\u00eda y reducir las enfermedades.<\/p>\n<h3><span style=\"color: #228bca;\"><strong>Presentaciones:<\/strong><\/span><\/h3>\n<p><strong>UF86077<\/strong> \/ MARINE shrimp patties L 120ml \/ 60g <strong>UF86078E<\/strong> \/ MARINE hamburguesas de gambas L 330ml \/ 150g <span style=\"color: #000000;\"> Ultra Fresh MARINE shrimp patties L<\/span>pertenecen a la l\u00ednea de productos<a title=\"Ultra Fresco\" href=\"https:\/\/ultra-fresh.tw\/\" target=\"_blank\" rel=\"noopener\">Ultra Fresh<\/a> de la marca marca<a href=\"https:\/\/www.azoo-aqua.com\/\" target=\"_blank\" rel=\"noopener\">AZOO<\/a> y distribuidos por <a href=\"https:\/\/azpez.virtualcodeveloper.com\/azpez\/\" target=\"_blank\" rel=\"noopener\">AZOO EUROPA<\/a><\/p>\n<h3><span style=\"color: #228bca;\">AN\u00c1LISIS <strong>GARANTIZADO <\/strong>:<\/span><\/h3>\n<p>Vitamina A: 44.100 UI\/kg Vitamina B<br \/>\n<sub>1<\/sub>: 7,7 mg\/kg Vitamina B<br \/>\n<sub>2<\/sub>: 22,4 mg\/kg Vitamina B<br \/>\n<sub>6<\/sub>: 14 mg\/kg Vitamina B<br \/>\n<sub>12<\/sub>: 0,07 mg\/kg Vitamina D<br \/>\n<sub>3<\/sub>: 7.910 UI\/kg Vitamina C: 1.200 mg\/kg Vitamina E: 112 mg\/kg Prote\u00edna bruta (m\u00edn.) 50% Grasa bruta (m\u00edn.): 8% Fibra bruta (m\u00e1x): 4% Humedad (m\u00edn): 3% F\u00f3sforo (m\u00edn): 1%<\/p>\n<h3><span style=\"color: #228bca;\">COMPOSICI\u00d3N:<\/span><\/h3>\n<p>Gambas espada, calamares, gambas Jingou, espirulina australiana, ajo, hojas de morera, polisac\u00e1ridos de Ganoderma, algas noruegas, germen de trigo, ma\u00edz, soja, levadura, minerales y vitaminas (A, D<br \/>\n<sub>3<\/sub>, C, E,<sub>B1<\/sub>,<sub>B2<\/sub>, <sub>B6<\/sub> y <sub>B12<\/sub>), \u03b2-caroteno, \u00e1cido f\u00f3lico, \u00e1cido nicot\u00ednico, \u00e1cido pantot\u00e9nico, amino\u00e1cidos esenciales (metionina y lisina).<\/p>\n<h3><span style=\"color: #228bca;\">INSTRUCCIONES DE USO:<\/span><\/h3>\n<p>Ultra Fresh MARINE shrimp patties L pueden suministrarse 2 \u00f3 3 veces al d\u00eda, pero s\u00f3lo la cantidad que los peces puedan consumir en 30 minutos. Aunque la f\u00f3rmula AZOO PLUS Ultra-Fresh reduce la contaminaci\u00f3n del acuario, recomendamos retirar con una red los restos de comida que no se hayan comido para preservar la calidad del agua. Este envase tiene una banda de garant\u00eda. Una vez abierto, no es necesario refrigerarlo, pero debe permanecer herm\u00e9ticamente cerrado en un lugar fresco y seco para conservar sus propiedades nutritivas. Evita colocar el recipiente en zonas h\u00famedas o calientes, como encima de la l\u00e1mpara o de la tapa del acuario. <strong>Para garantizar tanto la calidad como la seguridad sanitaria de tu pescado, es muy recomendable no tocar nunca la comida con las manos. <\/strong><\/p>\n<p><strong>Por eso, los recipientes para pellets Ultra Fresh de 60 ml, 120 ml y 330 ml incluyen un tap\u00f3n dosificador adaptable a las necesidades espec\u00edficas de tus peces. <\/strong><\/p>\n<p><strong>Estas tapas contienen 12 orificios premarcados (7 de 3 mm, 4 de 4 m y uno de 15 x 7 mm).<br \/>\nElige la opci\u00f3n m\u00e1s conveniente para tu acuario, seg\u00fan el tama\u00f1o de la comida y la cantidad de cada toma. <\/strong><\/p>\n<p><strong>Los envases que contienen barritas son de 1.150 ml e incluyen en su interior una cuchara del tama\u00f1o adecuado (2 ml y 1,5 ml de capacidad para dosificar tu comida de forma precisa y segura.<\/strong><img decoding=\"async\" class=\"size-medium wp-image-1121\" src=\"https:\/\/azooeurope.com\/wp-content\/uploads\/\/ultra_fresh_marine_shrip_patties_l_10-400x400.jpg\" alt=\"Hamburguesas de gambas Ultra Fresh MARINE (L)\" width=\"400\" height=\"400\" srcset=\"https:\/\/azooeurope.com\/wp-content\/uploads\/ultra_fresh_marine_shrip_patties_l_10-400x400.jpg 400w, https:\/\/azooeurope.com\/wp-content\/uploads\/ultra_fresh_marine_shrip_patties_l_10-768x768.jpg 768w, https:\/\/azooeurope.com\/wp-content\/uploads\/ultra_fresh_marine_shrip_patties_l_10-300x300.jpg 300w, https:\/\/azooeurope.com\/wp-content\/uploads\/ultra_fresh_marine_shrip_patties_l_10-600x600.jpg 600w, https:\/\/azooeurope.com\/wp-content\/uploads\/ultra_fresh_marine_shrip_patties_l_10-100x100.jpg 100w, https:\/\/azooeurope.com\/wp-content\/uploads\/ultra_fresh_marine_shrip_patties_l_10.jpg 1250w\" sizes=\"(max-width: 400px) 100vw, 400px\" \/><strong>CADUCIDAD:<\/strong> Comprueba la fecha de caducidad situada en la parte inferior de la etiqueta del envase.<br \/>\nSi se supera esta fecha, las propiedades nutritivas disminuyen significativamente, por lo que recomendamos sustituir el alimento. <strong>NO APTO PARA EL CONSUMO HUMANO. S\u00d3LO PARA PECES ORNAMENTALES.<\/strong><\/p>\n<p><strong>ADVERTENCIA:<\/strong> Las im\u00e1genes que proporcionamos de estos alimentos equilibrados son meramente informativas y deben tomarse \u00fanicamente como referencia, ya que el fabricante se reserva el derecho a modificar las etiquetas o el formato de sus productos sin previo aviso.<\/p>\n<h3><span style=\"color: #228bca;\">FABRICACI\u00d3N:<\/span><\/h3>\n<p>Fabricado en Taiw\u00e1n por Taikon Corp. (AZOO)<\/p>\n","protected":false},"excerpt":{"rendered":"<p>MARINE shrimp patties L Utra Fresh MARINE shrimp patties L es el mejor para peces tropicales de agua salada grandes y quisquillosos, como peces mariposa, peces \u00e1ngel, tangas y l\u00e1bridos que tienen dificultades para aclimatarse a los piensos &nbsp; 100% Prote\u00edna totalmente natural de carne fresca, verduras y algas marinas 75% Gambas espada salvajes + [&hellip;]<\/p>\n","protected":false},"featured_media":3935,"comment_status":"open","ping_status":"closed","template":"","meta":{"rank_math_lock_modified_date":false},"product_cat":[459,1348,987],"product_tag":[1020,1004,1015,998,1011,1001,1050,997,1051,1018,1242,1349,1389,1353,1058,1355,1354,1071,1055,1351,1350,1022,994,1352,1111,1387,1388,1026,1042,860,1037,1034,1030,1031,1044],"class_list":{"0":"post-5458","1":"product","2":"type-product","3":"status-publish","4":"has-post-thumbnail","6":"product_cat-azoo-europa","7":"product_cat-peces-marinos","8":"product_cat-ultra-fresh","9":"product_tag-ajo","10":"product_tag-algas-marinas","11":"product_tag-algas-noruegas","12":"product_tag-calamar","13":"product_tag-espirulina-australiana","14":"product_tag-espirulina-natural","15":"product_tag-gambas-espada-es","16":"product_tag-gambas-espada-salvajes","17":"product_tag-gambas-jingou","18":"product_tag-ganoderma-es","19":"product_tag-grado-de-competicion","20":"product_tag-hamburguesas-de-gambas-marine","21":"product_tag-hamburguesas-de-gambas-marine-l","22":"product_tag-labridos","23":"product_tag-minerales-y-vitaminas","24":"product_tag-peces-de-arrecife","25":"product_tag-peces-marinos","26":"product_tag-peces-tropicales","27":"product_tag-pescado-fresco","28":"product_tag-pez-angel","29":"product_tag-pez-mariposa","30":"product_tag-polisacaridos-de-ganoderma","31":"product_tag-proteina-100-natural","32":"product_tag-tangs-es","33":"product_tag-tipo-de-hundimiento-lento","34":"product_tag-uf86077-es","35":"product_tag-uf86078e-es","36":"product_tag-vitamina-a-vitamina-d3","37":"product_tag-vitamina-b12","38":"product_tag-vitamina-b2-es","39":"product_tag-vitamina-b6","40":"product_tag-vitamina-bq","41":"product_tag-vitamina-c","42":"product_tag-vitamina-e","43":"product_tag--caroteno","45":"first","46":"instock","47":"shipping-taxable","48":"product-type-simple"},"_links":{"self":[{"href":"https:\/\/azooeurope.com\/es\/wp-json\/wp\/v2\/product\/5458","targetHints":{"allow":["GET"]}}],"collection":[{"href":"https:\/\/azooeurope.com\/es\/wp-json\/wp\/v2\/product"}],"about":[{"href":"https:\/\/azooeurope.com\/es\/wp-json\/wp\/v2\/types\/product"}],"replies":[{"embeddable":true,"href":"https:\/\/azooeurope.com\/es\/wp-json\/wp\/v2\/comments?post=5458"}],"wp:featuredmedia":[{"embeddable":true,"href":"https:\/\/azooeurope.com\/es\/wp-json\/wp\/v2\/media\/3935"}],"wp:attachment":[{"href":"https:\/\/azooeurope.com\/es\/wp-json\/wp\/v2\/media?parent=5458"}],"wp:term":[{"taxonomy":"product_cat","embeddable":true,"href":"https:\/\/azooeurope.com\/es\/wp-json\/wp\/v2\/product_cat?post=5458"},{"taxonomy":"product_tag","embeddable":true,"href":"https:\/\/azooeurope.com\/es\/wp-json\/wp\/v2\/product_tag?post=5458"}],"curies":[{"name":"wp","href":"https:\/\/api.w.org\/{rel}","templated":true}]}}