{"id":5452,"date":"2024-03-09T22:13:58","date_gmt":"2024-03-09T21:13:58","guid":{"rendered":"https:\/\/infallible-hoover.188-95-114-6.plesk.page\/producto\/goldfish-pellet-premium\/"},"modified":"2024-10-16T09:00:58","modified_gmt":"2024-10-16T07:00:58","slug":"goldfish-pellet-premium","status":"publish","type":"product","link":"https:\/\/azooeurope.com\/es\/producto\/goldfish-pellet-premium\/","title":{"rendered":"GOLDFISH premium pellet"},"content":{"rendered":"<h1><span style=\"color: #0e509a;\">GOLDFISH <\/span><\/h1>\n<h1><span style=\"color: #0e509a;\">Premium Pellet<\/span><\/h1>\n<h2><span style=\"color: #0e509a;\">Utra Fresh GOLDFISH Premium Pellet es lo mejor para todo tipo de peces de colores, incluidos los ranchu, tosakin, ryukin y oranda japoneses, as\u00ed como los alevines de carpa koi.<\/span><\/h2>\n<p>&nbsp;<\/p>\n<ul>\n<li>\n<h3><span style=\"color: #228bca;\">100% Prote\u00edna totalmente natural de carne fresca, verduras y algas marinas<\/span><\/h3>\n<\/li>\n<li>\n<h3><span style=\"color: #228bca;\">28% Gambas espada salvajes + gambas de pasta de Akiami<\/span><\/h3>\n<\/li>\n<li>\n<h3><span style=\"color: #228bca;\">15% Espirulina natural + algas marinas<\/span><\/h3>\n<\/li>\n<li>\n<h3><span style=\"color: #228bca;\">0% Aditivos, colorantes artificiales o subproductos<\/span><\/h3>\n<\/li>\n<li>\n<h3><span style=\"color: #228bca;\">Proporci\u00f3n carne\/vegetales a 5:5<\/span><\/h3>\n<\/li>\n<li>\n<h3><span style=\"color: #228bca;\">Tipo de hundimiento lento<\/span><\/h3>\n<\/li>\n<li>\n<h3><span style=\"color: #228bca;\">Tama\u00f1o: 3,1 mm<\/span><\/h3>\n<\/li>\n<\/ul>\n<p>Ultra Fresh Goldfish Premium Pellet es un alimento a base de pellets flotantes de tama\u00f1o medio recomendado para todo tipo de peces de colores, incluidas variedades como ranchu, tosakin, ryukin y oranda, as\u00ed como peces koi peque\u00f1os. <img fetchpriority=\"high\" decoding=\"async\" class=\"size-medium wp-image-1107\" src=\"https:\/\/azooeurope.com\/wp-content\/uploads\/\/ultra_fresh_goldfish_premum_pellet_10-400x214.png\" alt=\"Ultra Fresh Goldfish Premium Pellet\" width=\"400\" height=\"214\" srcset=\"https:\/\/azooeurope.com\/wp-content\/uploads\/ultra_fresh_goldfish_premum_pellet_10-400x214.png 400w, https:\/\/azooeurope.com\/wp-content\/uploads\/ultra_fresh_goldfish_premum_pellet_10.png 450w\" sizes=\"(max-width: 400px) 100vw, 400px\" \/><\/p>\n<h3><span style=\"color: #228bca;\"><strong>CARACTER\u00cdSTICAS:<\/strong><\/span><\/h3>\n<p><strong>100% naturalmente nutritivo y formulado para una palatabilidad superior<\/strong> Formulado con un alto contenido de gambas espada salvajes (hasta un 28%), ajo, algas noruegas, espirulina australiana, adem\u00e1s de una mezcla de ingredientes naturales cuidadosamente seleccionados, este alimento para peces es rico en prote\u00ednas de algas y presenta una alta palatabilidad y valor nutritivo para todo tipo de alevines de carpa koi y carpa dorada.<br \/>\nEl<strong>consumo r\u00e1pido mantiene el agua limpia<\/strong> 10 horas de procesamiento a baja temperatura y mejorado con probi\u00f3ticos intestinales, esta formulaci\u00f3n conserva los sabores naturales y los ricos valores nutricionales de los ingredientes frescos.<br \/>\nEst\u00e1 dise\u00f1ado para ablandarse r\u00e1pidamente una vez en el agua, pero no se desintegra y enturbia el agua.<br \/>\nSu f\u00e1cil ingesti\u00f3n por los peces facilita la digesti\u00f3n y la absorci\u00f3n completa de nutrientes, reduciendo as\u00ed la excreci\u00f3n de residuos.<br \/>\n<strong>Coloraci\u00f3n ultra natural (15% de algas noruegas + esp<\/strong> irulina<strong>australiana)<\/strong> La formulaci\u00f3n ultra mejorada de algas naturales, espirulina australiana y gambas espada frescas de primera calidad realza la coloraci\u00f3n natural de tus peces, present\u00e1ndolos en sus colores m\u00e1s naturales y vivos, sin matices moteados.<br \/>\n<strong>Polisac\u00e1ridos<\/strong> de Ganoderma<strong>, ajo y vitamina del grupo B a\u00f1adidos para reforzar la inmunidad<\/strong> F\u00f3rmula de refuerzo inmunitario de calidad superior: rica en valiosos nutrientes como polisac\u00e1ridos de Ganoderma, ajo, espirulina australiana, vitamina A, D3, C, E, B1, B2, B6 y B12), \u03b2-caroteno, minerales naturales y oligoelementos para reforzar el sistema inmunitario de tus peces, impulsar el metabolismo, aumentar la energ\u00eda y reducir las enfermedades.<\/p>\n<h3><span style=\"color: #228bca;\"><strong>Presentaciones:<\/strong><\/span><\/h3>\n<p><strong>UF86033E<\/strong> \/ Goldfish Premium Pellet 330ml \/ 122g<br \/>\n<strong>UF86034E<\/strong> \/ Goldfish Premium Pellet 1.150ml \/ 425g<br \/>\n<span style=\"color: #000000;\">Ultra Fresh Goldfish Premium Pellet <\/span>pertenece a la<br \/>\nl\u00ednea de productos<a title=\"Ultra Fresco\" href=\"https:\/\/ultra-fresh.tw\/\" target=\"_blank\" rel=\"noopener\">Ultra Fresh<\/a> de la marca<br \/>\nmarca<a href=\"https:\/\/www.azoo-aqua.com\/\" target=\"_blank\" rel=\"noopener\">AZOO<\/a> y distribuidos por <a href=\"https:\/\/azpez.virtualcodeveloper.com\/azpez\/\" target=\"_blank\" rel=\"noopener\">AZOO EUROPA<\/a><\/p>\n<h3><span style=\"color: #228bca;\">AN\u00c1LISIS <strong>GARANTIZADO <\/strong>:<\/span><\/h3>\n<p>Vitamina A: 12.600 UI\/kg Vitamina B<br \/>\n<sub>1<\/sub>: 2,2 mg\/kg Vitamina B<br \/>\n<sub>2<\/sub>: 6,4 mg\/kg Vitamina B<br \/>\n<sub>6<\/sub>: 4 mg\/kg Vitamina B<br \/>\n<sub>12<\/sub>: 0,02 mg\/kg Vitamina D<br \/>\n<sub>3<\/sub>: 3.390 UI\/kg Vitamina C: 500 mg\/kg Vitamina E: 48 mg\/kg Prote\u00edna bruta (m\u00edn.) 38% Grasa bruta (m\u00edn.) 4,2% Fibra bruta (m\u00e1x): 2,7% Humedad (m\u00edn): 3% F\u00f3sforo (m\u00edn): 1%<\/p>\n<p><iframe title=\"ultra fresh goldfish premium pellet video\" width=\"800\" height=\"450\" src=\"https:\/\/www.youtube.com\/embed\/4GQqXfWw108?feature=oembed\" frameborder=\"0\" allow=\"accelerometer; autoplay; clipboard-write; encrypted-media; gyroscope; picture-in-picture; web-share\" referrerpolicy=\"strict-origin-when-cross-origin\" allowfullscreen><\/iframe><\/p>\n<p><span style=\"color: #228bca;\">COMPOSICI\u00d3N:<\/span> polisac\u00e1ridos de Ganoderma, cangrejo, calamar, espirulina, ajo, germen de trigo, gambas, pescado fresco, algas noruegas, germen de trigo, ma\u00edz, soja, levadura, sustancias minerales, vitaminas (A, D<br \/>\n<sub>3<\/sub>, C, E,<sub>B1<\/sub>,<sub>B2<\/sub>, <sub>B6<\/sub> y <sub>B12<\/sub>), \u03b2-caroteno, \u00e1cido f\u00f3lico, \u00e1cido nicot\u00ednico, \u00e1cido pantot\u00e9nico y amino\u00e1cidos esenciales (metionina, lisina).<\/p>\n<h3><span style=\"color: #228bca;\">INSTRUCCIONES DE USO:<\/span><\/h3>\n<p>Se puede suministrar Ultra Fresh Goldfish Premium Pellet 2 \u00f3 3 veces al d\u00eda, pero s\u00f3lo la cantidad que los peces puedan consumir en 30 minutos.<br \/>\nAunque la f\u00f3rmula AZOO PLUS Ultra-Fresh reduce la contaminaci\u00f3n del acuario, recomendamos retirar con una red cualquier resto de comida no consumida para preservar la calidad del agua.<br \/>\nEste envase tiene una banda de garant\u00eda.<br \/>\nUna vez abierto, no es necesario refrigerarlo, pero debe permanecer herm\u00e9ticamente cerrado en un lugar fresco y seco para conservar sus propiedades nutritivas.<br \/>\nEvita colocar el recipiente en zonas h\u00famedas o calientes, como encima de la l\u00e1mpara o de la tapa del acuario. <strong>Para garantizar tanto la calidad como la seguridad sanitaria de tu pescado, es muy recomendable no tocar nunca la comida con las manos. <\/strong><\/p>\n<p><strong>Por eso, los recipientes para pellets Ultra Fresh de 60 ml, 120 ml y 330 ml incluyen un tap\u00f3n dosificador adaptable a las necesidades espec\u00edficas de tus peces. <\/strong><\/p>\n<p><strong>Estas tapas contienen 12 orificios premarcados (7 de 3 mm, 4 de 4 m y uno de 15 x 7 mm).<br \/>\nElige la opci\u00f3n m\u00e1s conveniente para tu acuario, seg\u00fan el tama\u00f1o de la comida y la cantidad de cada toma. <\/strong><\/p>\n<p><strong>Los envases que contienen los sticks son de 1.150 ml e incluyen en su interior una cuchara del tama\u00f1o adecuado (2 ml y 1,5 ml de capacidad para dosificar tu comida con precisi\u00f3n y seguridad.<\/strong><\/p>\n<figure id=\"attachment_3926\" aria-describedby=\"caption-attachment-3926\" style=\"width: 400px\" class=\"wp-caption alignnone\"><img decoding=\"async\" class=\"size-medium wp-image-1108\" src=\"https:\/\/azooeurope.com\/wp-content\/uploads\/\/ultra_fresh_goldfish_premum_pellet_11-400x400.jpg\" alt=\"Pellet Ultra Fresh Goldfish Premium\" width=\"400\" height=\"400\" srcset=\"https:\/\/azooeurope.com\/wp-content\/uploads\/ultra_fresh_goldfish_premum_pellet_11-400x400.jpg 400w, https:\/\/azooeurope.com\/wp-content\/uploads\/ultra_fresh_goldfish_premum_pellet_11-768x768.jpg 768w, https:\/\/azooeurope.com\/wp-content\/uploads\/ultra_fresh_goldfish_premum_pellet_11-300x300.jpg 300w, https:\/\/azooeurope.com\/wp-content\/uploads\/ultra_fresh_goldfish_premum_pellet_11-600x600.jpg 600w, https:\/\/azooeurope.com\/wp-content\/uploads\/ultra_fresh_goldfish_premum_pellet_11-100x100.jpg 100w, https:\/\/azooeurope.com\/wp-content\/uploads\/ultra_fresh_goldfish_premum_pellet_11.jpg 1250w\" sizes=\"(max-width: 400px) 100vw, 400px\" \/><figcaption id=\"caption-attachment-3926\" class=\"wp-caption-text\">Ultra Fresh Goldfish Premium PelletEXPIRACI\u00d3N<\/figcaption><\/figure>\n<p><strong>:<\/strong> Comprueba la fecha de caducidad situada en la parte inferior de la etiqueta del envase.<br \/>\nSi se supera esta fecha, las propiedades nutritivas disminuyen significativamente, por lo que recomendamos sustituir el alimento. <strong>NO APTO PARA EL CONSUMO HUMANO. S\u00d3LO PARA PECES ORNAMENTALES.<\/strong><\/p>\n<p><strong>ADVERTENCIA:<\/strong> Las im\u00e1genes que proporcionamos de estos alimentos equilibrados son meramente informativas y deben tomarse \u00fanicamente como referencia, ya que el fabricante se reserva el derecho a modificar las etiquetas o el formato de sus productos sin previo aviso.<\/p>\n<h3><span style=\"color: #228bca;\">FABRICACI\u00d3N:<\/span><\/h3>\n<p>Fabricado en Taiw\u00e1n por Taikon Corp. (AZOO)<\/p>\n","protected":false},"excerpt":{"rendered":"<p>GOLDFISH Premium Pellet Utra Fresh GOLDFISH Premium Pellet es lo mejor para todo tipo de peces de colores, incluidos los ranchu, tosakin, ryukin y oranda japoneses, as\u00ed como los alevines de carpa koi. &nbsp; 100% Prote\u00edna totalmente natural de carne fresca, verduras y algas marinas 28% Gambas espada salvajes + gambas de pasta de Akiami [&hellip;]<\/p>\n","protected":false},"featured_media":3896,"comment_status":"open","ping_status":"closed","template":"","meta":{"rank_math_lock_modified_date":false},"product_cat":[459,1362,987],"product_tag":[1020,1004,1015,998,1011,1001,1050,997,1051,1018,1370,1242,1058,1071,1055,1363,1022,994,1365,1111,1367,1368,1369,1026,1042,860,1037,1034,1030,1031,1044],"class_list":{"0":"post-5452","1":"product","2":"type-product","3":"status-publish","4":"has-post-thumbnail","6":"product_cat-azoo-europa","7":"product_cat-pez-agua-fria","8":"product_cat-ultra-fresh","9":"product_tag-ajo","10":"product_tag-algas-marinas","11":"product_tag-algas-noruegas","12":"product_tag-calamar","13":"product_tag-espirulina-australiana","14":"product_tag-espirulina-natural","15":"product_tag-gambas-espada-es","16":"product_tag-gambas-espada-salvajes","17":"product_tag-gambas-jingou","18":"product_tag-ganoderma-es","19":"product_tag-goldfish-premium-pellet-es","20":"product_tag-grado-de-competicion","21":"product_tag-minerales-y-vitaminas","22":"product_tag-peces-tropicales","23":"product_tag-pescado-fresco","24":"product_tag-pez-dorado","25":"product_tag-polisacaridos-de-ganoderma","26":"product_tag-proteina-100-natural","27":"product_tag-ranchu-es","28":"product_tag-tipo-de-hundimiento-lento","29":"product_tag-tosakin-es","30":"product_tag-uf86033e-es","31":"product_tag-uf86034e-es","32":"product_tag-vitamina-a-vitamina-d3","33":"product_tag-vitamina-b12","34":"product_tag-vitamina-b2-es","35":"product_tag-vitamina-b6","36":"product_tag-vitamina-bq","37":"product_tag-vitamina-c","38":"product_tag-vitamina-e","39":"product_tag--caroteno","41":"first","42":"instock","43":"shipping-taxable","44":"product-type-simple"},"_links":{"self":[{"href":"https:\/\/azooeurope.com\/es\/wp-json\/wp\/v2\/product\/5452","targetHints":{"allow":["GET"]}}],"collection":[{"href":"https:\/\/azooeurope.com\/es\/wp-json\/wp\/v2\/product"}],"about":[{"href":"https:\/\/azooeurope.com\/es\/wp-json\/wp\/v2\/types\/product"}],"replies":[{"embeddable":true,"href":"https:\/\/azooeurope.com\/es\/wp-json\/wp\/v2\/comments?post=5452"}],"wp:featuredmedia":[{"embeddable":true,"href":"https:\/\/azooeurope.com\/es\/wp-json\/wp\/v2\/media\/3896"}],"wp:attachment":[{"href":"https:\/\/azooeurope.com\/es\/wp-json\/wp\/v2\/media?parent=5452"}],"wp:term":[{"taxonomy":"product_cat","embeddable":true,"href":"https:\/\/azooeurope.com\/es\/wp-json\/wp\/v2\/product_cat?post=5452"},{"taxonomy":"product_tag","embeddable":true,"href":"https:\/\/azooeurope.com\/es\/wp-json\/wp\/v2\/product_tag?post=5452"}],"curies":[{"name":"wp","href":"https:\/\/api.w.org\/{rel}","templated":true}]}}