{"id":5444,"date":"2024-03-10T09:34:58","date_gmt":"2024-03-10T08:34:58","guid":{"rendered":"https:\/\/infallible-hoover.188-95-114-6.plesk.page\/producto\/hamburguesas-de-gambas-ornamental-fish\/"},"modified":"2024-10-16T08:53:06","modified_gmt":"2024-10-16T06:53:06","slug":"hamburguesas-de-gambas-ornamental-fish","status":"publish","type":"product","link":"https:\/\/azooeurope.com\/es\/producto\/hamburguesas-de-gambas-ornamental-fish\/","title":{"rendered":"ORNAMENTAL FISH shrimp patties"},"content":{"rendered":"<h1><span style=\"color: #0e509a;\"><strong>ORNAMENTAL FISH <\/strong><\/span><\/h1>\n<h1><span style=\"color: #0e509a;\"><strong>shrimp patties<\/strong><\/span><\/h1>\n<h1><\/h1>\n<h2><span style=\"color: #0e509a;\">Utra Fresh <\/span><strong><span style=\"color: #0e509a;\">ORNAMENTALFISH<\/span><\/strong><strong><span style=\"color: #0e509a;\"> shrimp patties<\/span><\/strong> <span style=\"color: #0e509a;\">es lo mejor para todo tipo de peces ornamentales peque\u00f1os.<\/span><\/h2>\n<p>&nbsp;<\/p>\n<ul>\n<li>\n<h3><span style=\"color: #228bca;\">100% Prote\u00edna totalmente natural de carne fresca, verduras y algas marinas<\/span><\/h3>\n<\/li>\n<li>\n<h3><span style=\"color: #228bca;\">41% Gambas espada salvajes + calamar fresco<\/span><\/h3>\n<\/li>\n<li>\n<h3><span style=\"color: #228bca;\">10% Espirulina natural + algas marinas<\/span><\/h3>\n<\/li>\n<li>\n<h3><span style=\"color: #228bca;\">0% Aditivos, colorantes artificiales o subproductos<\/span><\/h3>\n<\/li>\n<li>\n<h3><span style=\"color: #228bca;\">Proporci\u00f3n carne\/vegetales a 7:3<\/span><\/h3>\n<\/li>\n<li>\n<h3><span style=\"color: #228bca;\">Tipo de hundimiento lento<\/span><\/h3>\n<\/li>\n<li>\n<h3><span style=\"color: #228bca;\">Tama\u00f1o: 0,6 mm<\/span><\/h3>\n<\/li>\n<\/ul>\n<figure id=\"attachment_4028\" aria-describedby=\"caption-attachment-4028\" style=\"width: 400px\" class=\"wp-caption alignnone\"><img fetchpriority=\"high\" decoding=\"async\" class=\"size-medium wp-image-1161\" src=\"\/wp-content\/uploads\/ultra_fresh_ornamental_fish_shrimp_patties_08-400x214-1.png\" alt=\"Ultra Fresh ORNAMENTAL FISH shrimp patties\" width=\"400\" height=\"214\" \/><figcaption id=\"caption-attachment-4028\" class=\"wp-caption-text\">Ultra Fresh ORNAMENTAL FISH shrimp patties<\/figcaption><\/figure>\n<p>Delicias de Gamba para Peces Ornamentales es un alimento Ultra Fresh ideal para todo tipo de peces ornamentales peque\u00f1os. <span style=\"color: #000000;\">Utra Fresh <strong>ORNAMENTAL FISH<\/strong><strong> shrimp patties<\/strong><\/span>ormula contiene una proporci\u00f3n de 7 partes de carne por 3 de otros vegetales, ideal para la mayor\u00eda de los peces vivos y otras especies de peces tropicales peque\u00f1os.<\/p>\n<h3><span style=\"color: #228bca;\"><strong>CARACTER\u00cdSTICAS:<\/strong><\/span><\/h3>\n<p><strong>100% naturalmente nutritivo y formulado para una palatabilidad<\/strong> superior Formulado con un alto contenido de gambas espada salvajes (hasta un 33%), calamar fresco, espirulina natural, ajo reci\u00e9n recolectado, adem\u00e1s de una mezcla de ingredientes naturales cuidadosamente seleccionados, Esta formulaci\u00f3n proporciona una alta palatabilidad y valor nutritivo para todo tipo de peces ornamentales peque\u00f1os.<br \/>\nLa<strong>ingesta r\u00e1pida mantiene el agua limpia<\/strong> 10 horas de procesamiento a baja temperatura y mejorada con probi\u00f3ticos intestinales, esta formulaci\u00f3n conserva los sabores naturales y los ricos valores nutricionales de los ingredientes frescos.<br \/>\nEst\u00e1 dise\u00f1ado para ablandarse r\u00e1pidamente una vez en el agua, pero no se desintegra ni enturbia el agua.<br \/>\nSu f\u00e1cil ingesti\u00f3n por los peces facilita la digesti\u00f3n y la absorci\u00f3n completa de nutrientes, reduciendo as\u00ed la excreci\u00f3n de residuos.<br \/>\n<strong>Coloraci\u00f3n natural (10%<\/strong> de espirulina<strong>australiana + algas noruegas)<\/strong> La formulaci\u00f3n patentada de espirulina australiana, algas naturales y gambas espada frescas de primera calidad realza la coloraci\u00f3n natural de tus peces, present\u00e1ndolos en sus colores m\u00e1s naturales y vivos, sin matices moteados.F\u00f3rmula de las hamburguesas de gambas ORNAMENTAL FISH.<br \/>\n<strong>Polisac\u00e1ridos<\/strong> de Ganoderma<strong>, ajo y vitamina del grupo B a\u00f1adidos para potenciar la inmunidad<\/strong> F\u00f3rmula de primera calidad para potenciar la inmunidad: rica en valiosos nutrientes como polisac\u00e1ridos de Ganoderma, ajo, espirulina australiana, vitamina A, D<br \/>\n<sub>3<\/sub>, C, E,<sub>B1<\/sub>,<sub>B2<\/sub>, <sub>B6<\/sub> y <sub>B12<\/sub>), \u03b2-caroteno, minerales naturales y oligoelementos para fortalecer el sistema inmunitario de tus peces, estimular el metabolismo, aumentar la energ\u00eda y reducir las enfermedades.<\/p>\n<h3><span style=\"color: #228bca;\"><strong>Presentaciones:<\/strong><\/span><\/h3>\n<p><strong>UF86081<\/strong> \/ ORNAMENTAL FISH shrimp patties 60ml \/ 20g<\/p>\n<p><span style=\"color: #000000;\">Utra Fresh <strong>ORNAMENTAL FISH <\/strong><strong>shrimp patties<\/strong> <\/span>pertenece a la<br \/>\nl\u00ednea de productos<a title=\"Ultra Fresco\" href=\"https:\/\/ultra-fresh.tw\/\" target=\"_blank\" rel=\"noopener\">Ultra Fresh<\/a> de la marca<br \/>\nmarca<a href=\"https:\/\/www.azoo-aqua.com\/\" target=\"_blank\" rel=\"noopener\">AZOO<\/a> y distribuidos por <a href=\"https:\/\/azpez.virtualcodeveloper.com\/azpez\/\" target=\"_blank\" rel=\"noopener\">AZOO EUROPA<\/a><\/p>\n<h3><span style=\"color: #228bca;\">AN\u00c1LISIS <strong>GARANTIZADO <\/strong>:<\/span><\/h3>\n<p>Vitamina A: 18.900 UI\/kg Vitamina B<br \/>\n<sub>1<\/sub>: 3,3 mg\/kg Vitamina B<br \/>\n<sub>2<\/sub>: 9,6 mg\/kg Vitamina B<br \/>\n<sub>6<\/sub>: 6 mg\/kg Vitamina B<br \/>\n<sub>12<\/sub>: 0,03 mg\/kg Vitamina D<br \/>\n<sub>3<\/sub>: 3.390 UI\/kg Vitamina C: 500 mg\/kg Vitamina E: 48 mg\/kg Prote\u00edna bruta (m\u00edn.) 44,5% Grasa bruta (m\u00edn): 3,3% Fibra bruta (m\u00e1x): 3,1% Humedad (m\u00edn): 3% F\u00f3sforo (m\u00edn): 1%<\/p>\n<h3><span style=\"color: #228bca;\">COMPOSICI\u00d3N:<\/span><\/h3>\n<p>Gambas espada, calamares, gambas Jingou, espirulina australiana, ajo, polisac\u00e1ridos de Ganoderma, algas noruegas, germen de trigo, ma\u00edz, soja, levadura, minerales y vitaminas (A, D<br \/>\n<sub>3<\/sub>, C, E,<sub>B1<\/sub>,<sub>B2<\/sub>, <sub>B6<\/sub> y <sub>B12<\/sub>), \u03b2-caroteno, \u00e1cido f\u00f3lico, \u00e1cido nicot\u00ednico, \u00e1cido pantot\u00e9nico, amino\u00e1cidos esenciales (metionina y lisina).<\/p>\n<h3><span style=\"color: #228bca;\">INSTRUCCIONES DE USO:<\/span><\/h3>\n<p><span style=\"color: #000000;\">Utra Fresh <strong>ORNAMENTAL FISH <\/strong><strong>shrimp patties<\/strong><\/span>pueden suministrarse 2 \u00f3 3 veces al d\u00eda, pero s\u00f3lo la cantidad que los peces puedan consumir en 30 minutos. Aunque la f\u00f3rmula AZOO PLUS Ultra-Fresh reduce la contaminaci\u00f3n del acuario, recomendamos retirar con una red los restos de comida que no se hayan comido para preservar la calidad del agua. Este envase tiene una banda de garant\u00eda. Una vez abierto, no es necesario refrigerarlo, pero debe permanecer herm\u00e9ticamente cerrado en un lugar fresco y seco para conservar sus propiedades nutritivas. Evita colocar el recipiente en zonas h\u00famedas o calientes, como encima de la l\u00e1mpara o de la tapa del acuario. <strong>Para garantizar tanto la calidad como la seguridad sanitaria de tu pescado, es muy recomendable no tocar nunca la comida con las manos. <\/strong><\/p>\n<p><strong>Por eso, los recipientes para pellets Ultra Fresh de 60 ml, 120 ml y 330 ml incluyen un tap\u00f3n dosificador adaptable a las necesidades espec\u00edficas de tus peces. <\/strong><\/p>\n<p><strong>Estas tapas contienen 12 orificios premarcados (7 de 3 mm, 4 de 4 m y uno de 15 x 7 mm).<br \/>\nElige la opci\u00f3n m\u00e1s conveniente para tu acuario, seg\u00fan el tama\u00f1o de la comida y la cantidad de cada toma. <\/strong><\/p>\n<p><strong>Los envases que contienen barritas son de 1.150 ml e incluyen en su interior una cuchara del tama\u00f1o adecuado (2 ml y 1,5 ml de capacidad para dosificar tu comida de forma precisa y segura.<\/strong><img decoding=\"async\" class=\"size-medium wp-image-1162\" src=\"https:\/\/azooeurope.com\/wp-content\/uploads\/\/ultra_fresh_ornamental_fish_shrimp_patties_09-400x400.jpg\" alt=\"Hamburguesas de gambas Ultra Fresh ORNAMENTAL FISH\" width=\"400\" height=\"400\" srcset=\"https:\/\/azooeurope.com\/wp-content\/uploads\/ultra_fresh_ornamental_fish_shrimp_patties_09-400x400.jpg 400w, https:\/\/azooeurope.com\/wp-content\/uploads\/ultra_fresh_ornamental_fish_shrimp_patties_09-768x768.jpg 768w, https:\/\/azooeurope.com\/wp-content\/uploads\/ultra_fresh_ornamental_fish_shrimp_patties_09-300x300.jpg 300w, https:\/\/azooeurope.com\/wp-content\/uploads\/ultra_fresh_ornamental_fish_shrimp_patties_09-600x600.jpg 600w, https:\/\/azooeurope.com\/wp-content\/uploads\/ultra_fresh_ornamental_fish_shrimp_patties_09-100x100.jpg 100w, https:\/\/azooeurope.com\/wp-content\/uploads\/ultra_fresh_ornamental_fish_shrimp_patties_09.jpg 1250w\" sizes=\"(max-width: 400px) 100vw, 400px\" \/><strong>CADUCIDAD:<\/strong> Comprueba la fecha de caducidad situada en la parte inferior de la etiqueta del envase.<br \/>\nSi se supera esta fecha, las propiedades nutritivas disminuyen significativamente, por lo que recomendamos sustituir el alimento. <strong>NO APTO PARA EL CONSUMO HUMANO. S\u00d3LO PARA PECES ORNAMENTALES.<\/strong><\/p>\n<p><strong>ADVERTENCIA:<\/strong> Las im\u00e1genes que proporcionamos de estos alimentos equilibrados son meramente informativas y deben tomarse \u00fanicamente como referencia, ya que el fabricante se reserva el derecho a modificar las etiquetas o el formato de sus productos sin previo aviso.<\/p>\n<h3><span style=\"color: #228bca;\">FABRICACI\u00d3N:<\/span><\/h3>\n<p>Fabricado en Taiw\u00e1n por Taikon Corp. (AZOO)<\/p>\n","protected":false},"excerpt":{"rendered":"<p>ORNAMENTAL FISH shrimp patties Utra Fresh ORNAMENTALFISH shrimp patties es lo mejor para todo tipo de peces ornamentales peque\u00f1os. &nbsp; 100% Prote\u00edna totalmente natural de carne fresca, verduras y algas marinas 41% Gambas espada salvajes + calamar fresco 10% Espirulina natural + algas marinas 0% Aditivos, colorantes artificiales o subproductos Proporci\u00f3n carne\/vegetales a 7:3 Tipo [&hellip;]<\/p>\n","protected":false},"featured_media":4007,"comment_status":"open","ping_status":"closed","template":"","meta":{"rank_math_lock_modified_date":false},"product_cat":[459,1039,987,1241],"product_tag":[1020,1004,1015,998,1246,1011,1001,1050,997,1051,1018,1242,1292,1058,1248,1071,1245,1055,1022,994,1111,1290,1026,1042,860,1037,1034,1030,1031,1044],"class_list":{"0":"post-5444","1":"product","2":"type-product","3":"status-publish","4":"has-post-thumbnail","6":"product_cat-azoo-europa","7":"product_cat-peces-tropicales","8":"product_cat-ultra-fresh","9":"product_cat-viviparos","10":"product_tag-ajo","11":"product_tag-algas-marinas","12":"product_tag-algas-noruegas","13":"product_tag-calamar","14":"product_tag-dificultad-para-aclimatarse-a-la-alimentacion","15":"product_tag-espirulina-australiana","16":"product_tag-espirulina-natural","17":"product_tag-gambas-espada-es","18":"product_tag-gambas-espada-salvajes","19":"product_tag-gambas-jingou","20":"product_tag-ganoderma-es","21":"product_tag-grado-de-competicion","22":"product_tag-hamburguesas-de-gambas-ornamental-fish","23":"product_tag-minerales-y-vitaminas","24":"product_tag-peces-ornamentales","25":"product_tag-peces-tropicales","26":"product_tag-pequeno-quisquilloso-tropical","27":"product_tag-pescado-fresco","28":"product_tag-polisacaridos-de-ganoderma","29":"product_tag-proteina-100-natural","30":"product_tag-tipo-de-hundimiento-lento","31":"product_tag-uf86081-es","32":"product_tag-vitamina-a-vitamina-d3","33":"product_tag-vitamina-b12","34":"product_tag-vitamina-b2-es","35":"product_tag-vitamina-b6","36":"product_tag-vitamina-bq","37":"product_tag-vitamina-c","38":"product_tag-vitamina-e","39":"product_tag--caroteno","41":"first","42":"instock","43":"shipping-taxable","44":"product-type-simple"},"_links":{"self":[{"href":"https:\/\/azooeurope.com\/es\/wp-json\/wp\/v2\/product\/5444","targetHints":{"allow":["GET"]}}],"collection":[{"href":"https:\/\/azooeurope.com\/es\/wp-json\/wp\/v2\/product"}],"about":[{"href":"https:\/\/azooeurope.com\/es\/wp-json\/wp\/v2\/types\/product"}],"replies":[{"embeddable":true,"href":"https:\/\/azooeurope.com\/es\/wp-json\/wp\/v2\/comments?post=5444"}],"wp:featuredmedia":[{"embeddable":true,"href":"https:\/\/azooeurope.com\/es\/wp-json\/wp\/v2\/media\/4007"}],"wp:attachment":[{"href":"https:\/\/azooeurope.com\/es\/wp-json\/wp\/v2\/media?parent=5444"}],"wp:term":[{"taxonomy":"product_cat","embeddable":true,"href":"https:\/\/azooeurope.com\/es\/wp-json\/wp\/v2\/product_cat?post=5444"},{"taxonomy":"product_tag","embeddable":true,"href":"https:\/\/azooeurope.com\/es\/wp-json\/wp\/v2\/product_tag?post=5444"}],"curies":[{"name":"wp","href":"https:\/\/api.w.org\/{rel}","templated":true}]}}