{"id":5417,"date":"2024-03-09T14:40:18","date_gmt":"2024-03-09T13:40:18","guid":{"rendered":"https:\/\/infallible-hoover.188-95-114-6.plesk.page\/producto\/microgranulado-tropical\/"},"modified":"2024-10-03T12:51:58","modified_gmt":"2024-10-03T10:51:58","slug":"microgranulado-tropical","status":"publish","type":"product","link":"https:\/\/azooeurope.com\/es\/producto\/microgranulado-tropical\/","title":{"rendered":"TROPICAL micro pellet"},"content":{"rendered":"<h1><span style=\"color: #0e509a;\"><strong>TROPICAL <\/strong><\/span><\/h1>\n<h1><span style=\"color: #0e509a;\"><strong>micro pellet<\/strong><\/span><\/h1>\n<h2><span style=\"color: #0e509a;\">Ultra Fresh TROPICAL micro pellet<\/span><\/h2>\n<p>&nbsp;<\/p>\n<ul>\n<li>\n<h3><span style=\"color: #228bca;\">100% Prote\u00edna totalmente natural de carne fresca, verduras y algas marinas<\/span><\/h3>\n<\/li>\n<li>\n<h3><span style=\"color: #228bca;\">60% \uff37Langostinos espada + calamares<\/span><\/h3>\n<\/li>\n<li>\n<h3><span style=\"color: #228bca;\">6% Espirulina natural + algas marinas<\/span><\/h3>\n<\/li>\n<li>\n<h3><span style=\"color: #228bca;\">0% Aditivos, colorantes artificiales o subproductos<\/span><\/h3>\n<\/li>\n<li>\n<h3><span style=\"color: #228bca;\">Proporci\u00f3n carne\/vegetales a 9:1<\/span><\/h3>\n<\/li>\n<li>\n<h3><span style=\"color: #228bca;\">Tipo de hundimiento lento<\/span><\/h3>\n<\/li>\n<li>\n<h3><span style=\"color: #228bca;\">Tama\u00f1o: \u00d8 0,6 mm<\/span><\/h3>\n<\/li>\n<\/ul>\n<p><img fetchpriority=\"high\" decoding=\"async\" class=\"size-medium wp-image-1010\" src=\"\/wp-content\/uploads\/ultra_fresh_tropical_micro_pellet_11-400x214-1.png\" alt=\"Ultra Fresh TROPICAL micro pellet\" width=\"400\" height=\"214\" \/>Ultra Fresh TROPICAL micropelletMejor<strong>para una variedad de peces tropicales peque\u00f1os y melindrosos (characines<\/strong>) Ultra fresh TROPICAL micro pellet aumenta la eficacia digestiva y favorece una ingesta r\u00e1pida para reducir la contaminaci\u00f3n del agua del acuario.<br \/>\nEste producto facilita la obtenci\u00f3n de una coloraci\u00f3n natural y vibrante, junto con altas tasas de crecimiento y una reproducci\u00f3n satisfactoria para este tipo de peces.<\/p>\n<h3><span style=\"color: #228bca;\"><strong>CARACTER\u00cdSTICAS:<\/strong><\/span><\/h3>\n<p><strong>100% naturalmente nutritivo y formulado para una palatabilidad<\/strong> superior Formulado con un alto contenido de gambas espada silvestres (hasta un 40%), calamar fresco, espirulina natural, ajo reci\u00e9n recolectado, adem\u00e1s de una mezcla de ingredientes naturales cuidadosamente seleccionados, esta formulaci\u00f3n ofrece una alta palatabilidad y valor nutritivo para una variedad de peces tropicales peque\u00f1os y quisquillosos (characines).<br \/>\nLa<strong>ingesta r\u00e1pida mantiene el agua limpia<\/strong> 10 horas de procesamiento a baja temperatura y mejorada con probi\u00f3ticos intestinales, esta formulaci\u00f3n conserva los sabores naturales y los ricos valores nutricionales de los ingredientes frescos.<br \/>\nEst\u00e1 dise\u00f1ado para ablandarse r\u00e1pidamente una vez en el agua, pero no se desintegra y enturbia el agua.<br \/>\nSu f\u00e1cil ingesti\u00f3n por los peces facilita la digesti\u00f3n y la absorci\u00f3n completa de nutrientes, reduciendo as\u00ed la excreci\u00f3n de residuos.<br \/>\n<strong>Coloraci\u00f3n natural (6% espirulina australiana + alga noruega)<\/strong> La formulaci\u00f3n patentada de espirulina australiana, alga natural y gambas espada frescas de primera calidad realza la coloraci\u00f3n natural de tus peces, present\u00e1ndolos en sus colores m\u00e1s naturales y vivos, sin matices moteados.<br \/>\n<strong>Polisac\u00e1ridos<\/strong> de Ganoderma<strong>, ajo y vitamina del grupo B a\u00f1adidos para potenciar la inmunidad<\/strong> F\u00f3rmula de primera calidad para potenciar la inmunidad: rica en valiosos nutrientes como polisac\u00e1ridos de Ganoderma, ajo, espirulina australiana, vitamina A, D<br \/>\n<sub>3<\/sub>, C, E,<sub>B1<\/sub>,<sub>B2<\/sub>, <sub>B6<\/sub> y <sub>B12<\/sub>), \u03b2-caroteno, minerales naturales y oligoelementos para fortalecer el sistema inmunitario de tus peces, estimular el metabolismo, aumentar la energ\u00eda y reducir las enfermedades.<br \/>\n<strong>Polisac\u00e1ridos<\/strong> de Ganoderma<strong>, ajo y vitamina del grupo B a\u00f1adidos para reforzar la inmunidad<\/strong> F\u00f3rmula de refuerzo inmunitario de primera calidad: rica en valiosos nutrientes como polisac\u00e1ridos de Ganoderma, ajo, espirulina australiana, vitamina A, D3, C, E, B1, B2, B6 y B12), \u03b2-caroteno, minerales naturales y oligoelementos para reforzar el sistema inmunitario de tus peces, estimular el metabolismo, aumentar la energ\u00eda y reducir las enfermedades.<br \/>\n<strong>Presentaciones:<\/strong><strong>UF86002<\/strong> \/ Microgranulado tropical 120ml \/ 53g<br \/>\n<strong>UF86003<\/strong> \/ Microgranulado tropical 330 ml \/ 130 g<br \/>\n<strong>UF86004E<\/strong> \/ Microgranulado tropical 1.150ml \/ 450g<\/p>\n<p><span style=\"color: #000000;\">Ultra Fresh Betta PRO shrimp patties <\/span>pertenecen a la l\u00ednea de productos<a title=\"Ultra Fresco\" href=\"https:\/\/ultra-fresh.tw\/\" target=\"_blank\" rel=\"noopener\">Ultra Fresh<\/a> de la marca<a href=\"https:\/\/www.azoo-aqua.com\/\" target=\"_blank\" rel=\"noopener\">AZOO<\/a> y distribuidos por <a href=\"https:\/\/azpez.virtualcodeveloper.com\/azpez\/\" target=\"_blank\" rel=\"noopener\">AZOO EUROPA<\/a><\/p>\n<h3><span style=\"color: #228bca;\">AN\u00c1LISIS <strong>GARANTIZADO <\/strong>:<\/span><\/h3>\n<p>Vitamina A: 18.900 UI\/kg Vitamina B<br \/>\n<sub>1<\/sub>: 3,3 mg\/kg Vitamina B<br \/>\n<sub>2<\/sub>: 9,6 mg\/kg Vitamina B<br \/>\n<sub>6<\/sub>: 6 mg\/kg Vitamina B<br \/>\n<sub>12<\/sub>: 0,03 mg\/kg Vitamina D<br \/>\n<sub>3<\/sub>: 3.390 UI\/kg Vitamina C: 500 mg\/kg Vitamina E: 48 mg\/kg Prote\u00edna bruta (m\u00edn.) 45% Grasa bruta (m\u00edn.) 3,8% Fibra bruta (m\u00e1x): 3,6% Humedad (m\u00edn): 3% F\u00f3sforo (m\u00edn): 1%<\/p>\n<h3><span style=\"color: #228bca;\">COMPOSICI\u00d3N:<\/span><\/h3>\n<p>Polisac\u00e1ridos de Ganoderma, cangrejo, calamar, espirulina, ajo, germen de trigo, gambas, pescado fresco, algas noruegas, germen de trigo, ma\u00edz, soja, levadura, sustancias minerales, vitaminas (A, <sub>D3<\/sub>, C, E, B1,<sub>B2<\/sub>, <sub>B6<\/sub> y <sub>B12<\/sub>), \u03b2-caroteno, \u00e1cido f\u00f3lico, \u00e1cido nicot\u00ednico, \u00e1cido pantot\u00e9nico y EAA (metionina, lisina).<\/p>\n<p><iframe title=\"ultra fresh tropical micro 02 pellet video\" width=\"800\" height=\"450\" src=\"https:\/\/www.youtube.com\/embed\/q_BhCuXer1E?feature=oembed\" frameborder=\"0\" allow=\"accelerometer; autoplay; clipboard-write; encrypted-media; gyroscope; picture-in-picture; web-share\" referrerpolicy=\"strict-origin-when-cross-origin\" allowfullscreen><\/iframe><\/p>\n<h3><span style=\"color: #228bca;\">INSTRUCCIONES DE USO:<\/span><\/h3>\n<p>Se puede suministrar Ultra fresh TROPICAL micro pellet 2 \u00f3 3 veces al d\u00eda, pero s\u00f3lo la cantidad que los peces puedan consumir en 30 minutos. Aunque la f\u00f3rmula AZOO PLUS Ultra-Fresh reduce la contaminaci\u00f3n del acuario, recomendamos retirar con una red cualquier resto de comida no consumida para preservar la calidad del agua. Este envase tiene una banda de garant\u00eda. Una vez abierto, no es necesario refrigerarlo, pero debe permanecer herm\u00e9ticamente cerrado en un lugar fresco y seco para conservar sus propiedades nutritivas. Evita colocar el recipiente en zonas h\u00famedas o calientes, como encima de la l\u00e1mpara o de la tapa del acuario. <strong>Para garantizar tanto la calidad como la seguridad sanitaria de tu pescado, es muy recomendable no tocar nunca la comida con las manos. <\/strong><\/p>\n<p><strong>Por eso, los recipientes para pellets Ultra Fresh de 60 ml, 120 ml y 330 ml incluyen un tap\u00f3n dosificador adaptable a las necesidades espec\u00edficas de tus peces. <\/strong><\/p>\n<p><strong>Estas tapas contienen 12 orificios premarcados (7 de 3 mm, 4 de 4 m y uno de 15 x 7 mm).<br \/>\nElige la opci\u00f3n m\u00e1s conveniente para tu acuario, seg\u00fan el tama\u00f1o de la comida y la cantidad de cada toma. <\/strong><\/p>\n<p><strong>Los envases que contienen sticks son de 1.150 ml e incluyen en su interior una cuchara del tama\u00f1o adecuado (2 ml y 1,5 ml de capacidad para dosificar tu comida con precisi\u00f3n y seguridad.<\/strong><\/p>\n<figure id=\"attachment_3668\" aria-describedby=\"caption-attachment-3668\" style=\"width: 400px\" class=\"wp-caption alignnone\"><img decoding=\"async\" class=\"size-medium wp-image-1011\" src=\"https:\/\/azooeurope.com\/wp-content\/uploads\/\/ultra_fresh_tropical_micro_pellet_12-400x400.jpg\" alt=\"Ultra Fresh TROPICAL micro pellet\" width=\"400\" height=\"400\" srcset=\"https:\/\/azooeurope.com\/wp-content\/uploads\/ultra_fresh_tropical_micro_pellet_12-400x400.jpg 400w, https:\/\/azooeurope.com\/wp-content\/uploads\/ultra_fresh_tropical_micro_pellet_12-768x768.jpg 768w, https:\/\/azooeurope.com\/wp-content\/uploads\/ultra_fresh_tropical_micro_pellet_12-300x300.jpg 300w, https:\/\/azooeurope.com\/wp-content\/uploads\/ultra_fresh_tropical_micro_pellet_12-600x600.jpg 600w, https:\/\/azooeurope.com\/wp-content\/uploads\/ultra_fresh_tropical_micro_pellet_12-100x100.jpg 100w, https:\/\/azooeurope.com\/wp-content\/uploads\/ultra_fresh_tropical_micro_pellet_12.jpg 1250w\" sizes=\"(max-width: 400px) 100vw, 400px\" \/><figcaption id=\"caption-attachment-3668\" class=\"wp-caption-text\">Microgranulado TROPICAL Ultra FreshEXPIRACI\u00d3N<\/figcaption><\/figure>\n<p><strong>:<\/strong> Comprueba la fecha de caducidad situada en la parte inferior de la etiqueta del envase.<br \/>\nSi se supera esta fecha, las propiedades nutritivas disminuyen significativamente, por lo que recomendamos sustituir el alimento. <strong>NO APTO PARA EL CONSUMO HUMANO. S\u00d3LO PARA PECES ORNAMENTALES.<\/strong><\/p>\n<p><strong>ADVERTENCIA:<\/strong> Las im\u00e1genes que proporcionamos de estos alimentos equilibrados son meramente informativas y deben tomarse \u00fanicamente como referencia, ya que el fabricante se reserva el derecho a modificar las etiquetas o el formato de sus productos sin previo aviso.<\/p>\n<h3><span style=\"color: #228bca;\">FABRICACI\u00d3N:<\/span><\/h3>\n<p>Fabricado en Taiw\u00e1n por Taikon Corp. (AZOO)<\/p>\n","protected":false},"excerpt":{"rendered":"<p>TROPICAL micro pellet Ultra Fresh TROPICAL micro pellet &nbsp; 100% Prote\u00edna totalmente natural de carne fresca, verduras y algas marinas 60% \uff37Langostinos espada + calamares 6% Espirulina natural + algas marinas 0% Aditivos, colorantes artificiales o subproductos Proporci\u00f3n carne\/vegetales a 9:1 Tipo de hundimiento lento Tama\u00f1o: \u00d8 0,6 mm Ultra Fresh TROPICAL micropelletMejorpara una variedad [&hellip;]<\/p>\n","protected":false},"featured_media":3638,"comment_status":"open","ping_status":"closed","template":"","meta":{"rank_math_lock_modified_date":false},"product_cat":[1039,987],"product_tag":[1020,1004,1015,998,1011,1001,1050,997,1051,1018,1058,1095,1071,1055,1022,994,1140,1144,1143,1146,1026,1042,860,1037,1034,1030,1031,1044],"class_list":{"0":"post-5417","1":"product","2":"type-product","3":"status-publish","4":"has-post-thumbnail","6":"product_cat-peces-tropicales","7":"product_cat-ultra-fresh","8":"product_tag-ajo","9":"product_tag-algas-marinas","10":"product_tag-algas-noruegas","11":"product_tag-calamar","12":"product_tag-espirulina-australiana","13":"product_tag-espirulina-natural","14":"product_tag-gambas-espada-es","15":"product_tag-gambas-espada-salvajes","16":"product_tag-gambas-jingou","17":"product_tag-ganoderma-es","18":"product_tag-minerales-y-vitaminas","19":"product_tag-peces-carnivoros","20":"product_tag-peces-tropicales","21":"product_tag-pescado-fresco","22":"product_tag-polisacaridos-de-ganoderma","23":"product_tag-proteina-100-natural","24":"product_tag-tipo-flotante","25":"product_tag-uf86002-es","26":"product_tag-uf86003-es","27":"product_tag-uf86004e-es","28":"product_tag-vitamina-a-vitamina-d3","29":"product_tag-vitamina-b12","30":"product_tag-vitamina-b2-es","31":"product_tag-vitamina-b6","32":"product_tag-vitamina-bq","33":"product_tag-vitamina-c","34":"product_tag-vitamina-e","35":"product_tag--caroteno","37":"first","38":"instock","39":"shipping-taxable","40":"product-type-simple"},"_links":{"self":[{"href":"https:\/\/azooeurope.com\/es\/wp-json\/wp\/v2\/product\/5417","targetHints":{"allow":["GET"]}}],"collection":[{"href":"https:\/\/azooeurope.com\/es\/wp-json\/wp\/v2\/product"}],"about":[{"href":"https:\/\/azooeurope.com\/es\/wp-json\/wp\/v2\/types\/product"}],"replies":[{"embeddable":true,"href":"https:\/\/azooeurope.com\/es\/wp-json\/wp\/v2\/comments?post=5417"}],"wp:featuredmedia":[{"embeddable":true,"href":"https:\/\/azooeurope.com\/es\/wp-json\/wp\/v2\/media\/3638"}],"wp:attachment":[{"href":"https:\/\/azooeurope.com\/es\/wp-json\/wp\/v2\/media?parent=5417"}],"wp:term":[{"taxonomy":"product_cat","embeddable":true,"href":"https:\/\/azooeurope.com\/es\/wp-json\/wp\/v2\/product_cat?post=5417"},{"taxonomy":"product_tag","embeddable":true,"href":"https:\/\/azooeurope.com\/es\/wp-json\/wp\/v2\/product_tag?post=5417"}],"curies":[{"name":"wp","href":"https:\/\/api.w.org\/{rel}","templated":true}]}}