{"id":5398,"date":"2024-03-09T08:23:07","date_gmt":"2024-03-09T07:23:07","guid":{"rendered":"https:\/\/infallible-hoover.188-95-114-6.plesk.page\/producto\/carnivoro-pastel-de-gambas\/"},"modified":"2024-10-03T13:09:38","modified_gmt":"2024-10-03T11:09:38","slug":"carnivoro-pastel-de-gambas","status":"publish","type":"product","link":"https:\/\/azooeurope.com\/es\/producto\/carnivoro-pastel-de-gambas\/","title":{"rendered":"CARNIVOROUS shrimp pie"},"content":{"rendered":"<h1><strong><span style=\"color: #0e509a;\">CARNIVOROUS<\/span><\/strong><\/h1>\n<h1><strong><span style=\"color: #0e509a;\"> shrimp pie<\/span><\/strong><\/h1>\n<h2><span style=\"color: #0e509a;\">Ultra Fresh CARNIVOROUS shrimp pie es el mejor para todo tipo de peces tropicales carn\u00edvoros que se alimentan en el fondo, como los plecos carn\u00edvoros, los siluros corydoras, las rayas de agua dulce, los tetraodones, los bichires y los siluros.<\/span><\/h2>\n<p>&nbsp;<\/p>\n<ul>\n<li>\n<h3><span style=\"color: #228bca;\">100% Prote\u00edna totalmente natural de carne fresca, verduras y algas marinas<\/span><\/h3>\n<\/li>\n<li>\n<h3><span style=\"color: #228bca;\">60% Gambas espada salvajes + calamares<\/span><\/h3>\n<\/li>\n<li>\n<h3><span style=\"color: #228bca;\">13% Espirulina natural + algas marinas<\/span><\/h3>\n<\/li>\n<li>\n<h3><span style=\"color: #228bca;\">0% Aditivos, colorantes artificiales o subproductos<\/span><\/h3>\n<\/li>\n<li>\n<h3><span style=\"color: #228bca;\">Proporci\u00f3n carne\/vegetales a 9:1<\/span><\/h3>\n<\/li>\n<li>\n<h3><span style=\"color: #228bca;\">Tipo de hundimiento<\/span><\/h3>\n<\/li>\n<li>\n<h3><span style=\"color: #228bca;\">Tama\u00f1o: \u00d8 6&#215;3 mm<\/span><\/h3>\n<\/li>\n<\/ul>\n<p><img fetchpriority=\"high\" decoding=\"async\" class=\"size-medium wp-image-922\" src=\"https:\/\/azooeurope.com\/wp-content\/uploads\/\/ultra_fresh_carnivorous_shrimp_pie_09-400x214.png\" alt=\"Ultra Fresh CARNIVOROUS shrimp pie\" width=\"400\" height=\"214\" srcset=\"https:\/\/azooeurope.com\/wp-content\/uploads\/ultra_fresh_carnivorous_shrimp_pie_09-400x214.png 400w, https:\/\/azooeurope.com\/wp-content\/uploads\/ultra_fresh_carnivorous_shrimp_pie_09.png 450w\" sizes=\"(max-width: 400px) 100vw, 400px\" \/><\/p>\n<p><strong>100% naturalmente nutritivo y formulado para una palatabilidad<\/strong> superior El pastel de gambas CARN\u00cdVORAS est\u00e1 formulado con un alto contenido de gambas espada salvajes (hasta un 40%), calamar fresco, espirulina natural, ajo reci\u00e9n recolectado, adem\u00e1s de una mezcla de ingredientes naturales cuidadosamente seleccionados.<br \/>\nEsta formulaci\u00f3n proporciona una alta palatabilidad y valores nutricionales para todo tipo de peces tropicales carn\u00edvoros que se alimentan en el fondo, como plecos carn\u00edvoros, bagres corydoras, rayas de agua dulce, tetraodones, bichires y siluros. <strong>Pastel de gambas que se ablanda r\u00e1pidamente en el agua y mantiene su forma sin desintegrarse incluso despu\u00e9s de 24 horas para un agua cristalina<\/strong> Insistimos en un procesamiento totalmente natural.<br \/>\nSin coagulantes, el delicioso pastel de gambas se crea amasando constantemente masa de harina fresca y 10 horas de proceso de horneado a baja temperatura.<br \/>\nReforzado con probi\u00f3ticos intestinales, el pastel de gambas se ablanda r\u00e1pidamente en el agua para facilitar su ingesta y no se desintegra ni siquiera despu\u00e9s de 24 horas.<br \/>\nManteniendo siempre el agua limpia, esta formulaci\u00f3n conserva los sabores y valores nutricionales originales de los ingredientes frescos y facilita la ingesta y digesti\u00f3n de los peces para una completa absorci\u00f3n de nutrientes, reduciendo as\u00ed la excreci\u00f3n de residuos.<br \/>\n<strong>Coloraci\u00f3n natural (13% espirulina australiana + alga noruega)<\/strong> La formulaci\u00f3n patentada de espirulina australiana, alga natural y gambas espada frescas de primera calidad realza la coloraci\u00f3n natural de tus peces, present\u00e1ndolos en sus colores m\u00e1s naturales y vivos, sin matices moteados.<br \/>\n<strong>Polisac\u00e1ridos<\/strong> de Ganoderma<strong>, ajo y vitamina del grupo B a\u00f1adidos para potenciar la inmunidad<\/strong> F\u00f3rmula de primera calidad para potenciar la inmunidad: rica en valiosos nutrientes como polisac\u00e1ridos de Ganoderma, ajo, espirulina australiana, vitamina A, D3, C, E, B1, B2, B6 y B12), \u03b2-caroteno, minerales naturales y oligoelementos para fortalecer el sistema inmunitario de tus peces, potenciar el metabolismo, aumentar la energ\u00eda y reducir las enfermedades.<br \/>\n<iframe title=\"ultra fresh carnivorous shrimp pie video 01\" width=\"800\" height=\"450\" src=\"https:\/\/www.youtube.com\/embed\/fpnvhxB4c7U?feature=oembed\" frameborder=\"0\" allow=\"accelerometer; autoplay; clipboard-write; encrypted-media; gyroscope; picture-in-picture; web-share\" referrerpolicy=\"strict-origin-when-cross-origin\" allowfullscreen><\/iframe><\/p>\n<h3><span style=\"color: #228bca;\"><strong>CARACTER\u00cdSTICAS<\/strong><\/span><span style=\"color: #228bca;\">:<\/span><\/h3>\n<p><strong>Presentaciones:<\/strong><strong>UF86050<\/strong> \/ Pastel de gambas carn\u00edvoras 330 ml\/130g <strong>UF86051<\/strong> \/ Pastel de gambas carn\u00edvoras 1.150ml\/ 460g Ultra Fresh CARNIVOROUS shrimp pie pertenece a la l\u00ednea de productos<a title=\"Ultra Fresco\" href=\"https:\/\/ultra-fresh.tw\/\" target=\"_blank\" rel=\"noopener\">Ultra Fresh<\/a> de la marca<a href=\"https:\/\/www.azoo-aqua.com\/\" target=\"_blank\" rel=\"noopener\">AZOO<\/a> y distribuidos por <a href=\"https:\/\/azpez.virtualcodeveloper.com\/azpez\/\" target=\"_blank\" rel=\"noopener\">AZOO EUROPA<\/a><\/p>\n<h3><strong><span style=\"color: #228bca;\">AN\u00c1LISIS GARANTIZADO:<\/span><\/strong><\/h3>\n<p>Vitamina A: 44.100 UI\/kg Vitamina B<br \/>\n<sub>1<\/sub>: 7,7 mg\/kg Vitamina B<br \/>\n<sub>2<\/sub>: 22,4 mg\/kg Vitamina B<br \/>\n<sub>6<\/sub>: 14 mg\/kg Vitamina B<br \/>\n<sub>12<\/sub>: 0,07 mg\/kg Vitamina D<br \/>\n<sub>3<\/sub>: 7910 UI\/kg Vitamina C: 1.200 mg\/kg Vitamina E: 112 mg\/kg Prote\u00edna bruta (m\u00edn.) 45% Grasa bruta (m\u00edn.): 5% Fibra bruta (m\u00e1x): 5,8% Humedad (m\u00edn): 3% F\u00f3sforo (m\u00edn): 1%<\/p>\n<h3><span style=\"color: #228bca;\">COMPOSICI\u00d3N:<\/span><\/h3>\n<p>Gambas espada, calamares, gambas Jingou, espirulina australiana, ajo, polisac\u00e1ridos de Ganoderma, pescado fresco, algas noruegas, germen de trigo, ma\u00edz, soja, levadura, minerales y vitaminas (A, D<br \/>\n<sub>3<\/sub>, C, E,<sub>B1<\/sub>,<sub>B2<\/sub>, <sub>B6<\/sub> y <sub>B12<\/sub>), \u03b2-caroteno, \u00e1cido f\u00f3lico, niacina, \u00e1cido pantot\u00e9nico, EAA (metionina y lisina).<\/p>\n<h3><span style=\"color: #228bca;\">INSTRUCCIONES DE USO:<\/span><\/h3>\n<p>Se puede suministrar pastel de gambas CARN\u00cdVORAS 2 \u00f3 3 veces al d\u00eda, pero s\u00f3lo la cantidad que los peces puedan consumir en 30 minutos.<br \/>\nAunque la f\u00f3rmula AZOO PLUS Ultra-Fresh reduce la contaminaci\u00f3n del acuario, recomendamos retirar con una red los restos de comida que no se hayan comido para preservar la calidad del agua.<br \/>\nEste envase tiene una banda de garant\u00eda.<br \/>\nUna vez abierto, no es necesario refrigerarlo, pero debe permanecer herm\u00e9ticamente cerrado en un lugar fresco y seco para conservar sus propiedades nutritivas.<br \/>\nEvita colocar el recipiente en zonas h\u00famedas o calientes, como encima de la l\u00e1mpara o de la tapa del acuario. <strong>Para garantizar tanto la calidad como la seguridad sanitaria de tu pescado, es muy recomendable no tocar nunca la comida con las manos. <\/strong><\/p>\n<p><strong>Por eso, los recipientes para pellets Ultra Fresh de 60 ml, 120 ml y 330 ml incluyen un tap\u00f3n dosificador adaptable a las necesidades espec\u00edficas de tus peces. <\/strong><\/p>\n<p><strong>Estas tapas contienen 12 orificios premarcados (7 de 3 mm, 4 de 4 m y uno de 15 x 7 mm).<br \/>\nElige la opci\u00f3n m\u00e1s conveniente para tu acuario, seg\u00fan el tama\u00f1o de la comida y la cantidad de cada toma. <\/strong><\/p>\n<p><strong>Los envases que contienen sticks son de 1.150 ml e incluyen en su interior una cuchara del tama\u00f1o adecuado (capacidad de 2 ml y 1,5 ml para dosificar tus alimentos con precisi\u00f3n y seguridad.<\/strong><\/p>\n<figure id=\"attachment_3470\" aria-describedby=\"caption-attachment-3470\" style=\"width: 400px\" class=\"wp-caption alignnone\"><img decoding=\"async\" class=\"wp-image-923 size-medium\" src=\"https:\/\/azooeurope.com\/wp-content\/uploads\/\/ultra_fresh_carnivorous_shrimp_pie_10-400x400.jpg\" alt=\"Pastel de gambas CARNIVOROUS Ultra Fresh\" width=\"400\" height=\"400\" srcset=\"https:\/\/azooeurope.com\/wp-content\/uploads\/ultra_fresh_carnivorous_shrimp_pie_10-400x400.jpg 400w, https:\/\/azooeurope.com\/wp-content\/uploads\/ultra_fresh_carnivorous_shrimp_pie_10-768x768.jpg 768w, https:\/\/azooeurope.com\/wp-content\/uploads\/ultra_fresh_carnivorous_shrimp_pie_10-300x300.jpg 300w, https:\/\/azooeurope.com\/wp-content\/uploads\/ultra_fresh_carnivorous_shrimp_pie_10-600x600.jpg 600w, https:\/\/azooeurope.com\/wp-content\/uploads\/ultra_fresh_carnivorous_shrimp_pie_10-100x100.jpg 100w, https:\/\/azooeurope.com\/wp-content\/uploads\/ultra_fresh_carnivorous_shrimp_pie_10.jpg 1250w\" sizes=\"(max-width: 400px) 100vw, 400px\" \/><figcaption id=\"caption-attachment-3470\" class=\"wp-caption-text\">Sistema de dosificaci\u00f3n Ultra Fresh<\/figcaption><\/figure>\n<p><strong>CADUCIDAD:<\/strong> Comprueba la fecha de caducidad situada en la parte inferior de la etiqueta del envase.<br \/>\nSi se supera esta fecha, las propiedades nutritivas disminuyen significativamente, por lo que recomendamos sustituir el alimento. <strong>NO APTO PARA EL CONSUMO HUMANO. S\u00d3LO PARA PECES ORNAMENTALES.<\/strong><\/p>\n<p><strong>ADVERTENCIA:<\/strong> Las im\u00e1genes que proporcionamos de estos alimentos equilibrados son meramente informativas y deben tomarse \u00fanicamente como referencia, ya que el fabricante se reserva el derecho a modificar las etiquetas o el formato de sus productos sin previo aviso.<\/p>\n<h3><span style=\"color: #228bca;\">FABRICACI\u00d3N:<\/span><\/h3>\n<p>Fabricado en Taiw\u00e1n por Taikon Corp. (AZOO)<\/p>\n","protected":false},"excerpt":{"rendered":"<p>CARNIVOROUS shrimp pie Ultra Fresh CARNIVOROUS shrimp pie es el mejor para todo tipo de peces tropicales carn\u00edvoros que se alimentan en el fondo, como los plecos carn\u00edvoros, los siluros corydoras, las rayas de agua dulce, los tetraodones, los bichires y los siluros. &nbsp; 100% Prote\u00edna totalmente natural de carne fresca, verduras y algas marinas [&hellip;]<\/p>\n","protected":false},"featured_media":3443,"comment_status":"open","ping_status":"closed","template":"","meta":{"rank_math_lock_modified_date":false},"product_cat":[988,987],"product_tag":[1020,1004,1015,998,992,1011,1001,1050,997,1051,1018,1058,1055,1022,994,1007,989,990,991,1026,1042,860,1037,1034,1030,1031,1044],"class_list":{"0":"post-5398","1":"product","2":"type-product","3":"status-publish","4":"has-post-thumbnail","6":"product_cat-peces-de-fondo","7":"product_cat-ultra-fresh","8":"product_tag-ajo","9":"product_tag-algas-marinas","10":"product_tag-algas-noruegas","11":"product_tag-calamar","12":"product_tag-carnivoro-pastel-de-gambas","13":"product_tag-espirulina-australiana","14":"product_tag-espirulina-natural","15":"product_tag-gambas-espada-es","16":"product_tag-gambas-espada-salvajes","17":"product_tag-gambas-jingou","18":"product_tag-ganoderma-es","19":"product_tag-minerales-y-vitaminas","20":"product_tag-pescado-fresco","21":"product_tag-polisacaridos-de-ganoderma","22":"product_tag-proteina-100-natural","23":"product_tag-tipo-de-hundimiento","24":"product_tag-uf86050-es","25":"product_tag-uf86052-es","26":"product_tag-ultra-fresco","27":"product_tag-vitamina-a-vitamina-d3","28":"product_tag-vitamina-b12","29":"product_tag-vitamina-b2-es","30":"product_tag-vitamina-b6","31":"product_tag-vitamina-bq","32":"product_tag-vitamina-c","33":"product_tag-vitamina-e","34":"product_tag--caroteno","36":"first","37":"instock","38":"shipping-taxable","39":"product-type-simple"},"_links":{"self":[{"href":"https:\/\/azooeurope.com\/es\/wp-json\/wp\/v2\/product\/5398","targetHints":{"allow":["GET"]}}],"collection":[{"href":"https:\/\/azooeurope.com\/es\/wp-json\/wp\/v2\/product"}],"about":[{"href":"https:\/\/azooeurope.com\/es\/wp-json\/wp\/v2\/types\/product"}],"replies":[{"embeddable":true,"href":"https:\/\/azooeurope.com\/es\/wp-json\/wp\/v2\/comments?post=5398"}],"wp:featuredmedia":[{"embeddable":true,"href":"https:\/\/azooeurope.com\/es\/wp-json\/wp\/v2\/media\/3443"}],"wp:attachment":[{"href":"https:\/\/azooeurope.com\/es\/wp-json\/wp\/v2\/media?parent=5398"}],"wp:term":[{"taxonomy":"product_cat","embeddable":true,"href":"https:\/\/azooeurope.com\/es\/wp-json\/wp\/v2\/product_cat?post=5398"},{"taxonomy":"product_tag","embeddable":true,"href":"https:\/\/azooeurope.com\/es\/wp-json\/wp\/v2\/product_tag?post=5398"}],"curies":[{"name":"wp","href":"https:\/\/api.w.org\/{rel}","templated":true}]}}