{"id":5397,"date":"2024-02-29T16:06:04","date_gmt":"2024-02-29T15:06:04","guid":{"rendered":"https:\/\/infallible-hoover.188-95-114-6.plesk.page\/producto\/azoo-plus-betta-cocina\/"},"modified":"2024-10-03T13:26:51","modified_gmt":"2024-10-03T11:26:51","slug":"azoo-plus-betta-cocina","status":"publish","type":"product","link":"https:\/\/azooeurope.com\/es\/producto\/azoo-plus-betta-cocina\/","title":{"rendered":"AZOO Plus Betta Cuisine"},"content":{"rendered":"<h1><strong><span style=\"color: #0e509a;\">AZOO Plus Betta Cuisine<\/span><\/strong><\/h1>\n<ul>\n<li>\n<h3><span style=\"color: #228bca;\">AZOO Plus Betta Cuisine es un alimento Super Premium dise\u00f1ado espec\u00edficamente para peces Betta.<\/span><\/h3>\n<\/li>\n<li>\n<h3><span style=\"color: #228bca;\">Pellets premium de hundimiento lento para peces Betta.<\/span><\/h3>\n<\/li>\n<li>\n<h3><span style=\"color: #228bca;\">AZOO Plus Betta Cuisine Contiene una f\u00f3rmula equilibrada que favorece el crecimiento y la coloraci\u00f3n mediante carotenoides naturales.<\/span><\/h3>\n<\/li>\n<li>\n<h3><span style=\"color: #228bca;\">Fabricado con la tecnolog\u00eda m\u00e1s avanzada y exclusiva, contiene una f\u00f3rmula que refuerza el sistema inmunitario.<br \/>\nLa dieta de los peces Betta es bastante particular. <\/span><\/h3>\n<\/li>\n<\/ul>\n<p><img fetchpriority=\"high\" decoding=\"async\" class=\"size-medium wp-image-883\" src=\"https:\/\/azooeurope.com\/wp-content\/uploads\/\/azoo_plus_ultra_fresh_features_02-400x214.png\" alt=\"AZOO Plus Betta Cuisine\" width=\"400\" height=\"214\" srcset=\"https:\/\/azooeurope.com\/wp-content\/uploads\/azoo_plus_ultra_fresh_features_02-400x214.png 400w, https:\/\/azooeurope.com\/wp-content\/uploads\/azoo_plus_ultra_fresh_features_02.png 450w\" sizes=\"(max-width: 400px) 100vw, 400px\" \/><\/p>\n<p>Los peces Betta se alimentan en la superficie, consumiendo lentamente con sus diminutas bocas un alimento de origen animal rico en prote\u00ednas.<br \/>\nDe hecho, estos peces se alimentan en la naturaleza de nutritivas larvas de mosquito y otros peque\u00f1os insectos que se posan en la superficie del agua.<br \/>\nPor esta raz\u00f3n, estos peces no pueden comer cualquier alimento equilibrado, sino que necesitan uno adaptado espec\u00edficamente a ellos.<br \/>\nEl tama\u00f1o, la flotabilidad y la palatabilidad de los Betta Pellets se adaptan perfectamente a los h\u00e1bitos alimentarios de los peces Betta y otros peque\u00f1os peces laberinto.<br \/>\nAZOO Plus Betta Cuisine contiene pigmentos naturales que ayudan a realzar la coloraci\u00f3n t\u00edpica de estos peces. <strong>Presentaciones:<\/strong><strong>AZ80221<\/strong> \/ AZOO Plus Betta Cuisine 60ml \/ 25g AZOO Plus Betta Cuisine pertenece a la l\u00ednea de productos <a href=\"https:\/\/azpez.virtualcodeveloper.com\/azpez\/azoo-europe\/\" target=\"_blank\" rel=\"noopener\">AZOO Plus<\/a> de la marca <a href=\"https:\/\/www.azoo-aqua.com\/\" target=\"_blank\" rel=\"noopener\">AZOO<\/a>.<br \/>\nSu f\u00f3rmula est\u00e1 enriquecida con <strong>\u00df-Glucano<\/strong>.<br \/>\nEste ingrediente se extrae del hongo Ganoderma lucidum y refuerza el desarrollo inmunitario de los peces frente a los agentes pat\u00f3genos, activando el sistema inmunitario natural del mismo organismo.<br \/>\nPuedes complementar este producto con otros alimentos equilibrados espec\u00edficos de la marca Ultra Fresh.<\/p>\n<h3><span style=\"color: #228bca;\"><strong>INGREDIENTES SELECCIONADOS de AZOO Plus Betta Cuisine:<\/strong><\/span><\/h3>\n<p>Harina de pescado y ma\u00edz, espirulina, harina de calamar, h\u00edgado de pescado en polvo, aceite de pescado, Krill, astaxantina, carotenoides, PSB, levadura en polvo, glucano, multivitaminas y minerales.<br \/>\n<strong>Los beneficios del \u00df-Glucano:<\/strong> El \u00df-glucano es un polisac\u00e1rido extra\u00eddo del hongo Ganoderma lucidum.<br \/>\nEste compuesto org\u00e1nico ha demostrado tener propiedades muy beneficiosas para el sistema inmunitario de las gambas, que han sido ampliamente confirmadas en diversos estudios de investigaci\u00f3n cient\u00edfica.<br \/>\nEl resultado de este suplemento diet\u00e9tico para peces es una resistencia a las enfermedades y una tasa de supervivencia mucho mayores, lo que reduce dr\u00e1sticamente el contagio de enfermedades.<\/p>\n<h3><span style=\"color: #228bca;\"><strong>AN\u00c1LISIS GARANTIZADO de la harina de gamba Azoo Max:<\/strong><\/span><\/h3>\n<p>Prote\u00edna bruta: 49,5% (M\u00edn.) Grasa bruta: 5,6% (M\u00edn.) Fibra bruta: 8% (M\u00e1x.) Ceniza: 8% (M\u00e1x.) Humedad: 8% (M\u00e1x.) E.L.N .: 15% S\u00edguenos en nuestras redes sociales para estar al d\u00eda de las \u00faltimas noticias y de toda la informaci\u00f3n interesante sobre nuestra marca y la acuariofilia en <a href=\"https:\/\/www.facebook.com\/profile.php?id=61555599587010&amp;locale=es_ES\" target=\"_blank\" rel=\"noopener\">Facebook<\/a>, <a href=\"https:\/\/www.youtube.com\/@AZOOEurope\/videos\" target=\"_blank\" rel=\"noopener\">YouTube<\/a> e <a href=\"https:\/\/www.instagram.com\/azooeurope\/\" target=\"_blank\" rel=\"noopener\">Instagram<\/a>.<br \/>\nPuedes complementar este producto con otros alimentos equilibrados espec\u00edficos de la marca Ultra Fresh.<\/p>\n<p><iframe title=\"azoo plus presentation\" width=\"800\" height=\"450\" src=\"https:\/\/www.youtube.com\/embed\/gS5bf4C6Nqc?feature=oembed\" frameborder=\"0\" allow=\"accelerometer; autoplay; clipboard-write; encrypted-media; gyroscope; picture-in-picture; web-share\" referrerpolicy=\"strict-origin-when-cross-origin\" allowfullscreen><\/iframe><\/p>\n<h3><\/h3>\n<h3><span style=\"color: #228bca;\">INSTRUCCIONES DE USO:<\/span><\/h3>\n<p>AZOO Betta_Cuisine puede alimentarse 2 \u00f3 3 veces al d\u00eda, pero s\u00f3lo la cantidad que el pez pueda consumir en 2 \u00f3 3 minutos.<br \/>\nEste recipiente tiene una cinta de garant\u00eda.<br \/>\nUna vez abierto, no es necesario refrigerarlo, pero s\u00ed debe permanecer bien cerrado en un lugar fresco y seco para conservar sus propiedades nutritivas.<br \/>\nDebes evitar colocar el recipiente en lugares h\u00famedos o calientes, como encima de la luz o de la tapa del acuario. <strong>CADUCIDAD:<\/strong> Comprueba la fecha de caducidad situada en la parte inferior de la etiqueta del envase.<br \/>\nSi supera esta fecha, las propiedades nutritivas disminuyen considerablemente, por lo que recomendamos sustituir el alimento.<br \/>\nNO ES APTO PARA EL CONSUMO HUMANO DE PECES NI CRUST\u00c1CEOS.<br \/>\nS\u00d3LO PARA GAMBAS Y PECES ORNAMENTALES DE ACUARIO. <strong>FABRICACI\u00d3N:<\/strong> Fabricado en Taiw\u00e1n por Taikon Corp. (AZOO) Aunque la f\u00f3rmula 9 en 1 de AZOO reduce la contaminaci\u00f3n en el acuario, recomendamos retirar con una red cualquier resto de comida no consumida para preservar la calidad del agua.<br \/>\nEste envase tiene un cierre de calidad.<br \/>\nUna vez abierto, no es necesario refrigerar AZOO Betta Cuisine, pero debe conservarse bien cerrado en un lugar fresco y seco para preservar sus propiedades nutritivas.<br \/>\nEvita colocar el recipiente en lugares h\u00famedos o calientes, como encima de una l\u00e1mpara o de la tapa del acuario.<br \/>\nComprueba la fecha de caducidad.<br \/>\nSi ha pasado, las propiedades nutritivas disminuyen considerablemente, por lo que recomendamos desechar el alimento.<br \/>\nAZOO Betta Cuisine NO ES APTO PARA EL CONSUMO HUMANO.<br \/>\nS\u00d3LO PARA PECES ORNAMENTALES DE ACUARIO.<\/p>\n<h3><span style=\"color: #228bca;\">Los peces son lo que comen.<\/span><\/h3>\n<p>Los biotopos naturales donde viven la mayor\u00eda de los peces ofrecen un amplio espectro de fuentes de alimento fresco, sobre todo en los entornos marinos.<br \/>\nAdem\u00e1s, estos entornos son muy heterog\u00e9neos, con variaciones significativas de sus par\u00e1metros nutricionales en cada caso.<br \/>\nLa estacionalidad tambi\u00e9n afecta radicalmente a su dieta, formando a veces ciclos peri\u00f3dicos de alimentaci\u00f3n muy radicales.<br \/>\nAdem\u00e1s, los peces se adaptan a su entorno adquiriendo una morfolog\u00eda variada para capturar, ingerir y digerir el tipo de alimento que consumen, y sus pautas de alimentaci\u00f3n tambi\u00e9n var\u00edan en funci\u00f3n de su etapa de desarrollo.<br \/>\nPor ello, junto con la calidad del agua, el aspecto m\u00e1s importante del mantenimiento de los peces ornamentales en cautividad es la alimentaci\u00f3n.<br \/>\nAsimismo, lograr tasas \u00f3ptimas de crecimiento, desarrollo sano y coloraci\u00f3n, as\u00ed como fomentar la reproducci\u00f3n, suponen un reto a\u00fan mayor.<br \/>\nAZOO abord\u00f3 con \u00e9xito este reto formulando una l\u00ednea completa de alimentos espec\u00edficos para satisfacer todas las necesidades nutricionales de los peces ornamentales a lo largo de sus etapas de crecimiento.<\/p>\n<h3><span style=\"color: #228bca;\">AZOO Plus Betta Cuisine: La clave es la variedad.<\/span><\/h3>\n<p>La filosof\u00eda alimentaria de AZOO consiste en incluir todos los requisitos nutricionales de un grupo espec\u00edfico de peces en una sola part\u00edcula de alimento, garantizando el \u00e9xito de una alimentaci\u00f3n adecuada.<br \/>\nEl tama\u00f1o, la forma, la hidrataci\u00f3n o la flotabilidad de las part\u00edculas de alimento desempe\u00f1an un papel fundamental en la adaptaci\u00f3n al comportamiento alimentario y la morfolog\u00eda de los peces, ya que \u00e9stos var\u00edan entre las distintas especies y grupos de peces.<br \/>\nBocas grandes, bocas peque\u00f1as, depredadores, herb\u00edvoros, comedores de superficie, comedores de fondo, comedores de media agua, comedores voraces, comedores lentos o comedores muy exigentes son aspectos que afectan al formato espec\u00edfico del alimento AZOO.<br \/>\nEstos aspectos, combinados con una formulaci\u00f3n basada en materias primas naturales seleccionadas y m\u00e9todos de fabricaci\u00f3n y conservaci\u00f3n de vanguardia, constituyen la base de la l\u00ednea premium de alimentos para peces ornamentales m\u00e1s avanzada del mercado.<\/p>\n","protected":false},"excerpt":{"rendered":"<p>AZOO Plus Betta Cuisine AZOO Plus Betta Cuisine es un alimento Super Premium dise\u00f1ado espec\u00edficamente para peces Betta. Pellets premium de hundimiento lento para peces Betta. AZOO Plus Betta Cuisine Contiene una f\u00f3rmula equilibrada que favorece el crecimiento y la coloraci\u00f3n mediante carotenoides naturales. Fabricado con la tecnolog\u00eda m\u00e1s avanzada y exclusiva, contiene una f\u00f3rmula [&hellip;]<\/p>\n","protected":false},"featured_media":3359,"comment_status":"open","ping_status":"closed","template":"","meta":{"rank_math_lock_modified_date":false},"product_cat":[459,460,853],"product_tag":[494,750,652,857,986,463,539,902,906,900,905,909,858,916,919,859,860,863,854],"class_list":{"0":"post-5397","1":"product","2":"type-product","3":"status-publish","4":"has-post-thumbnail","6":"product_cat-azoo-europa","7":"product_cat-azoo-plus-es","8":"product_cat-nutricion","9":"product_tag-acondicionador-es-2","10":"product_tag-acuarios-de-agua-dulce","11":"product_tag-algas","12":"product_tag-aminoacidos-es","13":"product_tag-az80221-es","14":"product_tag-azoo-es","15":"product_tag-azoo-plus-es","16":"product_tag-caridina-es","17":"product_tag-espirulina","18":"product_tag-gambas","19":"product_tag-ganoderma-lucidum-es","20":"product_tag-harina-de-gambas","21":"product_tag-multivitaminas-es","22":"product_tag-perdigones-de-hundimiento-rapido","23":"product_tag-sistema-inmunitario","24":"product_tag-s-glucano-es","25":"product_tag-vitamina-b2-es","26":"product_tag-vitamina-k-es","27":"product_tag-vitaminas-es-2","29":"first","30":"instock","31":"shipping-taxable","32":"product-type-simple"},"_links":{"self":[{"href":"https:\/\/azooeurope.com\/es\/wp-json\/wp\/v2\/product\/5397","targetHints":{"allow":["GET"]}}],"collection":[{"href":"https:\/\/azooeurope.com\/es\/wp-json\/wp\/v2\/product"}],"about":[{"href":"https:\/\/azooeurope.com\/es\/wp-json\/wp\/v2\/types\/product"}],"replies":[{"embeddable":true,"href":"https:\/\/azooeurope.com\/es\/wp-json\/wp\/v2\/comments?post=5397"}],"wp:featuredmedia":[{"embeddable":true,"href":"https:\/\/azooeurope.com\/es\/wp-json\/wp\/v2\/media\/3359"}],"wp:attachment":[{"href":"https:\/\/azooeurope.com\/es\/wp-json\/wp\/v2\/media?parent=5397"}],"wp:term":[{"taxonomy":"product_cat","embeddable":true,"href":"https:\/\/azooeurope.com\/es\/wp-json\/wp\/v2\/product_cat?post=5397"},{"taxonomy":"product_tag","embeddable":true,"href":"https:\/\/azooeurope.com\/es\/wp-json\/wp\/v2\/product_tag?post=5397"}],"curies":[{"name":"wp","href":"https:\/\/api.w.org\/{rel}","templated":true}]}}