{"id":5383,"date":"2024-02-27T18:39:14","date_gmt":"2024-02-27T17:39:14","guid":{"rendered":"https:\/\/infallible-hoover.188-95-114-6.plesk.page\/producto\/vitaminas-para-discos\/"},"modified":"2024-10-04T08:43:22","modified_gmt":"2024-10-04T06:43:22","slug":"vitaminas-para-discos","status":"publish","type":"product","link":"https:\/\/azooeurope.com\/es\/producto\/vitaminas-para-discos\/","title":{"rendered":"Discus Vitamins"},"content":{"rendered":"<h1><strong><span style=\"color: #0e509a;\">DISCUS VITAMINS<\/span><\/strong><\/h1>\n<h2><span style=\"color: #0e509a;\">AZOO PLUS Discus Vitamins es un complejo vitam\u00ednico Premium para peces disco que aporta vitaminas esenciales para un crecimiento sano y \u00df-glucano, que refuerza notablemente el sistema inmunitario de los peces.<\/span><\/h2>\n<ul>\n<li>\n<h3><span style=\"color: #228bca;\">Discus Vitamins es un acondicionador de primera calidad especialmente formulado para satisfacer las necesidades nutricionales de los peces disco.<\/span><\/h3>\n<\/li>\n<li>\n<h3><span style=\"color: #228bca;\">Rico en nutrientes, vitaminas y minerales esenciales para favorecer el crecimiento sano de los peces Discus<\/span><\/h3>\n<\/li>\n<li>\n<h3><span style=\"color: #228bca;\">Contiene <span style=\"color: #0e509a;\">\u00df-glucano<\/span>, un polisac\u00e1rido que refuerza notablemente el sistema inmunitario de los peces.<\/span><\/h3>\n<\/li>\n<li>\n<h3><span style=\"color: #228bca;\">Contiene vitaminas importantes que no siempre se proporcionan a nuestros peces con el alimento seco, como el complejo B (<sub>B1<\/sub>,<sub>B2<\/sub>, <sub>B6<\/sub>), vitamina A, D, E, entre otras.<\/span><\/h3>\n<\/li>\n<li>\n<h3><img fetchpriority=\"high\" decoding=\"async\" class=\"alignnone size-medium wp-image-363\" style=\"font-size: 16px;\" src=\"https:\/\/azooeurope.com\/wp-content\/uploads\/\/restricciones_03-400x214.png\" alt=\"\" width=\"400\" height=\"214\" srcset=\"https:\/\/azooeurope.com\/wp-content\/uploads\/restricciones_03-400x214.png 400w, https:\/\/azooeurope.com\/wp-content\/uploads\/restricciones_03.png 450w\" sizes=\"(max-width: 400px) 100vw, 400px\" \/><\/h3>\n<\/li>\n<\/ul>\n<ul>\n<li style=\"list-style-type: none;\"><\/li>\n<\/ul>\n<p>Discus Vitamins es un acondicionador de primera calidad especialmente formulado para satisfacer las necesidades nutricionales de los peces disco.<br \/>\nEs rico en nutrientes, vitaminas y minerales esenciales para favorecer un crecimiento sano y contiene \u00df-glucano, un polisac\u00e1rido que refuerza notablemente el sistema inmunitario de los peces.<br \/>\nAdem\u00e1s, contiene vitaminas importantes como el complejo B (B1, B2, B6, B12), vitamina C, A, D, E, entre otras.<br \/>\nEste suplemento ofrece muchas ventajas a los peces disco: un metabolismo sano, gran resistencia y r\u00e1pida recuperaci\u00f3n de las enfermedades, incluidas las relacionadas con una alimentaci\u00f3n inadecuada.<br \/>\nPreviene el oscurecimiento de la piel, la escoliosis y la formaci\u00f3n de agujeros en la cabeza.<\/p>\n<h3><span style=\"color: #228bca;\">Altamente concentrado.<\/span><\/h3>\n<p>Su f\u00f3rmula est\u00e1 optimizada para conseguir una alta concentraci\u00f3n y un excelente rendimiento: 1 ml de producto trata 10 litros de agua de tu acuario.<br \/>\nDiscus Vitamins pertenece a la l\u00ednea de acondicionadores <a href=\"https:\/\/azpez.virtualcodeveloper.com\/azpez\/azoo-europe\/\" target=\"_blank\" rel=\"noopener\">AZOO Plus<\/a> de la marca <a href=\"https:\/\/www.azoo-aqua.com\/\" target=\"_blank\" rel=\"noopener\">AZOO<\/a>.<\/p>\n<ol>\n<li>Contiene vitaminas concentradas de los grupos B1,B2,B6,B12,C,A,D,E, adem\u00e1s de B-glucano<\/li>\n<li>Promover el buen metabolismo y la resistencia a las enfermedades de los peces, adem\u00e1s de lograr su adaptabilidad al entorno del nuevo acuario.<\/li>\n<li>Previene las enfermedades causadas por el desequilibrio en la nutrici\u00f3n.<\/li>\n<li>Ayudan eficazmente a los peces durante el tratamiento de los s\u00edntomas del agujero en la cabeza, la enfermedad del oscurecimiento del cuerpo y la escoliosis.<\/li>\n<\/ol>\n<h3><span style=\"color: #228bca;\">Componentes principales:<\/span><\/h3>\n<p>Multivitaminas, \u00df-Glucano, Vitamina B<br \/>\n<sub>2, <\/sub>Citrato de Sodio, (NaH<br \/>\n<sub>2<\/sub>(C<sub>3<\/sub>H<sub>5<\/sub>O(COO)<sub>3<\/sub>)<\/p>\n<p class=\"p1\"><strong>Presentaciones<\/strong>:<\/p>\n<p><strong>AP17816<\/strong> \/ Discus Vitamins 2500 ml. <strong>AP17817<\/strong> \/ Vitaminas para discos 500 ml. <strong>AP17824<\/strong> \/ Vitaminas para discos 1.000 ml. <strong>AP17831<\/strong> \/ Vitaminas para discos 4.000 ml. Discus Vitamins puede a\u00f1adirse directamente al agua con regularidad o utilizarse como suplemento diet\u00e9tico a\u00f1adiendo unas gotas a cualquier tipo de alimento equilibrado, vivo o congelado. Sin embargo, est\u00e1 especialmente indicado en situaciones de enfermedad para acelerar la recuperaci\u00f3n de los ejemplares, o para facilitar una r\u00e1pida aclimataci\u00f3n y tambi\u00e9n en la reproducci\u00f3n, para aumentar significativamente las tasas de supervivencia de las larvas. Tambi\u00e9n es frecuente a\u00f1adirlo al alimento de larvas, alevines y juveniles para garantizar un crecimiento \u00f3ptimo y sano en esta etapa crucial de su desarrollo. <strong>Los beneficios del \u00df-Glucano:<\/strong> El \u00df-glucano es un polisac\u00e1rido extra\u00eddo del hongo Ganoderma lucidum. Este compuesto org\u00e1nico ha demostrado tener propiedades muy beneficiosas para el sistema inmunitario de los peces, que han sido ampliamente confirmadas en diversos estudios de investigaci\u00f3n cient\u00edfica. El resultado de este suplemento diet\u00e9tico para peces es una resistencia a las enfermedades y una tasa de supervivencia mucho mayores, lo que reduce dr\u00e1sticamente el contagio de enfermedades. <strong>La importancia de las vitaminas:<\/strong> La dieta de los peces disco es una de las m\u00e1s variadas y exigentes de la acuariofilia. Estos exigentes c\u00edclidos omn\u00edvoros requieren una alimentaci\u00f3n muy frecuente y completa, sobre todo en etapas cruciales como la reproducci\u00f3n, ya que los padres alimentan a sus larvas a trav\u00e9s del moco enriquecido que producen tras eclosionar los huevos. Por ello, los padres deben estar excelentemente alimentados y, posteriormente, sus cr\u00edas necesitar\u00e1n vitaminas adicionales que les ayuden a adaptarse a su nueva dieta en cautividad. A medida que los peces disco crecen, construyen todos sus tejidos gracias a las vitaminas, que se utilizan seg\u00fan sus distintas propiedades. Por ejemplo, la vitamina A proporciona a los peces la capacidad de desarrollar su visi\u00f3n y coloraci\u00f3n, mientras que la vitamina D interviene en el metabolismo del calcio y el potasio, factor esencial en el crecimiento de los peces. La vitamina E es una de las m\u00e1s importantes, ya que tiene propiedades antioxidantes. La vitamina K interviene en la coagulaci\u00f3n de la sangre y es \u00fatil en la recuperaci\u00f3n de heridas y traumatismos. La vitamina <sub>B6<\/sub> hidrosoluble es esencial para metabolizar los amino\u00e1cidos obtenidos de los alimentos como fuente de energ\u00eda. Esta propiedad beneficiar\u00e1 obviamente la eficacia de la dieta equilibrada diaria, siendo especialmente \u00fatil para los peces m\u00e1s j\u00f3venes. Es muy dif\u00edcil apreciar a simple vista manifestaciones sintom\u00e1ticas relacionadas con deficiencias de una vitamina concreta, mientras que es extremadamente raro afectar a la salud de los peces con una sobrealimentaci\u00f3n de vitaminas. Por tanto, se recomienda a\u00f1adir complejos vitam\u00ednicos de amplio espectro a la dieta equilibrada diaria para evitar perjudicar cualquier funci\u00f3n metab\u00f3lica de los peces. S\u00edguenos en nuestras redes sociales para estar al d\u00eda de las \u00faltimas noticias y de toda la informaci\u00f3n interesante sobre nuestra marca y la acuariofilia en <a href=\"https:\/\/www.facebook.com\/profile.php?id=61555599587010&amp;locale=es_ES\" target=\"_blank\" rel=\"noopener\">Facebook<\/a>, <a href=\"https:\/\/www.youtube.com\/@AZOOEurope\/videos\" target=\"_blank\" rel=\"noopener\">YouTube<\/a> e <a href=\"https:\/\/www.instagram.com\/azooeurope\/\" target=\"_blank\" rel=\"noopener\">Instagram<\/a>. Puedes complementar este producto con otros alimentos equilibrados espec\u00edficos de la marca Ultra Fresh.<\/p>\n<p><iframe title=\"azoo plus presentation\" width=\"800\" height=\"450\" src=\"https:\/\/www.youtube.com\/embed\/gS5bf4C6Nqc?feature=oembed\" frameborder=\"0\" allow=\"accelerometer; autoplay; clipboard-write; encrypted-media; gyroscope; picture-in-picture; web-share\" referrerpolicy=\"strict-origin-when-cross-origin\" allowfullscreen><\/iframe><\/p>\n<h3><\/h3>\n<h3><span style=\"color: #228bca;\">INSTRUCCIONES DE USO:<\/span><\/h3>\n<p>1.Para un uso regular, a\u00f1ade semanalmente 10 ml por cada 100 litros de agua de tu acuario.<br \/>\n2. Cuando introduzcas nuevos discos, a\u00f1ade 10 ml por cada 100 litros de agua de tu acuario.<br \/>\n3.Para su uso durante el tratamiento de enfermedades, a\u00f1ade 10 ml por cada 100 litros diariamente.<br \/>\n4.Agita bien el envase antes de usarlo y a\u00f1\u00e1delo uniformemente al agua del acuario.<br \/>\nCierra bien el tap\u00f3n del frasco despu\u00e9s de usarlo. <strong>PRECAUCIONES:<\/strong> No es apto para el consumo humano.<br \/>\nS\u00f3lo para uso en acuarios con peces ornamentales.<br \/>\nMantener fuera del alcance de los ni\u00f1os y los animales dom\u00e9sticos.<br \/>\nFecha de caducidad: ver impreso en el frasco. <strong>OBSERVACIONES<\/strong>: &#8211; Para garantizar una dispersi\u00f3n adecuada, a\u00f1ade los aditivos en una zona del acuario con suficiente caudal.<br \/>\n&#8211; Para los cambios de agua, puedes a\u00f1adir aditivos al agua antes de verterla en el acuario.<br \/>\nEvita mezclar diferentes aditivos antes de a\u00f1adirlos.<br \/>\n&#8211; Algunos productos para acuarios pueden reaccionar qu\u00edmicamente con otros; evita combinar varios productos simult\u00e1neamente para evitar precipitaciones o reacciones no deseadas.<br \/>\n&#8211; El tap\u00f3n de la botella te ayudar\u00e1 a medir la dosis con precisi\u00f3n: &#8211; La cavidad interior contiene 5 ml.<br \/>\n&#8211; El volumen entre la cavidad interior y la exterior contiene 10 ml.<br \/>\n&#8211; Ambas cavidades llenas contienen un total de 15 ml.<br \/>\n&#8211; Un tap\u00f3n completamente lleno contiene 20 ml.<\/p>\n<figure id=\"attachment_3167\" aria-describedby=\"caption-attachment-3167\" style=\"width: 400px\" class=\"wp-caption alignnone\"><img decoding=\"async\" class=\"size-medium wp-image-785\" src=\"https:\/\/azooeurope.com\/wp-content\/uploads\/\/azoo_plus_discus_vitamins_03-400x400.jpg\" alt=\"AZOO Plus Vitaminas para discos\" width=\"400\" height=\"400\" srcset=\"https:\/\/azooeurope.com\/wp-content\/uploads\/azoo_plus_discus_vitamins_03-400x400.jpg 400w, https:\/\/azooeurope.com\/wp-content\/uploads\/azoo_plus_discus_vitamins_03-768x768.jpg 768w, https:\/\/azooeurope.com\/wp-content\/uploads\/azoo_plus_discus_vitamins_03-300x300.jpg 300w, https:\/\/azooeurope.com\/wp-content\/uploads\/azoo_plus_discus_vitamins_03-600x600.jpg 600w, https:\/\/azooeurope.com\/wp-content\/uploads\/azoo_plus_discus_vitamins_03-100x100.jpg 100w, https:\/\/azooeurope.com\/wp-content\/uploads\/azoo_plus_discus_vitamins_03.jpg 1250w\" sizes=\"(max-width: 400px) 100vw, 400px\" \/><figcaption id=\"caption-attachment-3167\" class=\"wp-caption-text\">AZOO Plus Discus VitaminsATENCI\u00d3N<\/figcaption><\/figure>\n<p><strong>:<\/strong> &#8211; NO APTO PARA EL CONSUMO HUMANO.<br \/>\n&#8211; NO INGERIR.<br \/>\nEN CASO DE CONTACTO CON LOS OJOS, ACLARAR CON ABUNDANTE AGUA LIMPIA Y ACUDIR AL M\u00c9DICO.<br \/>\n&#8211; MANT\u00c9N EL PRODUCTO FUERA DEL ALCANCE DE LOS NI\u00d1OS Y LOS ANIMALES DOM\u00c9STICOS.<br \/>\n&#8211; AGITA EL FRASCO ANTES DE USARLO.<br \/>\n&#8211; CIERRA BIEN EL FRASCO DESPU\u00c9S DE CADA USO.<br \/>\n&#8211; GUARDA LA BOTELLA EN UN LUGAR FRESCO Y SECO, EVITANDO LA EXPOSICI\u00d3N DIRECTA AL SOL.<br \/>\n&#8211; PARA USO EXCLUSIVO EN ACUARIOS CON PECES ORNAMENTALES.<\/p>\n","protected":false},"excerpt":{"rendered":"<p>DISCUS VITAMINS AZOO PLUS Discus Vitamins es un complejo vitam\u00ednico Premium para peces disco que aporta vitaminas esenciales para un crecimiento sano y \u00df-glucano, que refuerza notablemente el sistema inmunitario de los peces. Discus Vitamins es un acondicionador de primera calidad especialmente formulado para satisfacer las necesidades nutricionales de los peces disco. Rico en nutrientes, [&hellip;]<\/p>\n","protected":false},"featured_media":3161,"comment_status":"open","ping_status":"closed","template":"","meta":{"rank_math_lock_modified_date":false},"product_cat":[459,460,853,852],"product_tag":[494,750,857,893,895,896,897,539,861,889,898,858,862,859,860,863,854,891],"class_list":{"0":"post-5383","1":"product","2":"type-product","3":"status-publish","4":"has-post-thumbnail","6":"product_cat-azoo-europa","7":"product_cat-azoo-plus-es","8":"product_cat-nutricion","9":"product_cat-vitaminas-es","10":"product_tag-acondicionador-es-2","11":"product_tag-acuarios-de-agua-dulce","12":"product_tag-aminoacidos-es","13":"product_tag-ap17816-es","14":"product_tag-ap17817-es","15":"product_tag-ap17824-es","16":"product_tag-ap17831-es","17":"product_tag-azoo-plus-es","18":"product_tag-citrato-sodico","19":"product_tag-disco","20":"product_tag-discus-vitmins-es","21":"product_tag-multivitaminas-es","22":"product_tag-sorbato-potasico","23":"product_tag-s-glucano-es","24":"product_tag-vitamina-b2-es","25":"product_tag-vitamina-k-es","26":"product_tag-vitaminas-es-2","27":"product_tag-vitaminas-para-discos","29":"first","30":"instock","31":"shipping-taxable","32":"product-type-simple"},"_links":{"self":[{"href":"https:\/\/azooeurope.com\/es\/wp-json\/wp\/v2\/product\/5383","targetHints":{"allow":["GET"]}}],"collection":[{"href":"https:\/\/azooeurope.com\/es\/wp-json\/wp\/v2\/product"}],"about":[{"href":"https:\/\/azooeurope.com\/es\/wp-json\/wp\/v2\/types\/product"}],"replies":[{"embeddable":true,"href":"https:\/\/azooeurope.com\/es\/wp-json\/wp\/v2\/comments?post=5383"}],"wp:featuredmedia":[{"embeddable":true,"href":"https:\/\/azooeurope.com\/es\/wp-json\/wp\/v2\/media\/3161"}],"wp:attachment":[{"href":"https:\/\/azooeurope.com\/es\/wp-json\/wp\/v2\/media?parent=5383"}],"wp:term":[{"taxonomy":"product_cat","embeddable":true,"href":"https:\/\/azooeurope.com\/es\/wp-json\/wp\/v2\/product_cat?post=5383"},{"taxonomy":"product_tag","embeddable":true,"href":"https:\/\/azooeurope.com\/es\/wp-json\/wp\/v2\/product_tag?post=5383"}],"curies":[{"name":"wp","href":"https:\/\/api.w.org\/{rel}","templated":true}]}}