{"id":5368,"date":"2024-02-26T15:46:38","date_gmt":"2024-02-26T14:46:38","guid":{"rendered":"https:\/\/infallible-hoover.188-95-114-6.plesk.page\/producto\/triple-agua-negra\/"},"modified":"2024-10-04T09:32:00","modified_gmt":"2024-10-04T07:32:00","slug":"triple-agua-negra","status":"publish","type":"product","link":"https:\/\/azooeurope.com\/es\/producto\/triple-agua-negra\/","title":{"rendered":"TRIPLE BLACK WATER"},"content":{"rendered":"<h1><strong><span style=\"color: #0e509a;\">TRIPLE BLACK WATER <\/span><\/strong><\/h1>\n<h2><span style=\"color: #0e509a;\">TRIPLE BLACK WATER es un producto Premium para acuarios amaz\u00f3nicos.<\/span><\/h2>\n<ul>\n<li style=\"list-style-type: none;\">\n<ul>\n<li>\n<h3><span style=\"color: #228bca;\">F\u00f3rmula 100% natural, que recrea un aut\u00e9ntico entorno de aguas negras acidificando y ablandando ligeramente el agua.<\/span><\/h3>\n<\/li>\n<li>\n<h3><span style=\"color: #228bca;\">Favorece la cr\u00eda de c\u00edclidos enanos y peces disco, protege los huevos fecundados de las infecciones f\u00fangicas y aumenta significativamente la tasa de supervivencia de las larvas.<\/span><\/h3>\n<\/li>\n<li>\n<h3><span style=\"color: #228bca;\">Reduce el estr\u00e9s y aumenta la viveza de los colores.<\/span><\/h3>\n<\/li>\n<li>\n<h3><span style=\"color: #228bca;\">Inhibe el crecimiento de pat\u00f3genos y refuerza el sistema inmunitario de los peces.<\/span><\/h3>\n<\/li>\n<li>\n<h3><span style=\"color: #228bca;\">Favorece el desarrollo de las plantas acu\u00e1ticas e inhibe el crecimiento de las algas.<\/span><\/h3>\n<\/li>\n<\/ul>\n<\/li>\n<\/ul>\n<h3 class=\"p1\"><img fetchpriority=\"high\" decoding=\"async\" class=\"alignnone size-medium wp-image-363\" src=\"https:\/\/azooeurope.com\/wp-content\/uploads\/\/restricciones_03-400x214.png\" alt=\"\" width=\"400\" height=\"214\" srcset=\"https:\/\/azooeurope.com\/wp-content\/uploads\/restricciones_03-400x214.png 400w, https:\/\/azooeurope.com\/wp-content\/uploads\/restricciones_03.png 450w\" sizes=\"(max-width: 400px) 100vw, 400px\" \/><\/h3>\n<p>Triple Black Water transformar\u00e1 instant\u00e1neamente el agua del grifo en &#8220;agua negra&#8221; ideal para los peces amaz\u00f3nicos. Es aconsejable seleccionar agua blanda para este proceso. Biotopos de aguas negras: El asombroso r\u00edo Amazonas abarca la mayor extensi\u00f3n, biomasa y biodiversidad del planeta. De hecho, su colosal sistema fluvial presenta diversos ambientes acu\u00e1ticos estacionales que permiten la creaci\u00f3n de los biotopos m\u00e1s singulares y complejos, algunos de los cuales son a\u00fan desconocidos para el hombre. Naturalmente, la afici\u00f3n mundial a la acuariofilia se ha beneficiado de innumerables especies originarias de este ecosistema privilegiado, que intentan emular en sus acuarios las distintas condiciones de este entorno natural. Uno de los biotopos m\u00e1s famosos y radicales, que ha atra\u00eddo mucho la atenci\u00f3n de los acuaristas, es el de las &#8220;aguas negras&#8221;, donde durante buena parte del a\u00f1o el agua arrastra restos org\u00e1nicos vegetales en sus lentos cauces de aguas blandas con temperaturas que a menudo superan los 30\u00baC. Estos restos vegetales se descomponen y disuelven r\u00e1pidamente en el agua, aportando una serie de nutrientes y sustancias org\u00e1nicas, que se acumulan y afectan dr\u00e1sticamente a las condiciones del agua. <strong>El resultado suele ser agua te\u00f1ida en diferentes tonos que van desde el &#8220;t\u00e9&#8221; al &#8220;caf\u00e9&#8221; m\u00e1s oscuro.<\/strong> Pero eso no es todo; la convergencia de todos estos factores tambi\u00e9n provoca condiciones f\u00edsicas y qu\u00edmicas severas; pH \u00e1cido, temperatura elevada y bajos niveles de conductividad, dureza y ox\u00edgeno disuelto, lo que obliga a sus habitantes a una adaptaci\u00f3n radical. Para recrear este complejo entorno en un acuario, debemos utilizar agua muy blanda y ligeramente \u00e1cida, regulando nuestro termostato a temperaturas que oscilen entre 28 y 32\u00b0C. Para completar el entorno qu\u00edmico, necesitamos aplicar un aditivo espec\u00edfico como el &#8220;Triple Black Water&#8221; de AZOO Plus, ya que producir este tipo de agua de forma dom\u00e9stica ser\u00eda muy tedioso y pr\u00e1cticamente inviable. El Agua Negra Triple transformar\u00e1 instant\u00e1neamente el agua del grifo en &#8220;blackwater&#8221; ideal para los peces amaz\u00f3nicos. Es aconsejable seleccionar agua blanda para este proceso.<\/p>\n<h3><span style=\"color: #0e509a;\">Composici\u00f3n:<\/span><\/h3>\n<p>\u00c1cido c\u00edtrico, \u00c1cido h\u00famico, Extracto de hoja de almendra tropical (Terminalia Catappa), Agua destilada <strong><span style=\"color: #0e509a;\">Presentaciones:<\/span><\/strong> AP48002 \/ TRIPLE BLACK WATER 250 ml AP48003 \/ TRIPLE BLACK WATER 500 ml AP48007 \/ TRIPLE BLACK WATER 1.000 ml AP48010 \/ TRIPLE BLACK WATER 4.000 ml<\/p>\n<h3><span style=\"color: #228bca;\">Altamente concentrado.<\/span><\/h3>\n<p>Su f\u00f3rmula est\u00e1 optimizada para conseguir una alta concentraci\u00f3n y un excelente rendimiento: <strong>1 ml de producto trata 3 litros de agua de tu acuario.<\/strong><\/p>\n<h3>Triple Black Water pertenece a la l\u00ednea de acondicionadores <a href=\"https:\/\/azpez.virtualcodeveloper.com\/azpez\/azoo-europe\/\" target=\"_blank\" rel=\"noopener\">AZOO Plus<\/a> de la marca <a href=\"https:\/\/www.azoo-aqua.com\/\" target=\"_blank\" rel=\"noopener\">AZOO<\/a>.<\/h3>\n<h3><span style=\"color: #228bca;\">Caracter\u00edsticas especiales:<\/span><\/h3>\n<ol>\n<li>Descompone sustancias t\u00f3xicas como el nitrito, el amon\u00edaco y el sulfuro de hidr\u00f3geno en el agua inmediatamente despu\u00e9s de la adici\u00f3n.<\/li>\n<li>Act\u00faa bloqueando eficazmente la fuente de nutrientes de las bacterias nocivas y convirti\u00e9ndose r\u00e1pidamente en la bacteria dominante del acuario para mejorar la calidad del agua.<\/li>\n<li>Las bacterias BIO XD pueden bloquear r\u00e1pidamente la fuente de nutrientes de las algas molestas, inhibiendo eficazmente el crecimiento de algas pardas, algas negras de matorral, algas verdeazuladas y algas rojas.<\/li>\n<li>Tambi\u00e9n convierten r\u00e1pidamente los contaminantes y las sustancias nocivas en compuestos nutritivos m\u00e1s f\u00e1ciles de absorber por las plantas acu\u00e1ticas, ayud\u00e1ndolas a crecer y prosperar.<\/li>\n<\/ol>\n<p>S\u00edguenos en nuestras redes sociales para estar al d\u00eda de las \u00faltimas noticias y de toda la informaci\u00f3n interesante sobre nuestra marca y la acuariofilia en <a href=\"https:\/\/www.facebook.com\/profile.php?id=61555599587010&amp;locale=es_ES\" target=\"_blank\" rel=\"noopener\">Facebook<\/a>, <a href=\"https:\/\/www.youtube.com\/@AZOOEurope\/videos\" target=\"_blank\" rel=\"noopener\">YouTube<\/a> e <a href=\"https:\/\/www.instagram.com\/azooeurope\/\" target=\"_blank\" rel=\"noopener\">Instagram<\/a>.<br \/>\nPuedes complementar este producto con otros alimentos equilibrados espec\u00edficos de la marca Ultra Fresh.<\/p>\n<p><iframe title=\"azoo plus presentation\" width=\"800\" height=\"450\" src=\"https:\/\/www.youtube.com\/embed\/gS5bf4C6Nqc?feature=oembed\" frameborder=\"0\" allow=\"accelerometer; autoplay; clipboard-write; encrypted-media; gyroscope; picture-in-picture; web-share\" referrerpolicy=\"strict-origin-when-cross-origin\" allowfullscreen><\/iframe><\/p>\n<h3><\/h3>\n<h3><span style=\"color: #228bca;\">INSTRUCCIONES:<\/span><\/h3>\n<p>Ag\u00edtalo bien antes de utilizarlo. Mant\u00e9n la luz encendida y el filtro en funcionamiento. Primer uso: Limpia las algas de tu acuario de agua dulce o salada y sustituye entre el 30% y el 50% del agua. A\u00f1ade 1 ml de BIO XD por cada 3 litros de agua. A\u00f1\u00e1delo una vez al d\u00eda durante tres d\u00edas para facilitar la inoculaci\u00f3n bacteriana en la fase inicial. Mantenimiento regular: A\u00f1ade una vez a la semana o despu\u00e9s de un cambio de agua. Utiliza 1 ml de soluci\u00f3n bacteriana por cada 3 litros de agua. <span style=\"color: #228bca;\"><strong>OBSERVACIONES:<\/strong><\/span> &#8211; Para garantizar una dispersi\u00f3n adecuada, a\u00f1ade los aditivos en una zona del acuario con flujo suficiente. &#8211; Para los cambios de agua, puedes a\u00f1adir aditivos al agua antes de verterla en el acuario. Evita mezclar diferentes aditivos antes de a\u00f1adirlos. &#8211; Algunos productos para acuarios pueden reaccionar qu\u00edmicamente con otros; evita combinar varios productos simult\u00e1neamente para evitar precipitaciones o reacciones no deseadas. &#8211; El tap\u00f3n de la botella te ayudar\u00e1 a medir la dosis con precisi\u00f3n: &#8211; La cavidad interior contiene 5 ml. &#8211; El volumen entre la cavidad interior y la exterior contiene 10 ml. &#8211; Ambas cavidades llenas contienen un total de 15 ml. &#8211; Un tap\u00f3n completamente lleno contiene 20 ml.<\/p>\n<figure id=\"attachment_3086\" aria-describedby=\"caption-attachment-3086\" style=\"width: 400px\" class=\"wp-caption alignnone\"><img decoding=\"async\" class=\"size-medium wp-image-715\" src=\"https:\/\/azooeurope.com\/wp-content\/uploads\/\/azoo_plus_triple_black_water_04-400x400.jpg\" alt=\"AZOO Plus TRIPLE AGUA NEGRA\" width=\"400\" height=\"400\" srcset=\"https:\/\/azooeurope.com\/wp-content\/uploads\/azoo_plus_triple_black_water_04-400x400.jpg 400w, https:\/\/azooeurope.com\/wp-content\/uploads\/azoo_plus_triple_black_water_04-768x768.jpg 768w, https:\/\/azooeurope.com\/wp-content\/uploads\/azoo_plus_triple_black_water_04-300x300.jpg 300w, https:\/\/azooeurope.com\/wp-content\/uploads\/azoo_plus_triple_black_water_04-600x600.jpg 600w, https:\/\/azooeurope.com\/wp-content\/uploads\/azoo_plus_triple_black_water_04-100x100.jpg 100w, https:\/\/azooeurope.com\/wp-content\/uploads\/azoo_plus_triple_black_water_04.jpg 1250w\" sizes=\"(max-width: 400px) 100vw, 400px\" \/><figcaption id=\"caption-attachment-3086\" class=\"wp-caption-text\">AZOO Plus TRIPLE BLACK WATER NEGRA<\/figcaption><\/figure>\n<p><span style=\"color: #228bca;\"><strong>ATENCI\u00d3N:<\/strong><\/span> &#8211; NO APTA PARA EL CONSUMO HUMANO. &#8211; NO INGERIR. EN CASO DE CONTACTO CON LOS OJOS, ACLARA CON ABUNDANTE AGUA LIMPIA Y ACUDE AL M\u00c9DICO. &#8211; MANT\u00c9N EL PRODUCTO FUERA DEL ALCANCE DE LOS NI\u00d1OS Y LOS ANIMALES DOM\u00c9STICOS. &#8211; AGITA EL FRASCO ANTES DE USARLO. &#8211; CIERRA BIEN EL FRASCO DESPU\u00c9S DE CADA USO. &#8211; GUARDA LA BOTELLA EN UN LUGAR FRESCO Y SECO, EVITANDO LA EXPOSICI\u00d3N DIRECTA AL SOL. &#8211; PARA USO EXCLUSIVO EN ACUARIOS CON PECES ORNAMENTALES.<\/p>\n<h2><span style=\"color: #228bca;\"><strong>Componentes principales de Ultra Bioguard: <\/strong><\/span><\/h2>\n<p>BIO XD est\u00e1 compuesto por m\u00faltiples cepas de bacterias naturales y muy activas, como las bacterias nitrificantes, Paracoccus denitrificans y Desulfurobacterium, en una concentraci\u00f3n superior a 109 UFC\/g.<\/p>\n","protected":false},"excerpt":{"rendered":"<p>TRIPLE BLACK WATER TRIPLE BLACK WATER es un producto Premium para acuarios amaz\u00f3nicos. F\u00f3rmula 100% natural, que recrea un aut\u00e9ntico entorno de aguas negras acidificando y ablandando ligeramente el agua. Favorece la cr\u00eda de c\u00edclidos enanos y peces disco, protege los huevos fecundados de las infecciones f\u00fangicas y aumenta significativamente la tasa de supervivencia de [&hellip;]<\/p>\n","protected":false},"featured_media":3080,"comment_status":"open","ping_status":"closed","template":"","meta":{"rank_math_lock_modified_date":false},"product_cat":[533,459,460],"product_tag":[709,706,480,494,711,715,512,718,720,721,719,463,539,717,705,529,716,485,703,508,490,713],"class_list":{"0":"post-5368","1":"product","2":"type-product","3":"status-publish","4":"has-post-thumbnail","6":"product_cat-acondicionadores","7":"product_cat-azoo-europa","8":"product_cat-azoo-plus-es","9":"product_tag-acido-citrico","10":"product_tag-acido-humico","11":"product_tag-acondicionador-es","12":"product_tag-acondicionador-es-2","13":"product_tag-agua-negra","14":"product_tag-aguas-negras","15":"product_tag-amoniaco","16":"product_tag-ap48002-es","17":"product_tag-ap48007-es","18":"product_tag-ap48010-es","19":"product_tag-ap4803-es","20":"product_tag-azoo-es","21":"product_tag-azoo-plus-es","22":"product_tag-biotopos","23":"product_tag-extracto-de-hoja-de-almendra-tropical","24":"product_tag-nitrogeno","25":"product_tag-peces-amazonicos","26":"product_tag-ph-es","27":"product_tag-terminalia-catappa-es","28":"product_tag-toxinas-es-2","29":"product_tag-toxinas-es","30":"product_tag-triple-agua-negra","32":"first","33":"instock","34":"shipping-taxable","35":"product-type-simple"},"_links":{"self":[{"href":"https:\/\/azooeurope.com\/es\/wp-json\/wp\/v2\/product\/5368","targetHints":{"allow":["GET"]}}],"collection":[{"href":"https:\/\/azooeurope.com\/es\/wp-json\/wp\/v2\/product"}],"about":[{"href":"https:\/\/azooeurope.com\/es\/wp-json\/wp\/v2\/types\/product"}],"replies":[{"embeddable":true,"href":"https:\/\/azooeurope.com\/es\/wp-json\/wp\/v2\/comments?post=5368"}],"wp:featuredmedia":[{"embeddable":true,"href":"https:\/\/azooeurope.com\/es\/wp-json\/wp\/v2\/media\/3080"}],"wp:attachment":[{"href":"https:\/\/azooeurope.com\/es\/wp-json\/wp\/v2\/media?parent=5368"}],"wp:term":[{"taxonomy":"product_cat","embeddable":true,"href":"https:\/\/azooeurope.com\/es\/wp-json\/wp\/v2\/product_cat?post=5368"},{"taxonomy":"product_tag","embeddable":true,"href":"https:\/\/azooeurope.com\/es\/wp-json\/wp\/v2\/product_tag?post=5368"}],"curies":[{"name":"wp","href":"https:\/\/api.w.org\/{rel}","templated":true}]}}