{"id":5367,"date":"2024-02-24T20:42:01","date_gmt":"2024-02-24T19:42:01","guid":{"rendered":"https:\/\/infallible-hoover.188-95-114-6.plesk.page\/producto\/eliminador-de-cloro-y-cloramina\/"},"modified":"2024-10-04T10:29:18","modified_gmt":"2024-10-04T08:29:18","slug":"eliminador-de-cloro-y-cloramina","status":"publish","type":"product","link":"https:\/\/azooeurope.com\/es\/producto\/eliminador-de-cloro-y-cloramina\/","title":{"rendered":"Chlorine  Chloramine Remover"},"content":{"rendered":"<h1><strong><span style=\"color: #0e509a;\">Chlorine Chloramine Remover <\/span><\/strong><\/h1>\n<h2><span style=\"color: #0e509a;\"> Chlorine Chloramine Remover es un acondicionador de alto rendimiento para acuarios de agua dulce.<\/span><\/h2>\n<ul>\n<li style=\"list-style-type: none;\">\n<ul>\n<li>\n<h3><span style=\"color: #228bca;\">Elimina instant\u00e1neamente el amon\u00edaco (<sub>NH3<\/sub>) y el nitrito (<sub>NO2<\/sub>).<\/span><\/h3>\n<\/li>\n<li>\n<h3><span style=\"color: #228bca;\">Neutraliza inmediatamente el cloro residual y las cloraminas.<\/span><\/h3>\n<\/li>\n<li>\n<h3><span style=\"color: #228bca;\">Neutraliza instant\u00e1neamente los metales pesados contenidos en el agua del grifo.<\/span><\/h3>\n<\/li>\n<li>\n<h3><span style=\"color: #228bca;\">Contiene ingredientes antibacterianos que inhiben el crecimiento de pat\u00f3genos y protegen la mucosa de los peces.<\/span><\/h3>\n<\/li>\n<\/ul>\n<\/li>\n<li class=\"p1\">\n<h3><img fetchpriority=\"high\" decoding=\"async\" class=\"alignnone size-medium wp-image-363\" style=\"font-size: 16px;\" src=\"https:\/\/azooeurope.com\/wp-content\/uploads\/\/restricciones_03-400x214.png\" alt=\"\" width=\"400\" height=\"214\" srcset=\"https:\/\/azooeurope.com\/wp-content\/uploads\/restricciones_03-400x214.png 400w, https:\/\/azooeurope.com\/wp-content\/uploads\/restricciones_03.png 450w\" sizes=\"(max-width: 400px) 100vw, 400px\" \/><\/h3>\n<\/li>\n<\/ul>\n<p class=\"p1\"><strong>Nueva f\u00f3rmula:<\/strong><\/p>\n<p>El departamento de investigaci\u00f3n y desarrollo de &#8220;AZOO PLUS&#8221; ha desarrollado y actualizado la f\u00f3rmula de su estabilizador de la calidad del agua, creando un acondicionador multifuncional para el cuidado de los peces tropicales.<br \/>\nEste producto convierte instant\u00e1neamente el agua del grifo en agua sana con la calidad natural del agua que los peces encuentran en su entorno natural.<\/p>\n<h3><span style=\"color: #228bca;\">Altamente concentrado.<\/span><\/h3>\n<p>Su f\u00f3rmula est\u00e1 optimizada para conseguir una alta concentraci\u00f3n y un excelente rendimiento: 1 ml de producto trata 40 litros de agua de tu acuario.<br \/>\nEl mecanismo perfecto para la protecci\u00f3n de los peces.<br \/>\nPuedes confiar plenamente en este producto para el cuidado de los peces tropicales de tu acuario gracias a su efecto estabilizador, que mantendr\u00e1 sana la calidad del agua.<br \/>\nEl Removedor pertenece a la l\u00ednea de acondicionadores <a href=\"https:\/\/azpez.virtualcodeveloper.com\/azpez\/azoo-europe\/\" target=\"_blank\" rel=\"noopener\">AZOO Plus<\/a> de la marca <a href=\"https:\/\/www.azoo-aqua.com\/\" target=\"_blank\" rel=\"noopener\">AZOO<\/a>.<\/p>\n<h3><span style=\"color: #228bca;\">CARACTER\u00cdSTICAS:<\/span><\/h3>\n<ol>\n<li>Especialmente formulado para proporcionar el mejor cuidado a los peces tropicales.<\/li>\n<li>Mecanismos de protecci\u00f3n perfectos para los peces.<br \/>\nElimina instant\u00e1neamente el amon\u00edaco (NH3), el nitrito (<sub>NO2<\/sub>), la cloramina, el cloro residual, los metales pesados y otras sustancias t\u00f3xicas producidas en el acuario.<\/li>\n<li>Genera un mecanismo que fortalece el cuerpo del pez, creando una pel\u00edcula antibacteriana \u00fanica que protege su piel y branquias.<br \/>\nDel mismo modo, esta capa protectora previene eficazmente la infecci\u00f3n de las heridas, acelerando su curaci\u00f3n.<\/li>\n<\/ol>\n<p class=\"p1\"><strong>Presentaciones<\/strong>:<\/p>\n<p><b>AP17849 \/ <\/b>ChlorineChloramine Remover 60ml<\/p>\n<p class=\"p1\"><b>AP17832 \/ <\/b>ChlorineChloramine Remover 120ml<\/p>\n<p><b>AP17836 \/ <\/b>ChlorineChloramine Remover 250ml<\/p>\n<p class=\"p1\"><b>AP17837\/<\/b><span class=\"Apple-converted-space\"> ChlorineChloramine Remover<\/span> 500ml<\/p>\n<p>S\u00edguenos en nuestras redes sociales para estar al d\u00eda de las \u00faltimas noticias y de toda la informaci\u00f3n interesante sobre nuestra marca y la acuariofilia en <a href=\"https:\/\/www.facebook.com\/profile.php?id=61555599587010&amp;locale=es_ES\" target=\"_blank\" rel=\"noopener\">Facebook<\/a>, <a href=\"https:\/\/www.youtube.com\/@AZOOEurope\/videos\" target=\"_blank\" rel=\"noopener\">YouTube<\/a>y <a href=\"https:\/\/www.instagram.com\/azooeurope\/\" target=\"_blank\" rel=\"noopener\">Instagram<\/a>.<br \/>\nYou can complement this product with other specific balanced foods from the Ultra Fresh brand.<\/p>\n<p><iframe title=\"azoo plus presentation\" width=\"800\" height=\"450\" src=\"https:\/\/www.youtube.com\/embed\/gS5bf4C6Nqc?feature=oembed\" frameborder=\"0\" allow=\"accelerometer; autoplay; clipboard-write; encrypted-media; gyroscope; picture-in-picture; web-share\" referrerpolicy=\"strict-origin-when-cross-origin\" allowfullscreen><\/iframe><\/p>\n<h3><\/h3>\n<h3><\/h3>\n<h3><span style=\"color: #228bca;\">INSTRUCCIONES DE USO:<\/span><\/h3>\n<p>A\u00f1ade 5 ml. Por cada 200 litros de agua del grifo para neutralizar hasta 4mg\/l de cloro residual y hasta 2mg\/l de cloramina. Agitar antes de usar y verter en la salida de agua del filtro para una mejor dispersi\u00f3n del producto. <strong>PRECAUCIONES:<\/strong> No es apto para el consumo humano. S\u00f3lo para uso en acuarios con peces ornamentales. Mant\u00e9ngase fuera del alcance de los ni\u00f1os y los animales dom\u00e9sticos Fecha de caducidad: v\u00e9ase la impresi\u00f3n en la botella. <span style=\"color: #228bca;\"><strong>OBSERVACIONES:<\/strong><\/span> &#8211; Para garantizar una dispersi\u00f3n adecuada, a\u00f1ade los aditivos en una zona del acuario con flujo suficiente. &#8211; Para los cambios de agua, puedes a\u00f1adir aditivos al agua antes de verterla en el acuario. Evita mezclar diferentes aditivos antes de a\u00f1adirlos. &#8211; Algunos productos para acuarios pueden reaccionar qu\u00edmicamente con otros; evita combinar varios productos simult\u00e1neamente para evitar precipitaciones o reacciones no deseadas. &#8211; El tap\u00f3n de la botella te ayudar\u00e1 a medir la dosis con precisi\u00f3n: &#8211; La cavidad interior contiene 5 ml. &#8211; El volumen entre la cavidad interior y la exterior contiene 10 ml. &#8211; Ambas cavidades llenas contienen un total de 15 ml. &#8211; Un tap\u00f3n completamente lleno contiene 20 ml. <img decoding=\"async\" class=\"size-medium wp-image-683\" src=\"https:\/\/azooeurope.com\/wp-content\/uploads\/\/azoo_plus_chlorine_chloramine_remover_03-400x400.jpg\" alt=\"AZOO Plus Eliminador de Cloro y Cloramina\" width=\"400\" height=\"400\" srcset=\"https:\/\/azooeurope.com\/wp-content\/uploads\/azoo_plus_chlorine_chloramine_remover_03-400x400.jpg 400w, https:\/\/azooeurope.com\/wp-content\/uploads\/azoo_plus_chlorine_chloramine_remover_03-768x768.jpg 768w, https:\/\/azooeurope.com\/wp-content\/uploads\/azoo_plus_chlorine_chloramine_remover_03-300x300.jpg 300w, https:\/\/azooeurope.com\/wp-content\/uploads\/azoo_plus_chlorine_chloramine_remover_03-600x600.jpg 600w, https:\/\/azooeurope.com\/wp-content\/uploads\/azoo_plus_chlorine_chloramine_remover_03-100x100.jpg 100w, https:\/\/azooeurope.com\/wp-content\/uploads\/azoo_plus_chlorine_chloramine_remover_03.jpg 1250w\" sizes=\"(max-width: 400px) 100vw, 400px\" \/><span style=\"color: #228bca;\"><strong>ATENCI\u00d3N:<\/strong><\/span> &#8211; NO APTO PARA EL CONSUMO HUMANO. &#8211; NO INGERIR. EN CASO DE CONTACTO CON LOS OJOS, ACLARA CON ABUNDANTE AGUA LIMPIA Y BUSCA ATENCI\u00d3N M\u00c9DICA. &#8211; MANT\u00c9N EL PRODUCTO FUERA DEL ALCANCE DE LOS NI\u00d1OS Y LOS ANIMALES DOM\u00c9STICOS. &#8211; AGITA EL FRASCO ANTES DE USARLO. &#8211; CIERRA BIEN EL FRASCO DESPU\u00c9S DE CADA USO. &#8211; GUARDA LA BOTELLA EN UN LUGAR FRESCO Y SECO, EVITANDO LA EXPOSICI\u00d3N DIRECTA AL SOL. &#8211; PARA USO EXCLUSIVO EN ACUARIOS CON PECES ORNAMENTALES. AZOO Plus Chlorine Chloramine Remover<\/p>\n","protected":false},"excerpt":{"rendered":"<p>Chlorine Chloramine Remover Chlorine Chloramine Remover es un acondicionador de alto rendimiento para acuarios de agua dulce. Elimina instant\u00e1neamente el amon\u00edaco (NH3) y el nitrito (NO2). Neutraliza inmediatamente el cloro residual y las cloraminas. Neutraliza instant\u00e1neamente los metales pesados contenidos en el agua del grifo. Contiene ingredientes antibacterianos que inhiben el crecimiento de pat\u00f3genos y [&hellip;]<\/p>\n","protected":false},"featured_media":3014,"comment_status":"open","ping_status":"closed","template":"","meta":{"rank_math_lock_modified_date":false},"product_cat":[533,459,460],"product_tag":[480,494,543,707,546,710,714,712,708,562,463,502,551,500,555,704],"class_list":{"0":"post-5367","1":"product","2":"type-product","3":"status-publish","4":"has-post-thumbnail","6":"product_cat-acondicionadores","7":"product_cat-azoo-europa","8":"product_cat-azoo-plus-es","9":"product_tag-acondicionador-es","10":"product_tag-acondicionador-es-2","11":"product_tag-anti-cloro-es","12":"product_tag-anti-cloro-y-cloramina","13":"product_tag-anticloro-es","14":"product_tag-ap17832-es","15":"product_tag-ap17836-es","16":"product_tag-ap17837-es","17":"product_tag-ap17849-es","18":"product_tag-aqua-guard-plus-es","19":"product_tag-azoo-es","20":"product_tag-cloramina","21":"product_tag-cloraminas-es","22":"product_tag-cloro","23":"product_tag-metales-pesados-es","24":"product_tag-removedor-es","26":"first","27":"instock","28":"shipping-taxable","29":"product-type-simple"},"_links":{"self":[{"href":"https:\/\/azooeurope.com\/es\/wp-json\/wp\/v2\/product\/5367","targetHints":{"allow":["GET"]}}],"collection":[{"href":"https:\/\/azooeurope.com\/es\/wp-json\/wp\/v2\/product"}],"about":[{"href":"https:\/\/azooeurope.com\/es\/wp-json\/wp\/v2\/types\/product"}],"replies":[{"embeddable":true,"href":"https:\/\/azooeurope.com\/es\/wp-json\/wp\/v2\/comments?post=5367"}],"wp:featuredmedia":[{"embeddable":true,"href":"https:\/\/azooeurope.com\/es\/wp-json\/wp\/v2\/media\/3014"}],"wp:attachment":[{"href":"https:\/\/azooeurope.com\/es\/wp-json\/wp\/v2\/media?parent=5367"}],"wp:term":[{"taxonomy":"product_cat","embeddable":true,"href":"https:\/\/azooeurope.com\/es\/wp-json\/wp\/v2\/product_cat?post=5367"},{"taxonomy":"product_tag","embeddable":true,"href":"https:\/\/azooeurope.com\/es\/wp-json\/wp\/v2\/product_tag?post=5367"}],"curies":[{"name":"wp","href":"https:\/\/api.w.org\/{rel}","templated":true}]}}