{"id":5280,"date":"2024-03-15T11:09:47","date_gmt":"2024-03-15T10:09:47","guid":{"rendered":"https:\/\/infallible-hoover.188-95-114-6.plesk.page\/nuestra-historia\/"},"modified":"2024-09-24T13:29:16","modified_gmt":"2024-09-24T11:29:16","slug":"nuestra-historia","status":"publish","type":"page","link":"https:\/\/azooeurope.com\/es\/nuestra-historia\/","title":{"rendered":"Nuestra historia"},"content":{"rendered":"\t\t<div data-elementor-type=\"wp-page\" data-elementor-id=\"5280\" class=\"elementor elementor-5280 elementor-1437\" data-elementor-post-type=\"page\">\n\t\t\t\t<div class=\"elementor-element elementor-element-83021ab e-flex e-con-boxed e-con e-parent\" data-id=\"83021ab\" data-element_type=\"container\" data-settings=\"{&quot;background_background&quot;:&quot;classic&quot;,&quot;_ha_eqh_enable&quot;:false}\">\n\t\t\t\t\t<div class=\"e-con-inner\">\n\t\t\t\t<div class=\"elementor-element elementor-element-a561844 elementor-widget elementor-widget-image\" data-id=\"a561844\" data-element_type=\"widget\" data-widget_type=\"image.default\">\n\t\t\t\t<div class=\"elementor-widget-container\">\n\t\t\t\t\t\t\t\t\t\t\t\t\t<img fetchpriority=\"high\" decoding=\"async\" width=\"1500\" height=\"252\" src=\"https:\/\/azooeurope.com\/wp-content\/uploads\/our-story.png\" class=\"attachment-large size-large wp-image-4268\" alt=\"\" srcset=\"https:\/\/azooeurope.com\/wp-content\/uploads\/our-story.png 1500w, https:\/\/azooeurope.com\/wp-content\/uploads\/our-story-400x67.png 400w, https:\/\/azooeurope.com\/wp-content\/uploads\/our-story-768x129.png 768w, https:\/\/azooeurope.com\/wp-content\/uploads\/our-story-600x101.png 600w\" sizes=\"(max-width: 1500px) 100vw, 1500px\" \/>\t\t\t\t\t\t\t\t\t\t\t\t\t<\/div>\n\t\t\t\t<\/div>\n\t\t\t\t<div class=\"elementor-element elementor-element-902ab77 elementor-widget elementor-widget-image\" data-id=\"902ab77\" data-element_type=\"widget\" data-widget_type=\"image.default\">\n\t\t\t\t<div class=\"elementor-widget-container\">\n\t\t\t\t\t\t\t\t\t\t\t\t\t\t<a href=\"\/es\/ultra-fresco\/\">\n\t\t\t\t\t\t\t<img decoding=\"async\" width=\"500\" height=\"262\" src=\"https:\/\/azooeurope.com\/wp-content\/uploads\/ultra-fresh-logo_blanco.png\" class=\"elementor-animation-grow attachment-large size-large wp-image-4229\" alt=\"\" srcset=\"https:\/\/azooeurope.com\/wp-content\/uploads\/ultra-fresh-logo_blanco.png 500w, https:\/\/azooeurope.com\/wp-content\/uploads\/ultra-fresh-logo_blanco-400x210.png 400w\" sizes=\"(max-width: 500px) 100vw, 500px\" \/>\t\t\t\t\t\t\t\t<\/a>\n\t\t\t\t\t\t\t\t\t\t\t\t\t<\/div>\n\t\t\t\t<\/div>\n\t\t\t\t\t<\/div>\n\t\t\t\t<\/div>\n\t\t<div class=\"elementor-element elementor-element-fd86916 e-flex e-con-boxed e-con e-parent\" data-id=\"fd86916\" data-element_type=\"container\" data-settings=\"{&quot;background_background&quot;:&quot;classic&quot;,&quot;animation&quot;:&quot;none&quot;}\">\n\t\t\t\t\t<div class=\"e-con-inner\">\n\t\t<div class=\"elementor-element elementor-element-9c27cf8 e-con-full e-flex e-con e-child\" data-id=\"9c27cf8\" data-element_type=\"container\" data-settings=\"{&quot;_ha_eqh_enable&quot;:false}\">\n\t\t\t\t<div class=\"elementor-element elementor-element-cb681eb elementor-widget elementor-widget-image\" data-id=\"cb681eb\" data-element_type=\"widget\" data-widget_type=\"image.default\">\n\t\t\t\t<div class=\"elementor-widget-container\">\n\t\t\t\t\t\t\t\t\t\t\t\t\t<img decoding=\"async\" width=\"1800\" height=\"123\" src=\"https:\/\/azooeurope.com\/wp-content\/uploads\/real-sources-1.png\" class=\"attachment-large size-large wp-image-4277\" alt=\"\" srcset=\"https:\/\/azooeurope.com\/wp-content\/uploads\/real-sources-1.png 1800w, https:\/\/azooeurope.com\/wp-content\/uploads\/real-sources-1-400x27.png 400w, https:\/\/azooeurope.com\/wp-content\/uploads\/real-sources-1-768x52.png 768w, https:\/\/azooeurope.com\/wp-content\/uploads\/real-sources-1-1536x105.png 1536w, https:\/\/azooeurope.com\/wp-content\/uploads\/real-sources-1-600x41.png 600w\" sizes=\"(max-width: 1800px) 100vw, 1800px\" \/>\t\t\t\t\t\t\t\t\t\t\t\t\t<\/div>\n\t\t\t\t<\/div>\n\t\t\t\t<div class=\"elementor-element elementor-element-bbb71f6 elementor-widget elementor-widget-heading\" data-id=\"bbb71f6\" data-element_type=\"widget\" data-widget_type=\"heading.default\">\n\t\t\t\t<div class=\"elementor-widget-container\">\n\t\t\t<h2 class=\"elementor-heading-title elementor-size-default\">Saludos, soy Tim Fang, fundador de Ultra Fresh.  <\/h2>\t\t<\/div>\n\t\t\t\t<\/div>\n\t\t\t\t<div class=\"elementor-element elementor-element-086d2d5 elementor-widget elementor-widget-heading\" data-id=\"086d2d5\" data-element_type=\"widget\" data-widget_type=\"heading.default\">\n\t\t\t\t<div class=\"elementor-widget-container\">\n\t\t\t<h2 class=\"elementor-heading-title elementor-size-default\">Todo empez\u00f3 hace cinco a\u00f1os.\nNos dimos cuenta de que los amantes de perros y gatos de todo el mundo eligen la mejor comida hecha con carnes, frutas y verduras frescas, naturales y no adulteradas, comprobando cuidadosamente las materias primas y los ingredientes para asegurarnos de que no hay colorantes artificiales ni aditivos qu\u00edmicos.   <\/h2>\t\t<\/div>\n\t\t\t\t<\/div>\n\t\t\t\t<div class=\"elementor-element elementor-element-fb2ce3a elementor-widget elementor-widget-heading\" data-id=\"fb2ce3a\" data-element_type=\"widget\" data-widget_type=\"heading.default\">\n\t\t\t\t<div class=\"elementor-widget-container\">\n\t\t\t<h2 class=\"elementor-heading-title elementor-size-default\">Nunca escatimamos en calidad, los tratamos como a uno de los nuestros.\nPero los piensos para peces son otra historia.\nLos piensos para peces del mercado siempre contienen todo tipo de aditivos qu\u00edmicos.    <\/h2>\t\t<\/div>\n\t\t\t\t<\/div>\n\t\t\t\t<div class=\"elementor-element elementor-element-807de93 elementor-widget elementor-widget-heading\" data-id=\"807de93\" data-element_type=\"widget\" data-widget_type=\"heading.default\">\n\t\t\t\t<div class=\"elementor-widget-container\">\n\t\t\t<h2 class=\"elementor-heading-title elementor-size-default\">El equipo que dio a luz a Ultra Fresh est\u00e1 formado por entusiastas de los peces que cr\u00edan guppys, c\u00edclidos enanos, peces escuela, siluros de boca chupadora y discos.\nCon la esperanza de proporcionar a nuestros queridos peces el mejor alimento posible, empezamos a pensar en c\u00f3mo fabricar piensos para peces con ingredientes totalmente naturales.   <\/h2>\t\t<\/div>\n\t\t\t\t<\/div>\n\t\t\t\t<div class=\"elementor-element elementor-element-601395c elementor-widget elementor-widget-heading\" data-id=\"601395c\" data-element_type=\"widget\" data-widget_type=\"heading.default\">\n\t\t\t\t<div class=\"elementor-widget-container\">\n\t\t\t<h2 class=\"elementor-heading-title elementor-size-default\">Al principio, las cosas no fueron a las mil maravillas: es extremadamente dif\u00edcil conseguir que los peces coman pienso que no est\u00e9 potenciado con atrayentes o aromatizantes artificiales.\nTardamos unos cinco a\u00f1os en probar diversas combinaciones de ingredientes frescos antes de conseguir por fin un \u00e9xito importante.   <\/h2>\t\t<\/div>\n\t\t\t\t<\/div>\n\t\t\t\t<div class=\"elementor-element elementor-element-4c0839e elementor-widget elementor-widget-heading\" data-id=\"4c0839e\" data-element_type=\"widget\" data-widget_type=\"heading.default\">\n\t\t\t\t<div class=\"elementor-widget-container\">\n\t\t\t<h2 class=\"elementor-heading-title elementor-size-default\">En lugar de la harina de pescado o de gambas convencional, ideamos una mezcla \u00fanica de gambas espada salvajes frescas de primera calidad procedentes de aguas pr\u00edstinas de la costa de Yilan (Taiw\u00e1n), adem\u00e1s de otros ingredientes naturales 100% comestibles por el ser humano, cuidadosamente seleccionados.  <\/h2>\t\t<\/div>\n\t\t\t\t<\/div>\n\t\t\t\t<div class=\"elementor-element elementor-element-9e107e0 elementor-widget elementor-widget-heading\" data-id=\"9e107e0\" data-element_type=\"widget\" data-widget_type=\"heading.default\">\n\t\t\t\t<div class=\"elementor-widget-container\">\n\t\t\t<h2 class=\"elementor-heading-title elementor-size-default\">El resultado: Ultra Fresh puede satisfacer incluso a los m\u00e1s quisquillosos, al tiempo que ofrece una palatabilidad y un valor nutritivo extraordinarios.\nQueremos dar a tu pez mascota una opci\u00f3n m\u00e1s sana y mejor que proviene de la naturaleza. <\/h2>\t\t<\/div>\n\t\t\t\t<\/div>\n\t\t\t\t<\/div>\n\t\t\t\t\t<\/div>\n\t\t\t\t<\/div>\n\t\t<div class=\"elementor-element elementor-element-305ecf2 e-flex e-con-boxed e-con e-parent\" data-id=\"305ecf2\" data-element_type=\"container\" data-settings=\"{&quot;background_background&quot;:&quot;gradient&quot;,&quot;_ha_eqh_enable&quot;:false}\">\n\t\t\t\t\t<div class=\"e-con-inner\">\n\t\t<div class=\"elementor-element elementor-element-e6b00ba e-con-full e-flex e-con e-child\" data-id=\"e6b00ba\" data-element_type=\"container\" data-settings=\"{&quot;_ha_eqh_enable&quot;:false}\">\n\t\t\t\t<div class=\"elementor-element elementor-element-2715f4d elementor-invisible elementor-widget elementor-widget-image\" data-id=\"2715f4d\" data-element_type=\"widget\" data-settings=\"{&quot;_animation&quot;:&quot;zoomIn&quot;}\" data-widget_type=\"image.default\">\n\t\t\t\t<div class=\"elementor-widget-container\">\n\t\t\t\t\t\t\t\t\t\t\t\t\t<img loading=\"lazy\" decoding=\"async\" width=\"973\" height=\"1075\" src=\"https:\/\/azooeurope.com\/wp-content\/uploads\/ultrafresh-yolan-shrimp.jpg\" class=\"attachment-large size-large wp-image-4232\" alt=\"\" srcset=\"https:\/\/azooeurope.com\/wp-content\/uploads\/ultrafresh-yolan-shrimp.jpg 973w, https:\/\/azooeurope.com\/wp-content\/uploads\/ultrafresh-yolan-shrimp-400x442.jpg 400w, https:\/\/azooeurope.com\/wp-content\/uploads\/ultrafresh-yolan-shrimp-768x849.jpg 768w, https:\/\/azooeurope.com\/wp-content\/uploads\/ultrafresh-yolan-shrimp-600x663.jpg 600w\" sizes=\"(max-width: 973px) 100vw, 973px\" \/>\t\t\t\t\t\t\t\t\t\t\t\t\t<\/div>\n\t\t\t\t<\/div>\n\t\t\t\t<\/div>\n\t\t<div class=\"elementor-element elementor-element-39af21d e-con-full e-flex e-con e-child\" data-id=\"39af21d\" data-element_type=\"container\" data-settings=\"{&quot;_ha_eqh_enable&quot;:false}\">\n\t\t<div class=\"elementor-element elementor-element-b06ad6d e-flex e-con-boxed e-con e-child\" data-id=\"b06ad6d\" data-element_type=\"container\" data-settings=\"{&quot;_ha_eqh_enable&quot;:false}\">\n\t\t\t\t\t<div class=\"e-con-inner\">\n\t\t\t\t<div class=\"elementor-element elementor-element-4cb4c65 elementor-widget elementor-widget-heading\" data-id=\"4cb4c65\" data-element_type=\"widget\" data-widget_type=\"heading.default\">\n\t\t\t\t<div class=\"elementor-widget-container\">\n\t\t\t<h2 class=\"elementor-heading-title elementor-size-default\">1. Gambas espada frescas de primera calidad procedentes de Yilan, Taiw\u00e1n, con palatabilidad natural para estimular el apetito de tus peces.<\/h2>\t\t<\/div>\n\t\t\t\t<\/div>\n\t\t\t\t\t<\/div>\n\t\t\t\t<\/div>\n\t\t<div class=\"elementor-element elementor-element-12406c7 e-flex e-con-boxed e-con e-child\" data-id=\"12406c7\" data-element_type=\"container\" data-settings=\"{&quot;_ha_eqh_enable&quot;:false}\">\n\t\t\t\t\t<div class=\"e-con-inner\">\n\t\t\t\t<div class=\"elementor-element elementor-element-5f77271 elementor-invisible elementor-widget elementor-widget-heading\" data-id=\"5f77271\" data-element_type=\"widget\" data-settings=\"{&quot;_animation&quot;:&quot;fadeInRight&quot;}\" data-widget_type=\"heading.default\">\n\t\t\t\t<div class=\"elementor-widget-container\">\n\t\t\t<h3 class=\"elementor-heading-title elementor-size-default\">S\u00f3lo utilizamos gambas espada silvestres frescas de la m\u00e1xima calidad, con el doble de valor nutritivo que la harina de pescado convencional, lo que la convierte en la favorita incluso de los m\u00e1s quisquillosos.<\/h3>\t\t<\/div>\n\t\t\t\t<\/div>\n\t\t\t\t<div class=\"elementor-element elementor-element-4b58200 elementor-widget elementor-widget-image\" data-id=\"4b58200\" data-element_type=\"widget\" data-widget_type=\"image.default\">\n\t\t\t\t<div class=\"elementor-widget-container\">\n\t\t\t\t\t\t\t\t\t\t\t\t\t<img loading=\"lazy\" decoding=\"async\" width=\"2236\" height=\"856\" src=\"https:\/\/azooeurope.com\/wp-content\/uploads\/fish-meal-vs-shrimp-meal.png\" class=\"attachment-large size-large wp-image-4235\" alt=\"\" srcset=\"https:\/\/azooeurope.com\/wp-content\/uploads\/fish-meal-vs-shrimp-meal.png 2236w, https:\/\/azooeurope.com\/wp-content\/uploads\/fish-meal-vs-shrimp-meal-400x153.png 400w, https:\/\/azooeurope.com\/wp-content\/uploads\/fish-meal-vs-shrimp-meal-768x294.png 768w, https:\/\/azooeurope.com\/wp-content\/uploads\/fish-meal-vs-shrimp-meal-1536x588.png 1536w, https:\/\/azooeurope.com\/wp-content\/uploads\/fish-meal-vs-shrimp-meal-2048x784.png 2048w, https:\/\/azooeurope.com\/wp-content\/uploads\/fish-meal-vs-shrimp-meal-600x230.png 600w\" sizes=\"(max-width: 2236px) 100vw, 2236px\" \/>\t\t\t\t\t\t\t\t\t\t\t\t\t<\/div>\n\t\t\t\t<\/div>\n\t\t\t\t\t<\/div>\n\t\t\t\t<\/div>\n\t\t\t\t<\/div>\n\t\t\t\t\t<\/div>\n\t\t\t\t<\/div>\n\t\t\t\t<\/div>\n\t\t","protected":false},"excerpt":{"rendered":"<p>Saludos, soy Tim Fang, fundador de Ultra Fresh. Todo empez\u00f3 hace cinco a\u00f1os. Nos dimos cuenta de que los amantes de perros y gatos de todo el mundo eligen la mejor comida hecha con carnes, frutas y verduras frescas, naturales y no adulteradas, comprobando cuidadosamente las materias primas y los ingredientes para asegurarnos de que [&hellip;]<\/p>\n","protected":false},"author":3,"featured_media":0,"parent":0,"menu_order":0,"comment_status":"closed","ping_status":"closed","template":"elementor_header_footer","meta":{"rank_math_lock_modified_date":false,"footnotes":""},"class_list":["post-5280","page","type-page","status-publish","hentry"],"_links":{"self":[{"href":"https:\/\/azooeurope.com\/es\/wp-json\/wp\/v2\/pages\/5280","targetHints":{"allow":["GET"]}}],"collection":[{"href":"https:\/\/azooeurope.com\/es\/wp-json\/wp\/v2\/pages"}],"about":[{"href":"https:\/\/azooeurope.com\/es\/wp-json\/wp\/v2\/types\/page"}],"author":[{"embeddable":true,"href":"https:\/\/azooeurope.com\/es\/wp-json\/wp\/v2\/users\/3"}],"replies":[{"embeddable":true,"href":"https:\/\/azooeurope.com\/es\/wp-json\/wp\/v2\/comments?post=5280"}],"version-history":[{"count":3,"href":"https:\/\/azooeurope.com\/es\/wp-json\/wp\/v2\/pages\/5280\/revisions"}],"predecessor-version":[{"id":5612,"href":"https:\/\/azooeurope.com\/es\/wp-json\/wp\/v2\/pages\/5280\/revisions\/5612"}],"wp:attachment":[{"href":"https:\/\/azooeurope.com\/es\/wp-json\/wp\/v2\/media?parent=5280"}],"curies":[{"name":"wp","href":"https:\/\/api.w.org\/{rel}","templated":true}]}}