{"id":4981,"date":"2024-03-20T13:03:44","date_gmt":"2024-03-20T12:03:44","guid":{"rendered":"https:\/\/infallible-hoover.188-95-114-6.plesk.page\/cual-te-parece-mas-natural\/"},"modified":"2024-09-18T14:01:08","modified_gmt":"2024-09-18T12:01:08","slug":"cual-te-parece-mas-natural","status":"publish","type":"page","link":"https:\/\/azooeurope.com\/es\/cual-te-parece-mas-natural\/","title":{"rendered":"\u00bfCu\u00e1l te parece m\u00e1s natural"},"content":{"rendered":"\t\t<div data-elementor-type=\"wp-page\" data-elementor-id=\"4981\" class=\"elementor elementor-4981 elementor-1924\" data-elementor-post-type=\"page\">\n\t\t\t\t<div class=\"elementor-element elementor-element-ac8c0cb e-flex e-con-boxed e-con e-parent\" data-id=\"ac8c0cb\" data-element_type=\"container\" data-settings=\"{&quot;background_background&quot;:&quot;classic&quot;,&quot;_ha_eqh_enable&quot;:false}\">\n\t\t\t\t\t<div class=\"e-con-inner\">\n\t\t\t\t<div class=\"elementor-element elementor-element-f15b2b7 elementor-widget elementor-widget-image\" data-id=\"f15b2b7\" data-element_type=\"widget\" data-widget_type=\"image.default\">\n\t\t\t\t<div class=\"elementor-widget-container\">\n\t\t\t\t\t\t\t\t\t\t\t\t\t<img fetchpriority=\"high\" decoding=\"async\" width=\"1397\" height=\"281\" src=\"https:\/\/azooeurope.com\/wp-content\/uploads\/which-one-would-you.png\" class=\"attachment-large size-large wp-image-4283\" alt=\"\" srcset=\"https:\/\/azooeurope.com\/wp-content\/uploads\/which-one-would-you.png 1397w, https:\/\/azooeurope.com\/wp-content\/uploads\/which-one-would-you-400x80.png 400w, https:\/\/azooeurope.com\/wp-content\/uploads\/which-one-would-you-768x154.png 768w, https:\/\/azooeurope.com\/wp-content\/uploads\/which-one-would-you-600x121.png 600w\" sizes=\"(max-width: 1397px) 100vw, 1397px\" \/>\t\t\t\t\t\t\t\t\t\t\t\t\t<\/div>\n\t\t\t\t<\/div>\n\t\t<div class=\"elementor-element elementor-element-b75e054 e-flex e-con-boxed elementor-invisible e-con e-child\" data-id=\"b75e054\" data-element_type=\"container\" data-settings=\"{&quot;animation&quot;:&quot;zoomIn&quot;,&quot;_ha_eqh_enable&quot;:false}\">\n\t\t\t\t\t<div class=\"e-con-inner\">\n\t\t<div class=\"elementor-element elementor-element-be92f8e e-grid e-con-boxed e-con e-child\" data-id=\"be92f8e\" data-element_type=\"container\" data-settings=\"{&quot;_ha_eqh_enable&quot;:false}\">\n\t\t\t\t\t<div class=\"e-con-inner\">\n\t\t\t\t<div class=\"elementor-element elementor-element-8131bb0 elementor-widget__width-initial elementor-widget elementor-widget-image\" data-id=\"8131bb0\" data-element_type=\"widget\" data-widget_type=\"image.default\">\n\t\t\t\t<div class=\"elementor-widget-container\">\n\t\t\t\t\t\t\t\t\t\t<figure class=\"wp-caption\">\n\t\t\t\t\t\t\t\t\t\t<img decoding=\"async\" width=\"410\" height=\"410\" src=\"https:\/\/azooeurope.com\/wp-content\/uploads\/prawns.png\" class=\"attachment-large size-large wp-image-4286\" alt=\"\" srcset=\"https:\/\/azooeurope.com\/wp-content\/uploads\/prawns.png 410w, https:\/\/azooeurope.com\/wp-content\/uploads\/prawns-400x400.png 400w, https:\/\/azooeurope.com\/wp-content\/uploads\/prawns-300x300.png 300w, https:\/\/azooeurope.com\/wp-content\/uploads\/prawns-100x100.png 100w\" sizes=\"(max-width: 410px) 100vw, 410px\" \/>\t\t\t\t\t\t\t\t\t\t\t<figcaption class=\"widget-image-caption wp-caption-text\">gambas espada e ingredientes naturales<\/figcaption>\n\t\t\t\t\t\t\t\t\t\t<\/figure>\n\t\t\t\t\t\t\t<\/div>\n\t\t\t\t<\/div>\n\t\t\t\t<div class=\"elementor-element elementor-element-bab6d68 elementor-widget__width-initial elementor-widget elementor-widget-image\" data-id=\"bab6d68\" data-element_type=\"widget\" data-widget_type=\"image.default\">\n\t\t\t\t<div class=\"elementor-widget-container\">\n\t\t\t\t\t\t\t\t\t\t\t\t\t<img decoding=\"async\" width=\"365\" height=\"281\" src=\"https:\/\/azooeurope.com\/wp-content\/uploads\/vs2.png\" class=\"attachment-full size-full wp-image-4289\" alt=\"\" \/>\t\t\t\t\t\t\t\t\t\t\t\t\t<\/div>\n\t\t\t\t<\/div>\n\t\t\t\t<div class=\"elementor-element elementor-element-446cee9 elementor-widget elementor-widget-image\" data-id=\"446cee9\" data-element_type=\"widget\" data-widget_type=\"image.default\">\n\t\t\t\t<div class=\"elementor-widget-container\">\n\t\t\t\t\t\t\t\t\t\t<figure class=\"wp-caption\">\n\t\t\t\t\t\t\t\t\t\t<img loading=\"lazy\" decoding=\"async\" width=\"410\" height=\"410\" src=\"https:\/\/azooeurope.com\/wp-content\/uploads\/harina.png\" class=\"attachment-large size-large wp-image-4292\" alt=\"\" srcset=\"https:\/\/azooeurope.com\/wp-content\/uploads\/harina.png 410w, https:\/\/azooeurope.com\/wp-content\/uploads\/harina-400x400.png 400w, https:\/\/azooeurope.com\/wp-content\/uploads\/harina-300x300.png 300w, https:\/\/azooeurope.com\/wp-content\/uploads\/harina-100x100.png 100w\" sizes=\"(max-width: 410px) 100vw, 410px\" \/>\t\t\t\t\t\t\t\t\t\t\t<figcaption class=\"widget-image-caption wp-caption-text\">Harina de pescado... Harina de gambas...<\/figcaption>\n\t\t\t\t\t\t\t\t\t\t<\/figure>\n\t\t\t\t\t\t\t<\/div>\n\t\t\t\t<\/div>\n\t\t\t\t\t<\/div>\n\t\t\t\t<\/div>\n\t\t\t\t\t<\/div>\n\t\t\t\t<\/div>\n\t\t\t\t<div class=\"elementor-element elementor-element-f266a22 elementor-widget elementor-widget-heading\" data-id=\"f266a22\" data-element_type=\"widget\" data-widget_type=\"heading.default\">\n\t\t\t\t<div class=\"elementor-widget-container\">\n\t\t\t<h2 class=\"elementor-heading-title elementor-size-default\">S\u00f3lo utilizamos gambas espada salvajes frescas de primera calidad capturadas en las pr\u00edstinas aguas de Yilan, Taiw\u00e1n, que aportan el doble de valor nutritivo que la harina de pescado o de gambas convencional.\nSu rico sabor y su gusto supremo la convierten en la favorita incluso de los m\u00e1s quisquillosos. <\/h2>\t\t<\/div>\n\t\t\t\t<\/div>\n\t\t\t\t\t<\/div>\n\t\t\t\t<\/div>\n\t\t<div class=\"elementor-element elementor-element-6f69ea1 e-flex e-con-boxed e-con e-parent\" data-id=\"6f69ea1\" data-element_type=\"container\" data-settings=\"{&quot;background_background&quot;:&quot;gradient&quot;,&quot;_ha_eqh_enable&quot;:false}\">\n\t\t\t\t\t<div class=\"e-con-inner\">\n\t\t\t\t<div class=\"elementor-element elementor-element-7ef177c elementor-invisible elementor-widget elementor-widget-image\" data-id=\"7ef177c\" data-element_type=\"widget\" data-settings=\"{&quot;_animation&quot;:&quot;zoomIn&quot;}\" data-widget_type=\"image.default\">\n\t\t\t\t<div class=\"elementor-widget-container\">\n\t\t\t\t\t\t\t\t\t\t\t\t\t<img loading=\"lazy\" decoding=\"async\" width=\"1500\" height=\"1087\" src=\"https:\/\/azooeurope.com\/wp-content\/uploads\/which-one-do-you-think-is2-.png\" class=\"attachment-large size-large wp-image-4496\" alt=\"\" srcset=\"https:\/\/azooeurope.com\/wp-content\/uploads\/which-one-do-you-think-is2-.png 1500w, https:\/\/azooeurope.com\/wp-content\/uploads\/which-one-do-you-think-is2--400x290.png 400w, https:\/\/azooeurope.com\/wp-content\/uploads\/which-one-do-you-think-is2--768x557.png 768w, https:\/\/azooeurope.com\/wp-content\/uploads\/which-one-do-you-think-is2--600x435.png 600w\" sizes=\"(max-width: 1500px) 100vw, 1500px\" \/>\t\t\t\t\t\t\t\t\t\t\t\t\t<\/div>\n\t\t\t\t<\/div>\n\t\t\t\t<div class=\"elementor-element elementor-element-0b76583 elementor-widget elementor-widget-heading\" data-id=\"0b76583\" data-element_type=\"widget\" data-widget_type=\"heading.default\">\n\t\t\t\t<div class=\"elementor-widget-container\">\n\t\t\t<h2 class=\"elementor-heading-title elementor-size-default\">Sabemos que quieres dar a tu querida mascota comida de calidad hecha con aut\u00e9ntica carne fresca e ingredientes naturales.\nPor eso hemos seleccionado cuidadosamente una variedad de ingredientes frescos 100% naturales, sin colorantes artificiales ni atrayentes o aditivos qu\u00edmicos.\nNuestro pienso sin productos qu\u00edmicos proporciona a tus peces una dosis diaria de salud nutricional.  <\/h2>\t\t<\/div>\n\t\t\t\t<\/div>\n\t\t\t\t\t<\/div>\n\t\t\t\t<\/div>\n\t\t\t\t<\/div>\n\t\t","protected":false},"excerpt":{"rendered":"<p>gambas espada e ingredientes naturales Harina de pescado&#8230; Harina de gambas&#8230; S\u00f3lo utilizamos gambas espada salvajes frescas de primera calidad capturadas en las pr\u00edstinas aguas de Yilan, Taiw\u00e1n, que aportan el doble de valor nutritivo que la harina de pescado o de gambas convencional. Su rico sabor y su gusto supremo la convierten en la [&hellip;]<\/p>\n","protected":false},"author":3,"featured_media":0,"parent":0,"menu_order":0,"comment_status":"closed","ping_status":"closed","template":"elementor_header_footer","meta":{"rank_math_lock_modified_date":false,"footnotes":""},"class_list":["post-4981","page","type-page","status-publish","hentry"],"_links":{"self":[{"href":"https:\/\/azooeurope.com\/es\/wp-json\/wp\/v2\/pages\/4981","targetHints":{"allow":["GET"]}}],"collection":[{"href":"https:\/\/azooeurope.com\/es\/wp-json\/wp\/v2\/pages"}],"about":[{"href":"https:\/\/azooeurope.com\/es\/wp-json\/wp\/v2\/types\/page"}],"author":[{"embeddable":true,"href":"https:\/\/azooeurope.com\/es\/wp-json\/wp\/v2\/users\/3"}],"replies":[{"embeddable":true,"href":"https:\/\/azooeurope.com\/es\/wp-json\/wp\/v2\/comments?post=4981"}],"version-history":[{"count":0,"href":"https:\/\/azooeurope.com\/es\/wp-json\/wp\/v2\/pages\/4981\/revisions"}],"wp:attachment":[{"href":"https:\/\/azooeurope.com\/es\/wp-json\/wp\/v2\/media?parent=4981"}],"curies":[{"name":"wp","href":"https:\/\/api.w.org\/{rel}","templated":true}]}}