{"id":4975,"date":"2024-03-15T14:10:29","date_gmt":"2024-03-15T13:10:29","guid":{"rendered":"https:\/\/infallible-hoover.188-95-114-6.plesk.page\/por-que-gambas-espada\/"},"modified":"2024-09-24T13:25:00","modified_gmt":"2024-09-24T11:25:00","slug":"por-que-gambas-espada","status":"publish","type":"page","link":"https:\/\/azooeurope.com\/es\/por-que-gambas-espada\/","title":{"rendered":"por qu\u00e9 gambas espada"},"content":{"rendered":"\t\t<div data-elementor-type=\"wp-page\" data-elementor-id=\"4975\" class=\"elementor elementor-4975 elementor-1506\" data-elementor-post-type=\"page\">\n\t\t\t\t<div class=\"elementor-element elementor-element-83021ab e-flex e-con-boxed e-con e-parent\" data-id=\"83021ab\" data-element_type=\"container\" data-settings=\"{&quot;background_background&quot;:&quot;classic&quot;,&quot;_ha_eqh_enable&quot;:false}\">\n\t\t\t\t\t<div class=\"e-con-inner\">\n\t\t\t\t<div class=\"elementor-element elementor-element-a561844 elementor-widget elementor-widget-image\" data-id=\"a561844\" data-element_type=\"widget\" data-widget_type=\"image.default\">\n\t\t\t\t<div class=\"elementor-widget-container\">\n\t\t\t\t\t\t\t\t\t\t\t\t\t<img fetchpriority=\"high\" decoding=\"async\" width=\"1500\" height=\"184\" src=\"https:\/\/azooeurope.com\/wp-content\/uploads\/why-sword-prawns.png\" class=\"attachment-large size-large wp-image-4301\" alt=\"\" srcset=\"https:\/\/azooeurope.com\/wp-content\/uploads\/why-sword-prawns.png 1500w, https:\/\/azooeurope.com\/wp-content\/uploads\/why-sword-prawns-400x49.png 400w, https:\/\/azooeurope.com\/wp-content\/uploads\/why-sword-prawns-768x94.png 768w, https:\/\/azooeurope.com\/wp-content\/uploads\/why-sword-prawns-600x74.png 600w\" sizes=\"(max-width: 1500px) 100vw, 1500px\" \/>\t\t\t\t\t\t\t\t\t\t\t\t\t<\/div>\n\t\t\t\t<\/div>\n\t\t\t\t<div class=\"elementor-element elementor-element-7ba398d elementor-widget elementor-widget-image\" data-id=\"7ba398d\" data-element_type=\"widget\" data-widget_type=\"image.default\">\n\t\t\t\t<div class=\"elementor-widget-container\">\n\t\t\t\t\t\t\t\t\t\t\t\t\t\t<a href=\"\/es\/ultra-fresco\/\">\n\t\t\t\t\t\t\t<img decoding=\"async\" width=\"500\" height=\"262\" src=\"https:\/\/azooeurope.com\/wp-content\/uploads\/ultra-fresh-logo_blanco.png\" class=\"elementor-animation-grow attachment-large size-large wp-image-4229\" alt=\"\" srcset=\"https:\/\/azooeurope.com\/wp-content\/uploads\/ultra-fresh-logo_blanco.png 500w, https:\/\/azooeurope.com\/wp-content\/uploads\/ultra-fresh-logo_blanco-400x210.png 400w\" sizes=\"(max-width: 500px) 100vw, 500px\" \/>\t\t\t\t\t\t\t\t<\/a>\n\t\t\t\t\t\t\t\t\t\t\t\t\t<\/div>\n\t\t\t\t<\/div>\n\t\t\t\t\t<\/div>\n\t\t\t\t<\/div>\n\t\t<div class=\"elementor-element elementor-element-6de675a e-flex e-con-boxed e-con e-parent\" data-id=\"6de675a\" data-element_type=\"container\" data-settings=\"{&quot;background_background&quot;:&quot;gradient&quot;,&quot;_ha_eqh_enable&quot;:false}\">\n\t\t\t\t\t<div class=\"e-con-inner\">\n\t\t<div class=\"elementor-element elementor-element-8b3e9d7 e-con-full e-flex e-con e-child\" data-id=\"8b3e9d7\" data-element_type=\"container\" data-settings=\"{&quot;_ha_eqh_enable&quot;:false}\">\n\t\t\t\t<div class=\"elementor-element elementor-element-3a245dc elementor-invisible elementor-widget elementor-widget-image\" data-id=\"3a245dc\" data-element_type=\"widget\" data-settings=\"{&quot;_animation&quot;:&quot;fadeInLeft&quot;}\" data-widget_type=\"image.default\">\n\t\t\t\t<div class=\"elementor-widget-container\">\n\t\t\t\t\t\t\t\t\t\t\t\t\t<img decoding=\"async\" width=\"731\" height=\"841\" src=\"https:\/\/azooeurope.com\/wp-content\/uploads\/6d77842c-90e2-438a-a327-cbf5b1119f00.jpg\" class=\"attachment-large size-large wp-image-4307\" alt=\"\" srcset=\"https:\/\/azooeurope.com\/wp-content\/uploads\/6d77842c-90e2-438a-a327-cbf5b1119f00.jpg 731w, https:\/\/azooeurope.com\/wp-content\/uploads\/6d77842c-90e2-438a-a327-cbf5b1119f00-400x460.jpg 400w, https:\/\/azooeurope.com\/wp-content\/uploads\/6d77842c-90e2-438a-a327-cbf5b1119f00-600x690.jpg 600w\" sizes=\"(max-width: 731px) 100vw, 731px\" \/>\t\t\t\t\t\t\t\t\t\t\t\t\t<\/div>\n\t\t\t\t<\/div>\n\t\t\t\t<\/div>\n\t\t<div class=\"elementor-element elementor-element-3c077d3 e-con-full e-flex e-con e-child\" data-id=\"3c077d3\" data-element_type=\"container\" data-settings=\"{&quot;_ha_eqh_enable&quot;:false}\">\n\t\t\t\t<div class=\"elementor-element elementor-element-fab5d30 elementor-widget elementor-widget-heading\" data-id=\"fab5d30\" data-element_type=\"widget\" data-widget_type=\"heading.default\">\n\t\t\t\t<div class=\"elementor-widget-container\">\n\t\t\t<h2 class=\"elementor-heading-title elementor-size-default\">Todo se reduce a una cosa: dar a tu mascota alimentos naturales<\/h2>\t\t<\/div>\n\t\t\t\t<\/div>\n\t\t\t\t<div class=\"elementor-element elementor-element-a97749c elementor-invisible elementor-widget elementor-widget-heading\" data-id=\"a97749c\" data-element_type=\"widget\" data-settings=\"{&quot;_animation&quot;:&quot;zoomIn&quot;}\" data-widget_type=\"heading.default\">\n\t\t\t\t<div class=\"elementor-widget-container\">\n\t\t\t<h2 class=\"elementor-heading-title elementor-size-default\">Creemos que la verdadera comida para peces debe elaborarse con carne, verduras y algas frescas de forma natural, utilizando un procesado a baja temperatura para conservar todos los sabores naturales y el rico valor nutritivo, tal como la naturaleza pretend\u00eda.\nSin un procesado excesivo y sin adulterantes, aditivos qu\u00edmicos ni conservantes, nuestra comida ofrece un sabor y una nutrici\u00f3n inigualables, similares a la comida que los peces encuentran en su h\u00e1bitat natural.\nQueremos que tus peces vivan la vida que se merecen.  <\/h2>\t\t<\/div>\n\t\t\t\t<\/div>\n\t\t\t\t<\/div>\n\t\t\t\t\t<\/div>\n\t\t\t\t<\/div>\n\t\t<div class=\"elementor-element elementor-element-2a83ee5 e-flex e-con-boxed e-con e-parent\" data-id=\"2a83ee5\" data-element_type=\"container\" data-settings=\"{&quot;background_background&quot;:&quot;gradient&quot;,&quot;_ha_eqh_enable&quot;:false}\">\n\t\t\t\t\t<div class=\"e-con-inner\">\n\t\t<div class=\"elementor-element elementor-element-c50dbf3 e-con-full e-flex e-con e-child\" data-id=\"c50dbf3\" data-element_type=\"container\" data-settings=\"{&quot;_ha_eqh_enable&quot;:false}\">\n\t\t\t\t<div class=\"elementor-element elementor-element-2e72ff8 elementor-invisible elementor-widget elementor-widget-image\" data-id=\"2e72ff8\" data-element_type=\"widget\" data-settings=\"{&quot;_animation&quot;:&quot;zoomIn&quot;}\" data-widget_type=\"image.default\">\n\t\t\t\t<div class=\"elementor-widget-container\">\n\t\t\t\t\t\t\t\t\t\t\t\t\t<img loading=\"lazy\" decoding=\"async\" width=\"1537\" height=\"1920\" src=\"https:\/\/azooeurope.com\/wp-content\/uploads\/original-taste.jpg\" class=\"attachment-large size-large wp-image-4310\" alt=\"\" srcset=\"https:\/\/azooeurope.com\/wp-content\/uploads\/original-taste.jpg 1537w, https:\/\/azooeurope.com\/wp-content\/uploads\/original-taste-400x500.jpg 400w, https:\/\/azooeurope.com\/wp-content\/uploads\/original-taste-768x959.jpg 768w, https:\/\/azooeurope.com\/wp-content\/uploads\/original-taste-1230x1536.jpg 1230w, https:\/\/azooeurope.com\/wp-content\/uploads\/original-taste-600x750.jpg 600w\" sizes=\"(max-width: 1537px) 100vw, 1537px\" \/>\t\t\t\t\t\t\t\t\t\t\t\t\t<\/div>\n\t\t\t\t<\/div>\n\t\t\t\t<\/div>\n\t\t<div class=\"elementor-element elementor-element-222a079 e-con-full e-flex e-con e-child\" data-id=\"222a079\" data-element_type=\"container\" data-settings=\"{&quot;_ha_eqh_enable&quot;:false}\">\n\t\t\t\t<div class=\"elementor-element elementor-element-184e182 elementor-widget elementor-widget-heading\" data-id=\"184e182\" data-element_type=\"widget\" data-widget_type=\"heading.default\">\n\t\t\t\t<div class=\"elementor-widget-container\">\n\t\t\t<h2 class=\"elementor-heading-title elementor-size-default\">Fiel al sabor original  <\/h2>\t\t<\/div>\n\t\t\t\t<\/div>\n\t\t\t\t<div class=\"elementor-element elementor-element-6ba976a elementor-invisible elementor-widget elementor-widget-heading\" data-id=\"6ba976a\" data-element_type=\"widget\" data-settings=\"{&quot;_animation&quot;:&quot;fadeInRight&quot;}\" data-widget_type=\"heading.default\">\n\t\t\t\t<div class=\"elementor-widget-container\">\n\t\t\t<h2 class=\"elementor-heading-title elementor-size-default\">Mientras nos devan\u00e1bamos los sesos para idear una aut\u00e9ntica comida natural para nuestros queridos peces, nos topamos r\u00e1pidamente con nuestro primer gran reto: \u00bfc\u00f3mo conseguir que los peces tropicales salvajes, que son muy quisquillosos con la comida, quisieran com\u00e9rsela sin atrayentes ni saborizantes artificiales, proporcion\u00e1ndoles al mismo tiempo una nutrici\u00f3n completa?\nEsto hab\u00eda resultado extremadamente dif\u00edcil: no quer\u00edamos que nuestros peces se sintieran atra\u00eddos \u00fanicamente por el olor, sino que quer\u00edamos darles comida natural realmente deliciosa y sana. <\/h2>\t\t<\/div>\n\t\t\t\t<\/div>\n\t\t\t\t<\/div>\n\t\t\t\t\t<\/div>\n\t\t\t\t<\/div>\n\t\t<div class=\"elementor-element elementor-element-61e6ee0 e-flex e-con-boxed e-con e-parent\" data-id=\"61e6ee0\" data-element_type=\"container\" data-settings=\"{&quot;background_background&quot;:&quot;gradient&quot;,&quot;_ha_eqh_enable&quot;:false}\">\n\t\t\t\t\t<div class=\"e-con-inner\">\n\t\t<div class=\"elementor-element elementor-element-7103156 e-con-full e-flex e-con e-child\" data-id=\"7103156\" data-element_type=\"container\" data-settings=\"{&quot;_ha_eqh_enable&quot;:false}\">\n\t\t\t\t<div class=\"elementor-element elementor-element-ad1773a elementor-widget elementor-widget-heading\" data-id=\"ad1773a\" data-element_type=\"widget\" data-widget_type=\"heading.default\">\n\t\t\t\t<div class=\"elementor-widget-container\">\n\t\t\t<h2 class=\"elementor-heading-title elementor-size-default\">Con esto en mente, nuestro equipo decidi\u00f3 aprovechar la ventaja geogr\u00e1fica de Taiw\u00e1n, una isla rodeada de mar, y empez\u00f3 a experimentar con varias recetas de marisco fresco de la costa de Taiw\u00e1n e ingredientes naturales locales que se encontraban en tierra.\nTras cinco a\u00f1os de ensayo y error, por fin encontramos el ingrediente principal perfecto para nuestra l\u00ednea de productos Ultra Fresh: gambas espada salvajes frescas capturadas en la costa de Yilan.   <\/h2>\t\t<\/div>\n\t\t\t\t<\/div>\n\t\t\t\t<div class=\"elementor-element elementor-element-0703542 elementor-widget elementor-widget-heading\" data-id=\"0703542\" data-element_type=\"widget\" data-widget_type=\"heading.default\">\n\t\t\t\t<div class=\"elementor-widget-container\">\n\t\t\t<h2 class=\"elementor-heading-title elementor-size-default\">Consultamos a varios pescadores experimentados para saber c\u00f3mo atrapar\u00edan a los quisquillosos que no muerden el anzuelo f\u00e1cilmente.\nSu respuesta: utiliza gambas espada salvajes frescas como cebo y hasta los m\u00e1s quisquillosos se sentir\u00e1n atra\u00eddos por el anzuelo.\n\u00bfPor qu\u00e9?\npreguntamos.\nAs\u00ed que empezamos a indagar y descubrimos...    <\/h2>\t\t<\/div>\n\t\t\t\t<\/div>\n\t\t\t\t<div class=\"elementor-element elementor-element-5dbe50e elementor-widget elementor-widget-heading\" data-id=\"5dbe50e\" data-element_type=\"widget\" data-widget_type=\"heading.default\">\n\t\t\t\t<div class=\"elementor-widget-container\">\n\t\t\t<h2 class=\"elementor-heading-title elementor-size-default\">Los langostinos espada salvajes frescos tienen un sabor \u00fanico y fuerte que supera al de todos los dem\u00e1s camarones, lo que los convierte en la elecci\u00f3n n\u00famero uno de los mejores restaurantes de Asia.\nUn buen ejemplo es el restaurante Din Tai Fung, con una estrella Michelin, donde los langostinos espada son la opci\u00f3n preferida para preparar algunos de sus mundialmente famosos Xiaolongbao y alb\u00f3ndigas al vapor.\nAl parecer, esta exquisitez tiene un encanto irresistible para los quisquillosos.  <\/h2>\t\t<\/div>\n\t\t\t\t<\/div>\n\t\t\t\t<\/div>\n\t\t\t\t\t<\/div>\n\t\t\t\t<\/div>\n\t\t<div class=\"elementor-element elementor-element-37440f0 e-flex e-con-boxed e-con e-parent\" data-id=\"37440f0\" data-element_type=\"container\" data-settings=\"{&quot;background_background&quot;:&quot;gradient&quot;,&quot;_ha_eqh_enable&quot;:false}\">\n\t\t\t\t\t<div class=\"e-con-inner\">\n\t\t<div class=\"elementor-element elementor-element-4302533 e-con-full e-flex e-con e-child\" data-id=\"4302533\" data-element_type=\"container\" data-settings=\"{&quot;_ha_eqh_enable&quot;:false}\">\n\t\t\t\t<div class=\"elementor-element elementor-element-d814d95 elementor-invisible elementor-widget elementor-widget-image\" data-id=\"d814d95\" data-element_type=\"widget\" data-settings=\"{&quot;_animation&quot;:&quot;fadeInLeft&quot;}\" data-widget_type=\"image.default\">\n\t\t\t\t<div class=\"elementor-widget-container\">\n\t\t\t\t\t\t\t\t\t\t\t\t\t<img loading=\"lazy\" decoding=\"async\" width=\"677\" height=\"765\" src=\"https:\/\/azooeurope.com\/wp-content\/uploads\/ultra-fresh-bodegon.jpg\" class=\"attachment-large size-large wp-image-4313\" alt=\"\" srcset=\"https:\/\/azooeurope.com\/wp-content\/uploads\/ultra-fresh-bodegon.jpg 677w, https:\/\/azooeurope.com\/wp-content\/uploads\/ultra-fresh-bodegon-400x452.jpg 400w, https:\/\/azooeurope.com\/wp-content\/uploads\/ultra-fresh-bodegon-600x678.jpg 600w\" sizes=\"(max-width: 677px) 100vw, 677px\" \/>\t\t\t\t\t\t\t\t\t\t\t\t\t<\/div>\n\t\t\t\t<\/div>\n\t\t\t\t<\/div>\n\t\t<div class=\"elementor-element elementor-element-b107f85 e-con-full e-flex e-con e-child\" data-id=\"b107f85\" data-element_type=\"container\" data-settings=\"{&quot;_ha_eqh_enable&quot;:false}\">\n\t\t\t\t<div class=\"elementor-element elementor-element-7b9b002 elementor-widget elementor-widget-heading\" data-id=\"7b9b002\" data-element_type=\"widget\" data-widget_type=\"heading.default\">\n\t\t\t\t<div class=\"elementor-widget-container\">\n\t\t\t<h2 class=\"elementor-heading-title elementor-size-default\">Rico en nutrientes, tal como la naturaleza lo concibi\u00f3<\/h2>\t\t<\/div>\n\t\t\t\t<\/div>\n\t\t\t\t<div class=\"elementor-element elementor-element-6c901f4 elementor-invisible elementor-widget elementor-widget-heading\" data-id=\"6c901f4\" data-element_type=\"widget\" data-settings=\"{&quot;_animation&quot;:&quot;zoomIn&quot;}\" data-widget_type=\"heading.default\">\n\t\t\t\t<div class=\"elementor-widget-container\">\n\t\t\t<h2 class=\"elementor-heading-title elementor-size-default\">Los langostinos espada salvajes frescos ofrecen una palatabilidad excepcional a los peces m\u00e1s exigentes, al tiempo que aportan un enorme valor nutritivo:  <\/h2>\t\t<\/div>\n\t\t\t\t<\/div>\n\t\t\t\t<\/div>\n\t\t\t\t\t<\/div>\n\t\t\t\t<\/div>\n\t\t<div class=\"elementor-element elementor-element-533fdd6 e-flex e-con-boxed e-con e-parent\" data-id=\"533fdd6\" data-element_type=\"container\" data-settings=\"{&quot;background_background&quot;:&quot;gradient&quot;,&quot;_ha_eqh_enable&quot;:false}\">\n\t\t\t\t\t<div class=\"e-con-inner\">\n\t\t<div class=\"elementor-element elementor-element-e6e042e e-con-full e-flex e-con e-child\" data-id=\"e6e042e\" data-element_type=\"container\" data-settings=\"{&quot;_ha_eqh_enable&quot;:false}\">\n\t\t\t\t<div class=\"elementor-element elementor-element-bc2cf21 elementor-widget elementor-widget-heading\" data-id=\"bc2cf21\" data-element_type=\"widget\" data-widget_type=\"heading.default\">\n\t\t\t\t<div class=\"elementor-widget-container\">\n\t\t\t<h2 class=\"elementor-heading-title elementor-size-default\">- Prote\u00edna de alta calidad y r\u00e1pida digesti\u00f3n: 90% de eficiencia de utilizaci\u00f3n de prote\u00ednas por los peces, incomparable con los alimentos excesivamente procesados.<\/h2>\t\t<\/div>\n\t\t\t\t<\/div>\n\t\t\t\t<div class=\"elementor-element elementor-element-caf9c32 elementor-widget elementor-widget-heading\" data-id=\"caf9c32\" data-element_type=\"widget\" data-widget_type=\"heading.default\">\n\t\t\t\t<div class=\"elementor-widget-container\">\n\t\t\t<h2 class=\"elementor-heading-title elementor-size-default\">- Bajo en grasas: no acumula exceso de grasa para mantener a raya el peso saludable de los peces.<\/h2>\t\t<\/div>\n\t\t\t\t<\/div>\n\t\t\t\t<div class=\"elementor-element elementor-element-ef70413 elementor-widget elementor-widget-heading\" data-id=\"ef70413\" data-element_type=\"widget\" data-widget_type=\"heading.default\">\n\t\t\t\t<div class=\"elementor-widget-container\">\n\t\t\t<h2 class=\"elementor-heading-title elementor-size-default\">- Taurina: potencia el crecimiento neuronal y la conectividad; ayuda a regular el equilibrio electrol\u00edtico para mejorar las funciones f\u00edsicas, aumentar la inmunidad y reducir la carga del h\u00edgado.<\/h2>\t\t<\/div>\n\t\t\t\t<\/div>\n\t\t\t\t<div class=\"elementor-element elementor-element-df9204f elementor-widget elementor-widget-heading\" data-id=\"df9204f\" data-element_type=\"widget\" data-widget_type=\"heading.default\">\n\t\t\t\t<div class=\"elementor-widget-container\">\n\t\t\t<h2 class=\"elementor-heading-title elementor-size-default\">- Rico en calcio: ayuda a los peces y tortugas acu\u00e1ticas en el desarrollo \u00f3seo y a mejorar el rendimiento de las aletas.<\/h2>\t\t<\/div>\n\t\t\t\t<\/div>\n\t\t\t\t<div class=\"elementor-element elementor-element-32cd621 elementor-widget elementor-widget-heading\" data-id=\"32cd621\" data-element_type=\"widget\" data-widget_type=\"heading.default\">\n\t\t\t\t<div class=\"elementor-widget-container\">\n\t\t\t<h2 class=\"elementor-heading-title elementor-size-default\">- Alto contenido en nutrientes: contiene hierro, vitaminas (A, B3 y B12), astaxantina y quitina<\/h2>\t\t<\/div>\n\t\t\t\t<\/div>\n\t\t\t\t<div class=\"elementor-element elementor-element-f565351 elementor-widget elementor-widget-heading\" data-id=\"f565351\" data-element_type=\"widget\" data-widget_type=\"heading.default\">\n\t\t\t\t<div class=\"elementor-widget-container\">\n\t\t\t<h2 class=\"elementor-heading-title elementor-size-default\">Ahora, cada envase de Ultra Fresh contiene un 90% y m\u00e1s de prote\u00ednas c\u00e1rnicas de calidad procedentes de gambas espada salvajes frescas.<\/h2>\t\t<\/div>\n\t\t\t\t<\/div>\n\t\t\t\t<div class=\"elementor-element elementor-element-8fb8afe elementor-widget elementor-widget-heading\" data-id=\"8fb8afe\" data-element_type=\"widget\" data-widget_type=\"heading.default\">\n\t\t\t\t<div class=\"elementor-widget-container\">\n\t\t\t<h2 class=\"elementor-heading-title elementor-size-default\">Tus peces se merecen lo mejor.\nPoniendo naturaleza en cada envase, Ultra Fresh utiliza gambas espada salvajes frescas como ingrediente principal.\nAtendiendo a la dieta y los h\u00e1bitos alimentarios de las distintas especies, hemos elaborado una serie de f\u00f3rmulas diferentes que contienen distintas mezclas de verduras frescas y algas naturales para dar a cada pez el mejor alimento posible para una vida m\u00e1s sana.  <\/h2>\t\t<\/div>\n\t\t\t\t<\/div>\n\t\t\t\t<div class=\"elementor-element elementor-element-94a9d38 elementor-invisible elementor-widget elementor-widget-heading\" data-id=\"94a9d38\" data-element_type=\"widget\" data-settings=\"{&quot;_animation&quot;:&quot;zoomIn&quot;}\" data-widget_type=\"heading.default\">\n\t\t\t\t<div class=\"elementor-widget-container\">\n\t\t\t<h2 class=\"elementor-heading-title elementor-size-default\">Ultra Fresh: d\u00e9janos ser tu opci\u00f3n preferida de comida para peces.<\/h2>\t\t<\/div>\n\t\t\t\t<\/div>\n\t\t\t\t<div class=\"elementor-element elementor-element-dc4cf20 elementor-widget elementor-widget-image\" data-id=\"dc4cf20\" data-element_type=\"widget\" data-widget_type=\"image.default\">\n\t\t\t\t<div class=\"elementor-widget-container\">\n\t\t\t\t\t\t\t\t\t\t\t\t\t\t<a href=\"\/es\/ultra-fresco\/\">\n\t\t\t\t\t\t\t<img decoding=\"async\" width=\"500\" height=\"262\" src=\"https:\/\/azooeurope.com\/wp-content\/uploads\/ultra-fresh-logo_blanco.png\" class=\"elementor-animation-grow attachment-large size-large wp-image-4229\" alt=\"\" srcset=\"https:\/\/azooeurope.com\/wp-content\/uploads\/ultra-fresh-logo_blanco.png 500w, https:\/\/azooeurope.com\/wp-content\/uploads\/ultra-fresh-logo_blanco-400x210.png 400w\" sizes=\"(max-width: 500px) 100vw, 500px\" \/>\t\t\t\t\t\t\t\t<\/a>\n\t\t\t\t\t\t\t\t\t\t\t\t\t<\/div>\n\t\t\t\t<\/div>\n\t\t\t\t<\/div>\n\t\t\t\t\t<\/div>\n\t\t\t\t<\/div>\n\t\t\t\t<\/div>\n\t\t","protected":false},"excerpt":{"rendered":"<p>Todo se reduce a una cosa: dar a tu mascota alimentos naturales Creemos que la verdadera comida para peces debe elaborarse con carne, verduras y algas frescas de forma natural, utilizando un procesado a baja temperatura para conservar todos los sabores naturales y el rico valor nutritivo, tal como la naturaleza pretend\u00eda. Sin un procesado [&hellip;]<\/p>\n","protected":false},"author":3,"featured_media":0,"parent":0,"menu_order":0,"comment_status":"closed","ping_status":"closed","template":"elementor_header_footer","meta":{"rank_math_lock_modified_date":false,"footnotes":""},"class_list":["post-4975","page","type-page","status-publish","hentry"],"_links":{"self":[{"href":"https:\/\/azooeurope.com\/es\/wp-json\/wp\/v2\/pages\/4975","targetHints":{"allow":["GET"]}}],"collection":[{"href":"https:\/\/azooeurope.com\/es\/wp-json\/wp\/v2\/pages"}],"about":[{"href":"https:\/\/azooeurope.com\/es\/wp-json\/wp\/v2\/types\/page"}],"author":[{"embeddable":true,"href":"https:\/\/azooeurope.com\/es\/wp-json\/wp\/v2\/users\/3"}],"replies":[{"embeddable":true,"href":"https:\/\/azooeurope.com\/es\/wp-json\/wp\/v2\/comments?post=4975"}],"version-history":[{"count":6,"href":"https:\/\/azooeurope.com\/es\/wp-json\/wp\/v2\/pages\/4975\/revisions"}],"predecessor-version":[{"id":5603,"href":"https:\/\/azooeurope.com\/es\/wp-json\/wp\/v2\/pages\/4975\/revisions\/5603"}],"wp:attachment":[{"href":"https:\/\/azooeurope.com\/es\/wp-json\/wp\/v2\/media?parent=4975"}],"curies":[{"name":"wp","href":"https:\/\/api.w.org\/{rel}","templated":true}]}}