{"id":4933,"date":"2024-01-05T00:27:19","date_gmt":"2024-01-04T23:27:19","guid":{"rendered":"https:\/\/infallible-hoover.188-95-114-6.plesk.page\/sobre-nosotros\/"},"modified":"2024-11-18T13:58:38","modified_gmt":"2024-11-18T12:58:38","slug":"sobre-nosotros","status":"publish","type":"page","link":"https:\/\/azooeurope.com\/es\/sobre-nosotros\/","title":{"rendered":"Sobre nosotros"},"content":{"rendered":"\t\t<div data-elementor-type=\"wp-page\" data-elementor-id=\"4933\" class=\"elementor elementor-4933 elementor-17\" data-elementor-post-type=\"page\">\n\t\t\t\t<div class=\"elementor-element elementor-element-f028222 e-flex e-con-boxed e-con e-parent\" data-id=\"f028222\" data-element_type=\"container\" data-settings=\"{&quot;background_background&quot;:&quot;classic&quot;,&quot;_ha_eqh_enable&quot;:false}\">\n\t\t\t\t\t<div class=\"e-con-inner\">\n\t\t<div class=\"elementor-element elementor-element-46295ce e-con-full e-flex e-con e-child\" data-id=\"46295ce\" data-element_type=\"container\" data-settings=\"{&quot;_ha_eqh_enable&quot;:false}\">\n\t\t<div class=\"elementor-element elementor-element-64362da e-con-full e-flex e-con e-child\" data-id=\"64362da\" data-element_type=\"container\" data-settings=\"{&quot;_ha_eqh_enable&quot;:false}\">\n\t\t<div class=\"elementor-element elementor-element-ff8b39b e-con-full e-flex e-con e-child\" data-id=\"ff8b39b\" data-element_type=\"container\" data-settings=\"{&quot;_ha_eqh_enable&quot;:false}\">\n\t\t\t\t<div class=\"elementor-element elementor-element-f60250d elementor-invisible elementor-widget elementor-widget-heading\" data-id=\"f60250d\" data-element_type=\"widget\" data-settings=\"{&quot;_animation&quot;:&quot;fadeInUp&quot;}\" data-widget_type=\"heading.default\">\n\t\t\t\t<div class=\"elementor-widget-container\">\n\t\t\t<h2 class=\"elementor-heading-title elementor-size-default\">QUI\u00c9NES SOMOS<\/h2>\t\t<\/div>\n\t\t\t\t<\/div>\n\t\t\t\t<div class=\"elementor-element elementor-element-84b8d11 elementor-icon-list--layout-inline elementor-list-item-link-full_width elementor-widget elementor-widget-icon-list\" data-id=\"84b8d11\" data-element_type=\"widget\" data-widget_type=\"icon-list.default\">\n\t\t\t\t<div class=\"elementor-widget-container\">\n\t\t\t\t\t<ul class=\"elementor-icon-list-items elementor-inline-items\">\n\t\t\t\t\t\t\t<li class=\"elementor-icon-list-item elementor-inline-item\">\n\t\t\t\t\t\t\t\t\t\t\t<a href=\"\/es\/\">\n\n\t\t\t\t\t\t\t\t\t\t\t<span class=\"elementor-icon-list-text\">Inicio<\/span>\n\t\t\t\t\t\t\t\t\t\t\t<\/a>\n\t\t\t\t\t\t\t\t\t<\/li>\n\t\t\t\t\t\t<\/ul>\n\t\t\t\t<\/div>\n\t\t\t\t<\/div>\n\t\t\t\t<\/div>\n\t\t\t\t<\/div>\n\t\t\t\t<\/div>\n\t\t\t\t\t<\/div>\n\t\t\t\t<\/div>\n\t\t\t\t<section class=\"elementor-section elementor-top-section elementor-element elementor-element-e351133 elementor-section-boxed elementor-section-height-default elementor-section-height-default\" data-id=\"e351133\" data-element_type=\"section\" data-settings=\"{&quot;_ha_eqh_enable&quot;:false}\">\n\t\t\t\t\t\t<div class=\"elementor-container elementor-column-gap-default\">\n\t\t\t\t\t<div class=\"elementor-column elementor-col-50 elementor-top-column elementor-element elementor-element-209646a\" data-id=\"209646a\" data-element_type=\"column\" data-settings=\"{&quot;animation&quot;:&quot;none&quot;}\">\n\t\t\t<div class=\"elementor-widget-wrap elementor-element-populated\">\n\t\t\t\t\t\t<div class=\"elementor-element elementor-element-a9224d2 elementor-invisible elementor-widget elementor-widget-image\" data-id=\"a9224d2\" data-element_type=\"widget\" data-settings=\"{&quot;_animation&quot;:&quot;zoomIn&quot;}\" data-widget_type=\"image.default\">\n\t\t\t\t<div class=\"elementor-widget-container\">\n\t\t\t\t\t\t\t\t\t\t\t\t\t<img fetchpriority=\"high\" decoding=\"async\" width=\"1379\" height=\"1379\" src=\"https:\/\/azooeurope.com\/wp-content\/uploads\/azoo-corporation.jpg\" class=\"attachment-full size-full wp-image-4337\" alt=\"\" srcset=\"https:\/\/azooeurope.com\/wp-content\/uploads\/azoo-corporation.jpg 1379w, https:\/\/azooeurope.com\/wp-content\/uploads\/azoo-corporation-400x400.jpg 400w, https:\/\/azooeurope.com\/wp-content\/uploads\/azoo-corporation-768x768.jpg 768w, https:\/\/azooeurope.com\/wp-content\/uploads\/azoo-corporation-300x300.jpg 300w, https:\/\/azooeurope.com\/wp-content\/uploads\/azoo-corporation-600x600.jpg 600w, https:\/\/azooeurope.com\/wp-content\/uploads\/azoo-corporation-100x100.jpg 100w\" sizes=\"(max-width: 1379px) 100vw, 1379px\" \/>\t\t\t\t\t\t\t\t\t\t\t\t\t<\/div>\n\t\t\t\t<\/div>\n\t\t\t\t\t<\/div>\n\t\t<\/div>\n\t\t\t\t<div class=\"elementor-column elementor-col-50 elementor-top-column elementor-element elementor-element-a4d2f48\" data-id=\"a4d2f48\" data-element_type=\"column\">\n\t\t\t<div class=\"elementor-widget-wrap elementor-element-populated\">\n\t\t\t\t\t\t<div class=\"elementor-element elementor-element-6a1f125 elementor-widget elementor-widget-heading\" data-id=\"6a1f125\" data-element_type=\"widget\" data-widget_type=\"heading.default\">\n\t\t\t\t<div class=\"elementor-widget-container\">\n\t\t\t<h2 class=\"elementor-heading-title elementor-size-default\">Acerca de TAIKONG Corp. y AZOO Corporation<\/h2>\t\t<\/div>\n\t\t\t\t<\/div>\n\t\t\t\t<div class=\"elementor-element elementor-element-903950b elementor-invisible elementor-widget elementor-widget-heading\" data-id=\"903950b\" data-element_type=\"widget\" data-settings=\"{&quot;_animation&quot;:&quot;fadeInUp&quot;}\" data-widget_type=\"heading.default\">\n\t\t\t\t<div class=\"elementor-widget-container\">\n\t\t\t<h2 class=\"elementor-heading-title elementor-size-default\"><b>TAIKONG Corp<\/b>.\nes una empresa de biotecnolog\u00eda que inici\u00f3 sus actividades en 1977, centr\u00e1ndose en la investigaci\u00f3n cient\u00edfica y la fabricaci\u00f3n de productos de alta calidad para acuicultura y acuarios.\nEn particular, hemos realizado importantes contribuciones a la <b>investigaci\u00f3n y el desarrollo de peces transg\u00e9nicos<\/b>.  <\/h2>\t\t<\/div>\n\t\t\t\t<\/div>\n\t\t\t\t<div class=\"elementor-element elementor-element-ad9d66a elementor-widget elementor-widget-text-editor\" data-id=\"ad9d66a\" data-element_type=\"widget\" data-widget_type=\"text-editor.default\">\n\t\t\t\t<div class=\"elementor-widget-container\">\n\t\t\t\t\t\t\t<p>Estamos especializados en la producci\u00f3n de alimentos, materiales filtrantes y acondicionadores de agua qu\u00edmicos y biol\u00f3gicos.  <\/p>\n<p>Somos los creadores del sistema automatizado Smart Zebrafish Microlab, utilizado en los laboratorios cient\u00edficos de los institutos de investigaci\u00f3n m\u00e1s prestigiosos del mundo.<\/p>\n<p><b>Poseemos las prestigiosas certificaciones de calidad ISO 9000 y 14000<\/b> y somos los creadores de las marcas <b>AZOO PLUS<\/b> y <b>Ultra Fresh<\/b>.<\/p>\n<p>Desde 2017, <b>AZOO Europa cuenta con instalaciones en Madrid (<\/b> Espa\u00f1a <b>)<\/b> para ofrecer asistencia t\u00e9cnica y distribuir nuestros productos para acuarios y acuicultura en toda Europa.<\/p>\n<p><b>Nuestro equipo est\u00e1 comprometido con el sector de los acuarios profesionales y sostenibles, tanto desde el punto de vista medioambiental como econ\u00f3mico.<\/b><\/p>\n\t\t\t\t\t\t<\/div>\n\t\t\t\t<\/div>\n\t\t\t\t\t<\/div>\n\t\t<\/div>\n\t\t\t\t\t<\/div>\n\t\t<\/section>\n\t\t\t\t<section class=\"elementor-section elementor-top-section elementor-element elementor-element-13a9a23 elementor-section-boxed elementor-section-height-default elementor-section-height-default\" data-id=\"13a9a23\" data-element_type=\"section\" data-settings=\"{&quot;_ha_eqh_enable&quot;:false}\">\n\t\t\t\t\t\t<div class=\"elementor-container elementor-column-gap-default\">\n\t\t\t\t\t<div class=\"elementor-column elementor-col-100 elementor-top-column elementor-element elementor-element-13d32a9\" data-id=\"13d32a9\" data-element_type=\"column\">\n\t\t\t<div class=\"elementor-widget-wrap elementor-element-populated\">\n\t\t\t\t\t\t<div class=\"elementor-element elementor-element-5478163 elementor-invisible elementor-widget elementor-widget-heading\" data-id=\"5478163\" data-element_type=\"widget\" data-settings=\"{&quot;_animation&quot;:&quot;fadeInUp&quot;}\" data-widget_type=\"heading.default\">\n\t\t\t\t<div class=\"elementor-widget-container\">\n\t\t\t<h2 class=\"elementor-heading-title elementor-size-default\">El equipo de AZOO Europa se compromete a poner a disposici\u00f3n de nuestros clientes europeos los excelentes productos Premium de AZOO Corporation, fruto de 40 a\u00f1os de investigaci\u00f3n y desarrollo al servicio de la acuariofilia mundial.\nEl privilegio de representar en Europa a una de las marcas m\u00e1s prestigiosas del mundo es todo un reto, pero al mismo tiempo nos llena de orgullo y motivaci\u00f3n compartir su innovaci\u00f3n tecnol\u00f3gica y su visi\u00f3n apasionada y natural de la acuariofilia, a la vez que supone una oportunidad de negocio rentable y sostenible. <\/h2>\t\t<\/div>\n\t\t\t\t<\/div>\n\t\t\t\t\t<\/div>\n\t\t<\/div>\n\t\t\t\t\t<\/div>\n\t\t<\/section>\n\t\t\t\t<section class=\"elementor-section elementor-top-section elementor-element elementor-element-bbedf31 elementor-section-boxed elementor-section-height-default elementor-section-height-default\" data-id=\"bbedf31\" data-element_type=\"section\" data-settings=\"{&quot;_ha_eqh_enable&quot;:false}\">\n\t\t\t\t\t\t<div class=\"elementor-container elementor-column-gap-default\">\n\t\t\t\t\t<div class=\"elementor-column elementor-col-50 elementor-top-column elementor-element elementor-element-da477d9\" data-id=\"da477d9\" data-element_type=\"column\">\n\t\t\t<div class=\"elementor-widget-wrap elementor-element-populated\">\n\t\t\t\t\t\t<div class=\"elementor-element elementor-element-7a6b063 elementor-widget elementor-widget-heading\" data-id=\"7a6b063\" data-element_type=\"widget\" data-widget_type=\"heading.default\">\n\t\t\t\t<div class=\"elementor-widget-container\">\n\t\t\t<h2 class=\"elementor-heading-title elementor-size-default\">Comunicaci\u00f3n con nuestros clientes<\/h2>\t\t<\/div>\n\t\t\t\t<\/div>\n\t\t\t\t<div class=\"elementor-element elementor-element-7f9157b elementor-invisible elementor-widget elementor-widget-heading\" data-id=\"7f9157b\" data-element_type=\"widget\" data-settings=\"{&quot;_animation&quot;:&quot;fadeInUp&quot;}\" data-widget_type=\"heading.default\">\n\t\t\t\t<div class=\"elementor-widget-container\">\n\t\t\t<h2 class=\"elementor-heading-title elementor-size-default\">Comunicaci\u00f3n y asistencia t\u00e9cnica personalizadas:<\/h2>\t\t<\/div>\n\t\t\t\t<\/div>\n\t\t\t\t<div class=\"elementor-element elementor-element-aad1e75 elementor-widget elementor-widget-text-editor\" data-id=\"aad1e75\" data-element_type=\"widget\" data-widget_type=\"text-editor.default\">\n\t\t\t\t<div class=\"elementor-widget-container\">\n\t\t\t\t\t\t\t<p>Nuestro equipo de profesionales ofrece respuestas personalizadas a tus consultas.<br \/>\nEstamos desarrollando el sitio web<a href=\"https:\/\/azooeurope.com\/es\/\" target=\"_blank\">www.azooeurope.com<\/a>&nbsp;para que sirva de plataforma de atenci\u00f3n al cliente, donde atenderemos las consultas de los usuarios finales de tu pa\u00eds.<br \/>\nAdem\u00e1s, ofrecemos atenci\u00f3n al cliente por correo electr\u00f3nico y WhatsApp.  <\/p>\n\t\t\t\t\t\t<\/div>\n\t\t\t\t<\/div>\n\t\t\t\t<div class=\"elementor-element elementor-element-fbeaf45 elementor-invisible elementor-widget elementor-widget-heading\" data-id=\"fbeaf45\" data-element_type=\"widget\" data-settings=\"{&quot;_animation&quot;:&quot;fadeInUp&quot;}\" data-widget_type=\"heading.default\">\n\t\t\t\t<div class=\"elementor-widget-container\">\n\t\t\t<h2 class=\"elementor-heading-title elementor-size-default\">Servicio de entrega optimizado:<\/h2>\t\t<\/div>\n\t\t\t\t<\/div>\n\t\t\t\t<div class=\"elementor-element elementor-element-c936973 elementor-widget elementor-widget-text-editor\" data-id=\"c936973\" data-element_type=\"widget\" data-widget_type=\"text-editor.default\">\n\t\t\t\t<div class=\"elementor-widget-container\">\n\t\t\t\t\t\t\t<p>Nos comprometemos a adaptar nuestros servicios a las necesidades individuales de cada cliente.<br \/>\nNuestro servicio de entrega utiliza las redes log\u00edsticas m\u00e1s prestigiosas de Europa para garantizar una entrega eficaz y fiable. <\/p>\n\t\t\t\t\t\t<\/div>\n\t\t\t\t<\/div>\n\t\t\t\t\t<\/div>\n\t\t<\/div>\n\t\t\t\t<div class=\"elementor-column elementor-col-50 elementor-top-column elementor-element elementor-element-2ddae63\" data-id=\"2ddae63\" data-element_type=\"column\" data-settings=\"{&quot;animation&quot;:&quot;none&quot;}\">\n\t\t\t<div class=\"elementor-widget-wrap elementor-element-populated\">\n\t\t\t\t\t\t<div class=\"elementor-element elementor-element-1d36b3f elementor-invisible elementor-widget elementor-widget-image\" data-id=\"1d36b3f\" data-element_type=\"widget\" data-settings=\"{&quot;_animation&quot;:&quot;zoomIn&quot;}\" data-widget_type=\"image.default\">\n\t\t\t\t<div class=\"elementor-widget-container\">\n\t\t\t\t\t\t\t\t\t\t\t\t\t<img decoding=\"async\" width=\"1379\" height=\"1379\" src=\"https:\/\/azooeurope.com\/wp-content\/uploads\/azoo-policy.jpg\" class=\"attachment-full size-full wp-image-4340\" alt=\"\" srcset=\"https:\/\/azooeurope.com\/wp-content\/uploads\/azoo-policy.jpg 1379w, https:\/\/azooeurope.com\/wp-content\/uploads\/azoo-policy-400x400.jpg 400w, https:\/\/azooeurope.com\/wp-content\/uploads\/azoo-policy-768x768.jpg 768w, https:\/\/azooeurope.com\/wp-content\/uploads\/azoo-policy-300x300.jpg 300w, https:\/\/azooeurope.com\/wp-content\/uploads\/azoo-policy-600x600.jpg 600w, https:\/\/azooeurope.com\/wp-content\/uploads\/azoo-policy-100x100.jpg 100w\" sizes=\"(max-width: 1379px) 100vw, 1379px\" \/>\t\t\t\t\t\t\t\t\t\t\t\t\t<\/div>\n\t\t\t\t<\/div>\n\t\t\t\t\t<\/div>\n\t\t<\/div>\n\t\t\t\t\t<\/div>\n\t\t<\/section>\n\t\t\t\t<section class=\"elementor-section elementor-top-section elementor-element elementor-element-077d7a7 elementor-section-boxed elementor-section-height-default elementor-section-height-default\" data-id=\"077d7a7\" data-element_type=\"section\" data-settings=\"{&quot;_ha_eqh_enable&quot;:false}\">\n\t\t\t\t\t\t<div class=\"elementor-container elementor-column-gap-default\">\n\t\t\t\t\t<div class=\"elementor-column elementor-col-50 elementor-top-column elementor-element elementor-element-6d28e30\" data-id=\"6d28e30\" data-element_type=\"column\" data-settings=\"{&quot;animation&quot;:&quot;none&quot;}\">\n\t\t\t<div class=\"elementor-widget-wrap elementor-element-populated\">\n\t\t\t\t\t\t<div class=\"elementor-element elementor-element-c758eb3 elementor-invisible elementor-widget elementor-widget-image\" data-id=\"c758eb3\" data-element_type=\"widget\" data-settings=\"{&quot;_animation&quot;:&quot;zoomIn&quot;}\" data-widget_type=\"image.default\">\n\t\t\t\t<div class=\"elementor-widget-container\">\n\t\t\t\t\t\t\t\t\t\t\t\t\t<img decoding=\"async\" width=\"1379\" height=\"2054\" src=\"https:\/\/azooeurope.com\/wp-content\/uploads\/azoo-deal.jpg\" class=\"attachment-full size-full wp-image-4343\" alt=\"\" srcset=\"https:\/\/azooeurope.com\/wp-content\/uploads\/azoo-deal.jpg 1379w, https:\/\/azooeurope.com\/wp-content\/uploads\/azoo-deal-400x596.jpg 400w, https:\/\/azooeurope.com\/wp-content\/uploads\/azoo-deal-768x1144.jpg 768w, https:\/\/azooeurope.com\/wp-content\/uploads\/azoo-deal-1031x1536.jpg 1031w, https:\/\/azooeurope.com\/wp-content\/uploads\/azoo-deal-1375x2048.jpg 1375w, https:\/\/azooeurope.com\/wp-content\/uploads\/azoo-deal-600x894.jpg 600w\" sizes=\"(max-width: 1379px) 100vw, 1379px\" \/>\t\t\t\t\t\t\t\t\t\t\t\t\t<\/div>\n\t\t\t\t<\/div>\n\t\t\t\t\t<\/div>\n\t\t<\/div>\n\t\t\t\t<div class=\"elementor-column elementor-col-50 elementor-top-column elementor-element elementor-element-be8b1b3\" data-id=\"be8b1b3\" data-element_type=\"column\">\n\t\t\t<div class=\"elementor-widget-wrap elementor-element-populated\">\n\t\t\t\t\t\t<div class=\"elementor-element elementor-element-64f189c elementor-widget elementor-widget-heading\" data-id=\"64f189c\" data-element_type=\"widget\" data-widget_type=\"heading.default\">\n\t\t\t\t<div class=\"elementor-widget-container\">\n\t\t\t<h2 class=\"elementor-heading-title elementor-size-default\">Estamos comprometidos con la sostenibilidad de nuestro sector.<\/h2>\t\t<\/div>\n\t\t\t\t<\/div>\n\t\t\t\t<div class=\"elementor-element elementor-element-c091eb3 elementor-invisible elementor-widget elementor-widget-heading\" data-id=\"c091eb3\" data-element_type=\"widget\" data-settings=\"{&quot;_animation&quot;:&quot;fadeInUp&quot;}\" data-widget_type=\"heading.default\">\n\t\t\t\t<div class=\"elementor-widget-container\">\n\t\t\t<h2 class=\"elementor-heading-title elementor-size-default\">Lista de precios unificada para usuarios finales de toda Europa:<\/h2>\t\t<\/div>\n\t\t\t\t<\/div>\n\t\t\t\t<div class=\"elementor-element elementor-element-7f27efb elementor-widget elementor-widget-text-editor\" data-id=\"7f27efb\" data-element_type=\"widget\" data-widget_type=\"text-editor.default\">\n\t\t\t\t<div class=\"elementor-widget-container\">\n\t\t\t\t\t\t\t<p>Para salvaguardar los m\u00e1rgenes de beneficio de las empresas locales, hemos implantado una lista de precios unificada para los usuarios finales de toda Europa.<br \/>\nEn los \u00faltimos a\u00f1os, hemos conseguido resultados positivos estableciendo listas de precios normalizadas para el comercio minorista.<br \/>\nCreemos firmemente que esta estrategia fomentar\u00e1 una competencia sana y mejorar\u00e1 la reputaci\u00f3n de profesionalidad, fiabilidad e inter\u00e9s comercial de nuestra marca.  <\/p>\n\t\t\t\t\t\t<\/div>\n\t\t\t\t<\/div>\n\t\t\t\t<div class=\"elementor-element elementor-element-debc5ec elementor-invisible elementor-widget elementor-widget-heading\" data-id=\"debc5ec\" data-element_type=\"widget\" data-settings=\"{&quot;_animation&quot;:&quot;fadeInUp&quot;}\" data-widget_type=\"heading.default\">\n\t\t\t\t<div class=\"elementor-widget-container\">\n\t\t\t<h2 class=\"elementor-heading-title elementor-size-default\">Ventas exclusivas a Comerciantes Registrados:<\/h2>\t\t<\/div>\n\t\t\t\t<\/div>\n\t\t\t\t<div class=\"elementor-element elementor-element-3141532 elementor-widget elementor-widget-text-editor\" data-id=\"3141532\" data-element_type=\"widget\" data-widget_type=\"text-editor.default\">\n\t\t\t\t<div class=\"elementor-widget-container\">\n\t\t\t\t\t\t\t<p>Vendemos nuestros productos exclusivamente a comerciantes registrados para mantener el modelo de negocio profesional y tradicional.<br \/>\nAbogamos por la venta profesional y asistida a los usuarios finales. <\/p>\n\t\t\t\t\t\t<\/div>\n\t\t\t\t<\/div>\n\t\t\t\t<div class=\"elementor-element elementor-element-c2b9b3e elementor-invisible elementor-widget elementor-widget-heading\" data-id=\"c2b9b3e\" data-element_type=\"widget\" data-settings=\"{&quot;_animation&quot;:&quot;fadeInUp&quot;}\" data-widget_type=\"heading.default\">\n\t\t\t\t<div class=\"elementor-widget-container\">\n\t\t\t<h2 class=\"elementor-heading-title elementor-size-default\">Restricci\u00f3n a los comerciantes s\u00f3lo online:<\/h2>\t\t<\/div>\n\t\t\t\t<\/div>\n\t\t\t\t<div class=\"elementor-element elementor-element-3670f72 elementor-widget elementor-widget-text-editor\" data-id=\"3670f72\" data-element_type=\"widget\" data-widget_type=\"text-editor.default\">\n\t\t\t\t<div class=\"elementor-widget-container\">\n\t\t\t\t\t\t\t<p>No colaboramos con comerciantes cuyas ventas se realizan exclusivamente por Internet.<br \/>\nSin embargo, nuestros clientes registrados pueden realizar ventas electr\u00f3nicas respetando nuestra lista de precios unificada.<br \/>\nSupervisamos regularmente los precios de venta en l\u00ednea para mantener la paridad entre las tiendas f\u00edsicas y el mercado electr\u00f3nico.    <\/p>\n\t\t\t\t\t\t<\/div>\n\t\t\t\t<\/div>\n\t\t\t\t\t<\/div>\n\t\t<\/div>\n\t\t\t\t\t<\/div>\n\t\t<\/section>\n\t\t\t\t<section class=\"elementor-section elementor-top-section elementor-element elementor-element-667c7de elementor-section-boxed elementor-section-height-default elementor-section-height-default\" data-id=\"667c7de\" data-element_type=\"section\" data-settings=\"{&quot;_ha_eqh_enable&quot;:false}\">\n\t\t\t\t\t\t<div class=\"elementor-container elementor-column-gap-default\">\n\t\t\t\t\t<div class=\"elementor-column elementor-col-100 elementor-top-column elementor-element elementor-element-57f8ecf\" data-id=\"57f8ecf\" data-element_type=\"column\">\n\t\t\t<div class=\"elementor-widget-wrap elementor-element-populated\">\n\t\t\t\t\t\t<div class=\"elementor-element elementor-element-9a51a15 elementor-widget elementor-widget-heading\" data-id=\"9a51a15\" data-element_type=\"widget\" data-widget_type=\"heading.default\">\n\t\t\t\t<div class=\"elementor-widget-container\">\n\t\t\t<h2 class=\"elementor-heading-title elementor-size-default\">Queremos ser tu proveedor<\/h2>\t\t<\/div>\n\t\t\t\t<\/div>\n\t\t\t\t<div class=\"elementor-element elementor-element-a4984ed elementor-invisible elementor-widget elementor-widget-heading\" data-id=\"a4984ed\" data-element_type=\"widget\" data-settings=\"{&quot;_animation&quot;:&quot;fadeInUp&quot;}\" data-widget_type=\"heading.default\">\n\t\t\t\t<div class=\"elementor-widget-container\">\n\t\t\t<h2 class=\"elementor-heading-title elementor-size-default\">Ofrecemos un producto y un servicio excelentes a los profesionales<\/h2>\t\t<\/div>\n\t\t\t\t<\/div>\n\t\t\t\t<div class=\"elementor-element elementor-element-3c1fc60 elementor-widget elementor-widget-text-editor\" data-id=\"3c1fc60\" data-element_type=\"widget\" data-widget_type=\"text-editor.default\">\n\t\t\t\t<div class=\"elementor-widget-container\">\n\t\t\t\t\t\t\t<p>AZOO Europa ofrece una amplia gama de acondicionadores para acuarios de alta calidad, aditivos y la mejor selecci\u00f3n de alimentos Ultra Premium disponible en el mercado.<br \/>\nTe invitamos a comprobar nuestra calidad probando nuestros productos de forma gratuita y sin compromiso.<br \/>\nAdem\u00e1s, te proporcionamos informaci\u00f3n t\u00e9cnica completa y listas de precios adaptadas a tus necesidades.  <\/p>\n\t\t\t\t\t\t<\/div>\n\t\t\t\t<\/div>\n\t\t\t\t<div class=\"elementor-element elementor-element-779089d elementor-invisible elementor-widget elementor-widget-heading\" data-id=\"779089d\" data-element_type=\"widget\" data-settings=\"{&quot;_animation&quot;:&quot;fadeInUp&quot;}\" data-widget_type=\"heading.default\">\n\t\t\t\t<div class=\"elementor-widget-container\">\n\t\t\t<h2 class=\"elementor-heading-title elementor-size-default\">Esperamos tener la oportunidad de servirte como tu proveedor de confianza.<\/h2>\t\t<\/div>\n\t\t\t\t<\/div>\n\t\t\t\t<div class=\"elementor-element elementor-element-28a140c elementor-widget elementor-widget-text-editor\" data-id=\"28a140c\" data-element_type=\"widget\" data-widget_type=\"text-editor.default\">\n\t\t\t\t<div class=\"elementor-widget-container\">\n\t\t\t\t\t\t\t<p>Confiamos plenamente en el rendimiento y los resultados de nuestros productos.<br \/>\nNo dudes en solicitar unidades gratuitas de los productos que te interesen despu\u00e9s de revisar nuestro cat\u00e1logo digital. <\/p>\n\t\t\t\t\t\t<\/div>\n\t\t\t\t<\/div>\n\t\t\t\t<div class=\"elementor-element elementor-element-19d2015 elementor-widget__width-initial elementor-invisible elementor-widget elementor-widget-heading\" data-id=\"19d2015\" data-element_type=\"widget\" data-settings=\"{&quot;_animation&quot;:&quot;fadeInUp&quot;}\" data-widget_type=\"heading.default\">\n\t\t\t\t<div class=\"elementor-widget-container\">\n\t\t\t<h2 class=\"elementor-heading-title elementor-size-default\">Product manager <br>Mail: a.soria@azooeurope.com <br>Cel: +34 918 526 782<\/h2>\t\t<\/div>\n\t\t\t\t<\/div>\n\t\t\t\t\t<\/div>\n\t\t<\/div>\n\t\t\t\t\t<\/div>\n\t\t<\/section>\n\t\t\t\t<\/div>\n\t\t","protected":false},"excerpt":{"rendered":"<p>QUI\u00c9NES SOMOS Inicio Acerca de TAIKONG Corp. y AZOO Corporation TAIKONG Corp. es una empresa de biotecnolog\u00eda que inici\u00f3 sus actividades en 1977, centr\u00e1ndose en la investigaci\u00f3n cient\u00edfica y la fabricaci\u00f3n de productos de alta calidad para acuicultura y acuarios. En particular, hemos realizado importantes contribuciones a la investigaci\u00f3n y el desarrollo de peces transg\u00e9nicos. [&hellip;]<\/p>\n","protected":false},"author":3,"featured_media":0,"parent":0,"menu_order":0,"comment_status":"closed","ping_status":"closed","template":"elementor_header_footer","meta":{"rank_math_lock_modified_date":false,"footnotes":""},"class_list":["post-4933","page","type-page","status-publish","hentry"],"_links":{"self":[{"href":"https:\/\/azooeurope.com\/es\/wp-json\/wp\/v2\/pages\/4933","targetHints":{"allow":["GET"]}}],"collection":[{"href":"https:\/\/azooeurope.com\/es\/wp-json\/wp\/v2\/pages"}],"about":[{"href":"https:\/\/azooeurope.com\/es\/wp-json\/wp\/v2\/types\/page"}],"author":[{"embeddable":true,"href":"https:\/\/azooeurope.com\/es\/wp-json\/wp\/v2\/users\/3"}],"replies":[{"embeddable":true,"href":"https:\/\/azooeurope.com\/es\/wp-json\/wp\/v2\/comments?post=4933"}],"version-history":[{"count":15,"href":"https:\/\/azooeurope.com\/es\/wp-json\/wp\/v2\/pages\/4933\/revisions"}],"predecessor-version":[{"id":6027,"href":"https:\/\/azooeurope.com\/es\/wp-json\/wp\/v2\/pages\/4933\/revisions\/6027"}],"wp:attachment":[{"href":"https:\/\/azooeurope.com\/es\/wp-json\/wp\/v2\/media?parent=4933"}],"curies":[{"name":"wp","href":"https:\/\/api.w.org\/{rel}","templated":true}]}}